{"id":2137,"date":"2026-03-18T05:53:32","date_gmt":"2026-03-18T05:53:32","guid":{"rendered":"https:\/\/soydeaqui.ddns.net\/pachuca\/index.php\/producto\/zwave-sensor-inalambrico-de-vacancia-y-ocupancia\/"},"modified":"2026-03-18T05:53:37","modified_gmt":"2026-03-18T05:53:37","slug":"zwave-sensor-inalambrico-de-vacancia-y-ocupancia","status":"publish","type":"product","link":"https:\/\/soydeaqui.ddns.net\/pachuca\/index.php\/producto\/zwave-sensor-inalambrico-de-vacancia-y-ocupancia\/","title":{"rendered":"(ZWAVE) Sensor inal\u00e1mbrico de vacancia y ocupancia."},"content":{"rendered":"<div style='width: 100%; max-width: 1200px; margin: 0 auto; font-family: sans-serif; line-height: 1.6; color: inherit; background-color: transparent;'>\n<p style='text-align: justify; font-size: 15px; margin-bottom: 20px; color: inherit;'>OS11\/OS12 es un sensor de ocupaci\u00f3n Z-Wave basado en tecnolog\u00eda Doppler de onda milim\u00e9trica de 24 GHz&comma; puede detectar y distinguir con precisi\u00f3n. Movimientos menores e incluso se\u00f1ales respiratorias para interactuar con luces&comma; persianas&comma; ventiladores&comma; aire acondicionado y diversos aparatos el\u00e9ctricos&comma; etc. Adecuado para el hogar&comma; hotel&comma; oficina y otros lugares&comma; no afectado por la temperatura&comma; humedad&comma; ruido&comma; flujo de aire&comma; polvo&comma; la luz y otros factores.<\/p>\n<p style='text-align: justify; font-size: 15px; margin-bottom: 30px; color: inherit;'>El sensor se puede agregar a cualquier red Z-Wave y es compatible con cualquier otro dispositivo certificado Z-Wave.<\/p>\n<div style='display: flex; flex-wrap: wrap; gap: 30px; margin-bottom: 30px;'>\n<div style='flex: 1 1 300px; min-width: 280px;'>\n<div style='border-left: 5px solid #0091ff; border-radius: 8px; padding: 15px; background-color: rgba(0&comma; 145&comma; 255&comma; 0.05);'>\n<h3 style='font-size: 16px; font-weight: bold; margin-top: 0; margin-bottom: 15px; color: inherit;'>Caracter\u00edsticas F\u00edsicas y El\u00e9ctricas<\/h3>\n<ul style='padding-left: 20px; font-size: 14px; color: inherit; list-style-type: disc;'>\n<li style='margin-bottom: 8px;'><strong>Fuente de alimentaci\u00f3n:<\/strong> AC90-250V (DC12V opcional)<\/li>\n<li style='margin-bottom: 8px;'><strong>\u00c1ngulo de haz horizontal:<\/strong> 3 dB de hasta 80\u00b0&comma; \u00e1ngulo de haz vertical de hasta 85\u00b0&comma; con alta precisi\u00f3n y amplio rango de detecci\u00f3n.<\/li>\n<li style='margin-bottom: 8px;'><strong>Rango m\u00e1ximo de presencia respiratoria:<\/strong> 2-3m de di\u00e1metro<\/li>\n<li style='margin-bottom: 8px;'><strong>Alcance m\u00e1ximo de presencia menor:<\/strong> 3-4m de di\u00e1metro<\/li>\n<li style='margin-bottom: 8px;'><strong>Rango m\u00e1ximo de presencia de movimiento:<\/strong> 5-8 m de di\u00e1metro<\/li>\n<li style='margin-bottom: 8px;'><strong>Dimensiones:<\/strong> Di\u00e1metro 8.5 cm&comma; profundidad 4.8 cm<\/li>\n<\/ul><\/div>\n<\/p><\/div>\n<div style='flex: 1 1 300px; min-width: 280px;'>\n<div style='border-left: 5px solid #0091ff; border-radius: 8px; padding: 15px; background-color: rgba(0&comma; 145&comma; 255&comma; 0.05);'>\n<h3 style='font-size: 16px; font-weight: bold; margin-top: 0; margin-bottom: 15px; color: inherit;'>Caracter\u00edsticas F\u00edsicas y El\u00e9ctricas<\/h3>\n<ul style='padding-left: 20px; font-size: 14px; color: inherit; list-style-type: disc;'>\n<li style='margin-bottom: 8px;'><strong>Tiempo de conmutaci\u00f3n:<\/strong> Detecci\u00f3n de ausencia o presencia en menos de 0.5 segundos<\/li>\n<li style='margin-bottom: 8px;'><strong>Salida de RF:<\/strong> Potencia ultrabaja&comma; inofensiva para la salud humana<\/li>\n<li style='margin-bottom: 8px;'><strong>Salida de contacto seco:<\/strong> 5A<\/li>\n<li style='margin-bottom: 8px;'><strong>Compatibilidad:<\/strong> Z-Wave 800&comma; compatible con cifrado S2<\/li>\n<li style='margin-bottom: 8px;'><strong>Indicador LED:<\/strong> Para emparejamiento de red o detecci\u00f3n de movimiento&comma; movimiento menor&comma; respiraci\u00f3n<\/li>\n<\/ul><\/div>\n<\/p><\/div>\n<div style='flex: 1 1 300px; min-width: 280px;'>\n<div style='border-left: 5px solid #0091ff; border-radius: 8px; padding: 15px; background-color: rgba(0&comma; 145&comma; 255&comma; 0.05);'>\n<h3 style='font-size: 16px; font-weight: bold; margin-top: 0; margin-bottom: 15px; color: inherit;'>Caracter\u00edsticas F\u00edsicas y El\u00e9ctricas<\/h3>\n<ul style='padding-left: 20px; font-size: 14px; color: inherit; list-style-type: disc;'>\n<li style='margin-bottom: 8px;'><strong>Temperatura de funcionamiento:<\/strong> -10\u00b0C a 50\u00b0C<\/li>\n<li style='margin-bottom: 8px;'><strong>Humedad de funcionamiento:<\/strong> 20%-85% (sin condensaci\u00f3n)<\/li>\n<li style='margin-bottom: 8px;'><strong>Frecuencia Z-Wave:<\/strong> Rango definido por organismos reguladores (Europa: 868.4 MHz&comma; otras regiones: 908.4\/916.0 MHz&comma; 921.4 MHz)<\/li>\n<li style='margin-bottom: 8px;'><strong>Potencia m\u00e1xima de transmisi\u00f3n:<\/strong> +13 dbm<\/li>\n<li style='margin-bottom: 8px;'><strong>Carcasa:<\/strong> Material de PC retardante de llama V0<\/li>\n<li style='margin-bottom: 8px;'><strong>Instalaci\u00f3n:<\/strong> Montado en techo o pared<\/li>\n<li style='margin-bottom: 8px; font-weight: bold;'><strong>Compatible con un controlador HUB de tecnolog\u00eda Zwave&comma;<\/strong> por ejemplo HC8. (recomendable validar compatibilidad con otras marcas)<\/li>\n<li style='font-weight: bold;'><strong>No es compatible con HUB redise\u00f1ado o Honeywell.<\/strong><\/li>\n<\/ul><\/div>\n<\/p><\/div>\n<\/p><\/div>\n<hr style='border: 0; border-top: 1px solid rgba(150&comma; 150&comma; 150&comma; 0.3); margin: 30px 0;'> <\/div>\n","protected":false},"excerpt":{"rendered":"<p>(ZWAVE) Sensor inal\u00e1mbrico de vacancia y ocupancia.<\/p>\n","protected":false},"featured_media":2136,"comment_status":"open","ping_status":"closed","template":"","meta":[],"product_brand":[],"product_cat":[407],"product_tag":[408,187,180],"class_list":{"0":"post-2137","1":"product","2":"type-product","3":"status-publish","4":"has-post-thumbnail","6":"product_cat-automatizacion-z-wave","7":"product_tag-automatizacion-z-wave","8":"product_tag-smarthome-by-epcom","9":"product_tag-total-connect-honeywell","11":"first","12":"instock","13":"sale","14":"shipping-taxable","15":"purchasable","16":"product-type-simple"},"_links":{"self":[{"href":"https:\/\/soydeaqui.ddns.net\/pachuca\/index.php\/wp-json\/wp\/v2\/product\/2137","targetHints":{"allow":["GET"]}}],"collection":[{"href":"https:\/\/soydeaqui.ddns.net\/pachuca\/index.php\/wp-json\/wp\/v2\/product"}],"about":[{"href":"https:\/\/soydeaqui.ddns.net\/pachuca\/index.php\/wp-json\/wp\/v2\/types\/product"}],"replies":[{"embeddable":true,"href":"https:\/\/soydeaqui.ddns.net\/pachuca\/index.php\/wp-json\/wp\/v2\/comments?post=2137"}],"wp:featuredmedia":[{"embeddable":true,"href":"https:\/\/soydeaqui.ddns.net\/pachuca\/index.php\/wp-json\/wp\/v2\/media\/2136"}],"wp:attachment":[{"href":"https:\/\/soydeaqui.ddns.net\/pachuca\/index.php\/wp-json\/wp\/v2\/media?parent=2137"}],"wp:term":[{"taxonomy":"product_brand","embeddable":true,"href":"https:\/\/soydeaqui.ddns.net\/pachuca\/index.php\/wp-json\/wp\/v2\/product_brand?post=2137"},{"taxonomy":"product_cat","embeddable":true,"href":"https:\/\/soydeaqui.ddns.net\/pachuca\/index.php\/wp-json\/wp\/v2\/product_cat?post=2137"},{"taxonomy":"product_tag","embeddable":true,"href":"https:\/\/soydeaqui.ddns.net\/pachuca\/index.php\/wp-json\/wp\/v2\/product_tag?post=2137"}],"curies":[{"name":"wp","href":"https:\/\/api.w.org\/{rel}","templated":true}]}}