{"id":21341,"date":"2026-03-18T10:37:01","date_gmt":"2026-03-18T10:37:01","guid":{"rendered":"https:\/\/soydeaqui.ddns.net\/pachuca\/index.php\/producto\/control-de-acceso-para-4-puerta-mpa4-compatible-con-winpak\/"},"modified":"2026-03-18T10:37:05","modified_gmt":"2026-03-18T10:37:05","slug":"control-de-acceso-para-4-puerta-mpa4-compatible-con-winpak","status":"publish","type":"product","link":"https:\/\/soydeaqui.ddns.net\/pachuca\/index.php\/producto\/control-de-acceso-para-4-puerta-mpa4-compatible-con-winpak\/","title":{"rendered":"Control de acceso para 4 Puerta MPA4, compatible con WINPAK"},"content":{"rendered":"<div style='width: 100%; max-width: 1200px; margin: 0 auto; font-family: sans-serif; line-height: 1.6; color: inherit; background-color: transparent;'>\n<div style='width: 100%; margin-bottom: 30px;'> <img style='width: 100%; height: auto; border: 1px solid rgba(150&comma;150&comma;150&comma;0.3); border-radius: 8px;' src='https:\/\/ftp3.syscom.mx\/usuarios\/vestrada\/Imagenes\/HoneyWell.JPG' alt=''> <\/div>\n<div style='margin-bottom: 30px;'>\n<div style='border-left: 5px solid #e74c3c; border-radius: 5px; padding: 15px; box-shadow: 2px 2px 10px rgba(216&comma; 216&comma; 216&comma; 0.4);'> <span style='font-size: 14pt;'><strong>El controlador MPA4 permite a los usuarios implementar de forma segura y sencilla su sistema de control de acceso en cualquier lugar donde haya un con conexi\u00f3n Ethernet\/Internet\u2014sin costos de software o PC dedicados. Este controlador alimentado por POE de una sola puerta es f\u00e1cil de instalar&comma; operar y mantener&comma; gracias a su f\u00e1cil instalaci\u00f3n y su interfaz dedicada. MPA4 le brinda todos los beneficios de control de acceso tradicional&comma; ayud\u00e1ndole a asegurar puertas&comma; administrar acceso de empleados y administraci\u00f3n de sitios remotamente. Tambi\u00e9n le permite extraer informes f\u00e1cilmente para cumplir con los requisitos del cumplimiento. <\/strong><\/span> <\/div>\n<\/p><\/div>\n<div style='display: flex; flex-wrap: wrap; gap: 30px; margin-bottom: 30px;'>\n<div style='flex: 1 1 300px; min-width: 280px;'>\n<div style='border-left: 5px solid #e74c3c; border-radius: 5px; padding: 15px; box-shadow: 2px 2px 10px rgba(216&comma; 216&comma; 216&comma; 0.4);'> <strong>Caracter\u00edsticas principales:<\/strong> <\/p>\n<ul style='padding-left: 20px; font-size: 15px; color: inherit;'>\n<li style='margin-bottom: 5px;'>Soporta 4 Puertas\/4 Lectores Wiegand o 8 Lectores OSDP<\/li>\n<li style='margin-bottom: 5px;'>Expandible a 16 Paneles por Red EVL o 9 Paneles por RS-485<\/li>\n<li style='margin-bottom: 5px;'>Compatible con OSDP: V2 y protocolo Wiegand est\u00e1ndar<\/li>\n<li style='margin-bottom: 5px;'>100&comma;000 Tarjetas<\/li>\n<li style='margin-bottom: 5px;'>16 Entradas Digitales<\/li>\n<li style='margin-bottom: 5px;'>4 Salida de Relevador para puerta<\/li>\n<li style='margin-bottom: 5px;'>4 Salida de Relevador Auxiliar<\/li>\n<li style='margin-bottom: 5px;'>Comunicaci\u00f3n Ethernet; RS-485; USB<\/li>\n<\/ul><\/div>\n<\/p><\/div>\n<div style='flex: 1 1 300px; min-width: 280px;'>\n<div style='border-left: 5px solid #e74c3c; border-radius: 5px; padding: 15px; box-shadow: 2px 2px 10px rgba(216&comma; 216&comma; 216&comma; 0.4);'> <strong>Caracter\u00edsticas F\u00edsicas y El\u00e9ctricas:<\/strong> <\/p>\n<ul style='padding-left: 20px; font-size: 15px; color: inherit;'>\n<li style='margin-bottom: 5px;'>Corriente Primaria: Entrada de 100 a 240 VCA&comma; 50\/60 Hz que proporciona Salida de 13&comma;8 V CC&comma; 3&comma;5 A&comma; apagado por bajo voltaje de la bater\u00eda a 10&comma;50 V<\/li>\n<li style='margin-bottom: 5px;'>Operando con 12VDC: 0\u00b0C a 49 \u00b0C<\/li>\n<li style='margin-bottom: 5px;'>Almacenamiento: -55 \u00b0C a 85 \u00b0C<\/li>\n<li style='margin-bottom: 5px;'>Humedad de Operaci\u00f3n: 5 a 93% RHNC<\/li>\n<li style='margin-bottom: 5px;'>Dimensiones: 410 mm de alto x 360 mm de ancho x 110 mm de profundidad<\/li>\n<\/ul><\/div>\n<\/p><\/div>\n<div style='flex: 1 1 300px; min-width: 280px;'>\n<div style='border-left: 5px solid #e74c3c; border-radius: 5px; padding: 15px; box-shadow: 2px 2px 10px rgba(216&comma; 216&comma; 216&comma; 0.4);'> <strong>Caracter\u00edsticas Destacadas:<\/strong> <\/p>\n<p style='margin: 15px 0 0 0;'>MPA4 ha sido desarrollado con una peque\u00f1a dise\u00f1o f\u00e1cil de instalar que f\u00e1cilmente se adapta a la infraestructura de TI existente y m\u00e9todos&comma; reduciendo la instalaci\u00f3n y costos de apoyo. As\u00ed como su sistema crece&comma; MPA4 crece contigo.<\/p>\n<\/p><\/div>\n<\/p><\/div>\n<\/p><\/div>\n<div style='margin-bottom: 30px;'>\n<div style='position: relative; padding-bottom: 56.25%; height: 0; overflow: hidden; margin-bottom: 30px;'> <video style='position: absolute; top: 0; left: 0; width: 100%; height: 100%; border: none;' controls='controls' width='600' height='300'><source src='https:\/\/ftp3.syscom.mx\/usuarios\/vestrada\/Honeywell\/4300_HONEY_4148MPA2_Spanish_V1_HD.mp4' type='video\/mp4' \/><\/video> <\/div>\n<\/p><\/div>\n<div style='width: 100%; margin-bottom: 30px;'> <img style='width: 100%; height: auto; border: 1px solid rgba(150&comma;150&comma;150&comma;0.3); border-radius: 8px;' src='https:\/\/ftp3.syscom.mx\/usuarios\/vestrada\/Honeywell\/MPA4%20.jpg' alt=''> <\/div>\n<\/p><\/div>\n","protected":false},"excerpt":{"rendered":"<p>Control de acceso para 4 Puerta MPA4, compatible con WINPAK<\/p>\n","protected":false},"featured_media":21340,"comment_status":"open","ping_status":"closed","template":"","meta":[],"product_brand":[],"product_cat":[783],"product_tag":[785,209,784],"class_list":{"0":"post-21341","1":"product","2":"type-product","3":"status-publish","4":"has-post-thumbnail","6":"product_cat-controladores-de-acceso","7":"product_tag-controladores-de-acceso","8":"product_tag-honeywell","9":"product_tag-paneles-de-control-de-acceso","11":"first","12":"instock","13":"sale","14":"shipping-taxable","15":"purchasable","16":"product-type-simple"},"_links":{"self":[{"href":"https:\/\/soydeaqui.ddns.net\/pachuca\/index.php\/wp-json\/wp\/v2\/product\/21341","targetHints":{"allow":["GET"]}}],"collection":[{"href":"https:\/\/soydeaqui.ddns.net\/pachuca\/index.php\/wp-json\/wp\/v2\/product"}],"about":[{"href":"https:\/\/soydeaqui.ddns.net\/pachuca\/index.php\/wp-json\/wp\/v2\/types\/product"}],"replies":[{"embeddable":true,"href":"https:\/\/soydeaqui.ddns.net\/pachuca\/index.php\/wp-json\/wp\/v2\/comments?post=21341"}],"wp:featuredmedia":[{"embeddable":true,"href":"https:\/\/soydeaqui.ddns.net\/pachuca\/index.php\/wp-json\/wp\/v2\/media\/21340"}],"wp:attachment":[{"href":"https:\/\/soydeaqui.ddns.net\/pachuca\/index.php\/wp-json\/wp\/v2\/media?parent=21341"}],"wp:term":[{"taxonomy":"product_brand","embeddable":true,"href":"https:\/\/soydeaqui.ddns.net\/pachuca\/index.php\/wp-json\/wp\/v2\/product_brand?post=21341"},{"taxonomy":"product_cat","embeddable":true,"href":"https:\/\/soydeaqui.ddns.net\/pachuca\/index.php\/wp-json\/wp\/v2\/product_cat?post=21341"},{"taxonomy":"product_tag","embeddable":true,"href":"https:\/\/soydeaqui.ddns.net\/pachuca\/index.php\/wp-json\/wp\/v2\/product_tag?post=21341"}],"curies":[{"name":"wp","href":"https:\/\/api.w.org\/{rel}","templated":true}]}}