{"id":21321,"date":"2026-03-18T10:36:40","date_gmt":"2026-03-18T10:36:40","guid":{"rendered":"https:\/\/soydeaqui.ddns.net\/pachuca\/index.php\/producto\/candado-de-combinacion-ajustable-no-requiere-llave-color-negro\/"},"modified":"2026-03-18T10:36:40","modified_gmt":"2026-03-18T10:36:40","slug":"candado-de-combinacion-ajustable-no-requiere-llave-color-negro","status":"publish","type":"product","link":"https:\/\/soydeaqui.ddns.net\/pachuca\/index.php\/producto\/candado-de-combinacion-ajustable-no-requiere-llave-color-negro\/","title":{"rendered":"Candado de Combinaci\u00f3n Ajustable \/ No Requiere Llave \/ Color Negro."},"content":{"rendered":"<div style='width: 100%; max-width: 1200px; margin: 0 auto; font-family: sans-serif; line-height: 1.6; color: inherit; background-color: transparent;'>\n<div style='display: flex; flex-direction: column; gap: 30px;'>\n<div style='width: 100%; text-align: center;'> <img style='width: 180px; height: auto; border: 1px solid rgba(150&comma;150&comma;150&comma;0.3); border-radius: 8px;' src='http:\/\/ftp3.syscom.mx\/usuarios\/ftp\/2017\/01\/03\/55edd\/phillips-logo.jpg' alt='' \/> <\/div>\n<div style='display: flex; flex-wrap: wrap; gap: 30px;'>\n<div style='flex: 1 1 300px; min-width: 280px;'>\n<h3 style='font-size: 22px; border-bottom: 2px solid currentColor; padding-bottom: 5px; margin-top: 0; color: inherit; opacity: 0.8;'>Caracter\u00edsticas<\/h3>\n<ul style='padding-left: 20px; font-size: 15px; color: inherit;'>\n<li style='margin-bottom: 5px;'>Candado con cuerpo met\u00e1lico con acabado en pintura electrost\u00e1tica<\/li>\n<li style='margin-bottom: 5px;'>Para liberar el gancho&comma; se presiona el bot\u00f3n que esta colocado en la parte lateral izquierda del cuerpo<\/li>\n<li style='margin-bottom: 5px;'>Para cambiar la combinaci\u00f3n&comma; se debe colocar la combinaci\u00f3n actual&comma; presionar el bot\u00f3n lateral derecho grabar la nueva combinaci\u00f3n y dejar de presionar sobre el bot\u00f3n.<\/li>\n<li style='margin-bottom: 5px;'>Disponible en empaque visual Skin Pack.<\/li>\n<\/ul><\/div>\n<div style='flex: 1 1 300px; min-width: 280px;'>\n<h3 style='font-size: 22px; border-bottom: 2px solid currentColor; padding-bottom: 5px; margin-top: 0; color: inherit; opacity: 0.8;'>Acabado<\/h3>\n<ul style='padding-left: 20px; font-size: 15px; color: inherit;'>\n<li style='margin-bottom: 5px;'>Rojo&comma; Negro y Natural.<\/li>\n<\/ul>\n<h3 style='font-size: 22px; border-bottom: 2px solid currentColor; padding-bottom: 5px; margin-top: 25px; color: inherit; opacity: 0.8;'>Beneficios<\/h3>\n<ul style='padding-left: 20px; font-size: 15px; color: inherit;'>\n<li style='margin-bottom: 5px;'>Para condiciones secas y protegidas<\/li>\n<li style='margin-bottom: 5px;'>Combinaci\u00f3n ajustable<\/li>\n<li style='margin-bottom: 5px;'>Ideal para maletas&comma; cajas de herramientas y lockers<\/li>\n<li style='margin-bottom: 5px;'>Protecci\u00f3n b\u00e1sica de uso ligero y cotidiano<\/li>\n<\/ul><\/div>\n<\/p><\/div>\n<\/p><\/div>\n<\/p><\/div>\n","protected":false},"excerpt":{"rendered":"<p>Candado de Combinaci\u00f3n Ajustable \/ No Requiere Llave \/ Color Negro.<\/p>\n","protected":false},"featured_media":21320,"comment_status":"open","ping_status":"closed","template":"","meta":[],"product_brand":[],"product_cat":[868],"product_tag":[87,869,870],"class_list":{"0":"post-21321","1":"product","2":"type-product","3":"status-publish","4":"has-post-thumbnail","6":"product_cat-cerrojos-y-candados-digitales","7":"product_tag-cerraduras","8":"product_tag-cerrojos-y-candados-digitales","9":"product_tag-phillips-assa-abloy","11":"first","12":"instock","13":"sale","14":"shipping-taxable","15":"purchasable","16":"product-type-simple"},"_links":{"self":[{"href":"https:\/\/soydeaqui.ddns.net\/pachuca\/index.php\/wp-json\/wp\/v2\/product\/21321","targetHints":{"allow":["GET"]}}],"collection":[{"href":"https:\/\/soydeaqui.ddns.net\/pachuca\/index.php\/wp-json\/wp\/v2\/product"}],"about":[{"href":"https:\/\/soydeaqui.ddns.net\/pachuca\/index.php\/wp-json\/wp\/v2\/types\/product"}],"replies":[{"embeddable":true,"href":"https:\/\/soydeaqui.ddns.net\/pachuca\/index.php\/wp-json\/wp\/v2\/comments?post=21321"}],"wp:featuredmedia":[{"embeddable":true,"href":"https:\/\/soydeaqui.ddns.net\/pachuca\/index.php\/wp-json\/wp\/v2\/media\/21320"}],"wp:attachment":[{"href":"https:\/\/soydeaqui.ddns.net\/pachuca\/index.php\/wp-json\/wp\/v2\/media?parent=21321"}],"wp:term":[{"taxonomy":"product_brand","embeddable":true,"href":"https:\/\/soydeaqui.ddns.net\/pachuca\/index.php\/wp-json\/wp\/v2\/product_brand?post=21321"},{"taxonomy":"product_cat","embeddable":true,"href":"https:\/\/soydeaqui.ddns.net\/pachuca\/index.php\/wp-json\/wp\/v2\/product_cat?post=21321"},{"taxonomy":"product_tag","embeddable":true,"href":"https:\/\/soydeaqui.ddns.net\/pachuca\/index.php\/wp-json\/wp\/v2\/product_tag?post=21321"}],"curies":[{"name":"wp","href":"https:\/\/api.w.org\/{rel}","templated":true}]}}