{"id":21235,"date":"2026-03-18T10:35:06","date_gmt":"2026-03-18T10:35:06","guid":{"rendered":"https:\/\/soydeaqui.ddns.net\/pachuca\/index.php\/producto\/barrera-vehicular-derecha-brazo-iluminado-rojo-verde-de-4-mts-incluido-3-seg-para-apertura-cierre-automatico-con-tiempo-configurable-5000000-mcbf-compatible-con-cualquier-control-de-acces\/"},"modified":"2026-03-18T10:35:08","modified_gmt":"2026-03-18T10:35:08","slug":"barrera-vehicular-derecha-brazo-iluminado-rojo-verde-de-4-mts-incluido-3-seg-para-apertura-cierre-automatico-con-tiempo-configurable-5000000-mcbf-compatible-con-cualquier-control-de-acces","status":"publish","type":"product","link":"https:\/\/soydeaqui.ddns.net\/pachuca\/index.php\/producto\/barrera-vehicular-derecha-brazo-iluminado-rojo-verde-de-4-mts-incluido-3-seg-para-apertura-cierre-automatico-con-tiempo-configurable-5000000-mcbf-compatible-con-cualquier-control-de-acces\/","title":{"rendered":"Barrera Vehicular DERECHA \/ Brazo Iluminado Rojo\/Verde de 4 mts Incluido  \/ 3 Seg para Apertura \/ Cierre Autom\u00e1tico con Tiempo Configurable \/ 5,000,000 MCBF \/ Compatible con Cualquier Control de Acceso"},"content":{"rendered":"<div style='width: 100%; max-width: 1200px; margin: 0 auto; font-family: sans-serif; line-height: 1.6; color: inherit; background-color: transparent;'> <!-- Secci\u00f3n de caracter\u00edsticas --> <\/p>\n<div style='display: flex; flex-wrap: wrap; gap: 30px; margin-bottom: 30px;'>\n<div style='flex: 1 1 300px; min-width: 280px;'>\n<h3 style='font-size: 22px; border-bottom: 2px solid currentColor; padding-bottom: 5px; margin-top: 0; color: inherit; opacity: 0.8;'>Caracter\u00edsticas principales<\/h3>\n<ul style='padding-left: 20px; font-size: 15px; color: inherit;'>\n<li style='margin-bottom: 5px;'>Brazo iluminado de 4 mts incluido<\/li>\n<li style='margin-bottom: 5px;'>Motor Brushless DC silencioso<\/li>\n<li style='margin-bottom: 5px;'>Cuenta con 2 controles (Requieren bater\u00eda: FPD009)<\/li>\n<li style='margin-bottom: 5px;'>Reapertura en caso de golpe a veh\u00edculo<\/li>\n<li style='margin-bottom: 5px;'>Compatible con m\u00faltiples sistemas anti-golpes<\/li>\n<li style='margin-bottom: 5px;'>Apertura manual con manija en caso de p\u00e9rdida de energ\u00eda<\/li>\n<\/ul><\/div>\n<div style='flex: 1 1 300px; min-width: 280px;'>\n<h3 style='font-size: 22px; border-bottom: 2px solid currentColor; padding-bottom: 5px; margin-top: 0; color: inherit; opacity: 0.8;'>Caracter\u00edsticas F\u00edsicas y El\u00e9ctricas<\/h3>\n<ul style='padding-left: 20px; font-size: 15px; color: inherit;'>\n<li style='margin-bottom: 5px;'><strong>Alimentaci\u00f3n:<\/strong> 110 Vca<\/li>\n<li style='margin-bottom: 5px;'><strong>Peso:<\/strong> 26 Kg aproximados<\/li>\n<li style='margin-bottom: 5px;'><strong>Dimensiones del Gabinete:<\/strong> 1000 \u00d7 325 \u00d7 220 mm<\/li>\n<li style='margin-bottom: 5px;'><strong>Temperatura de trabajo:<\/strong> -30 \u00b0C a 60 \u00b0C<\/li>\n<\/ul><\/div>\n<\/p><\/div>\n<p> <!-- Secci\u00f3n de consideraciones --> <\/p>\n<div style='margin-bottom: 30px;'>\n<h3 style='font-size: 22px; border-bottom: 2px solid currentColor; padding-bottom: 5px; margin-top: 0; color: inherit; opacity: 0.8;'>Consideraciones<\/h3>\n<ul style='padding-left: 20px; font-size: 15px; color: inherit;'>\n<li style='margin-bottom: 5px;'>Otros modelos de brazos o barreras no son compatibles<\/li>\n<li style='margin-bottom: 5px;'>Brazo de refacci\u00f3n: Modelo <a href='https:\/\/www.syscom.mx\/producto\/307500578-HIKVISION-232385.html' style='color: #2880b9; text-decoration: none;' target='_blank' rel='nofollow noopener noreferrer'>307500578<\/a><\/li>\n<li style='margin-bottom: 5px;'><strong>360 Ciclos por hora aproximados<\/strong><\/li>\n<\/ul><\/div>\n<p> <!-- Separador --> <\/p>\n<hr style='border: 0; border-top: 1px solid rgba(150&comma; 150&comma; 150&comma; 0.3); margin: 30px 0;'> <!-- Secci\u00f3n de videos de configuraci\u00f3n --> <\/p>\n<div style='margin-bottom: 30px;'>\n<h3 style='font-size: 22px; text-align: center; margin-bottom: 20px; color: inherit; opacity: 0.8;'>VIDEOS DE CONFIGURACIONES B\u00c1SICAS<\/h3>\n<div style='display: flex; flex-wrap: wrap; gap: 20px; margin-bottom: 20px; justify-content: center;'>\n<div style='flex: 1 1 200px; min-width: 180px; text-align: center; font-size: 14px; color: inherit;'> <a href='https:\/\/www.youtube.com\/watch?v=53bL1jX5fTI&#038;t=0s' style='color: inherit; text-decoration: none;' target='_blank' rel='nofollow noopener noreferrer'>00:00<\/a> <span style='margin: 0 5px;'>Introducci\u00f3n \/<\/span> <a href='https:\/\/www.youtube.com\/watch?v=53bL1jX5fTI&#038;t=5s' style='color: inherit; text-decoration: none;' target='_blank' rel='nofollow noopener noreferrer'>00:05<\/a> <span style='margin: 0 5px;'>Explicaci\u00f3n de cuadro de mando y como operarlo (entrar a men\u00fa etc) \/<\/span> <a href='https:\/\/www.youtube.com\/watch?v=53bL1jX5fTI&#038;t=82s' style='color: inherit; text-decoration: none;' target='_blank' rel='nofollow noopener noreferrer'>01:22<\/a> <span style='margin: 0 5px;'>L\u00edmites de Apertura y Cierre \/<\/span> <a href='https:\/\/www.youtube.com\/watch?v=53bL1jX5fTI&#038;t=218s' style='color: inherit; text-decoration: none;' target='_blank' rel='nofollow noopener noreferrer'>03:38<\/a> <span style='margin: 0 5px;'>Velocidad de Apertura y\/o Cierre \/<\/span> <a href='https:\/\/www.youtube.com\/watch?v=53bL1jX5fTI&#038;t=267s' style='color: inherit; text-decoration: none;' target='_blank' rel='nofollow noopener noreferrer'>04:27<\/a> <span style='margin: 0 5px;'>Funci\u00f3n Antiaplastamiento \/ Regreso en caso de impacto \/<\/span> <a href='https:\/\/www.youtube.com\/watch?v=53bL1jX5fTI&#038;t=320s' style='color: inherit; text-decoration: none;' target='_blank' rel='nofollow noopener noreferrer'>05:20<\/a> <span style='margin: 0 5px;'>Cierre Autom\u00e1tico Temporizado \/<\/span> <a href='https:\/\/www.youtube.com\/watch?v=53bL1jX5fTI&#038;t=384s' style='color: inherit; text-decoration: none;' target='_blank' rel='nofollow noopener noreferrer'>06:24<\/a> <span style='margin: 0 5px;'>Valores de f\u00e1brica<\/span> <\/div>\n<\/p><\/div>\n<p> <!-- Videos de configuraci\u00f3n --> <\/p>\n<div style='display: flex; flex-wrap: wrap; gap: 20px; margin-bottom: 30px; justify-content: center;'>\n<div style='flex: 1 1 400px; min-width: 300px;'>\n<div style='position: relative; padding-bottom: 56.25%; height: 0; overflow: hidden;'>   <\/div>\n<\/p><\/div>\n<div style='flex: 1 1 400px; min-width: 300px;'>\n<div style='position: relative; padding-bottom: 56.25%; height: 0; overflow: hidden;'>   <\/div>\n<\/p><\/div>\n<\/p><\/div>\n<\/p><\/div>\n<p> <!-- Separador --> <\/p>\n<hr style='border: 0; border-top: 1px solid rgba(150&comma; 150&comma; 150&comma; 0.3); margin: 30px 0;'> <!-- Secci\u00f3n de videos demostrativos --> <\/p>\n<div style='margin-bottom: 30px;'>\n<h3 style='font-size: 22px; text-align: center; margin-bottom: 20px; color: inherit; opacity: 0.8;'>VIDEOS DEMOSTRATIVOS DE SEGURIDAD<\/h3>\n<div style='display: flex; flex-wrap: wrap; gap: 20px; justify-content: center;'>\n<div style='flex: 1 1 400px; min-width: 300px;'>\n<div style='position: relative; padding-bottom: 56.25%; height: 0; overflow: hidden;'>   <\/div>\n<\/p><\/div>\n<div style='flex: 1 1 400px; min-width: 300px;'>\n<div style='position: relative; padding-bottom: 56.25%; height: 0; overflow: hidden;'>   <\/div>\n<\/p><\/div>\n<\/p><\/div>\n<\/p><\/div>\n<p> <!-- Separador final --> <\/p>\n<hr style='border: 0; border-top: 1px solid rgba(150&comma; 150&comma; 150&comma; 0.3); margin: 30px 0;'> <\/div>\n","protected":false},"excerpt":{"rendered":"<p>Barrera Vehicular DERECHA \/ Brazo Iluminado Rojo\/Verde de 4 mts Incluido  \/ 3 Seg para Apertura \/ Cierre Autom\u00e1tico con Tiempo Configurable \/ 5,000,000 MCBF \/ Compatible con Cualquier Control de Acceso<\/p>\n","protected":false},"featured_media":21234,"comment_status":"open","ping_status":"closed","template":"","meta":[],"product_brand":[],"product_cat":[748],"product_tag":[401,749,54],"class_list":{"0":"post-21235","1":"product","2":"type-product","3":"status-publish","4":"has-post-thumbnail","6":"product_cat-barreras-vehiculares","7":"product_tag-acceso-vehicular","8":"product_tag-barreras-vehiculares","9":"product_tag-hikvision","11":"first","12":"outofstock","13":"sale","14":"shipping-taxable","15":"purchasable","16":"product-type-simple"},"_links":{"self":[{"href":"https:\/\/soydeaqui.ddns.net\/pachuca\/index.php\/wp-json\/wp\/v2\/product\/21235","targetHints":{"allow":["GET"]}}],"collection":[{"href":"https:\/\/soydeaqui.ddns.net\/pachuca\/index.php\/wp-json\/wp\/v2\/product"}],"about":[{"href":"https:\/\/soydeaqui.ddns.net\/pachuca\/index.php\/wp-json\/wp\/v2\/types\/product"}],"replies":[{"embeddable":true,"href":"https:\/\/soydeaqui.ddns.net\/pachuca\/index.php\/wp-json\/wp\/v2\/comments?post=21235"}],"wp:featuredmedia":[{"embeddable":true,"href":"https:\/\/soydeaqui.ddns.net\/pachuca\/index.php\/wp-json\/wp\/v2\/media\/21234"}],"wp:attachment":[{"href":"https:\/\/soydeaqui.ddns.net\/pachuca\/index.php\/wp-json\/wp\/v2\/media?parent=21235"}],"wp:term":[{"taxonomy":"product_brand","embeddable":true,"href":"https:\/\/soydeaqui.ddns.net\/pachuca\/index.php\/wp-json\/wp\/v2\/product_brand?post=21235"},{"taxonomy":"product_cat","embeddable":true,"href":"https:\/\/soydeaqui.ddns.net\/pachuca\/index.php\/wp-json\/wp\/v2\/product_cat?post=21235"},{"taxonomy":"product_tag","embeddable":true,"href":"https:\/\/soydeaqui.ddns.net\/pachuca\/index.php\/wp-json\/wp\/v2\/product_tag?post=21235"}],"curies":[{"name":"wp","href":"https:\/\/api.w.org\/{rel}","templated":true}]}}