{"id":2122,"date":"2026-03-18T05:53:23","date_gmt":"2026-03-18T05:53:23","guid":{"rendered":"https:\/\/soydeaqui.ddns.net\/pachuca\/index.php\/producto\/sirena-cableada-ideal-para-cualquier-panel-de-alarma-no-importa-la-marca-30-watts-120-db-de-sonido-proteccion-ip65-exterior-material-policarbonato\/"},"modified":"2026-03-18T05:53:26","modified_gmt":"2026-03-18T05:53:26","slug":"sirena-cableada-ideal-para-cualquier-panel-de-alarma-no-importa-la-marca-30-watts-120-db-de-sonido-proteccion-ip65-exterior-material-policarbonato","status":"publish","type":"product","link":"https:\/\/soydeaqui.ddns.net\/pachuca\/index.php\/producto\/sirena-cableada-ideal-para-cualquier-panel-de-alarma-no-importa-la-marca-30-watts-120-db-de-sonido-proteccion-ip65-exterior-material-policarbonato\/","title":{"rendered":"Sirena Cableada \/ Ideal para Cualquier Panel de Alarma (No Importa la Marca) \/ 30 Watts \/ 120 dB de Sonido \/ Protecci\u00f3n IP65 (Exterior) \/ Material: Policarbonato"},"content":{"rendered":"<div style='width: 100%; max-width: 1200px; margin: 0 auto; font-family: sans-serif; line-height: 1.6; color: inherit; background-color: transparent;'> <!-- Logo --> <\/p>\n<div style='text-align: center; margin: 30px 0;'> <img style='width: 45%; height: auto; border: 1px solid rgba(150&comma;150&comma;150&comma;0.3); border-radius: 8px;' src='https:\/\/ftp3.syscom.mx\/usuarios\/jsosa\/HIKVISION\/imagenes\/logo\/hikvision%20see%20far.png' alt='Logo Hikvision'> <\/div>\n<p> <!-- Video --> <\/p>\n<div style='position: relative; padding-bottom: 56.25%; height: 0; overflow: hidden; margin: 30px 0;'>   <\/div>\n<p> <!-- Caracter\u00edsticas --> <\/p>\n<div style='display: flex; flex-wrap: wrap; gap: 30px; margin: 30px 0;'> <!-- Caracter\u00edsticas principales --> <\/p>\n<div style='flex: 1 1 400px; min-width: 280px;'>\n<div style='border-left: 5px solid #ff0000; border-radius: 5px; padding: 15px; box-shadow: 2px 2px 10px rgba(216&comma; 216&comma; 216&comma; 0.4);'>\n<h3 style='font-size: 18px; margin-top: 0; margin-bottom: 15px; color: inherit; font-family: sans-serif;'><strong>Caracter\u00edsticas principales:<\/strong><\/h3>\n<ul style='padding-left: 20px; margin: 0; font-size: 15px; color: inherit; list-style-type: disc;'>\n<li style='margin-bottom: 8px; font-family: sans-serif;'><span style='color: inherit;'>120 db \/ 1 m.<\/span><\/li>\n<li style='margin-bottom: 8px; font-family: sans-serif;'><span style='color: inherit;'>Protecci\u00f3n IP65<\/span><\/li>\n<li style='margin-bottom: 8px; font-family: sans-serif;'><span style='color: inherit;'>30 Watts<\/span><\/li>\n<li style='margin-bottom: 8px; font-family: sans-serif;'><span style='color: inherit;'>Compatible con cualquier panel de alarma cableada del mercado.<\/span><\/li>\n<\/ul><\/div>\n<\/p><\/div>\n<p> <!-- Caracter\u00edsticas F\u00edsicas y El\u00e9ctricas --> <\/p>\n<div style='flex: 1 1 400px; min-width: 280px;'>\n<div style='border-left: 5px solid #ff0000; border-radius: 5px; padding: 15px; box-shadow: 2px 2px 10px rgba(216&comma; 216&comma; 216&comma; 0.4);'>\n<h3 style='font-size: 18px; margin-top: 0; margin-bottom: 15px; color: inherit; font-family: sans-serif;'><strong>Caracter\u00edsticas F\u00edsicas y El\u00e9ctricas<\/strong><\/h3>\n<ul style='padding-left: 20px; margin: 0; font-size: 15px; color: inherit; list-style-type: disc;'>\n<li style='margin-bottom: 8px; font-family: sans-serif;'><span style='color: inherit;'>Alimentaci\u00f3n: fuente de 12 Vcc.<\/span><\/li>\n<li style='margin-bottom: 8px; font-family: sans-serif;'><strong><span style='color: inherit;'>Cable Rojo Positivo tono 1.<\/span><\/strong><\/li>\n<li style='margin-bottom: 8px; font-family: sans-serif;'><strong><span style='color: inherit;'>Cable amarillo Positivo tono 2.<\/span><\/strong><\/li>\n<li style='margin-bottom: 8px; font-family: sans-serif;'><strong><span style='color: inherit;'>Cable Blanco negativo.<\/span><\/strong><\/li>\n<li style='margin-bottom: 8px; font-family: sans-serif;'><span style='color: inherit;'>Temperatura soportada: -20 a 70\u00b0C.<\/span><\/li>\n<li style='margin-bottom: 8px; font-family: sans-serif;'><span style='color: inherit;'>Protecci\u00f3n: IP65<\/span><\/li>\n<li style='margin-bottom: 8px; font-family: sans-serif;'><span style='color: inherit;'>Dimensiones: 200 x 119 x 230 mm<\/span><\/li>\n<\/ul>\n<p style='margin-top: 15px; font-family: sans-serif;'><strong><span style='color: inherit;'>NOTA: No deben de conectar los dos positivos&comma; solo soporta un tono.<\/span><\/strong><\/p>\n<\/p><\/div>\n<\/p><\/div>\n<\/p><\/div>\n<p> <!-- Banner --> <\/p>\n<div style='margin: 30px 0;'> <a title='Serie AX PRO' href='https:\/\/www.syscom.mx\/principal\/listadoproductosazul\/intrusion-hikvision-paneles-de-alarma-y-accesorios-ax-hybrid-pro-66400.html?ordenar=Precio_de_Menor_a_Mayor&#038;pag=1'> <img style='width: 100%; height: auto; border: 1px solid rgba(150&comma;150&comma;150&comma;0.3); border-radius: 8px;' src='https:\/\/ftp3.syscom.mx\/usuarios\/jsosa\/HIKVISION\/alarmas\/hybridpro\/AX%20HYBRID%20PRO.png' alt='Banner Serie AX PRO'> <\/a> <\/div>\n<\/p><\/div>\n","protected":false},"excerpt":{"rendered":"<p>Sirena Cableada \/ Ideal para Cualquier Panel de Alarma (No Importa la Marca) \/ 30 Watts \/ 120 dB de Sonido \/ Protecci\u00f3n IP65 (Exterior) \/ Material: Policarbonato<\/p>\n","protected":false},"featured_media":2121,"comment_status":"open","ping_status":"closed","template":"","meta":[],"product_brand":[],"product_cat":[146],"product_tag":[93,54,147],"class_list":{"0":"post-2122","1":"product","2":"type-product","3":"status-publish","4":"has-post-thumbnail","6":"product_cat-sirenas-y-estrobos","7":"product_tag-accesorios","8":"product_tag-hikvision","9":"product_tag-sirenas-y-estrobos","11":"first","12":"outofstock","13":"sale","14":"shipping-taxable","15":"purchasable","16":"product-type-simple"},"_links":{"self":[{"href":"https:\/\/soydeaqui.ddns.net\/pachuca\/index.php\/wp-json\/wp\/v2\/product\/2122","targetHints":{"allow":["GET"]}}],"collection":[{"href":"https:\/\/soydeaqui.ddns.net\/pachuca\/index.php\/wp-json\/wp\/v2\/product"}],"about":[{"href":"https:\/\/soydeaqui.ddns.net\/pachuca\/index.php\/wp-json\/wp\/v2\/types\/product"}],"replies":[{"embeddable":true,"href":"https:\/\/soydeaqui.ddns.net\/pachuca\/index.php\/wp-json\/wp\/v2\/comments?post=2122"}],"wp:featuredmedia":[{"embeddable":true,"href":"https:\/\/soydeaqui.ddns.net\/pachuca\/index.php\/wp-json\/wp\/v2\/media\/2121"}],"wp:attachment":[{"href":"https:\/\/soydeaqui.ddns.net\/pachuca\/index.php\/wp-json\/wp\/v2\/media?parent=2122"}],"wp:term":[{"taxonomy":"product_brand","embeddable":true,"href":"https:\/\/soydeaqui.ddns.net\/pachuca\/index.php\/wp-json\/wp\/v2\/product_brand?post=2122"},{"taxonomy":"product_cat","embeddable":true,"href":"https:\/\/soydeaqui.ddns.net\/pachuca\/index.php\/wp-json\/wp\/v2\/product_cat?post=2122"},{"taxonomy":"product_tag","embeddable":true,"href":"https:\/\/soydeaqui.ddns.net\/pachuca\/index.php\/wp-json\/wp\/v2\/product_tag?post=2122"}],"curies":[{"name":"wp","href":"https:\/\/api.w.org\/{rel}","templated":true}]}}