{"id":2120,"date":"2026-03-18T05:53:22","date_gmt":"2026-03-18T05:53:22","guid":{"rendered":"https:\/\/soydeaqui.ddns.net\/pachuca\/index.php\/producto\/termostato-no-programable-vertical-220-vac\/"},"modified":"2026-03-18T05:53:22","modified_gmt":"2026-03-18T05:53:22","slug":"termostato-no-programable-vertical-220-vac","status":"publish","type":"product","link":"https:\/\/soydeaqui.ddns.net\/pachuca\/index.php\/producto\/termostato-no-programable-vertical-220-vac\/","title":{"rendered":"Termostato no programable , Vertical, 220 VAC"},"content":{"rendered":"<div style='width: 100%; max-width: 1200px; margin: 0 auto; font-family: sans-serif; line-height: 1.6; color: inherit; background-color: transparent;'> <!-- Secci\u00f3n de descripci\u00f3n --> <\/p>\n<div style='margin-bottom: 30px;'>\n<h3 style='font-size: 22px; border-bottom: 2px solid currentColor; padding-bottom: 5px; margin-top: 0; color: inherit; opacity: 0.8;'>Descripci\u00f3n general<\/h3>\n<p style='font-size: 16px; margin-top: 15px; color: inherit;'>Los termostatos digitales T6861 Serie HALO est\u00e1n dise\u00f1ados para el control de los ventiladores de 3 velocidades y las v\u00e1lvulas en sistemas Fan &#038; Coil<\/p>\n<\/p><\/div>\n<p> <!-- Secci\u00f3n de especificaciones --> <\/p>\n<div style='display: flex; flex-wrap: wrap; gap: 20px; margin-bottom: 30px;'>\n<div style='flex: 1 1 250px; border: 1px solid rgba(150&comma; 150&comma; 150&comma; 0.4); border-radius: 8px; overflow: hidden; display: flex; flex-direction: column;'>\n<div style='padding: 15px; border-bottom: 1px solid rgba(150&comma; 150&comma; 150&comma; 0.2); font-weight: bold; font-size: 18px; color: inherit;'>Especificaciones del producto<\/div>\n<div style='padding: 15px; color: inherit;'>\n<ul style='padding-left: 20px; margin: 0; font-size: 14px; list-style-type: disc;'>\n<li style='margin-bottom: 5px;'><strong>Solicitud:<\/strong> 2 tubos o 4 tubos<\/li>\n<li style='margin-bottom: 5px;'><strong>Montaje:<\/strong> Montaje vertical en caja de conexiones de 86 x 86 mm o caja de conexiones de 2 x 4<\/li>\n<li style='margin-bottom: 5px;'><strong>Clasificaciones el\u00e9ctricas:<\/strong> Clasificaci\u00f3n para ventilador: 4 (2) A clasificaci\u00f3n para v\u00e1lvula: 2 (1) A<\/li>\n<li style='margin-bottom: 5px;'><strong>Frecuencia:<\/strong> 50 Hz; 60 Hz<\/li>\n<li style='margin-bottom: 5px;'><strong>Rango de humedad de funcionamiento (% HR):<\/strong> 5-90%<\/li>\n<li style='margin-bottom: 5px;'><strong>Tensi\u00f3n de alimentaci\u00f3n:<\/strong> 220 Vac + 10%<\/li>\n<li style='margin-bottom: 5px;'><strong>Cambiar posiciones (sistema):<\/strong> Heat &#8211; Off &#8211; Cool<\/li>\n<li style='margin-bottom: 5px;'><strong>Color:<\/strong> blanco con anillo verde<\/li>\n<li style='margin-bottom: 5px;'><strong>Monitor:<\/strong> Ninguna<\/li>\n<li style='margin-bottom: 5px;'><strong>Cambio:<\/strong> Manual<\/li>\n<li style='margin-bottom: 5px;'><strong>Ajuste del rango de temperatura (F):<\/strong> 50 F a 90 F<\/li>\n<li style='margin-bottom: 5px;'><strong>Ajuste del rango de temperatura (C):<\/strong> 10 C a 32 C<\/li>\n<\/ul><\/div>\n<\/p><\/div>\n<\/p><\/div>\n<p> <!-- Separador --> <\/p>\n<hr style='border: 0; border-top: 1px solid rgba(150&comma; 150&comma; 150&comma; 0.3); margin: 30px 0;'> <\/div>\n","protected":false},"excerpt":{"rendered":"<p>Termostato no programable , Vertical, 220 VAC<\/p>\n","protected":false},"featured_media":2119,"comment_status":"open","ping_status":"closed","template":"","meta":[],"product_brand":[],"product_cat":[43],"product_tag":[30,45,44],"class_list":{"0":"post-2120","1":"product","2":"type-product","3":"status-publish","4":"has-post-thumbnail","6":"product_cat-termostatos","7":"product_tag-automatizacion-casa-inteligente","8":"product_tag-honeywell-home-resideo","9":"product_tag-termostatos","11":"first","12":"outofstock","13":"sale","14":"shipping-taxable","15":"purchasable","16":"product-type-simple"},"_links":{"self":[{"href":"https:\/\/soydeaqui.ddns.net\/pachuca\/index.php\/wp-json\/wp\/v2\/product\/2120","targetHints":{"allow":["GET"]}}],"collection":[{"href":"https:\/\/soydeaqui.ddns.net\/pachuca\/index.php\/wp-json\/wp\/v2\/product"}],"about":[{"href":"https:\/\/soydeaqui.ddns.net\/pachuca\/index.php\/wp-json\/wp\/v2\/types\/product"}],"replies":[{"embeddable":true,"href":"https:\/\/soydeaqui.ddns.net\/pachuca\/index.php\/wp-json\/wp\/v2\/comments?post=2120"}],"wp:featuredmedia":[{"embeddable":true,"href":"https:\/\/soydeaqui.ddns.net\/pachuca\/index.php\/wp-json\/wp\/v2\/media\/2119"}],"wp:attachment":[{"href":"https:\/\/soydeaqui.ddns.net\/pachuca\/index.php\/wp-json\/wp\/v2\/media?parent=2120"}],"wp:term":[{"taxonomy":"product_brand","embeddable":true,"href":"https:\/\/soydeaqui.ddns.net\/pachuca\/index.php\/wp-json\/wp\/v2\/product_brand?post=2120"},{"taxonomy":"product_cat","embeddable":true,"href":"https:\/\/soydeaqui.ddns.net\/pachuca\/index.php\/wp-json\/wp\/v2\/product_cat?post=2120"},{"taxonomy":"product_tag","embeddable":true,"href":"https:\/\/soydeaqui.ddns.net\/pachuca\/index.php\/wp-json\/wp\/v2\/product_tag?post=2120"}],"curies":[{"name":"wp","href":"https:\/\/api.w.org\/{rel}","templated":true}]}}