{"id":21174,"date":"2026-03-18T10:33:59","date_gmt":"2026-03-18T10:33:59","guid":{"rendered":"https:\/\/soydeaqui.ddns.net\/pachuca\/index.php\/producto\/puerta-de-garage-d-alta-calidad-16x8-pies-aislada-estilo-americana-imitacion-madera-golden-oak-linea-central\/"},"modified":"2026-03-18T10:34:00","modified_gmt":"2026-03-18T10:34:00","slug":"puerta-de-garage-d-alta-calidad-16x8-pies-aislada-estilo-americana-imitacion-madera-golden-oak-linea-central","status":"publish","type":"product","link":"https:\/\/soydeaqui.ddns.net\/pachuca\/index.php\/producto\/puerta-de-garage-d-alta-calidad-16x8-pies-aislada-estilo-americana-imitacion-madera-golden-oak-linea-central\/","title":{"rendered":"Puerta de Garage D\/ Alta calidad \/ 16&#215;8 pies \/ AISLADA \/ Estilo Americana \/ Imitacion Madera \/ Golden Oak \/ Linea Central ."},"content":{"rendered":"<div style='width: 100%; max-width: 1200px; margin: 0 auto; font-family: sans-serif; line-height: 1.6; color: inherit; background-color: transparent;'> <!-- T\u00edtulo principal --> <\/p>\n<div style='margin-bottom: 20px;'>\n<h2 style='font-size: 28px; color: inherit; margin: 0 0 15px 0; padding: 0;'>Puerta Residencial de la serie <span style='color: #674b4b;'>GARAGEW<\/span><\/h2>\n<p style='font-size: 16px; margin: 0; color: inherit;'>Eleva el estilo y la funcionalidad de tu hogar con nuestras puertas de garage&comma; descubre la elegancia y comodidad que transformar\u00e1n su espacio.<\/p>\n<\/p><\/div>\n<p> <!-- Imagen principal --> <\/p>\n<div style='margin: 20px 0;'> <img style='width: 100%; height: auto; border: 1px solid rgba(150&comma;150&comma;150&comma;0.3); border-radius: 8px;' src='https:\/\/ftp3.syscom.mx\/usuarios\/mario.rodriguez\/PUERTADEGARAJE\/LR\/MADERA\/garage-madera-3000x1080.jpg' alt='Puerta de Garage Imitaci\u00f3n Madera'> <\/div>\n<p> <!-- Descripci\u00f3n general --> <\/p>\n<div style='margin: 20px 0; font-size: 15px;'>\n<p style='margin: 0 0 15px 0; color: inherit;'>A pesar de su apariencia aut\u00e9ntica&comma; las puertas de garaje de imitaci\u00f3n a madera ofrecen ventajas pr\u00e1cticas significativas. Adem\u00e1s&comma; requieren un mantenimiento mucho menor&comma; ya que no se ven afectadas por la humedad&comma; no se agrietan ni se deforman con el tiempo.<\/p>\n<\/p><\/div>\n<p> <!-- Secci\u00f3n de caracter\u00edsticas --> <\/p>\n<div style='display: flex; flex-wrap: wrap; gap: 20px; margin: 30px 0;'>\n<div style='flex: 1 1 300px; min-width: 280px;'>\n<div style='border: 1px solid rgba(150&comma;150&comma;150&comma;0.4); border-radius: 8px; padding: 15px;'>\n<h3 style='font-size: 20px; border-bottom: 2px solid currentColor; padding-bottom: 5px; margin-top: 0; margin-bottom: 15px; color: inherit;'>Caracter\u00edsticas principales<\/h3>\n<ul style='padding-left: 20px; margin: 0; color: inherit;'>\n<li style='margin-bottom: 8px;'>Las puertas de garage imitaci\u00f3n madera tipo americanas ofrecen una combinaci\u00f3n de gran belleza&comma; resistencia y eficiencia t\u00e9rmica.<\/li>\n<li style='margin-bottom: 8px;'>Rodamientos y herrajes de gran calidad&comma; para una operaci\u00f3n silenciosa y eficaz.<\/li>\n<li style='margin-bottom: 8px;'>Eficiencia t\u00e9rmica&comma; lo mejor en este tipo de puertas.<\/li>\n<li style='margin-bottom: 8px;'>Operaci\u00f3n suave&comma; segura y silenciosa.<\/li>\n<\/ul><\/div>\n<\/p><\/div>\n<div style='flex: 1 1 300px; min-width: 280px;'>\n<div style='border: 1px solid rgba(150&comma;150&comma;150&comma;0.4); border-radius: 8px; padding: 15px;'>\n<h3 style='font-size: 20px; border-bottom: 2px solid currentColor; padding-bottom: 5px; margin-top: 0; margin-bottom: 15px; color: inherit;'>Caracter\u00edsticas F\u00edsicas<\/h3>\n<p style='margin: 0 0 15px 0; color: inherit;'>Las puertas de cochera o puertas para garage ascendentes AccessPro son de la m\u00e1s alta calidad. El panel de las puertas autom\u00e1ticas se fabrica en l\u00e1mina calibre 26&comma; con relleno poliuretano de alta densidad de 43 mm para brindar mayor rigidez y un aislamiento t\u00e9rmico y ac\u00fastico m\u00e1s eficiente.<\/p>\n<\/p><\/div>\n<\/p><\/div>\n<div style='flex: 1 1 300px; min-width: 280px;'>\n<div style='border: 1px solid rgba(150&comma;150&comma;150&comma;0.4); border-radius: 8px; padding: 15px;'>\n<h3 style='font-size: 20px; border-bottom: 2px solid currentColor; padding-bottom: 5px; margin-top: 0; margin-bottom: 15px; color: inherit;'>Caracter\u00edsticas Destacadas<\/h3>\n<p style='margin: 0 0 15px 0; color: inherit;'>Puerta residencial rellena con 43mm de poliuretano inyectado con una densidad de 45 kgs\/cbm.<\/p>\n<\/p><\/div>\n<\/p><\/div>\n<\/p><\/div>\n<p> <!-- Separador --> <\/p>\n<hr style='border: 0; border-top: 1px solid rgba(150&comma;150&comma;150&comma;0.3); margin: 30px 0;'> <!-- Secci\u00f3n de cotizaci\u00f3n --> <\/p>\n<div style='margin: 30px 0;'>\n<h2 style='font-size: 22px; color: inherit; text-align: center; margin: 0 0 20px 0;'>\u00bfQu\u00e9 requiero cotizar para una instalaci\u00f3n?<\/h2>\n<ul style='padding-left: 20px; margin: 0; color: inherit;'>\n<li style='margin-bottom: 10px;'><span style='color: inherit;'>1 x <\/span><a href='https:\/\/www.syscom.mx\/producto\/GARAGE107-W-ACCESSPRO-225690.html' style='color: #3598db; text-decoration: none;'>GARAGE168W<\/a><span style='color: inherit;'> (Puerta de Garage 16&#215;8)<\/span><\/li>\n<li style='margin-bottom: 10px;'><span style='color: inherit;'>1 x Motor puerta de garage (<\/span><a href='https:\/\/www.syscom.mx\/producto\/FS1000APP-RT-ACCESSPRO-220404.html' style='color: #3598db; text-decoration: none;'>FS1000APPRT<\/a><span style='color: inherit;'> \/ <\/span><a href='https:\/\/www.syscom.mx\/producto\/ACCESSFORCE-ACCESSPRO-176436.html' style='color: #3598db; text-decoration: none;'>ACCESSFORCE<\/a><span style='color: inherit;'>)<\/span><\/li>\n<\/ul><\/div>\n<p> <!-- Separador --> <\/p>\n<hr style='border: 0; border-top: 1px solid rgba(150&comma;150&comma;150&comma;0.3); margin: 30px 0;'> <!-- Secci\u00f3n de accesorios --> <\/p>\n<div style='margin: 30px 0;'>\n<h2 style='font-size: 22px; color: inherit; text-align: center; margin: 0 0 20px 0;'>\u00bfQu\u00e9 accesorios puedo agregar a mi instalaci\u00f3n?<\/h2>\n<ul style='padding-left: 20px; margin: 0; color: inherit;'>\n<li style='margin-bottom: 10px;'><span style='color: inherit;'>1 x Fotocelda ( <\/span><a href='https:\/\/www.syscom.mx\/producto\/ACCESSPC01-ACCESSPRO-176545.html' style='color: #3598db; text-decoration: none;'>ACCESSPC01<\/a><span style='color: inherit;'> )<\/span><\/li>\n<li style='margin-bottom: 10px;'><span style='color: inherit;'>1 x Dispositivo WIFI ( <\/span><a href='https:\/\/www.syscom.mx\/producto\/ACCESSWIFI-ACCESSPRO-211041.html' style='color: #3598db; text-decoration: none;'>ACCESSWIFI<\/a><span style='color: inherit;'> )<\/span><\/li>\n<li style='margin-bottom: 10px;'><span style='color: inherit;'>1 x Receptor inal\u00e1mbrico ( <\/span><a href='https:\/\/www.syscom.mx\/producto\/PROR400-ACCESSPRO-67300.html' style='color: #3598db; text-decoration: none;'>PROR400<\/a><span style='color: inherit;'> \/ <\/span><a href='https:\/\/www.syscom.mx\/producto\/ESIM320IP-ELDES-136647.html' style='color: #3598db; text-decoration: none;'>ESIM320IP<\/a><span style='color: inherit;'> )<\/span><\/li>\n<li style='margin-bottom: 10px;'><span style='color: inherit;'>1 x Frente de calle ( <\/span><a href='https:\/\/www.syscom.mx\/producto\/DS-KV8113-WME1(C)-HIKVISION-210631.html' style='color: #3598db; text-decoration: none;'>DSKV8113WME1(C)<\/a><span style='color: inherit;'> \/ <\/span><a href='https:\/\/www.syscom.mx\/producto\/DS-KV6113-WPE1(C)-HIKVISION-209203.html' style='color: #3598db; text-decoration: none;'>DSKV6113WPE1(C)<\/a><span style='color: inherit;'> )<\/span><\/li>\n<li style='margin-bottom: 10px;'><span style='color: inherit;'>1 x Botones inal\u00e1mbricos ( <\/span><a href='https:\/\/www.syscom.mx\/producto\/ACCESSVR01-ACCESSPRO-176538.html' style='color: #3598db; text-decoration: none;'>ACCESSVR01<\/a><span style='color: inherit;'> \/ <\/span><a href='https:\/\/www.syscom.mx\/producto\/ACCESSWS01-ACCESSPRO-176540.html' style='color: #3598db; text-decoration: none;'>ACCESSWS01<\/a><span style='color: inherit;'> )<\/span><\/li>\n<\/ul><\/div>\n<p> <!-- Separador --> <\/p>\n<hr style='border: 0; border-top: 1px solid rgba(150&comma;150&comma;150&comma;0.3); margin: 30px 0;'> <!-- Informaci\u00f3n adicional --> <\/p>\n<div style='margin: 30px 0;'>\n<p style='margin: 0 0 15px 0; color: inherit;'>Encontrar\u00e1 la medida ideal para cualquier tipo de proyecto ya sea para remodelar o alguna nueva construcci\u00f3n.<\/p>\n<p style='margin: 0 0 15px 0; color: inherit;'>Las puertas de garage est\u00e1n dise\u00f1adas con materiales que ofrecen un buen aislamiento t\u00e9rmico y ac\u00fastico&comma; esto ayuda a mantener la temperatura del garage y reduce el ruido exterior&comma; esto le ayudar\u00e1 a ahorrar en el consumo de energ\u00eda.<\/p>\n<p style='margin: 0 0 15px 0; text-align: center; color: inherit;'>\u00bfC\u00f3mo s\u00e9 cual medida de puerta es la que necesito? <a href='https:\/\/www.syscom.mx\/panel\/calculador_cochera' style='color: #e74c3c; text-decoration: none;'>Click aqu\u00ed.<\/a><\/p>\n<p style='margin: 0 0 15px 0; text-align: center; color: inherit;'>La puerta GARAGE168W se compone de 5 secciones de 19.2&#8242;.<\/p>\n<\/p><\/div>\n<p> <!-- Galer\u00eda de im\u00e1genes --> <\/p>\n<div style='display: flex; flex-wrap: wrap; gap: 20px; margin: 30px 0;'>\n<div style='flex: 1 1 300px; min-width: 280px;'> <img style='width: 100%; height: auto; border: 1px solid rgba(150&comma;150&comma;150&comma;0.3); border-radius: 8px;' src='https:\/\/ftp3.syscom.mx\/usuarios\/mario.rodriguez\/PUERTADEGARAJE\/LR\/MADERA\/madera1.jpg' alt='Imitaci\u00f3n madera 1'> <\/div>\n<div style='flex: 1 1 300px; min-width: 280px;'> <img style='width: 100%; height: auto; border: 1px solid rgba(150&comma;150&comma;150&comma;0.3); border-radius: 8px;' src='https:\/\/ftp3.syscom.mx\/usuarios\/mario.rodriguez\/PUERTADEGARAJE\/LR\/MADERA\/Medidas%20imitacion%20Madera.png' alt='Medidas imitaci\u00f3n madera'> <\/div>\n<div style='flex: 1 1 300px; min-width: 280px;'> <img style='width: 100%; height: auto; border: 1px solid rgba(150&comma;150&comma;150&comma;0.3); border-radius: 8px;' src='https:\/\/ftp3.syscom.mx\/usuarios\/mario.rodriguez\/PUERTADEGARAJE\/LR\/MADERA\/madera2.jpg' alt='Imitaci\u00f3n madera 2'> <\/div>\n<div style='flex: 1 1 300px; min-width: 280px;'> <img style='width: 100%; height: auto; border: 1px solid rgba(150&comma;150&comma;150&comma;0.3); border-radius: 8px;' src='https:\/\/ftp3.syscom.mx\/usuarios\/mario.rodriguez\/PUERTADEGARAJE\/LR\/MADERA\/madera3.jpg' alt='Imitaci\u00f3n madera 3'> <\/div>\n<div style='flex: 1 1 300px; min-width: 280px;'> <img style='width: 100%; height: auto; border: 1px solid rgba(150&comma;150&comma;150&comma;0.3); border-radius: 8px;' src='https:\/\/ftp3.syscom.mx\/usuarios\/mario.rodriguez\/PUERTADEGARAJE\/LR\/CUADROS\/Puerta.PNG' alt='Puerta secci\u00f3n'> <\/div>\n<\/p><\/div>\n<\/p><\/div>\n","protected":false},"excerpt":{"rendered":"<p>Puerta de Garage D\/ Alta calidad \/ 16&#215;8 pies \/ AISLADA \/ Estilo Americana \/ Imitacion Madera \/ Golden Oak \/ Linea Central .<\/p>\n","protected":false},"featured_media":21173,"comment_status":"open","ping_status":"closed","template":"","meta":[],"product_brand":[],"product_cat":[400],"product_tag":[401,234,402],"class_list":{"0":"post-21174","1":"product","2":"type-product","3":"status-publish","4":"has-post-thumbnail","6":"product_cat-puertas-de-garage","7":"product_tag-acceso-vehicular","8":"product_tag-accesspro","9":"product_tag-puertas-de-garage","11":"first","12":"instock","13":"sale","14":"shipping-taxable","15":"purchasable","16":"product-type-simple"},"_links":{"self":[{"href":"https:\/\/soydeaqui.ddns.net\/pachuca\/index.php\/wp-json\/wp\/v2\/product\/21174","targetHints":{"allow":["GET"]}}],"collection":[{"href":"https:\/\/soydeaqui.ddns.net\/pachuca\/index.php\/wp-json\/wp\/v2\/product"}],"about":[{"href":"https:\/\/soydeaqui.ddns.net\/pachuca\/index.php\/wp-json\/wp\/v2\/types\/product"}],"replies":[{"embeddable":true,"href":"https:\/\/soydeaqui.ddns.net\/pachuca\/index.php\/wp-json\/wp\/v2\/comments?post=21174"}],"wp:featuredmedia":[{"embeddable":true,"href":"https:\/\/soydeaqui.ddns.net\/pachuca\/index.php\/wp-json\/wp\/v2\/media\/21173"}],"wp:attachment":[{"href":"https:\/\/soydeaqui.ddns.net\/pachuca\/index.php\/wp-json\/wp\/v2\/media?parent=21174"}],"wp:term":[{"taxonomy":"product_brand","embeddable":true,"href":"https:\/\/soydeaqui.ddns.net\/pachuca\/index.php\/wp-json\/wp\/v2\/product_brand?post=21174"},{"taxonomy":"product_cat","embeddable":true,"href":"https:\/\/soydeaqui.ddns.net\/pachuca\/index.php\/wp-json\/wp\/v2\/product_cat?post=21174"},{"taxonomy":"product_tag","embeddable":true,"href":"https:\/\/soydeaqui.ddns.net\/pachuca\/index.php\/wp-json\/wp\/v2\/product_tag?post=21174"}],"curies":[{"name":"wp","href":"https:\/\/api.w.org\/{rel}","templated":true}]}}