{"id":21141,"date":"2026-03-18T10:33:29","date_gmt":"2026-03-18T10:33:29","guid":{"rendered":"https:\/\/soydeaqui.ddns.net\/pachuca\/index.php\/producto\/tope-vehicular-55cm-para-camion-estacionamiento-color-negro-amarillo\/"},"modified":"2026-03-18T10:33:32","modified_gmt":"2026-03-18T10:33:32","slug":"tope-vehicular-55cm-para-camion-estacionamiento-color-negro-amarillo","status":"publish","type":"product","link":"https:\/\/soydeaqui.ddns.net\/pachuca\/index.php\/producto\/tope-vehicular-55cm-para-camion-estacionamiento-color-negro-amarillo\/","title":{"rendered":"Tope Vehicular 55cm \/ Para Camion \/ Estacionamiento \/ Color Negro-Amarillo."},"content":{"rendered":"<div style='width: 100%; max-width: 1200px; margin: 0 auto; font-family: sans-serif; line-height: 1.6; color: inherit; background-color: transparent;'> <!-- Secci\u00f3n de contenido con flex\/grid --> <\/p>\n<div style='display: flex; flex-wrap: wrap; gap: 30px; margin-bottom: 30px;'>\n<div style='flex: 1 1 300px; min-width: 280px;'>\n<h3 style='font-size: 22px; border-bottom: 2px solid currentColor; padding-bottom: 5px; margin-top: 0; color: inherit; opacity: 0.8;'>Caracter\u00edsticas generales<\/h3>\n<p style='font-size: 15px; color: inherit; margin-bottom: 15px;'>Topes vehiculares son una alternativa fiable y duradera a los topes de concreto tradicionales. F\u00e1cil instalaci\u00f3n&comma; no requieren equipos de instalaci\u00f3n pesados. Per\u00edodos de vida de m\u00e1s de 10 a\u00f1os&comma; los topes de concreto podr\u00edan costar hasta seis veces m\u00e1s que los modelos de hule reciclado debido a problemas de agrietamiento\/mantenimiento.<\/p>\n<p style='font-size: 15px; color: inherit; margin-bottom: 15px;'>Los topes de pl\u00e1stico para camiones son dispositivos dise\u00f1ados para absorber impactos y evitar da\u00f1os tanto en los veh\u00edculos como en las estructuras con las que podr\u00edan colisionar. El tope vehicular de goma se instala principalmente en cajones de estacionamiento&comma; se instalan en \u00e1reas donde los camiones realizan maniobras de estacionamiento o carga y descarga. Por lo tanto es una buena ayuda para estacionamientos.<\/p>\n<p style='font-size: 15px; color: inherit; margin-bottom: 15px;'>Utilizar tornillo modelo AC4TOR si la instalaci\u00f3n ser\u00e1 en concreto. Utilizar clavo modelo AC30ANCLA si la instalaci\u00f3n ser\u00e1 en asfalto.<\/p>\n<p style='font-size: 15px; color: inherit; margin-bottom: 15px;'><strong>&#8211; Recomendado para uso con camiones&comma; para uso con veh\u00edculos compactos recomendar AC55TV.<\/strong><\/p>\n<\/p><\/div>\n<\/p><\/div>\n<p> <!-- Secci\u00f3n de especificaciones --> <\/p>\n<div style='display: flex; flex-wrap: wrap; gap: 20px; margin-bottom: 30px;'>\n<div style='flex: 1 1 250px; border: 1px solid rgba(150&comma; 150&comma; 150&comma; 0.4); border-radius: 8px; overflow: hidden; display: flex; flex-direction: column;'>\n<div style='padding: 15px; border-bottom: 1px solid rgba(150&comma; 150&comma; 150&comma; 0.2); font-weight: bold; font-size: 18px; color: inherit;'>Especificaciones t\u00e9cnicas<\/div>\n<div style='padding: 15px; color: inherit;'>\n<ul style='padding-left: 20px; margin: 0; font-size: 14px; list-style-type: disc;'>\n<li style='margin-bottom: 5px;'><strong>Tope vehicular<\/strong><\/li>\n<li style='margin-bottom: 5px;'><strong>6 Bandas reflejantes amarillas<\/strong><\/li>\n<li style='margin-bottom: 5px;'><strong>Largo:<\/strong> 55cm x Ancho 15cm x Alto 15cm<\/li>\n<li style='margin-bottom: 5px;'><strong>Peso:<\/strong> 4 Kgs<\/li>\n<li style='margin-bottom: 5px;'><strong>Resistencia al quiebre:<\/strong> 212%<\/li>\n<li style='margin-bottom: 5px;'><strong>Dureza:<\/strong> A85<\/li>\n<li style='margin-bottom: 5px;'><strong>Temperatura:<\/strong> -45\u00b0C &#8211; 60\u00b0C<\/li>\n<li style='margin-bottom: 5px;'><strong>Capacidad de carga:<\/strong> 5 Ton a 5 Km\/H<\/li>\n<li style='margin-bottom: 5px;'><strong>Material:<\/strong> Caucho r\u00edgido<\/li>\n<li style='margin-bottom: 5px;'><strong>Mantenimiento:<\/strong> M\u00ednimo<\/li>\n<li style='margin-bottom: 5px;'><strong>Fijaci\u00f3n:<\/strong> 2 Orificios para fijaci\u00f3n<\/li>\n<\/ul><\/div>\n<\/p><\/div>\n<\/p><\/div>\n<p> <!-- Secci\u00f3n de im\u00e1genes --> <\/p>\n<div style='display: flex; flex-wrap: wrap; gap: 20px; margin-bottom: 30px; justify-content: center;'>\n<div style='flex: 1 1 280px; min-width: 280px;'> <img style='width: 100%; height: auto; border: 1px solid rgba(150&comma;150&comma;150&comma;0.3); border-radius: 8px;' src='https:\/\/ftp3.syscom.mx\/usuarios\/mario.rodriguez\/TOPES\/EST\/AC55TC1.png' alt=''> <\/div>\n<div style='flex: 1 1 280px; min-width: 280px;'> <img style='width: 100%; height: auto; border: 1px solid rgba(150&comma;150&comma;150&comma;0.3); border-radius: 8px;' src='https:\/\/ftp3.syscom.mx\/usuarios\/mario.rodriguez\/TOPES\/EST\/AC55TC.png' alt=''> <\/div>\n<\/p><\/div>\n<p> <!-- Secci\u00f3n de video --> <\/p>\n<div style='margin-bottom: 30px;'>\n<div style='position: relative; padding-bottom: 56.25%; height: 0; overflow: hidden;'>   <\/div>\n<\/p><\/div>\n<p> <!-- Separador --> <\/p>\n<hr style='border: 0; border-top: 1px solid rgba(150&comma; 150&comma; 150&comma; 0.3); margin: 30px 0;'> <\/div>\n","protected":false},"excerpt":{"rendered":"<p>Tope Vehicular 55cm \/ Para Camion \/ Estacionamiento \/ Color Negro-Amarillo.<\/p>\n","protected":false},"featured_media":21140,"comment_status":"open","ping_status":"closed","template":"","meta":[],"product_brand":[],"product_cat":[850],"product_tag":[401,234,851],"class_list":{"0":"post-21141","1":"product","2":"type-product","3":"status-publish","4":"has-post-thumbnail","6":"product_cat-topes-y-reductores-de-estacionamiento","7":"product_tag-acceso-vehicular","8":"product_tag-accesspro","9":"product_tag-topes-y-reductores-de-estacionamiento","11":"first","12":"instock","13":"sale","14":"shipping-taxable","15":"purchasable","16":"product-type-simple"},"_links":{"self":[{"href":"https:\/\/soydeaqui.ddns.net\/pachuca\/index.php\/wp-json\/wp\/v2\/product\/21141","targetHints":{"allow":["GET"]}}],"collection":[{"href":"https:\/\/soydeaqui.ddns.net\/pachuca\/index.php\/wp-json\/wp\/v2\/product"}],"about":[{"href":"https:\/\/soydeaqui.ddns.net\/pachuca\/index.php\/wp-json\/wp\/v2\/types\/product"}],"replies":[{"embeddable":true,"href":"https:\/\/soydeaqui.ddns.net\/pachuca\/index.php\/wp-json\/wp\/v2\/comments?post=21141"}],"wp:featuredmedia":[{"embeddable":true,"href":"https:\/\/soydeaqui.ddns.net\/pachuca\/index.php\/wp-json\/wp\/v2\/media\/21140"}],"wp:attachment":[{"href":"https:\/\/soydeaqui.ddns.net\/pachuca\/index.php\/wp-json\/wp\/v2\/media?parent=21141"}],"wp:term":[{"taxonomy":"product_brand","embeddable":true,"href":"https:\/\/soydeaqui.ddns.net\/pachuca\/index.php\/wp-json\/wp\/v2\/product_brand?post=21141"},{"taxonomy":"product_cat","embeddable":true,"href":"https:\/\/soydeaqui.ddns.net\/pachuca\/index.php\/wp-json\/wp\/v2\/product_cat?post=21141"},{"taxonomy":"product_tag","embeddable":true,"href":"https:\/\/soydeaqui.ddns.net\/pachuca\/index.php\/wp-json\/wp\/v2\/product_tag?post=21141"}],"curies":[{"name":"wp","href":"https:\/\/api.w.org\/{rel}","templated":true}]}}