{"id":21089,"date":"2026-03-18T10:32:29","date_gmt":"2026-03-18T10:32:29","guid":{"rendered":"https:\/\/soydeaqui.ddns.net\/pachuca\/index.php\/producto\/barrera-vehicular-derecha-soporta-brazo-de-hasta-3-m-apertura-en-1-5-s-final-de-carrera-ajustable-por-programacion-2\/"},"modified":"2026-03-18T10:32:36","modified_gmt":"2026-03-18T10:32:36","slug":"barrera-vehicular-derecha-soporta-brazo-de-hasta-3-m-apertura-en-1-5-s-final-de-carrera-ajustable-por-programacion-2","status":"publish","type":"product","link":"https:\/\/soydeaqui.ddns.net\/pachuca\/index.php\/producto\/barrera-vehicular-derecha-soporta-brazo-de-hasta-3-m-apertura-en-1-5-s-final-de-carrera-ajustable-por-programacion-2\/","title":{"rendered":"Barrera vehicular derecha \/ Soporta Brazo de hasta 3 m \/ Apertura en 1.5 s \/ Final de Carrera Ajustable por Programaci\u00f3n \/"},"content":{"rendered":"<div style='width: 100%; max-width: 1200px; margin: 0 auto; font-family: sans-serif; line-height: 1.6; color: inherit; background-color: transparent;'> <!-- Secci\u00f3n de caracter\u00edsticas en 3 columnas --> <\/p>\n<div style='display: flex; flex-wrap: wrap; gap: 20px; margin-bottom: 30px;'>\n<div style='flex: 1 1 300px; min-width: 280px;'>\n<div style='border-left: 5px solid #0091ff; border-radius: 5px; padding: 15px; box-shadow: 2px 2px 10px rgba(216&comma; 216&comma; 216&comma; 0.5);'> <strong style='font-size: 16px; color: inherit;'>Caracter\u00edsticas principales:<\/strong> <\/p>\n<ul style='padding-left: 20px; margin-top: 10px; font-size: 14px; color: inherit;'>\n<li style='margin-bottom: 5px;'>Longitud m\u00e1xima del brazo 3 metros<\/li>\n<li style='margin-bottom: 5px;'>Color del gabinete: Gris<\/li>\n<li style='margin-bottom: 5px;'>Velocidad de apertura 1.5 segundos<\/li>\n<li style='margin-bottom: 5px;'>Con encoder para la programaci\u00f3n de l\u00edmites<\/li>\n<\/ul><\/div>\n<\/p><\/div>\n<div style='flex: 1 1 300px; min-width: 280px;'>\n<div style='border-left: 5px solid #0091ff; border-radius: 5px; padding: 15px; box-shadow: 2px 2px 10px rgba(216&comma; 216&comma; 216&comma; 0.5);'> <strong style='font-size: 16px; color: inherit;'>Caracter\u00edsticas F\u00edsicas y El\u00e9ctricas:<\/strong> <\/p>\n<ul style='padding-left: 20px; margin-top: 10px; font-size: 14px; color: inherit;'>\n<li style='margin-bottom: 5px;'>Consumo de 250W<\/li>\n<li style='margin-bottom: 5px;'>Consumo en reposo 2W<\/li>\n<li style='margin-bottom: 5px;'>Uso Semi-Intensivo<\/li>\n<li style='margin-bottom: 5px;'>Voltaje de operaci\u00f3n 110V<\/li>\n<\/ul><\/div>\n<\/p><\/div>\n<div style='flex: 1 1 300px; min-width: 280px;'>\n<div style='border-left: 5px solid #0091ff; border-radius: 5px; padding: 15px; box-shadow: 2px 2px 10px rgba(216&comma; 216&comma; 216&comma; 0.5);'> <strong style='font-size: 16px; color: inherit;'>Caracter\u00edsticas adicionales:<\/strong> <\/p>\n<ul style='padding-left: 20px; margin-top: 10px; font-size: 14px; color: inherit;'>\n<li style='margin-bottom: 5px;'>Temperatura de operaci\u00f3n -20 a 50\u00b0C<\/li>\n<li style='margin-bottom: 5px;'>Humedad relativa de <90%<\/li>\n<li style='margin-bottom: 5px;'>Incluye 2 controles XBT23 (Soporta m\u00e1ximo 5 controles agregando un solo bot\u00f3n)<\/li>\n<\/ul><\/div>\n<\/p><\/div>\n<\/p><\/div>\n<p> <!-- Separador --> <\/p>\n<hr style='border: 0; border-top: 1px solid rgba(150&comma; 150&comma; 150&comma; 0.3); margin: 30px 0;'> <!-- Secci\u00f3n de descripci\u00f3n y imagen --> <\/p>\n<div style='display: flex; flex-wrap: wrap; gap: 30px; margin-bottom: 30px;'>\n<div style='flex: 1 1 400px; min-width: 300px;'>\n<h3 style='font-size: 18px; color: inherit; margin-top: 0;'>Barrera vehicular derecha color gris&comma; compatible con brazo de hasta 3 metros (No incluido)<\/h3>\n<h3 style='font-size: 18px; color: inherit;'>Caracter\u00edsticas adicionales:<\/h3>\n<ul style='padding-left: 20px; font-size: 14px; color: inherit;'>\n<li style='margin-bottom: 5px;'>Garant\u00eda de 3 a\u00f1os contra defectos de fabricaci\u00f3n<\/li>\n<li style='margin-bottom: 5px;'>Equipo ensamblado en M\u00e9xico<\/li>\n<li style='margin-bottom: 5px;'>Programaci\u00f3n de l\u00edmites mediante tarjeta electr\u00f3nica<\/li>\n<li style='margin-bottom: 5px;'>Cierre autom\u00e1tico programable de acuerdo a la necesidad<\/li>\n<li style='margin-bottom: 5px;'>Soporta brazo iluminado de hasta 3 metros<\/li>\n<li style='margin-bottom: 5px;'><strong style='color: inherit;'>Operaci\u00f3n de hasta 150 ciclos por hora<\/strong><\/li>\n<\/ul>\n<p style='font-size: 14px; color: inherit; margin-top: 15px;'>Las barreras XBF-3000 de AccessPRO incluyen un mecanismo equipado con un encoder que permite a la tarjeta controladora ajustar de manera electr\u00f3nica los finales de carrera&comma; logrando un movimiento m\u00e1s suave y con exactitud a la hora de hacer las aperturas y cierres.<\/p>\n<\/p><\/div>\n<div style='flex: 1 1 400px; min-width: 300px;'> <img style='width: 100%; height: auto; border: 1px solid rgba(150&comma;150&comma;150&comma;0.3); border-radius: 8px;' src='https:\/\/ftp3.syscom.mx\/usuarios\/fotos\/BancoFotografiasSyscom\/ACCESSPROINDUSTRIAL\/XBF3000R\/XBF3000R-p.PNG' alt=''> <\/div>\n<\/p><\/div>\n<p> <!-- Separador --> <\/p>\n<hr style='border: 0; border-top: 1px solid rgba(150&comma; 150&comma; 150&comma; 0.3); margin: 30px 0;'> <!-- Secci\u00f3n de accesorios --> <\/p>\n<div style='margin-bottom: 30px;'>\n<h2 style='text-align: center; font-size: 20px; color: inherit; margin-bottom: 15px;'>\u00bfQu\u00e9 accesorios necesito agregar para una instalaci\u00f3n?<\/h2>\n<hr style='border: 0; border-top: 1px solid rgba(150&comma; 150&comma; 150&comma; 0.3); margin: 20px 0;'>\n<h3 style='text-align: center; font-size: 18px; color: inherit; margin-top: 25px; margin-bottom: 15px;'>Primer paso: Selecci\u00f3n del brazo de acuerdo a la aplicaci\u00f3n.<\/h3>\n<p style='text-align: center; margin: 8px 0; font-size: 14px; color: inherit;'><strong style='color: inherit;'>XBF-ARM<\/strong> Brazo recto sin iluminaci\u00f3n de 3 metros&comma; compatible con sistema de abatimiento <strong style='color: inherit;'>XBA-DROP-ARM<\/strong><\/p>\n<p style='text-align: center; margin: 8px 0; font-size: 14px; color: inherit;'><strong style='color: inherit;'>XBF-ARM-LED<\/strong> Brazo de 3 metros con iluminaci\u00f3n Rojo\/Verde&comma; requiere adicionar fuente <strong style='color: inherit;'>PS-12-DC-4C<\/strong><\/p>\n<hr style='border: 0; border-top: 1px solid rgba(150&comma; 150&comma; 150&comma; 0.3); margin: 20px 0;'>\n<h3 style='text-align: center; font-size: 18px; color: inherit; margin-top: 25px; margin-bottom: 15px;'>Segundo paso: Accesorios de seguridad y fijaci\u00f3n.<\/h3>\n<p style='text-align: center; margin: 8px 0; font-size: 14px; color: inherit;'><strong style='color: inherit;'>XB-ANCLA<\/strong> Ancla de fijaci\u00f3n para barreras AccessPRO<\/p>\n<p style='text-align: center; margin: 8px 0; font-size: 14px; color: inherit;'><strong style='color: inherit;'>XBS-SW-01<\/strong> Botonera triple de uso rudo para barreras y motores.<\/p>\n<p style='text-align: center; margin: 8px 0; font-size: 14px; color: inherit;'><strong style='color: inherit;'>XBS-IR33<\/strong> Fotocelda infrarroja de seguridad con alcance de hasta 10 metros<\/p>\n<p style='text-align: center; margin: 8px 0; font-size: 14px; color: inherit;'><strong style='color: inherit;'>XB-DLP-1101<\/strong> Sensor de masa de un canal&comma; requiere fuente <strong style='color: inherit;'>PL-DC-1000<\/strong> y un lazo magn\u00e9tico <strong style='color: inherit;'>SYS-LM6 o SYS-LM4<\/strong><\/p>\n<p style='text-align: center; margin: 8px 0; font-size: 14px; color: inherit;'><strong style='color: inherit;'>XBS-RDA09<\/strong> Radar para barreras AccessPRO con alcance de hasta 6 metros.<\/p>\n<p style='text-align: center; margin: 8px 0; font-size: 14px; color: inherit;'><strong style='color: inherit;'>XB-REC2<\/strong> Receptor inal\u00e1mbrico para 400 controles (agregando un bot\u00f3n por control)&comma; compatible con transmisores <strong style='color: inherit;'>XBT-23<\/strong> control de llavero&comma; <strong style='color: inherit;'>XBT-18-BC<\/strong> control de visera y <strong style='color: inherit;'>XB-WT-01<\/strong> control tipo bot\u00f3n de pared.<\/p>\n<p style='text-align: center; margin: 8px 0; font-size: 14px; color: inherit;'><strong style='color: inherit;'>10LZR-H100KIT-19327<\/strong> Sensor laser para seguridad con un alcance de 9.6 x 9.6 metros&comma; reemplace lazos magn\u00e9ticos<\/p>\n<p style='text-align: center; margin: 8px 0; font-size: 14px; color: inherit;'><strong style='color: inherit;'>PRO-LIGHT-LED<\/strong> Sem\u00e1foro de se\u00f1alizaci\u00f3n Rojo\/Verde&comma; requiere montaje <strong style='color: inherit;'>XB-ML<\/strong>.<\/p>\n<\/p><\/div>\n<p> <!-- Separador --> <\/p>\n<hr style='border: 0; border-top: 1px solid rgba(150&comma; 150&comma; 150&comma; 0.3); margin: 30px 0;'> <!-- Secci\u00f3n de videos --> <\/p>\n<div style='display: flex; flex-wrap: wrap; gap: 20px; justify-content: center; margin-bottom: 30px;'>\n<div style='flex: 1 1 300px; min-width: 280px;'>\n<div style='position: relative; padding-bottom: 56.25%; height: 0; overflow: hidden;'>   <\/div>\n<\/p><\/div>\n<div style='flex: 1 1 300px; min-width: 280px;'>\n<div style='position: relative; padding-bottom: 56.25%; height: 0; overflow: hidden;'>   <\/div>\n<\/p><\/div>\n<div style='flex: 1 1 300px; min-width: 280px;'>\n<div style='position: relative; padding-bottom: 56.25%; height: 0; overflow: hidden;'>   <\/div>\n<\/p><\/div>\n<\/p><\/div>\n<p> <!-- Segunda fila de videos --> <\/p>\n<div style='display: flex; flex-wrap: wrap; gap: 20px; justify-content: center; margin-bottom: 30px;'>\n<div style='flex: 1 1 300px; min-width: 280px;'>\n<div style='position: relative; padding-bottom: 56.25%; height: 0; overflow: hidden;'>   <\/div>\n<\/p><\/div>\n<div style='flex: 1 1 300px; min-width: 280px;'>\n<div style='position: relative; padding-bottom: 56.25%; height: 0; overflow: hidden;'>   <\/div>\n<\/p><\/div>\n<div style='flex: 1 1 300px; min-width: 280px;'>\n<div style='position: relative; padding-bottom: 56.25%; height: 0; overflow: hidden;'>   <\/div>\n<\/p><\/div>\n<\/p><\/div>\n<\/p><\/div>\n","protected":false},"excerpt":{"rendered":"<p>Barrera vehicular derecha \/ Soporta Brazo de hasta 3 m \/ Apertura en 1.5 s \/ Final de Carrera Ajustable por Programaci\u00f3n \/<\/p>\n","protected":false},"featured_media":21088,"comment_status":"open","ping_status":"closed","template":"","meta":[],"product_brand":[],"product_cat":[748],"product_tag":[401,234,749],"class_list":{"0":"post-21089","1":"product","2":"type-product","3":"status-publish","4":"has-post-thumbnail","6":"product_cat-barreras-vehiculares","7":"product_tag-acceso-vehicular","8":"product_tag-accesspro","9":"product_tag-barreras-vehiculares","11":"first","12":"instock","13":"sale","14":"shipping-taxable","15":"purchasable","16":"product-type-simple"},"_links":{"self":[{"href":"https:\/\/soydeaqui.ddns.net\/pachuca\/index.php\/wp-json\/wp\/v2\/product\/21089","targetHints":{"allow":["GET"]}}],"collection":[{"href":"https:\/\/soydeaqui.ddns.net\/pachuca\/index.php\/wp-json\/wp\/v2\/product"}],"about":[{"href":"https:\/\/soydeaqui.ddns.net\/pachuca\/index.php\/wp-json\/wp\/v2\/types\/product"}],"replies":[{"embeddable":true,"href":"https:\/\/soydeaqui.ddns.net\/pachuca\/index.php\/wp-json\/wp\/v2\/comments?post=21089"}],"wp:featuredmedia":[{"embeddable":true,"href":"https:\/\/soydeaqui.ddns.net\/pachuca\/index.php\/wp-json\/wp\/v2\/media\/21088"}],"wp:attachment":[{"href":"https:\/\/soydeaqui.ddns.net\/pachuca\/index.php\/wp-json\/wp\/v2\/media?parent=21089"}],"wp:term":[{"taxonomy":"product_brand","embeddable":true,"href":"https:\/\/soydeaqui.ddns.net\/pachuca\/index.php\/wp-json\/wp\/v2\/product_brand?post=21089"},{"taxonomy":"product_cat","embeddable":true,"href":"https:\/\/soydeaqui.ddns.net\/pachuca\/index.php\/wp-json\/wp\/v2\/product_cat?post=21089"},{"taxonomy":"product_tag","embeddable":true,"href":"https:\/\/soydeaqui.ddns.net\/pachuca\/index.php\/wp-json\/wp\/v2\/product_tag?post=21089"}],"curies":[{"name":"wp","href":"https:\/\/api.w.org\/{rel}","templated":true}]}}