{"id":2106,"date":"2026-03-18T05:53:10","date_gmt":"2026-03-18T05:53:10","guid":{"rendered":"https:\/\/soydeaqui.ddns.net\/pachuca\/index.php\/producto\/letrero-led-de-salida-con-luz-de-emergencia-montaje-universal-pared-lateral-o-techo-bateria-de-respaldo-incluida\/"},"modified":"2026-03-18T05:53:13","modified_gmt":"2026-03-18T05:53:13","slug":"letrero-led-de-salida-con-luz-de-emergencia-montaje-universal-pared-lateral-o-techo-bateria-de-respaldo-incluida","status":"publish","type":"product","link":"https:\/\/soydeaqui.ddns.net\/pachuca\/index.php\/producto\/letrero-led-de-salida-con-luz-de-emergencia-montaje-universal-pared-lateral-o-techo-bateria-de-respaldo-incluida\/","title":{"rendered":"Letrero LED de SALIDA con Luz de Emergencia\/Montaje Universal (pared, lateral o Techo)\/Bater\u00eda de Respaldo Incluida"},"content":{"rendered":"<div style='width: 100%; max-width: 1200px; margin: 0 auto; font-family: sans-serif; line-height: 1.6; color: inherit; background-color: transparent;'>\n<div style='display: flex; flex-wrap: wrap; gap: 30px; margin-bottom: 30px;'>\n<div style='flex: 1 1 300px; min-width: 280px;'>\n<h3 style='font-size: 22px; border-bottom: 2px solid currentColor; padding-bottom: 5px; margin-top: 0; color: inherit; opacity: 0.8;'>Caracter\u00edsticas<\/h3>\n<ul style='padding-left: 20px; font-size: 15px; color: inherit;'>\n<li style='margin-bottom: 5px;'>Carcasa ABS termopl\u00e1stica inyectada.<\/li>\n<li style='margin-bottom: 5px;'>Innovador dise\u00f1o permite una instalaci\u00f3n r\u00e1pida.<\/li>\n<\/ul><\/div>\n<div style='flex: 1 1 300px; min-width: 280px;'>\n<h3 style='font-size: 22px; border-bottom: 2px solid currentColor; padding-bottom: 5px; margin-top: 0; color: inherit; opacity: 0.8;'>Montaje<\/h3>\n<ul style='padding-left: 20px; font-size: 15px; color: inherit;'>\n<li style='margin-bottom: 5px;'>Montaje Universal (pared&comma; lateral o Techo).<\/li>\n<li style='margin-bottom: 5px;'>Housing se encaja a la cubierta con simple torsi\u00f3n y el bloqueo de la caja fuertemente seguro a la cubierta.<\/li>\n<\/ul><\/div>\n<div style='flex: 1 1 300px; min-width: 280px;'>\n<h3 style='font-size: 22px; border-bottom: 2px solid currentColor; padding-bottom: 5px; margin-top: 0; color: inherit; opacity: 0.8;'>El\u00e9ctrico<\/h3>\n<ul style='padding-left: 20px; font-size: 15px; color: inherit;'>\n<li style='margin-bottom: 5px;'>120\/277 VAC Funcionamiento de Voltaje Dual.<\/li>\n<li style='margin-bottom: 5px;'>Bajo consumo de energ\u00eda: s\u00f3lo 3 watts en operaci\u00f3n de emergencia.<\/li>\n<li style='margin-bottom: 5px;'>LED indicador luminoso y pulsador bot\u00f3n de prueba.<\/li>\n<\/ul><\/div>\n<div style='flex: 1 1 300px; min-width: 280px;'>\n<h3 style='font-size: 22px; border-bottom: 2px solid currentColor; padding-bottom: 5px; margin-top: 0; color: inherit; opacity: 0.8;'>L\u00e1mparas<\/h3>\n<ul style='padding-left: 20px; font-size: 15px; color: inherit;'>\n<li style='margin-bottom: 5px;'>LEDs montados en la placa de circuito impreso<\/li>\n<\/ul><\/div>\n<div style='flex: 1 1 300px; min-width: 280px;'>\n<h3 style='font-size: 22px; border-bottom: 2px solid currentColor; padding-bottom: 5px; margin-top: 0; color: inherit; opacity: 0.8;'>Bater\u00eda<\/h3>\n<ul style='padding-left: 20px; font-size: 15px; color: inherit;'>\n<li style='margin-bottom: 5px;'>Bater\u00eda de \u00e1cido (6V 4.5Ah).<\/li>\n<li style='margin-bottom: 5px;'>Puede usar bater\u00eda adicional&comma; cuando agregue dos lamparas remotas al dispositivo<\/li>\n<li style='margin-bottom: 5px;'>Desconexi\u00f3n autom\u00e1tica cuando detecta la bater\u00eda baja para prevenci\u00f3n de da\u00f1o de la bater\u00eda.<\/li>\n<\/ul><\/div>\n<\/p><\/div>\n<div style='margin-top: 30px;'> <a href='https:\/\/drive.google.com\/file\/d\/1PGArqSAQ7jZ7u-GrpR5uWfwfcZ5EXjwq\/view?usp=sharing' style='color: inherit; text-decoration: underline; font-size: 16px; font-weight: 500;'>Dimensiones<\/a> <\/div>\n<\/p><\/div>\n","protected":false},"excerpt":{"rendered":"<p>Letrero LED de SALIDA con Luz de Emergencia\/Montaje Universal (pared, lateral o Techo)\/Bater\u00eda de Respaldo Incluida<\/p>\n","protected":false},"featured_media":2105,"comment_status":"open","ping_status":"closed","template":"","meta":[],"product_brand":[],"product_cat":[95],"product_tag":[96,79,62],"class_list":{"0":"post-2106","1":"product","2":"type-product","3":"status-publish","4":"has-post-thumbnail","6":"product_cat-todos-senalamientos","7":"product_tag-senalamientos","8":"product_tag-sfire","9":"product_tag-todos","11":"first","12":"instock","13":"sale","14":"shipping-taxable","15":"purchasable","16":"product-type-simple"},"_links":{"self":[{"href":"https:\/\/soydeaqui.ddns.net\/pachuca\/index.php\/wp-json\/wp\/v2\/product\/2106","targetHints":{"allow":["GET"]}}],"collection":[{"href":"https:\/\/soydeaqui.ddns.net\/pachuca\/index.php\/wp-json\/wp\/v2\/product"}],"about":[{"href":"https:\/\/soydeaqui.ddns.net\/pachuca\/index.php\/wp-json\/wp\/v2\/types\/product"}],"replies":[{"embeddable":true,"href":"https:\/\/soydeaqui.ddns.net\/pachuca\/index.php\/wp-json\/wp\/v2\/comments?post=2106"}],"wp:featuredmedia":[{"embeddable":true,"href":"https:\/\/soydeaqui.ddns.net\/pachuca\/index.php\/wp-json\/wp\/v2\/media\/2105"}],"wp:attachment":[{"href":"https:\/\/soydeaqui.ddns.net\/pachuca\/index.php\/wp-json\/wp\/v2\/media?parent=2106"}],"wp:term":[{"taxonomy":"product_brand","embeddable":true,"href":"https:\/\/soydeaqui.ddns.net\/pachuca\/index.php\/wp-json\/wp\/v2\/product_brand?post=2106"},{"taxonomy":"product_cat","embeddable":true,"href":"https:\/\/soydeaqui.ddns.net\/pachuca\/index.php\/wp-json\/wp\/v2\/product_cat?post=2106"},{"taxonomy":"product_tag","embeddable":true,"href":"https:\/\/soydeaqui.ddns.net\/pachuca\/index.php\/wp-json\/wp\/v2\/product_tag?post=2106"}],"curies":[{"name":"wp","href":"https:\/\/api.w.org\/{rel}","templated":true}]}}