{"id":21039,"date":"2026-03-18T10:31:35","date_gmt":"2026-03-18T10:31:35","guid":{"rendered":"https:\/\/soydeaqui.ddns.net\/pachuca\/index.php\/producto\/unifi-access-lector-gen-2-lector-nfc-y-sensor-de-movimiento-para-aperturar-una-puerta-requiere-ua-hub-outdoor\/"},"modified":"2026-03-18T10:31:35","modified_gmt":"2026-03-18T10:31:35","slug":"unifi-access-lector-gen-2-lector-nfc-y-sensor-de-movimiento-para-aperturar-una-puerta-requiere-ua-hub-outdoor","status":"publish","type":"product","link":"https:\/\/soydeaqui.ddns.net\/pachuca\/index.php\/producto\/unifi-access-lector-gen-2-lector-nfc-y-sensor-de-movimiento-para-aperturar-una-puerta-requiere-ua-hub-outdoor\/","title":{"rendered":"UniFi Access Lector Gen 2 lector NFC y sensor de movimiento, para aperturar una puerta (requiere UA-HUB-OUTDOOR)"},"content":{"rendered":"<div style='width: 100%; max-width: 1200px; margin: 0 auto; font-family: sans-serif; line-height: 1.6; color: inherit; background-color: transparent;'>\n<div style='display: flex; flex-wrap: wrap; gap: 30px; margin-bottom: 30px; align-items: center;'> <img style='width: 100%; max-width: 200px; height: auto; border: 1px solid rgba(150&comma;150&comma;150&comma;0.3); border-radius: 8px;' src='https:\/\/images.svc.ui.com\/?u=https%3A%2F%2Fcdn.ecomm.ui.com%2Fproducts%2F685fe5ec-5dab-4561-835f-408555ce5234%2F942e09a0-b8bf-4735-909c-dd074fb8e029.png&#038;q=75&#038;w=3840' alt=''> <\/p>\n<div style='flex: 1 1 300px; min-width: 280px;'>\n<h3 style='font-size: 22px; border-bottom: 2px solid currentColor; padding-bottom: 5px; margin-top: 0; color: inherit; opacity: 0.8;'>Lector de tarjetas NFC compacto de segunda generaci\u00f3n y dispositivo de solicitud de salida que admite el desbloqueo de puertas con un movimiento de la mano.<\/h3>\n<\/p><\/div>\n<\/p><\/div>\n<div style='display: flex; flex-wrap: wrap; gap: 30px; margin-bottom: 30px;'>\n<div style='flex: 1 1 300px; min-width: 280px;'>\n<h3 style='font-size: 20px; border-bottom: 2px solid currentColor; padding-bottom: 5px; margin-top: 0; color: inherit; opacity: 0.8;'>Caracter\u00edsticas principales<\/h3>\n<ul style='padding-left: 20px; font-size: 15px; color: inherit;'>\n<li style='margin-bottom: 5px; display: flex; align-items: center;'><img style='width: 20px; height: 20px; margin-right: 10px;' src='https:\/\/assets.ecomm.ui.com\/static\/key-features\/security.svg' alt=''>Desbloqueo mediante una tarjeta NFC o la aplicaci\u00f3n m\u00f3vil UniFi Identity<\/li>\n<li style='margin-bottom: 5px; display: flex; align-items: center;'><img style='width: 20px; height: 20px; margin-right: 10px;' src='https:\/\/assets.ecomm.ui.com\/static\/key-features\/doors.svg' alt=''>Funcionalidad adicional de desbloqueo con movimiento de la mano<\/li>\n<li style='margin-bottom: 5px; display: flex; align-items: center;'><img style='width: 20px; height: 20px; margin-right: 10px;' src='https:\/\/assets.ecomm.ui.com\/static\/key-features\/human.svg' alt=''>Mensajes de saludo de entrada y salida<\/li>\n<li style='margin-bottom: 5px; display: flex; align-items: center;'><img style='width: 20px; height: 20px; margin-right: 10px;' src='https:\/\/assets.ecomm.ui.com\/static\/key-features\/door_hub.svg' alt=''>Se conecta a UniFi Access Hub mediante PoE<\/li>\n<li style='margin-bottom: 5px; display: flex; align-items: center;'><img style='width: 20px; height: 20px; margin-right: 10px;' src='https:\/\/assets.ecomm.ui.com\/static\/key-features\/waterdrop.svg' alt=''>Resistencia a la intemperie IP55 (-30 a 45\u00b0 C)<\/li>\n<\/ul><\/div>\n<p> <img style='width: 100%; max-width: 400px; height: auto; border: 1px solid rgba(150&comma;150&comma;150&comma;0.3); border-radius: 8px;' src='https:\/\/images.svc.ui.com\/?u=https%3A%2F%2Fcdn.ecomm.ui.com%2Fproducts%2F685fe5ec-5dab-4561-835f-408555ce5234%2F0593e812-5fc8-4b4c-9b3b-dedbc5b23cc6.png&#038;q=75&#038;w=3840' alt=''> <\/div>\n<div style='margin-bottom: 30px;'>\n<p style='margin-bottom: 15px;'><strong>Nota:<\/strong> Requiere un UA-HUB-DOOR para alimentarse y conectar la chapa\/cerradura magn\u00e9tica.<\/p>\n<p style='margin-bottom: 15px;'>Requiere un UniFi OS Console con la aplicaci\u00f3n UniFi Access<\/p>\n<\/p><\/div>\n<div style='display: flex; flex-wrap: wrap; gap: 20px; margin-bottom: 30px;'>\n<div style='flex: 1 1 250px; border: 1px solid rgba(150&comma; 150&comma; 150&comma; 0.4); border-radius: 8px; overflow: hidden;'>\n<div style='padding: 15px; border-bottom: 1px solid rgba(150&comma; 150&comma; 150&comma; 0.2); font-weight: bold; font-size: 18px; color: inherit;'>Mec\u00e1nico<\/div>\n<div style='padding: 15px; color: inherit;'>\n<ul style='padding-left: 20px; margin: 0; font-size: 14px; list-style-type: disc;'>\n<li style='margin-bottom: 5px;'><strong>Dimensiones:<\/strong> 93 x 40 x 36&comma;5 mm (3&comma;7 x 1&comma;6 x 1&comma;4 pulgadas)<\/li>\n<li style='margin-bottom: 5px;'><strong>Peso:<\/strong> 82 gramos (2&comma;9 onzas)<\/li>\n<li style='margin-bottom: 5px;'><strong>Material de la carcasa:<\/strong> Policarbonato&comma; vidrio<\/li>\n<li style='margin-bottom: 5px;'><strong>Montaje:<\/strong> En la pared&comma; caja de conexiones<\/li>\n<li style='margin-bottom: 5px;'><strong>Impermeabilizaci\u00f3n:<\/strong> IP55<\/li>\n<\/ul><\/div>\n<\/p><\/div>\n<div style='flex: 1 1 250px; border: 1px solid rgba(150&comma; 150&comma; 150&comma; 0.4); border-radius: 8px; overflow: hidden;'>\n<div style='padding: 15px; border-bottom: 1px solid rgba(150&comma; 150&comma; 150&comma; 0.2); font-weight: bold; font-size: 18px; color: inherit;'>Hardware<\/div>\n<div style='padding: 15px; color: inherit;'>\n<ul style='padding-left: 20px; margin: 0; font-size: 14px; list-style-type: disc;'>\n<li style='margin-bottom: 5px;'><strong>Interfaz de red:<\/strong> (1) puerto RJ45 10\/100 MbE<\/li>\n<li style='margin-bottom: 5px;'><strong>Conectividad:<\/strong> BLE 4.1<\/li>\n<li style='margin-bottom: 5px;'><strong>M\u00e9todo de potencia:<\/strong> Fuente de alimentaci\u00f3n PoE<\/li>\n<li style='margin-bottom: 5px;'><strong>Rango de voltaje admitido:<\/strong> 48 V CC<\/li>\n<li style='margin-bottom: 5px;'><strong>Consumo m\u00e1ximo de energ\u00eda:<\/strong> 5W<\/li>\n<\/ul><\/div>\n<\/p><\/div>\n<div style='flex: 1 1 250px; border: 1px solid rgba(150&comma; 150&comma; 150&comma; 0.4); border-radius: 8px; overflow: hidden;'>\n<div style='padding: 15px; border-bottom: 1px solid rgba(150&comma; 150&comma; 150&comma; 0.2); font-weight: bold; font-size: 18px; color: inherit;'>Especificaciones adicionales<\/div>\n<div style='padding: 15px; color: inherit;'>\n<ul style='padding-left: 20px; margin: 0; font-size: 14px; list-style-type: disc;'>\n<li style='margin-bottom: 5px;'><strong>Temperatura ambiente de funcionamiento:<\/strong> -30 a 45\u00b0 C (-22 a 113\u00b0 F)<\/li>\n<li style='margin-bottom: 5px;'><strong>Humedad ambiente de funcionamiento:<\/strong> 5 a 90% sin condensaci\u00f3n<\/li>\n<li style='margin-bottom: 5px;'><strong>Entorno operativo:<\/strong> Uso al aire libre<\/li>\n<li style='margin-bottom: 5px;'><strong>Certificaciones:<\/strong> CE&comma; FCC&comma; IC&comma; UL 294&comma; CAN\/ULC-60839-11-1<\/li>\n<li style='margin-bottom: 5px;'><strong>Requisitos de cableado PoE:<\/strong> El cableado de categor\u00eda 5e es la categor\u00eda de rendimiento m\u00ednima recomendada. La categor\u00eda de rendimiento utilizada debe coincidir con la velocidad de transmisi\u00f3n requerida en el sitio de instalaci\u00f3n.<\/li>\n<\/ul><\/div>\n<\/p><\/div>\n<div style='flex: 1 1 250px; border: 1px solid rgba(150&comma; 150&comma; 150&comma; 0.4); border-radius: 8px; overflow: hidden;'>\n<div style='padding: 15px; border-bottom: 1px solid rgba(150&comma; 150&comma; 150&comma; 0.2); font-weight: bold; font-size: 18px; color: inherit;'>NFC<\/div>\n<div style='padding: 15px; color: inherit;'>\n<ul style='padding-left: 20px; margin: 0; font-size: 14px; list-style-type: disc;'>\n<li style='margin-bottom: 5px;'><strong>Frecuencia:<\/strong> 13&comma;56 MHz<\/li>\n<li style='margin-bottom: 5px;'><strong>Rango de lectura:<\/strong> <30 mm<\/li>\n<li style='margin-bottom: 5px;'><strong>Est\u00e1ndares:<\/strong> ISO 14443A&comma; 14443B&comma; 15693<\/li>\n<li style='margin-bottom: 5px;'><strong>Tecnolog\u00eda:<\/strong> Etiqueta NFC 1&comma;2&comma;3&comma;4&comma;5&comma; MIFARE Classic&comma; MIFAREPlus&comma; MIFARE Ultralight&comma; MIFARE DESFire<\/li>\n<\/ul><\/div>\n<\/p><\/div>\n<div style='flex: 1 1 250px; border: 1px solid rgba(150&comma; 150&comma; 150&comma; 0.4); border-radius: 8px; overflow: hidden;'>\n<div style='padding: 15px; border-bottom: 1px solid rgba(150&comma; 150&comma; 150&comma; 0.2); font-weight: bold; font-size: 18px; color: inherit;'>Software<\/div>\n<div style='padding: 15px; color: inherit;'>\n<ul style='padding-left: 20px; margin: 0; font-size: 14px; list-style-type: disc;'>\n<li style='margin-bottom: 5px;'><strong>Aplicaci\u00f3n de gesti\u00f3n:<\/strong> UniFi Access: versi\u00f3n 1.5.9 y posteriores<\/li>\n<li style='margin-bottom: 5px;'><strong>Informaci\u00f3n del software:<\/strong> La versi\u00f3n del producto se puede comprobar en <a href='https:\/\/unifi.ui.com\/' style='color: inherit; text-decoration: underline;'>https:\/\/unifi.ui.com<\/a><\/li>\n<\/ul><\/div>\n<\/p><\/div>\n<div style='flex: 1 1 250px; border: 1px solid rgba(150&comma; 150&comma; 150&comma; 0.4); border-radius: 8px; overflow: hidden;'>\n<div style='padding: 15px; border-bottom: 1px solid rgba(150&comma; 150&comma; 150&comma; 0.2); font-weight: bold; font-size: 18px; color: inherit;'>Caracter\u00edsticas de seguridad<\/div>\n<div style='padding: 15px; color: inherit;'>\n<ul style='padding-left: 20px; margin: 0; font-size: 14px; list-style-type: disc;'>\n<li style='margin-bottom: 5px;'><strong>Protecci\u00f3n ESD\/EMP:<\/strong> Aire: \u00b115 kV&comma; contacto: \u00b18 kV<\/li>\n<li style='margin-bottom: 5px;'><strong>Nivel UL 294:<\/strong> Ataque destructivo: Nivel I&comma; Seguridad de l\u00ednea: Nivel I&comma; Resistencia: Nivel I&comma; Energ\u00eda en espera: Nivel I<\/li>\n<\/ul><\/div>\n<\/p><\/div>\n<div style='flex: 1 1 250px; border: 1px solid rgba(150&comma; 150&comma; 150&comma; 0.4); border-radius: 8px; overflow: hidden;'>\n<div style='padding: 15px; border-bottom: 1px solid rgba(150&comma; 150&comma; 150&comma; 0.2); font-weight: bold; font-size: 18px; color: inherit;'>Contenido del Paquete<\/div>\n<div style='padding: 15px; color: inherit;'> <img style='width: 100%; height: auto; border: 1px solid rgba(150&comma;150&comma;150&comma;0.3); border-radius: 8px;' src='https:\/\/images.svc.ui.com\/?u=https%3A%2F%2Fcdn.ecomm.ui.com%2Fproducts%2F685fe5ec-5dab-4561-835f-408555ce5234%2F8e71aab0-1aa2-40ff-8bec-f6618f79f54a.png&#038;q=75&#038;w=2048' alt=''> <\/div>\n<\/p><\/div>\n<div style='flex: 1 1 250px; border: 1px solid rgba(150&comma; 150&comma; 150&comma; 0.4); border-radius: 8px; overflow: hidden;'>\n<div style='padding: 15px; border-bottom: 1px solid rgba(150&comma; 150&comma; 150&comma; 0.2); font-weight: bold; font-size: 18px; color: inherit;'>Aplicaci\u00f3n UniFi Access<\/div>\n<div style='padding: 15px; color: inherit;'>\n<ul style='padding-left: 20px; margin: 0; font-size: 14px; list-style-type: disc;'>\n<li style='margin-bottom: 5px;'>Administre de forma centralizada sus dispositivos de acceso con una interfaz intuitiva<\/li>\n<li style='margin-bottom: 5px;'>Establezca pol\u00edticas y horarios de acceso espec\u00edficos de puertas por piso y usuario<\/li>\n<li style='margin-bottom: 5px;'>Cree usuarios&comma; establezca sus roles y asigne tarjetas NFC<\/li>\n<li style='margin-bottom: 5px;'>Revise las entradas&comma; salidas y denegaciones con un registro de eventos detallado<\/li>\n<li style='margin-bottom: 5px;'>Configure dispositivos r\u00e1pidamente y admin\u00edstrelos sobre la marcha con una potente aplicaci\u00f3n m\u00f3vil<\/li>\n<\/ul><\/div>\n<\/p><\/div>\n<\/p><\/div>\n<hr style='border: 0; border-top: 1px solid rgba(150&comma; 150&comma; 150&comma; 0.3); margin: 30px 0;'> <\/div>\n","protected":false},"excerpt":{"rendered":"<p>UniFi Access Lector Gen 2 lector NFC y sensor de movimiento, para aperturar una puerta (requiere UA-HUB-OUTDOOR)<\/p>\n","protected":false},"featured_media":21038,"comment_status":"open","ping_status":"closed","template":"","meta":[],"product_brand":[],"product_cat":[788],"product_tag":[789,166,557],"class_list":{"0":"post-21039","1":"product","2":"type-product","3":"status-publish","4":"has-post-thumbnail","6":"product_cat-intercomunicadores","7":"product_tag-intercomunicadores","8":"product_tag-ubiquiti","9":"product_tag-videoporteros-e-interfonos","11":"first","12":"instock","13":"sale","14":"shipping-taxable","15":"purchasable","16":"product-type-simple"},"_links":{"self":[{"href":"https:\/\/soydeaqui.ddns.net\/pachuca\/index.php\/wp-json\/wp\/v2\/product\/21039","targetHints":{"allow":["GET"]}}],"collection":[{"href":"https:\/\/soydeaqui.ddns.net\/pachuca\/index.php\/wp-json\/wp\/v2\/product"}],"about":[{"href":"https:\/\/soydeaqui.ddns.net\/pachuca\/index.php\/wp-json\/wp\/v2\/types\/product"}],"replies":[{"embeddable":true,"href":"https:\/\/soydeaqui.ddns.net\/pachuca\/index.php\/wp-json\/wp\/v2\/comments?post=21039"}],"wp:featuredmedia":[{"embeddable":true,"href":"https:\/\/soydeaqui.ddns.net\/pachuca\/index.php\/wp-json\/wp\/v2\/media\/21038"}],"wp:attachment":[{"href":"https:\/\/soydeaqui.ddns.net\/pachuca\/index.php\/wp-json\/wp\/v2\/media?parent=21039"}],"wp:term":[{"taxonomy":"product_brand","embeddable":true,"href":"https:\/\/soydeaqui.ddns.net\/pachuca\/index.php\/wp-json\/wp\/v2\/product_brand?post=21039"},{"taxonomy":"product_cat","embeddable":true,"href":"https:\/\/soydeaqui.ddns.net\/pachuca\/index.php\/wp-json\/wp\/v2\/product_cat?post=21039"},{"taxonomy":"product_tag","embeddable":true,"href":"https:\/\/soydeaqui.ddns.net\/pachuca\/index.php\/wp-json\/wp\/v2\/product_tag?post=21039"}],"curies":[{"name":"wp","href":"https:\/\/api.w.org\/{rel}","templated":true}]}}