{"id":21032,"date":"2026-03-18T10:31:28","date_gmt":"2026-03-18T10:31:28","guid":{"rendered":"https:\/\/soydeaqui.ddns.net\/pachuca\/index.php\/producto\/access-ultra-lector-nfc-y-hub-concentrador-incorporado-para-control-de-entrada-completo-de-una-sola-puerta-desde-un-solo-dispositivo\/"},"modified":"2026-03-18T10:31:33","modified_gmt":"2026-03-18T10:31:33","slug":"access-ultra-lector-nfc-y-hub-concentrador-incorporado-para-control-de-entrada-completo-de-una-sola-puerta-desde-un-solo-dispositivo","status":"publish","type":"product","link":"https:\/\/soydeaqui.ddns.net\/pachuca\/index.php\/producto\/access-ultra-lector-nfc-y-hub-concentrador-incorporado-para-control-de-entrada-completo-de-una-sola-puerta-desde-un-solo-dispositivo\/","title":{"rendered":"Access Ultra Lector NFC y Hub\/Concentrador Incorporado para Control de Entrada Completo de una Sola Puerta desde un solo Dispositivo"},"content":{"rendered":"<div style='width: 100%; max-width: 1200px; margin: 0 auto; font-family: sans-serif; line-height: 1.6; color: inherit; background-color: transparent;'> <!-- Secci\u00f3n de caracter\u00edsticas --> <\/p>\n<div style='display: flex; flex-wrap: wrap; gap: 30px; margin-bottom: 30px;'>\n<div style='flex: 1 1 300px; min-width: 280px;'>\n<h3 style='font-size: 22px; border-bottom: 2px solid currentColor; padding-bottom: 5px; margin-top: 0; color: inherit; opacity: 0.8;'>Caracter\u00edsticas principales<\/h3>\n<ul style='padding-left: 20px; font-size: 15px; color: inherit;'>\n<li style='margin-bottom: 5px;'>Un lector de acceso con un hub incorporado para un control completo del ingreso de una sola puerta<\/li>\n<li style='margin-bottom: 5px;'>No requiere complementos extras&comma; adem\u00e1s de una Consola UniFi con UniFi Access<\/li>\n<\/ul><\/div>\n<div style='flex: 1 1 300px; min-width: 280px;'>\n<h3 style='font-size: 22px; border-bottom: 2px solid currentColor; padding-bottom: 5px; margin-top: 0; color: inherit; opacity: 0.8;'>Caracter\u00edsticas t\u00e9cnicas<\/h3>\n<ul style='padding-left: 20px; font-size: 15px; color: inherit;'>\n<li style='margin-bottom: 5px; display: flex; align-items: center;'><img style='width: 20px; height: 20px; margin-right: 10px;' src='https:\/\/assets.ecomm.ui.com\/static\/key-features\/lock.svg' alt='Terminal de bloqueo'>(1) Terminal de bloqueo (12 V CC&comma; 1 A)<\/li>\n<li style='margin-bottom: 5px; display: flex; align-items: center;'><img style='width: 20px; height: 20px; margin-right: 10px;' src='https:\/\/assets.ecomm.ui.com\/static\/key-features\/add.svg' alt='Entrada de solicitud de salida'>(1) Entrada de solicitud de salida<\/li>\n<li style='margin-bottom: 5px; display: flex; align-items: center;'><img style='width: 20px; height: 20px; margin-right: 10px;' src='https:\/\/assets.ecomm.ui.com\/static\/key-features\/security.svg' alt='Desbloqueo mediante NFC'>Desbloqueo mediante una tarjeta NFC o la aplicaci\u00f3n m\u00f3vil UniFi Identity<\/li>\n<li style='margin-bottom: 5px; display: flex; align-items: center;'><img style='width: 20px; height: 20px; margin-right: 10px;' src='https:\/\/assets.ecomm.ui.com\/static\/key-features\/poe_plus.svg' alt='Conexi\u00f3n PoE+'>Conectar y alimentar mediante PoE+<\/li>\n<li style='margin-bottom: 5px; display: flex; align-items: center;'><img style='width: 20px; height: 20px; margin-right: 10px;' src='https:\/\/assets.ecomm.ui.com\/static\/key-features\/waterdrop.svg' alt='Resistencia a la intemperie'>Resistencia a la intemperie IP55 (-30 a 40\u00b0 C)<\/li>\n<\/ul><\/div>\n<\/p><\/div>\n<p> <!-- Imagen principal --> <\/p>\n<div style='width: 100%; margin-bottom: 30px;'> <img style='width: 100%; height: auto; border: 1px solid rgba(150&comma;150&comma;150&comma;0.3); border-radius: 8px;' src='https:\/\/images.svc.ui.com\/?u=https%3A%2F%2Fcdn.ecomm.ui.com%2Fproducts%2F8c23291f-02aa-460a-a9bb-22cdf8cd3d5f%2Fb4949bf1-cd6c-4ff5-8f17-23f3a270c78a.png&#038;q=75&#038;w=3840' alt='Lector de Acceso Ultra'> <\/div>\n<p> <!-- Secci\u00f3n de especificaciones --> <\/p>\n<div style='display: flex; flex-wrap: wrap; gap: 20px; margin-bottom: 30px;'>\n<div style='flex: 1 1 250px; border: 1px solid rgba(150&comma; 150&comma; 150&comma; 0.4); border-radius: 8px; overflow: hidden; display: flex; flex-direction: column;'>\n<div style='padding: 15px; border-bottom: 1px solid rgba(150&comma; 150&comma; 150&comma; 0.2); font-weight: bold; font-size: 18px; color: inherit;'>Mec\u00e1nico<\/div>\n<div style='padding: 15px; color: inherit;'>\n<ul style='padding-left: 20px; margin: 0; font-size: 14px; list-style-type: disc;'>\n<li style='margin-bottom: 5px;'><strong>Dimensiones:<\/strong> 126 x 45 x 37&comma;45 mm (4&comma;9 x 1&comma;8 x 4&comma;5&#8242;)<\/li>\n<li style='margin-bottom: 5px;'><strong>Peso:<\/strong> 140 gramos (4&comma;9 onzas)<\/li>\n<li style='margin-bottom: 5px;'><strong>Material de la carcasa:<\/strong> Policarbonato&comma; aleaci\u00f3n de aluminio<\/li>\n<li style='margin-bottom: 5px;'><strong>Montaje:<\/strong> Montaje en pared&comma; montaje en caja de conexiones<\/li>\n<li style='margin-bottom: 5px;'><strong>Impermeabilizaci\u00f3n:<\/strong> IP55<\/li>\n<\/ul><\/div>\n<\/p><\/div>\n<div style='flex: 1 1 250px; border: 1px solid rgba(150&comma; 150&comma; 150&comma; 0.4); border-radius: 8px; overflow: hidden; display: flex; flex-direction: column;'>\n<div style='padding: 15px; border-bottom: 1px solid rgba(150&comma; 150&comma; 150&comma; 0.2); font-weight: bold; font-size: 18px; color: inherit;'>Conectividad<\/div>\n<div style='padding: 15px; color: inherit;'>\n<ul style='padding-left: 20px; margin: 0; font-size: 14px; list-style-type: disc;'>\n<li style='margin-bottom: 5px;'><strong>Interfaz de red:<\/strong> Puerto RJ45 10\/100 MbE<\/li>\n<li style='margin-bottom: 5px;'><strong>Conectividad:<\/strong> Ethernet&comma; BLE 4.2<\/li>\n<li style='margin-bottom: 5px;'><strong>Entrada digital:<\/strong> (1) Solicitud de salida<\/li>\n<li style='margin-bottom: 5px;'><strong>Terminales de bloqueo:<\/strong> (1) 12 V CC&comma; 1 A<\/li>\n<li style='margin-bottom: 5px;'><strong>M\u00e9todo de potencia:<\/strong> PoE+<\/li>\n<li style='margin-bottom: 5px;'><strong>Consumo m\u00e1ximo de energ\u00eda:<\/strong> 18W<\/li>\n<\/ul><\/div>\n<\/p><\/div>\n<div style='flex: 1 1 250px; border: 1px solid rgba(150&comma; 150&comma; 150&comma; 0.4); border-radius: 8px; overflow: hidden; display: flex; flex-direction: column;'>\n<div style='padding: 15px; border-bottom: 1px solid rgba(150&comma; 150&comma; 150&comma; 0.2); font-weight: bold; font-size: 18px; color: inherit;'>Caracter\u00edsticas adicionales<\/div>\n<div style='padding: 15px; color: inherit;'>\n<ul style='padding-left: 20px; margin: 0; font-size: 14px; list-style-type: disc;'>\n<li style='margin-bottom: 5px;'><strong>Protecci\u00f3n ESD\/EMP:<\/strong> Aire: \u00b18 kV&comma; contacto: \u00b14 kV<\/li>\n<li style='margin-bottom: 5px;'><strong>LED:<\/strong> Rojo&comma; verde&comma; blanco y negro<\/li>\n<li style='margin-bottom: 5px;'><strong>Bot\u00f3n:<\/strong> (1) Restablecimiento de f\u00e1brica<\/li>\n<li style='margin-bottom: 5px;'><strong>Interruptor de seguridad:<\/strong> S\u00ed<\/li>\n<li style='margin-bottom: 5px;'><strong>Vocero:<\/strong> Zumbador<\/li>\n<\/ul><\/div>\n<\/p><\/div>\n<div style='flex: 1 1 250px; border: 1px solid rgba(150&comma; 150&comma; 150&comma; 0.4); border-radius: 8px; overflow: hidden; display: flex; flex-direction: column;'>\n<div style='padding: 15px; border-bottom: 1px solid rgba(150&comma; 150&comma; 150&comma; 0.2); font-weight: bold; font-size: 18px; color: inherit;'>Tecnolog\u00eda NFC<\/div>\n<div style='padding: 15px; color: inherit;'>\n<ul style='padding-left: 20px; margin: 0; font-size: 14px; list-style-type: disc;'>\n<li style='margin-bottom: 5px;'><strong>Frecuencia NFC:<\/strong> 13&comma;56 Mhz<\/li>\n<li style='margin-bottom: 5px;'><strong>Rango de lectura NFC:<\/strong> <50 mm<\/li>\n<li style='margin-bottom: 5px;'><strong>Est\u00e1ndares NFC:<\/strong> ISO 14443A&comma; 14443B&comma; 15693<\/li>\n<li style='margin-bottom: 5px;'><strong>Tecnolog\u00eda NFC:<\/strong> Etiqueta NFC 1&comma;2&comma;3&comma;4&comma;5&comma; MIFARE Classic&comma; MIFARE Plus&comma; Mifare Ultralight&comma; MIFARE DESFire<\/li>\n<\/ul><\/div>\n<\/p><\/div>\n<div style='flex: 1 1 250px; border: 1px solid rgba(150&comma; 150&comma; 150&comma; 0.4); border-radius: 8px; overflow: hidden; display: flex; flex-direction: column;'>\n<div style='padding: 15px; border-bottom: 1px solid rgba(150&comma; 150&comma; 150&comma; 0.2); font-weight: bold; font-size: 18px; color: inherit;'>Condiciones ambientales<\/div>\n<div style='padding: 15px; color: inherit;'>\n<ul style='padding-left: 20px; margin: 0; font-size: 14px; list-style-type: disc;'>\n<li style='margin-bottom: 5px;'><strong>Temperatura ambiente:<\/strong> -30 a 40\u00b0 C (-22 a 104\u00b0 F)<\/li>\n<li style='margin-bottom: 5px;'><strong>Humedad ambiente:<\/strong> 5 a 90% sin condensaci\u00f3n<\/li>\n<\/ul><\/div>\n<\/p><\/div>\n<div style='flex: 1 1 250px; border: 1px solid rgba(150&comma; 150&comma; 150&comma; 0.4); border-radius: 8px; overflow: hidden; display: flex; flex-direction: column;'>\n<div style='padding: 15px; border-bottom: 1px solid rgba(150&comma; 150&comma; 150&comma; 0.2); font-weight: bold; font-size: 18px; color: inherit;'>Certificaciones<\/div>\n<div style='padding: 15px; color: inherit;'>\n<ul style='padding-left: 20px; margin: 0; font-size: 14px; list-style-type: disc;'>\n<li style='margin-bottom: 5px;'>CE&comma; FCC&comma; IC<\/li>\n<\/ul><\/div>\n<\/p><\/div>\n<\/p><\/div>\n<p> <!-- Nota importante --> <\/p>\n<div style='margin-bottom: 30px; padding: 15px; background-color: rgba(255&comma; 255&comma; 255&comma; 0.05); border-left: 4px solid rgba(150&comma; 150&comma; 150&comma; 0.4);'>\n<p style='margin: 0; font-size: 14px; color: inherit;'> <strong>Nota:<\/strong> No es compatible con centros de acceso independientes. <\/p>\n<\/p><\/div>\n<p> <!-- Imagen 2 --> <\/p>\n<div style='width: 100%; margin-bottom: 30px;'> <img style='width: 100%; height: auto; border: 1px solid rgba(150&comma;150&comma;150&comma;0.3); border-radius: 8px;' src='https:\/\/ftp3.syscom.mx\/usuarios\/fotos\/UASK\/195002-access_gui.jpg' alt='Interfaz de UniFi Access'> <\/div>\n<p> <!-- Secci\u00f3n de aplicaci\u00f3n m\u00f3vil --> <\/p>\n<div style='display: flex; flex-wrap: wrap; gap: 30px; margin-bottom: 30px;'>\n<div style='flex: 1 1 300px; min-width: 280px;'>\n<h3 style='font-size: 22px; border-bottom: 2px solid currentColor; padding-bottom: 5px; margin-top: 0; color: inherit; opacity: 0.8;'>Administraci\u00f3n m\u00f3vil<\/h3>\n<ul style='padding-left: 20px; font-size: 15px; color: inherit; list-style-type: disc;'>\n<li style='margin-bottom: 5px;'>Administre de forma centralizada sus dispositivos de acceso con una interfaz intuitiva<\/li>\n<li style='margin-bottom: 5px;'>Establezca pol\u00edticas y horarios de acceso espec\u00edficos de puertas por piso y usuario<\/li>\n<li style='margin-bottom: 5px;'>Cree usuarios&comma; establezca sus roles y asigne tarjetas NFC<\/li>\n<li style='margin-bottom: 5px;'>Revise las entradas&comma; salidas y denegaciones con un registro de eventos detallado<\/li>\n<li style='margin-bottom: 5px;'>Configure dispositivos r\u00e1pidamente y admin\u00edstrelos sobre la marcha con una potente aplicaci\u00f3n m\u00f3vil<\/li>\n<\/ul><\/div>\n<div style='flex: 1 1 300px; min-width: 280px;'> <img style='width: 100%; height: auto; border: 1px solid rgba(150&comma;150&comma;150&comma;0.3); border-radius: 8px;' src='https:\/\/images.svc.ui.com\/?u=https%3A%2F%2Fcdn.ecomm.ui.com%2Fproducts%2F8c23291f-02aa-460a-a9bb-22cdf8cd3d5f%2Fc8b4e9f8-ef5e-4e80-929e-c13da4ed096e.png&#038;q=75&#038;w=1080' alt='Aplicaci\u00f3n UniFi Access'> <\/div>\n<\/p><\/div>\n<p> <!-- Separador --> <\/p>\n<hr style='border: 0; border-top: 1px solid rgba(150&comma; 150&comma; 150&comma; 0.3); margin: 30px 0;'> <\/div>\n","protected":false},"excerpt":{"rendered":"<p>Access Ultra Lector NFC y Hub\/Concentrador Incorporado para Control de Entrada Completo de una Sola Puerta desde un solo Dispositivo<\/p>\n","protected":false},"featured_media":21031,"comment_status":"open","ping_status":"closed","template":"","meta":[],"product_brand":[],"product_cat":[788],"product_tag":[789,166,557],"class_list":{"0":"post-21032","1":"product","2":"type-product","3":"status-publish","4":"has-post-thumbnail","6":"product_cat-intercomunicadores","7":"product_tag-intercomunicadores","8":"product_tag-ubiquiti","9":"product_tag-videoporteros-e-interfonos","11":"first","12":"instock","13":"sale","14":"shipping-taxable","15":"purchasable","16":"product-type-simple"},"_links":{"self":[{"href":"https:\/\/soydeaqui.ddns.net\/pachuca\/index.php\/wp-json\/wp\/v2\/product\/21032","targetHints":{"allow":["GET"]}}],"collection":[{"href":"https:\/\/soydeaqui.ddns.net\/pachuca\/index.php\/wp-json\/wp\/v2\/product"}],"about":[{"href":"https:\/\/soydeaqui.ddns.net\/pachuca\/index.php\/wp-json\/wp\/v2\/types\/product"}],"replies":[{"embeddable":true,"href":"https:\/\/soydeaqui.ddns.net\/pachuca\/index.php\/wp-json\/wp\/v2\/comments?post=21032"}],"wp:featuredmedia":[{"embeddable":true,"href":"https:\/\/soydeaqui.ddns.net\/pachuca\/index.php\/wp-json\/wp\/v2\/media\/21031"}],"wp:attachment":[{"href":"https:\/\/soydeaqui.ddns.net\/pachuca\/index.php\/wp-json\/wp\/v2\/media?parent=21032"}],"wp:term":[{"taxonomy":"product_brand","embeddable":true,"href":"https:\/\/soydeaqui.ddns.net\/pachuca\/index.php\/wp-json\/wp\/v2\/product_brand?post=21032"},{"taxonomy":"product_cat","embeddable":true,"href":"https:\/\/soydeaqui.ddns.net\/pachuca\/index.php\/wp-json\/wp\/v2\/product_cat?post=21032"},{"taxonomy":"product_tag","embeddable":true,"href":"https:\/\/soydeaqui.ddns.net\/pachuca\/index.php\/wp-json\/wp\/v2\/product_tag?post=21032"}],"curies":[{"name":"wp","href":"https:\/\/api.w.org\/{rel}","templated":true}]}}