{"id":21030,"date":"2026-03-18T10:31:26","date_gmt":"2026-03-18T10:31:26","guid":{"rendered":"https:\/\/soydeaqui.ddns.net\/pachuca\/index.php\/producto\/lector-unifi-access-g2-pro-para-tarjetas-nfc-pantalla-tactil-camara-y-audio-2-vias-requiere-hub-unifi\/"},"modified":"2026-03-18T10:31:27","modified_gmt":"2026-03-18T10:31:27","slug":"lector-unifi-access-g2-pro-para-tarjetas-nfc-pantalla-tactil-camara-y-audio-2-vias-requiere-hub-unifi","status":"publish","type":"product","link":"https:\/\/soydeaqui.ddns.net\/pachuca\/index.php\/producto\/lector-unifi-access-g2-pro-para-tarjetas-nfc-pantalla-tactil-camara-y-audio-2-vias-requiere-hub-unifi\/","title":{"rendered":"Lector UniFi Access G2 Pro, para tarjetas NFC, pantalla t\u00e1ctil, c\u00e1mara y audio 2 vias (Requiere Hub UniFi)"},"content":{"rendered":"<div style='width: 100%; max-width: 1200px; margin: 0 auto; font-family: sans-serif; line-height: 1.6; color: inherit; background-color: transparent;'> <!-- Contenedor principal --> <\/p>\n<div style='display: flex; flex-wrap: wrap; gap: 30px; align-items: center; margin-bottom: 30px;'> <!-- Imagen --> <\/p>\n<div style='flex: 1 1 300px; min-width: 280px; display: flex; justify-content: center;'> <img style='width: 100%; max-width: 300px; height: auto; border: 1px solid rgba(150&comma;150&comma;150&comma;0.3); border-radius: 8px;' src='https:\/\/images.svc.ui.com\/?u=https%3A%2F%2Fcdn.ecomm.ui.com%2Fproducts%2F39238ea9-b153-453a-82e1-c70d9d34811a%2F67d1decd-3c12-4759-9c71-49f71eb34e52.png' alt='UniFi Access G2 Pro'> <\/div>\n<p> <!-- Informaci\u00f3n b\u00e1sica --> <\/p>\n<div style='flex: 2 1 400px; min-width: 300px;'>\n<h3 style='font-size: 22px; border-bottom: 2px solid currentColor; padding-bottom: 5px; margin-top: 0; color: inherit; opacity: 0.8;'>Descripci\u00f3n<\/h3>\n<p style='font-size: 15px; color: inherit;'>Lector de tarjetas NFC de segunda generaci\u00f3n e intercomunicador.<\/p>\n<div style='margin-top: 20px;'>\n<h4 style='font-size: 18px; color: inherit; margin-bottom: 10px;'>Caracter\u00edsticas principales:<\/h4>\n<ul style='padding-left: 20px; font-size: 15px; color: inherit;'>\n<li style='margin-bottom: 5px; display: flex; align-items: start;'> <img style='width: 20px; height: 20px; margin-right: 8px; flex-shrink: 0;' src='https:\/\/assets.ecomm.ui.com\/static\/key-features\/security.svg' alt='Seguridad'> <span>Desbloqueo mediante una tarjeta NFC o la aplicaci\u00f3n m\u00f3vil UniFi Identity<\/span> <\/li>\n<li style='margin-bottom: 5px; display: flex; align-items: start;'> <img style='width: 20px; height: 20px; margin-right: 8px; flex-shrink: 0;' src='https:\/\/assets.ecomm.ui.com\/static\/key-features\/doorbell.svg' alt='Timbre'> <span>Timbre para desbloqueo con video de visitante e intercomunicador bidireccional<\/span> <\/li>\n<li style='margin-bottom: 5px; display: flex; align-items: start;'> <img style='width: 20px; height: 20px; margin-right: 8px; flex-shrink: 0;' src='https:\/\/assets.ecomm.ui.com\/static\/key-features\/frame.svg' alt='Video'> <span>El video funciona a una altura de montaje que cumple con la ADA<\/span> <\/li>\n<li style='margin-bottom: 5px; display: flex; align-items: start;'> <img style='width: 20px; height: 20px; margin-right: 8px; flex-shrink: 0;' src='https:\/\/assets.ecomm.ui.com\/static\/key-features\/display.svg' alt='Pantalla'> <span>Desbloqueo de PIN en la pantalla<\/span> <\/li>\n<li style='margin-bottom: 5px; display: flex; align-items: start;'> <img style='width: 20px; height: 20px; margin-right: 8px; flex-shrink: 0;' src='https:\/\/assets.ecomm.ui.com\/static\/key-features\/door_hub.svg' alt='Conexi\u00f3n'> <span>Se conecta a UniFi Access Hub mediante PoE<\/span> <\/li>\n<li style='margin-bottom: 5px; display: flex; align-items: start;'> <img style='width: 20px; height: 20px; margin-right: 8px; flex-shrink: 0;' src='https:\/\/assets.ecomm.ui.com\/static\/key-features\/waterdrop.svg' alt='Impermeable'> <span>Resistencia a la lluvia IP55 (-10 a 45\u00b0 C)<\/span> <\/li>\n<\/ul><\/div>\n<\/p><\/div>\n<\/p><\/div>\n<p> <!-- Notas importantes --> <\/p>\n<div style='margin-bottom: 30px; padding: 15px; border: 1px solid rgba(150&comma;150&comma;150&comma;0.3); border-radius: 8px;'>\n<p style='margin: 0; font-size: 14px; color: inherit;'>Nota: Requiere un UA-HUB-DOOR para alimentarse y conectar la chapa\/cerradura magn\u00e9tica.<\/p>\n<p style='margin: 0; font-size: 14px; color: inherit;'>Requiere un UniFi OS Console con la aplicaci\u00f3n UniFi Access<\/p>\n<\/p><\/div>\n<p> <!-- Im\u00e1genes adicionales --> <\/p>\n<div style='display: flex; flex-wrap: wrap; gap: 20px; margin-bottom: 30px;'> <img style='width: 100%; height: auto; border: 1px solid rgba(150&comma;150&comma;150&comma;0.3); border-radius: 8px;' src='https:\/\/images.svc.ui.com\/?u=https%3A%2F%2Fcdn.ecomm.ui.com%2Fproducts%2F39238ea9-b153-453a-82e1-c70d9d34811a%2F7a9da5ad-9752-4c7a-9fe3-43b4ad7d1538.png&#038;q=75&#038;w=3840' alt='Interfaz del dispositivo'> <img style='width: 100%; height: auto; border: 1px solid rgba(150&comma;150&comma;150&comma;0.3); border-radius: 8px;' src='https:\/\/images.svc.ui.com\/?u=https%3A%2F%2Fcdn.ecomm.ui.com%2Fproducts%2F39238ea9-b153-453a-82e1-c70d9d34811a%2Fe880770a-c898-4d80-bbaf-7b23150ca369.png&#038;q=75&#038;w=1920' alt='Instalaci\u00f3n'> <img style='width: 100%; height: auto; border: 1px solid rgba(150&comma;150&comma;150&comma;0.3); border-radius: 8px;' src='https:\/\/images.svc.ui.com\/?u=https%3A%2F%2Fcdn.ecomm.ui.com%2Fproducts%2F39238ea9-b153-453a-82e1-c70d9d34811a%2F7a04de6b-2668-4b00-82eb-1c4abe6feff9.png&#038;q=75&#038;w=1920' alt='Vista frontal'> <\/div>\n<p> <!-- Especificaciones --> <\/p>\n<div style='display: flex; flex-wrap: wrap; gap: 20px; margin-bottom: 30px;'> <!-- Secci\u00f3n Mec\u00e1nico --> <\/p>\n<div style='flex: 1 1 300px; min-width: 280px; border: 1px solid rgba(150&comma;150&comma;150&comma;0.4); border-radius: 8px; overflow: hidden; display: flex; flex-direction: column;'>\n<div style='padding: 15px; border-bottom: 1px solid rgba(150&comma;150&comma;150&comma;0.2); font-weight: bold; font-size: 18px; color: inherit;'>Mec\u00e1nico<\/div>\n<div style='padding: 15px; color: inherit;'>\n<ul style='padding-left: 20px; margin: 0; font-size: 14px; list-style-type: disc;'>\n<li style='margin-bottom: 5px;'><strong>Dimensiones:<\/strong> 160 x 40&comma;4 x 40&comma;55 mm (6&comma;3 x 1&comma;59 x 1&comma;6&#8242;)<\/li>\n<li style='margin-bottom: 5px;'><strong>Peso:<\/strong> 136 gramos (4&comma;8 onzas)<\/li>\n<li style='margin-bottom: 5px;'><strong>Material de la carcasa:<\/strong> Policarbonato&comma; vidrio<\/li>\n<li style='margin-bottom: 5px;'><strong>Material de montaje:<\/strong> Aleaci\u00f3n de aluminio<\/li>\n<li style='margin-bottom: 5px;'><strong>Montaje:<\/strong> Pared&comma; caja de conexiones<\/li>\n<li style='margin-bottom: 5px;'><strong>Impermeabilizaci\u00f3n:<\/strong> IP55<\/li>\n<\/ul><\/div>\n<\/p><\/div>\n<p> <!-- Secci\u00f3n Hardware --> <\/p>\n<div style='flex: 1 1 300px; min-width: 280px; border: 1px solid rgba(150&comma;150&comma;150&comma;0.4); border-radius: 8px; overflow: hidden; display: flex; flex-direction: column;'>\n<div style='padding: 15px; border-bottom: 1px solid rgba(150&comma;150&comma;150&comma;0.2); font-weight: bold; font-size: 18px; color: inherit;'>Hardware<\/div>\n<div style='padding: 15px; color: inherit;'>\n<ul style='padding-left: 20px; margin: 0; font-size: 14px; list-style-type: disc;'>\n<li style='margin-bottom: 5px;'><strong>Interfaz de red:<\/strong> (1) Puerto RJ45 GbE<\/li>\n<li style='margin-bottom: 5px;'><strong>Conectividad:<\/strong> BLE 4.2&comma; NFC<\/li>\n<li style='margin-bottom: 5px;'><strong>M\u00e9todo de potencia:<\/strong> Fuente de alimentaci\u00f3n PoE<\/li>\n<li style='margin-bottom: 5px;'><strong>Rango de voltaje admitido:<\/strong> 48 V CC<\/li>\n<li style='margin-bottom: 5px;'><strong>Consumo m\u00e1ximo de energ\u00eda:<\/strong> 6W<\/li>\n<li style='margin-bottom: 5px;'><strong>Protecci\u00f3n ESD\/EMP:<\/strong> Aire: \u00b115 kV&comma; contacto: \u00b18 kV<\/li>\n<li style='margin-bottom: 5px;'><strong>Sensor:<\/strong> Sensor de proximidad<\/li>\n<li style='margin-bottom: 5px;'><strong>\u00c1ngulo de visi\u00f3n de la c\u00e1mara:<\/strong> Alto: 96&comma;67\u00b0&comma; Oeste: 123&comma;15\u00b0&comma; Fondo: 153&comma;11\u00b0<\/li>\n<li style='margin-bottom: 5px;'><strong>Micr\u00f3fono:<\/strong> S\u00ed<\/li>\n<li style='margin-bottom: 5px;'><strong>Vocero:<\/strong> (1) 4 ohmios&comma; 1&comma;5 W<\/li>\n<li style='margin-bottom: 5px;'><strong>LED:<\/strong> Flash rojo&comma; verde&comma; blanco y negro<\/li>\n<li style='margin-bottom: 5px;'><strong>Bot\u00f3n:<\/strong> (1) Restablecimiento de f\u00e1brica<\/li>\n<li style='margin-bottom: 5px;'><strong>Frecuencia NFC:<\/strong> 13&comma;56 MHz<\/li>\n<li style='margin-bottom: 5px;'><strong>Rango de lectura NFC:<\/strong> <30 mm<\/li>\n<li style='margin-bottom: 5px;'><strong>Est\u00e1ndares NFC:<\/strong> ISO 14443A&comma; 14443B&comma; 15693<\/li>\n<li style='margin-bottom: 5px;'><strong>Tecnolog\u00eda NFC:<\/strong> Etiqueta NFC 1&comma;2&comma;3&comma;4&comma;5&comma; MIFARE Classic&comma; MIFAREPlus&comma; MIFARE Ultralight&comma; MIFARE DESFire<\/li>\n<li style='margin-bottom: 5px;'><strong>Entorno operativo:<\/strong> Uso al aire libre<\/li>\n<li style='margin-bottom: 5px;'><strong>Temperatura ambiente de funcionamiento:<\/strong> Dispositivo: -30 a 45 \u00b0C (-22 a 113 \u00b0F)&comma; Pantalla:* -10 a 45 \u00b0C (14 a 113 \u00b0F)<\/li>\n<li style='margin-bottom: 5px;'><strong>Humedad ambiente de funcionamiento:<\/strong> 5 a 90% sin condensaci\u00f3n<\/li>\n<\/ul>\n<p style='font-size: 12px; margin-top: 10px;'>*La pantalla se apagar\u00e1 cuando la temperatura ambiente sea superior o inferior a la temperatura de funcionamiento de la pantalla&comma; pero las dem\u00e1s funciones permanecer\u00e1n operativas. (Vigente a partir de la versi\u00f3n v1.3.28 del firmware)<\/p>\n<\/p><\/div>\n<\/p><\/div>\n<p> <!-- Secci\u00f3n Requisitos --> <\/p>\n<div style='flex: 1 1 300px; min-width: 280px; border: 1px solid rgba(150&comma;150&comma;150&comma;0.4); border-radius: 8px; overflow: hidden; display: flex; flex-direction: column;'>\n<div style='padding: 15px; border-bottom: 1px solid rgba(150&comma;150&comma;150&comma;0.2); font-weight: bold; font-size: 18px; color: inherit;'>Requisitos<\/div>\n<div style='padding: 15px; color: inherit;'>\n<ul style='padding-left: 20px; margin: 0; font-size: 14px; list-style-type: disc;'>\n<li style='margin-bottom: 5px;'><strong>Informaci\u00f3n del software:<\/strong> La versi\u00f3n del software de un producto se puede comprobar en <a href='https:\/\/unifi.ui.com\/' style='color: inherit; text-decoration: underline;'>https:\/\/unifi.ui.com<\/a><\/li>\n<li style='margin-bottom: 5px;'><strong>Nivel UL 294:<\/strong> Ataque destructivo: Nivel I&comma; Seguridad de l\u00ednea: Nivel I&comma; Resistencia: Nivel I&comma; Energ\u00eda en espera: Nivel I<\/li>\n<li style='margin-bottom: 5px;'><strong>Declaraci\u00f3n UL 294:<\/strong> El cumplimiento de las especificaciones IEEE 802.3 no se verific\u00f3 como parte de UL 294. El equipo est\u00e1 dise\u00f1ado para cumplir con la secci\u00f3n del C\u00f3digo El\u00e9ctrico Nacional&comma; ANSI\/NFPA 70&comma; Art\u00edculo 725.121&comma; Fuentes de energ\u00eda para circuitos de clase 2 y clase 3.<\/li>\n<li style='margin-bottom: 5px;'><strong>Requisitos de cableado PoE:<\/strong> El cableado de categor\u00eda 5e es la categor\u00eda de rendimiento m\u00ednima recomendada. La categor\u00eda de rendimiento utilizada debe coincidir con la velocidad de transmisi\u00f3n requerida en el sitio de instalaci\u00f3n. El calibre m\u00ednimo de conductor permitido para la conexi\u00f3n entre el PSE o el inyector de potencia y el PD debe ser 26 AWG (0&comma;13 mm\u00b2) para cables de conexi\u00f3n; 24 AWG (0&comma;21 mm\u00b2) para cables horizontales o verticales.<\/li>\n<li style='margin-bottom: 5px;'><strong>Grado CAN\/ULC-60839-11-1:<\/strong> Tarea de calificaci\u00f3n: I<\/li>\n<li style='margin-bottom: 5px;'><strong>Certificaciones:<\/strong> CE&comma; FCC&comma; IC&comma; UL 294&comma; CAN\/ULC-60839-11-1<\/li>\n<li style='margin-bottom: 5px;'><strong>N\u00famero de documento y fecha de emisi\u00f3n:<\/strong> UA-G2-Pro\/UA-G2-Pro-Negro&comma; V02<\/li>\n<\/ul><\/div>\n<\/p><\/div>\n<p> <!-- Secci\u00f3n Condujo --> <\/p>\n<div style='flex: 1 1 300px; min-width: 280px; border: 1px solid rgba(150&comma;150&comma;150&comma;0.4); border-radius: 8px; overflow: hidden; display: flex; flex-direction: column;'>\n<div style='padding: 15px; border-bottom: 1px solid rgba(150&comma;150&comma;150&comma;0.2); font-weight: bold; font-size: 18px; color: inherit;'>CONDUJO<\/div>\n<div style='padding: 15px; color: inherit;'>\n<ul style='padding-left: 20px; margin: 0; font-size: 14px; list-style-type: disc;'>\n<li style='margin-bottom: 5px;'><strong>Sistema:<\/strong> Azul fijo: adoptado\/el dispositivo est\u00e1 listo&comma; Blanco fijo: adopci\u00f3n pendiente&comma; Blanco\/azul intermitente: actualizando firmware&comma; Rojo intermitente: bloqueo de emergencia<\/li>\n<\/ul><\/div>\n<\/p><\/div>\n<p> <!-- Secci\u00f3n Software --> <\/p>\n<div style='flex: 1 1 300px; min-width: 280px; border: 1px solid rgba(150&comma;150&comma;150&comma;0.4); border-radius: 8px; overflow: hidden; display: flex; flex-direction: column;'>\n<div style='padding: 15px; border-bottom: 1px solid rgba(150&comma;150&comma;150&comma;0.2); font-weight: bold; font-size: 18px; color: inherit;'>Software<\/div>\n<div style='padding: 15px; color: inherit;'>\n<ul style='padding-left: 20px; margin: 0; font-size: 14px; list-style-type: disc;'>\n<li style='margin-bottom: 5px;'><strong>Aplicaci\u00f3n de gesti\u00f3n:<\/strong> UniFi Access: versi\u00f3n 1.5.9 y posteriores<\/li>\n<\/ul><\/div>\n<\/p><\/div>\n<\/p><\/div>\n<p> <!-- Aplicaci\u00f3n m\u00f3vil --> <\/p>\n<div style='display: flex; flex-wrap: wrap; gap: 30px; margin-top: 30px;'>\n<div style='flex: 1 1 300px; min-width: 280px;'> <img style='width: 100%; height: auto; border: 1px solid rgba(150&comma;150&comma;150&comma;0.3); border-radius: 8px;' src='https:\/\/ftp3.syscom.mx\/usuarios\/fotos\/UASK\/195002-access_gui.jpg' alt='Interfaz de aplicaci\u00f3n'> <\/div>\n<div style='flex: 2 1 400px; min-width: 300px;'>\n<h3 style='font-size: 22px; border-bottom: 2px solid currentColor; padding-bottom: 5px; margin-top: 0; color: inherit; opacity: 0.8;'>Funciona con la aplicaci\u00f3n UniFi Access<\/h3>\n<ul style='padding-left: 20px; font-size: 15px; color: inherit;'>\n<li style='margin-bottom: 5px;'>Administre de forma centralizada sus dispositivos de acceso con una interfaz intuitiva<\/li>\n<li style='margin-bottom: 5px;'>Establezca pol\u00edticas y horarios de acceso espec\u00edficos de puertas por piso y usuario<\/li>\n<li style='margin-bottom: 5px;'>Cree usuarios&comma; establezca sus roles y asigne tarjetas NFC<\/li>\n<li style='margin-bottom: 5px;'>Revise las entradas&comma; salidas y denegaciones con un registro de eventos detallado<\/li>\n<li style='margin-bottom: 5px;'>Configure dispositivos r\u00e1pidamente y admin\u00edstrelos sobre la marcha con una potente aplicaci\u00f3n m\u00f3vil<\/li>\n<\/ul><\/div>\n<\/p><\/div>\n<p> <!-- Separador --> <\/p>\n<hr style='border: 0; border-top: 1px solid rgba(150&comma; 150&comma; 150&comma; 0.3); margin: 30px 0;'> <\/div>\n","protected":false},"excerpt":{"rendered":"<p>Lector UniFi Access G2 Pro, para tarjetas NFC, pantalla t\u00e1ctil, c\u00e1mara y audio 2 vias (Requiere Hub UniFi)<\/p>\n","protected":false},"featured_media":21029,"comment_status":"open","ping_status":"closed","template":"","meta":[],"product_brand":[],"product_cat":[788],"product_tag":[789,166,557],"class_list":{"0":"post-21030","1":"product","2":"type-product","3":"status-publish","4":"has-post-thumbnail","6":"product_cat-intercomunicadores","7":"product_tag-intercomunicadores","8":"product_tag-ubiquiti","9":"product_tag-videoporteros-e-interfonos","11":"first","12":"instock","13":"sale","14":"shipping-taxable","15":"purchasable","16":"product-type-simple"},"_links":{"self":[{"href":"https:\/\/soydeaqui.ddns.net\/pachuca\/index.php\/wp-json\/wp\/v2\/product\/21030","targetHints":{"allow":["GET"]}}],"collection":[{"href":"https:\/\/soydeaqui.ddns.net\/pachuca\/index.php\/wp-json\/wp\/v2\/product"}],"about":[{"href":"https:\/\/soydeaqui.ddns.net\/pachuca\/index.php\/wp-json\/wp\/v2\/types\/product"}],"replies":[{"embeddable":true,"href":"https:\/\/soydeaqui.ddns.net\/pachuca\/index.php\/wp-json\/wp\/v2\/comments?post=21030"}],"wp:featuredmedia":[{"embeddable":true,"href":"https:\/\/soydeaqui.ddns.net\/pachuca\/index.php\/wp-json\/wp\/v2\/media\/21029"}],"wp:attachment":[{"href":"https:\/\/soydeaqui.ddns.net\/pachuca\/index.php\/wp-json\/wp\/v2\/media?parent=21030"}],"wp:term":[{"taxonomy":"product_brand","embeddable":true,"href":"https:\/\/soydeaqui.ddns.net\/pachuca\/index.php\/wp-json\/wp\/v2\/product_brand?post=21030"},{"taxonomy":"product_cat","embeddable":true,"href":"https:\/\/soydeaqui.ddns.net\/pachuca\/index.php\/wp-json\/wp\/v2\/product_cat?post=21030"},{"taxonomy":"product_tag","embeddable":true,"href":"https:\/\/soydeaqui.ddns.net\/pachuca\/index.php\/wp-json\/wp\/v2\/product_tag?post=21030"}],"curies":[{"name":"wp","href":"https:\/\/api.w.org\/{rel}","templated":true}]}}