{"id":21023,"date":"2026-03-18T10:31:17","date_gmt":"2026-03-18T10:31:17","guid":{"rendered":"https:\/\/soydeaqui.ddns.net\/pachuca\/index.php\/producto\/unifi-access-kit-de-inicio-gen-2-incluye-hub-para-conexiones-lector-nfc-y-movimiento-10-tarjetas-de-acceso-sistema-completo-para-abrir-una-puerta\/"},"modified":"2026-03-18T10:31:23","modified_gmt":"2026-03-18T10:31:23","slug":"unifi-access-kit-de-inicio-gen-2-incluye-hub-para-conexiones-lector-nfc-y-movimiento-10-tarjetas-de-acceso-sistema-completo-para-abrir-una-puerta","status":"publish","type":"product","link":"https:\/\/soydeaqui.ddns.net\/pachuca\/index.php\/producto\/unifi-access-kit-de-inicio-gen-2-incluye-hub-para-conexiones-lector-nfc-y-movimiento-10-tarjetas-de-acceso-sistema-completo-para-abrir-una-puerta\/","title":{"rendered":"UniFi Access Kit de Inicio Gen 2, Incluye Hub para conexiones, lector NFC y movimiento \/ 10 tarjetas de acceso \/ sistema completo para abrir una puerta"},"content":{"rendered":"<div style='width: 100%; max-width: 1200px; margin: 0 auto; font-family: sans-serif; line-height: 1.6; color: inherit; background-color: transparent;'> <!-- T\u00edtulo y modelo --> <\/p>\n<div style='display: flex; flex-wrap: wrap; gap: 30px; margin-bottom: 30px; align-items: center;'>\n<div style='flex: 1 1 300px; min-width: 280px;'>\n<h3 style='font-size: 22px; border-bottom: 2px solid currentColor; padding-bottom: 5px; margin-top: 0; color: inherit; opacity: 0.8;'>UniFi Access G2 Starter Kit<\/h3>\n<div style='font-size: 14px; color: inherit; opacity: 0.7; margin-top: 5px;'>UA-G2-SK<\/div>\n<\/p><\/div>\n<\/p><\/div>\n<p> <!-- Descripci\u00f3n --> <\/p>\n<div style='margin-bottom: 30px; font-size: 15px; color: inherit;'> Kit de inicio r\u00e1pido para UniFi Access&comma; con todo lo que necesita para controlar una puerta&comma; incluye un lector <\/div>\n<p> <!-- Caracter\u00edsticas --> <\/p>\n<div style='display: flex; flex-direction: column; gap: 15px; margin-bottom: 30px;'>\n<div style='display: flex; align-items: center; gap: 10px;'> <img style='width: 20px; height: 20px; flex-shrink: 0; border: 1px solid rgba(150&comma;150&comma;150&comma;0.3); border-radius: 4px;' src='https:\/\/assets.ecomm.ui.com\/static\/key-features\/door_hub.svg' alt=''> <span style='font-size: 14px; color: inherit;'>(1) Hub para 1 puerta<\/span> <\/div>\n<div style='display: flex; align-items: center; gap: 10px;'> <img style='width: 20px; height: 20px; flex-shrink: 0; border: 1px solid rgba(150&comma;150&comma;150&comma;0.3); border-radius: 4px;' src='https:\/\/assets.ecomm.ui.com\/static\/key-features\/door_access.svg' alt=''> <span style='font-size: 14px; color: inherit;'>(1) Lector NFC y de movimiento<\/span> <\/div>\n<div style='display: flex; align-items: center; gap: 10px;'> <img style='width: 20px; height: 20px; flex-shrink: 0; border: 1px solid rgba(150&comma;150&comma;150&comma;0.3); border-radius: 4px;' src='https:\/\/assets.ecomm.ui.com\/static\/key-features\/card.svg' alt=''> <span style='font-size: 14px; color: inherit;'>(10) Tarjetas de acceso<\/span> <\/div>\n<\/p><\/div>\n<p> <!-- Im\u00e1genes --> <\/p>\n<div style='display: grid; grid-template-columns: repeat(auto-fill&comma; minmax(300px&comma; 1fr)); gap: 20px; margin-bottom: 30px;'> <img style='width: 100%; height: auto; border: 1px solid rgba(150&comma;150&comma;150&comma;0.3); border-radius: 8px;' src='https:\/\/ftp3.syscom.mx\/usuarios\/fotos\/UAG2SK\/232962-uag2sk_instalaci\u00f3n.png' alt=''> <img style='width: 100%; height: auto; border: 1px solid rgba(150&comma;150&comma;150&comma;0.3); border-radius: 8px;' src='https:\/\/images.svc.ui.com\/?u=https%3A%2F%2Fcdn.ecomm.ui.com%2Fproducts%2F6eeba275-c1d8-4112-86c8-769605e458bb%2F4662e5ee-e8ff-4411-a08f-2e355d6af34d.png&#038;q=75&#038;w=1920' alt=''> <img style='width: 100%; height: auto; border: 1px solid rgba(150&comma;150&comma;150&comma;0.3); border-radius: 8px;' src='https:\/\/images.svc.ui.com\/?u=https%3A%2F%2Fcdn.ecomm.ui.com%2Fproducts%2F6eeba275-c1d8-4112-86c8-769605e458bb%2F8a3c51ab-d945-4fa0-bdfe-512a3659bed3.png&#038;q=75&#038;w=1920' alt=''> <\/div>\n<p> <!-- Notas importantes --> <\/p>\n<div style='margin-bottom: 30px; font-size: 14px; color: inherit;'>\n<p style='margin: 0 0 15px 0;'><strong>Nota:<\/strong> No incluye chapa magn\u00e9tica o sistema de cerradura&comma; se adquiere por separado.<\/p>\n<p style='margin: 0;'><strong>UA-G2-SK<\/strong> controla solo <strong>UNA PUERTA<\/strong>&comma; <strong>requiere una Consola UniFi (no incluida)<\/strong> que tenga la aplicaci\u00f3n UniFi Access&comma; recomendadas: <a style='color: #2880b9; text-decoration: none;' href='https:\/\/www.syscom.mx\/producto\/UDM-PRO-UBIQUITI-NETWORKS-177842.html' target='_blank' rel='noopener'>UDM-PRO<\/a> \/ <a style='color: #2880b9; text-decoration: none;' href='https:\/\/www.syscom.mx\/producto\/UDM-SE-UBIQUITI-NETWORKS-208007.html' target='_blank' rel='noopener'>UDM-SE<\/a> \/ <a style='color: #2880b9; text-decoration: none;' href='https:\/\/www.syscom.mx\/producto\/UCK-G2-PLUS-UBIQUITI-NETWORKS-164051.html' target='_blank' rel='noopener'>UCK-G2-PLUS<\/a> \/ <a style='color: #2880b9; text-decoration: none;' href='https:\/\/www.syscom.mx\/producto\/UNVR-UBIQUITI-NETWORKS-188480.html' target='_blank' rel='noopener'>UNVR<\/a> \/ <a style='color: #2880b9; text-decoration: none;' href='https:\/\/www.syscom.mx\/producto\/UNVR-PRO-UBIQUITI-NETWORKS-200341.html' target='_blank' rel='noopener'>UNVR-PRO<\/a> <\/p>\n<\/p><\/div>\n<p> <!-- Especificaciones t\u00e9cnicas --> <\/p>\n<div style='display: flex; flex-wrap: wrap; gap: 20px; margin-bottom: 30px;'> <!-- UA-HUB-DOOR --> <\/p>\n<div style='flex: 1 1 300px; min-width: 280px; border: 1px solid rgba(150&comma; 150&comma; 150&comma; 0.4); border-radius: 8px; overflow: hidden; display: flex; flex-direction: column;'>\n<div style='padding: 15px; border-bottom: 1px solid rgba(150&comma; 150&comma; 150&comma; 0.2); font-weight: bold; font-size: 18px; color: inherit;'>UA-HUB-DOOR<\/div>\n<div style='padding: 15px; color: inherit;'>\n<h4 style='margin-top: 0; margin-bottom: 10px; font-size: 16px; color: inherit; opacity: 0.8;'>Mec\u00e1nico<\/h4>\n<ul style='padding-left: 20px; margin: 0 0 15px 0; font-size: 14px; list-style-type: disc;'>\n<li style='margin-bottom: 5px;'><strong>Dimensiones:<\/strong> 174.9 x 126 x 32.9 mm (6.9 x 5 x 1.3&#8242;)<\/li>\n<li style='margin-bottom: 5px;'><strong>Peso:<\/strong> 363 g (12.8 oz)<\/li>\n<li style='margin-bottom: 5px;'><strong>Material de carcasa:<\/strong> Policarbonato<\/li>\n<li style='margin-bottom: 5px;'><strong>Material de montaje:<\/strong> Policarbonato<\/li>\n<\/ul>\n<h4 style='margin-top: 0; margin-bottom: 10px; font-size: 16px; color: inherit; opacity: 0.8;'>Hardware<\/h4>\n<ul style='padding-left: 20px; margin: 0 0 15px 0; font-size: 14px; list-style-type: disc;'>\n<li style='margin-bottom: 5px;'><strong>Interfaz de red:<\/strong> (5) 10\/100\/1000 Base-T<\/li>\n<li style='margin-bottom: 5px;'><strong>Energizaci\u00f3n:<\/strong> PoE++<br \/>UL 294 Power-limited Class 2 PSU<br \/>UL 60950\/62368 LPS\/PS2 PSU<\/li>\n<li style='margin-bottom: 5px;'><strong>Consumo m\u00e1ximo de energ\u00eda:<\/strong> Sin PoE de salida: 30W<br \/>Con PoE de salida: 50W<\/li>\n<li style='margin-bottom: 5px;'><strong>PoE entrada:<\/strong> 50V DC&comma; 1A<\/li>\n<li style='margin-bottom: 5px;'><strong>PoE salida:<\/strong> PoE passthrough&comma; (4) PoE&comma; 50V DC&comma; total 20W<\/li>\n<li style='margin-bottom: 5px;'><strong>Bot\u00f3n:<\/strong> (1) Reset de f\u00e1brica<\/li>\n<li style='margin-bottom: 5px;'><strong>Entrada digital:<\/strong> Solicitud de salida\/Solicitud de entrada\/Liberaci\u00f3n remota\/Sensor de posici\u00f3n de la puerta<\/li>\n<li style='margin-bottom: 5px;'><strong>Relay de salida en seco:<\/strong> Lock: 30V DC&comma; 1A<br \/>Aux: 30V DC&comma; 1A<\/li>\n<li style='margin-bottom: 5px;'><strong>Relay de salida con alimentaci\u00f3n:<\/strong> Lock: 12V DC&comma; 1A<br \/>Aux: 12V DC&comma; 0.33A<br \/>12V DC&comma; 0.33A<\/li>\n<li style='margin-bottom: 5px;'><strong>Entorno de operaci\u00f3n:<\/strong> Uso en interior solamente<\/li>\n<li style='margin-bottom: 5px;'><strong>Temperatura ambiente de operaci\u00f3n:<\/strong> 0 a 40\u00b0 C (32 a 104\u00b0 F)<\/li>\n<li style='margin-bottom: 5px;'><strong>Humedad ambiente de operaci\u00f3n:<\/strong> 5 a 95% sin condensaci\u00f3n<\/li>\n<li style='margin-bottom: 5px;'><strong>Nivel UL 294:<\/strong> Ataque destructivo: Nivel I<br \/>L\u00ednea de seguridad: Nivel I<br \/>Resistencia: Nivel I<br \/>Energ\u00eda en espera: Nivel I<\/li>\n<li style='margin-bottom: 5px;'><strong>Grado CAN\/ULC-60839-11-1:<\/strong> Grado de asignaci\u00f3n: 1<\/li>\n<li style='margin-bottom: 5px;'><strong>Certificaciones:<\/strong> CE&comma; FCC&comma; IC&comma; UL 294&comma; CAN\/ULC-60839-11-1<\/li>\n<\/ul><\/div>\n<\/p><\/div>\n<p> <!-- UA-G2 --> <\/p>\n<div style='flex: 1 1 300px; min-width: 280px; border: 1px solid rgba(150&comma; 150&comma; 150&comma; 0.4); border-radius: 8px; overflow: hidden; display: flex; flex-direction: column;'>\n<div style='padding: 15px; border-bottom: 1px solid rgba(150&comma; 150&comma; 150&comma; 0.2); font-weight: bold; font-size: 18px; color: inherit;'>UA-G2<\/div>\n<div style='padding: 15px; color: inherit;'>\n<h4 style='margin-top: 0; margin-bottom: 10px; font-size: 16px; color: inherit; opacity: 0.8;'>Mec\u00e1nico<\/h4>\n<ul style='padding-left: 20px; margin: 0 0 15px 0; font-size: 14px; list-style-type: disc;'>\n<li style='margin-bottom: 5px;'><strong>Dimensiones:<\/strong> 93 x 40 x 36.5 mm (3.7 x 1.6 x 1.4&#8242;)<\/li>\n<li style='margin-bottom: 5px;'><strong>Peso:<\/strong> 82 g (2.9 oz)<\/li>\n<li style='margin-bottom: 5px;'><strong>Material de carcasa:<\/strong> Policarbonato<\/li>\n<li style='margin-bottom: 5px;'><strong>Montaje:<\/strong> En pared&comma; caja de distribuci\u00f3n<\/li>\n<li style='margin-bottom: 5px;'><strong>Resistencia a la intemperie:<\/strong> IP55<\/li>\n<\/ul>\n<h4 style='margin-top: 0; margin-bottom: 10px; font-size: 16px; color: inherit; opacity: 0.8;'>Hardware<\/h4>\n<ul style='padding-left: 20px; margin: 0 0 15px 0; font-size: 14px; list-style-type: disc;'>\n<li style='margin-bottom: 5px;'><strong>Interfaz de red:<\/strong> (1) 10\/100 MbE puerto RJ45<\/li>\n<li style='margin-bottom: 5px;'><strong>Conectividad:<\/strong> BLE 4.1<\/li>\n<li style='margin-bottom: 5px;'><strong>Energizaci\u00f3n:<\/strong> PoE<br \/>UL 294 Power-limited Class 2 PSU<br \/>UL 60950-1\/62368-1 LPS\/PS2 PSU<\/li>\n<li style='margin-bottom: 5px;'><strong>Rango de voltaje:<\/strong> 48V DC<\/li>\n<li style='margin-bottom: 5px;'><strong>Consumo m\u00e1ximo de energ\u00eda:<\/strong> 5W<\/li>\n<li style='margin-bottom: 5px;'><strong>Proteci\u00f3n ESD\/EMP:<\/strong> Air: \u00b115kV&comma; contact: \u00b18kV<\/li>\n<li style='margin-bottom: 5px;'><strong>Sensores:<\/strong> Sensor de proximidad<\/li>\n<li style='margin-bottom: 5px;'><strong>Altavoz:<\/strong> (1) 8 ohm&comma; 0.7W<\/li>\n<li style='margin-bottom: 5px;'><strong>Bot\u00f3n:<\/strong> (1) Reset de f\u00e1brica<\/li>\n<li style='margin-bottom: 5px;'><strong>Frecuencia NFC:<\/strong> 13.56 MHz<\/li>\n<li style='margin-bottom: 5px;'><strong>Rango de lectura NFC:<\/strong> < 30 mm<\/li>\n<li style='margin-bottom: 5px;'><strong>Est\u00e1ndar NFC:<\/strong> ISO 14443A&comma; 14443B&comma; 15693<\/li>\n<li style='margin-bottom: 5px;'><strong>Tecnolog\u00eda NFC:<\/strong> NFC Tag 1&comma;2&comma;3&comma;4&comma;5<br \/>MIFARE Classic<br \/>MIFAREPlus<br \/>MIFARE Ultralight<br \/>MIFARE DESFire<\/li>\n<li style='margin-bottom: 5px;'><strong>Entorno de operaci\u00f3n:<\/strong> Uso para exterior<\/li>\n<li style='margin-bottom: 5px;'><strong>Temperatura ambiente de operaci\u00f3n:<\/strong> -30 a 45\u00b0 C (-22 a 113\u00b0 F)<\/li>\n<li style='margin-bottom: 5px;'><strong>Humedad ambiente de operaci\u00f3n:<\/strong> 5 a 90% sin condensaci\u00f3n<\/li>\n<li style='margin-bottom: 5px;'><strong>Nivel UL 294:<\/strong> Ataque destructivo: Nivel I<br \/>L\u00ednea de seguridad: Nievel I<br \/>Resistencia: Nievel I<br \/>Energ\u00eda en espera: Nivel I<\/li>\n<\/ul><\/div>\n<\/p><\/div>\n<p> <!-- UA-Card --> <\/p>\n<div style='flex: 1 1 300px; min-width: 280px; border: 1px solid rgba(150&comma; 150&comma; 150&comma; 0.4); border-radius: 8px; overflow: hidden; display: flex; flex-direction: column;'>\n<div style='padding: 15px; border-bottom: 1px solid rgba(150&comma; 150&comma; 150&comma; 0.2); font-weight: bold; font-size: 18px; color: inherit;'>UA-Card<\/div>\n<div style='padding: 15px; color: inherit;'>\n<ul style='padding-left: 20px; margin: 0; font-size: 14px; list-style-type: disc;'>\n<li style='margin-bottom: 5px;'><strong>Dimensiones:<\/strong> 85.6 x 53.98 x 0.84 mm (3.37 x 2.13 x 0.03&#8242;)<\/li>\n<li style='margin-bottom: 5px;'><strong>Peso:<\/strong> 5 g (0.18 oz)<\/li>\n<li style='margin-bottom: 5px;'><strong>Formato:<\/strong> ISO 7810 ID-1<\/li>\n<li style='margin-bottom: 5px;'><strong>Frecuencia NFC:<\/strong> 13.56 MHz<\/li>\n<li style='margin-bottom: 5px;'><strong>Tecnolog\u00eda NFC:<\/strong> ISO\/IEC 14443 Tipo A<br \/>MIFARE DESFire<br \/>Protocolo de seguridad propietario UniFi Access<\/li>\n<\/ul><\/div>\n<\/p><\/div>\n<\/p><\/div>\n<p> <!-- Contenido del paquete --> <\/p>\n<div style='margin-bottom: 30px;'>\n<h3 style='font-size: 20px; margin-bottom: 15px; color: inherit; opacity: 0.8;'>Contenido del paquete<\/h3>\n<div style='display: grid; grid-template-columns: repeat(auto-fill&comma; minmax(300px&comma; 1fr)); gap: 20px;'> <img style='width: 100%; height: auto; border: 1px solid rgba(150&comma;150&comma;150&comma;0.3); border-radius: 8px;' src='https:\/\/ftp3.syscom.mx\/usuarios\/fotos\/UAG2SK\/232962-uag2sk_contenido_del_paquete.png' alt=''> <\/div>\n<\/p><\/div>\n<p> <!-- Aplicaci\u00f3n UniFi Access --> <\/p>\n<div style='display: flex; flex-wrap: wrap; gap: 30px; align-items: center; margin-bottom: 30px;'>\n<div style='flex: 1 1 300px; min-width: 280px;'> <img style='width: 100%; height: auto; border: 1px solid rgba(150&comma;150&comma;150&comma;0.3); border-radius: 8px;' src='https:\/\/ftp3.syscom.mx\/usuarios\/fotos\/UASK\/195002-access_gui.jpg' alt=''> <\/div>\n<div style='flex: 2 1 400px; min-width: 300px;'>\n<h3 style='font-size: 20px; margin-bottom: 15px; color: inherit; opacity: 0.8;'>Funciona con la aplicaci\u00f3n UniFi Access<\/h3>\n<ul style='padding-left: 20px; font-size: 14px; color: inherit; margin: 0;'>\n<li style='margin-bottom: 10px;'><strong>Administre de forma centralizada<\/strong> sus dispositivos de acceso con una interfaz intuitiva<\/li>\n<li style='margin-bottom: 10px;'><strong>Establezca pol\u00edticas y horarios de acceso<\/strong> espec\u00edficos de puertas por piso y usuario<\/li>\n<li style='margin-bottom: 10px;'><strong>Cree usuarios<\/strong>&comma; establezca sus roles y asigne tarjetas NFC<\/li>\n<li style='margin-bottom: 10px;'><strong>Revise las entradas&comma; salidas y denegaciones<\/strong> con un registro de eventos detallado<\/li>\n<li style='margin-bottom: 10px;'><strong>Configure dispositivos r\u00e1pidamente<\/strong> y admin\u00edstrelos sobre la marcha con una potente aplicaci\u00f3n m\u00f3vil<\/li>\n<\/ul><\/div>\n<\/p><\/div>\n<p> <!-- Separador --> <\/p>\n<hr style='border: 0; border-top: 1px solid rgba(150&comma; 150&comma; 150&comma; 0.3); margin: 30px 0;'> <\/div>\n","protected":false},"excerpt":{"rendered":"<p>UniFi Access Kit de Inicio Gen 2, Incluye Hub para conexiones, lector NFC y movimiento \/ 10 tarjetas de acceso \/ sistema completo para abrir una puerta<\/p>\n","protected":false},"featured_media":21022,"comment_status":"open","ping_status":"closed","template":"","meta":[],"product_brand":[],"product_cat":[788],"product_tag":[789,166,557],"class_list":{"0":"post-21023","1":"product","2":"type-product","3":"status-publish","4":"has-post-thumbnail","6":"product_cat-intercomunicadores","7":"product_tag-intercomunicadores","8":"product_tag-ubiquiti","9":"product_tag-videoporteros-e-interfonos","11":"first","12":"instock","13":"sale","14":"shipping-taxable","15":"purchasable","16":"product-type-simple"},"_links":{"self":[{"href":"https:\/\/soydeaqui.ddns.net\/pachuca\/index.php\/wp-json\/wp\/v2\/product\/21023","targetHints":{"allow":["GET"]}}],"collection":[{"href":"https:\/\/soydeaqui.ddns.net\/pachuca\/index.php\/wp-json\/wp\/v2\/product"}],"about":[{"href":"https:\/\/soydeaqui.ddns.net\/pachuca\/index.php\/wp-json\/wp\/v2\/types\/product"}],"replies":[{"embeddable":true,"href":"https:\/\/soydeaqui.ddns.net\/pachuca\/index.php\/wp-json\/wp\/v2\/comments?post=21023"}],"wp:featuredmedia":[{"embeddable":true,"href":"https:\/\/soydeaqui.ddns.net\/pachuca\/index.php\/wp-json\/wp\/v2\/media\/21022"}],"wp:attachment":[{"href":"https:\/\/soydeaqui.ddns.net\/pachuca\/index.php\/wp-json\/wp\/v2\/media?parent=21023"}],"wp:term":[{"taxonomy":"product_brand","embeddable":true,"href":"https:\/\/soydeaqui.ddns.net\/pachuca\/index.php\/wp-json\/wp\/v2\/product_brand?post=21023"},{"taxonomy":"product_cat","embeddable":true,"href":"https:\/\/soydeaqui.ddns.net\/pachuca\/index.php\/wp-json\/wp\/v2\/product_cat?post=21023"},{"taxonomy":"product_tag","embeddable":true,"href":"https:\/\/soydeaqui.ddns.net\/pachuca\/index.php\/wp-json\/wp\/v2\/product_tag?post=21023"}],"curies":[{"name":"wp","href":"https:\/\/api.w.org\/{rel}","templated":true}]}}