{"id":21015,"date":"2026-03-18T10:31:10","date_gmt":"2026-03-18T10:31:10","guid":{"rendered":"https:\/\/soydeaqui.ddns.net\/pachuca\/index.php\/producto\/puerta-de-garage-d-alta-calidad-20x7-pies-1-3-4-aislante-termico-estilo-americana-imitacion-madera-black-walnut\/"},"modified":"2026-03-18T10:31:10","modified_gmt":"2026-03-18T10:31:10","slug":"puerta-de-garage-d-alta-calidad-20x7-pies-1-3-4-aislante-termico-estilo-americana-imitacion-madera-black-walnut","status":"publish","type":"product","link":"https:\/\/soydeaqui.ddns.net\/pachuca\/index.php\/producto\/puerta-de-garage-d-alta-calidad-20x7-pies-1-3-4-aislante-termico-estilo-americana-imitacion-madera-black-walnut\/","title":{"rendered":"Puerta de Garage D \/ Alta calidad \/ 20&#215;7 pies \/ 1 3\/4&#8243; Aislante Termico \/ Estilo Americana \/ Imitacion Madera \/ BLACK WALNUT ."},"content":{"rendered":"<div style='width: 100%; max-width: 1200px; margin: 0 auto; font-family: sans-serif; line-height: 1.6; color: inherit; background-color: transparent;'>\n<div style='margin-bottom: 30px;'>\n<p style='margin: 0; font-size: 1.2em; color: #5f4747; font-weight: bold;'>Transforma tu hogar con estilo y funcionalidad<\/p>\n<\/p><\/div>\n<div style='margin-bottom: 30px;'>\n<p style='margin: 0; font-size: 1.4em; color: #5f4747; font-weight: bold;'>Puerta Residencial de la serie GARAGE-B<\/p>\n<\/p><\/div>\n<div style='margin-bottom: 30px;'>\n<p style='margin: 0;'>M\u00e1s que una simple entrada&comma; nuestras puertas combinan un dise\u00f1o elegante con tecnolog\u00eda de vanguardia&comma; ofreciendo una soluci\u00f3n que se adapta perfectamente a las necesidades de su hogar.<\/p>\n<\/p><\/div>\n<div style='margin-bottom: 30px;'>\n<p style='margin: 0;'>A pesar de su apariencia aut\u00e9ntica&comma; las puertas de garaje de imitaci\u00f3n a madera ofrecen ventajas pr\u00e1cticas significativas. Adem\u00e1s&comma; requieren un mantenimiento mucho menor&comma; ya que no se ven afectadas por la humedad&comma; no se agrietan ni se deforman con el tiempo.<\/p>\n<\/p><\/div>\n<div style='display: flex; flex-wrap: wrap; gap: 30px; margin-bottom: 30px;'>\n<div style='flex: 1 1 300px; min-width: 280px; border-left: 5px solid #300d0d; border-radius: 5px; padding: 5px; box-shadow: 2px 2px 10px rgba(216&comma; 216&comma; 216&comma; 0.5);'>\n<h3 style='font-size: 18px; margin-top: 0; margin-bottom: 15px; color: inherit;'>Caracter\u00edsticas principales:<\/h3>\n<ul style='padding-left: 20px; margin: 0; font-size: 14px; color: inherit;'>\n<li style='margin-bottom: 10px;'>Las puertas de garage imitacion madera tipo americanas ofrecen una combinacion de gran belleza&comma; resistencia y eficiencia termica.<\/li>\n<li style='margin-bottom: 10px;'>Rodamientos y herrajes de gran calidad&comma; para una operacion silenciosa y eficaz.<\/li>\n<li style='margin-bottom: 10px;'>Eficiencia termica&comma; lo mejor en este tipo de puertas.<\/li>\n<li style='margin-bottom: 10px;'>Operacion suave&comma; segura y silenciosa.<\/li>\n<\/ul><\/div>\n<div style='flex: 1 1 300px; min-width: 280px; border-left: 5px solid #300d0d; border-radius: 5px; padding: 5px; box-shadow: 2px 2px 10px rgba(216&comma; 216&comma; 216&comma; 0.5);'>\n<h3 style='font-size: 18px; margin-top: 0; margin-bottom: 15px; color: inherit;'>Caracter\u00edsticas F\u00edsicas:<\/h3>\n<p style='margin: 0;'>Las puertas de cochera o puertas para garage asendentes AccessPro son de la mas alta calidad. El panel de las puertas automaticas se fabrica en lamina calibre 26&comma; con relleno poliuretano de alta densidad de 1 3\/4&#8242; para brindar mayor rigidez y un aislamiento termico y acustico mas eficiente.<\/p>\n<\/p><\/div>\n<div style='flex: 1 1 300px; min-width: 280px; border-left: 5px solid #300d0d; border-radius: 5px; padding: 5px; box-shadow: 2px 2px 10px rgba(216&comma; 216&comma; 216&comma; 0.5);'>\n<h3 style='font-size: 18px; margin-top: 0; margin-bottom: 15px; color: inherit;'>Caracter\u00edsticas Destacadas:<\/h3>\n<p style='margin: 0;'>Puerta residencial rellena 43mm de poliuretano inyectado con una densidad de 45 kgs\/cbm.<\/p>\n<\/p><\/div>\n<\/p><\/div>\n<hr style='border: 0; border-top: 1px solid rgba(150&comma; 150&comma; 150&comma; 0.3); margin: 30px 0;'>\n<div style='display: flex; flex-wrap: wrap; margin-bottom: 30px;'>\n<div style='flex: 1 1 100%; max-width: 500px; margin-bottom: 20px;'>\n<h2 style='font-size: 24px; color: #5f4747; font-weight: bold; margin-top: 0;'>Experimenta la perfecta armon\u00eda entre elegancia y comodidad<\/h2>\n<p style='margin: 15px 0; color: #5f4747;'>Dale a tu espacio ese toque distintivo que merece con nuestras puertas de garaje de imitaci\u00f3n a madera. A pesar de su apariencia aut\u00e9ntica&comma; estas puertas no solo ofrecen un estilo refinado&comma; sino que tambi\u00e9n brindan ventajas pr\u00e1cticas significativas<\/p>\n<p style='margin: 15px 0; color: #5f4747;'>No tendr\u00e1s que preocuparte por el mantenimiento&comma; ya que nuestras puertas no se ven afectadas por la humedad&comma; no se agrietan ni se deforman con el tiempo.<\/p>\n<\/p><\/div>\n<div style='flex: 1 1 100%; max-width: 500px;'> <img style='width: 100%; height: auto; border: 1px solid rgba(150&comma;150&comma;150&comma;0.3); border-radius: 8px;' src='https:\/\/ftp3.syscom.mx\/usuarios\/mario.rodriguez\/PUERTADEGARAJE\/FOTOS\/WhatsApp%20Image%202024-08-29%20at%2010.57.20%20AM.jpeg' alt='Puerta de garaje de imitaci\u00f3n a madera'> <\/div>\n<\/p><\/div>\n<hr style='border: 0; border-top: 1px solid rgba(150&comma; 150&comma; 150&comma; 0.3); margin: 30px 0;'>\n<div style='display: flex; flex-wrap: wrap; margin-bottom: 30px;'>\n<div style='flex: 1 1 100%; max-width: 500px;'> <img style='width: 100%; height: auto; border: 1px solid rgba(150&comma;150&comma;150&comma;0.3); border-radius: 8px;' src='https:\/\/ftp3.syscom.mx\/usuarios\/mario.rodriguez\/PUERTADEGARAJE\/FOTOS\/Captura1.png' alt='Diagrama de aislamiento de puerta de garaje'> <\/div>\n<div style='flex: 1 1 100%; max-width: 500px; margin-top: 20px;'>\n<h2 style='font-size: 20px; color: #674b4b; font-weight: bold; margin-top: 0;'>La importancia del aislamiento en las puertas de garage<\/h2>\n<p style='margin: 15px 0; color: #674b4b;'>El aislamiento de las puertas de garaje es un factor crucial para garantizar el confort y la durabilidad de tu hogar. Una puerta de garaje bien aislada act\u00faa como una barrera contra temperaturas extremas&comma; manteniendo el calor durante el invierno y el frescor en los meses m\u00e1s c\u00e1lidos.<\/p>\n<p style='margin: 15px 0; color: #674b4b;'>Esto no solo ayuda a mantener una temperatura interior m\u00e1s estable&comma; sino que tambi\u00e9n reduce la carga sobre los sistemas de calefacci\u00f3n y aire acondicionado&comma; lo que se traduce en un ahorro significativo en las facturas de energ\u00eda.<\/p>\n<\/p><\/div>\n<\/p><\/div>\n<hr style='border: 0; border-top: 1px solid rgba(150&comma; 150&comma; 150&comma; 0.3); margin: 30px 0;'>\n<div style='display: flex; flex-wrap: wrap; margin-bottom: 30px;'>\n<div style='flex: 1 1 100%; max-width: 500px; margin-bottom: 20px;'>\n<p style='margin: 0; font-size: 18px; color: #674b4b; font-weight: bold;'>Encontrara la medida ideal para cualquier tipo de proyecto ya sea para remodedar o nuevo proyecto.<\/p>\n<p style='margin: 15px 0; color: #674b4b;'>Cuando se trata de elegir la puerta de garaje ideal&comma; la variedad de medidas disponibles es esencial para asegurar una instalaci\u00f3n perfecta y un funcionamiento \u00f3ptimo. Cada proyecto es \u00fanico&comma; ya sea la remodelaci\u00f3n de una estructura existente o una nueva construcci\u00f3n&comma; por lo que ofrecemos una amplia gama de tama\u00f1os que se adaptan a cualquier tipo de espacio.<\/p>\n<p style='margin: 15px 0; color: #674b4b;'>Nuestras puertas de garaje est\u00e1n disponibles en medidas est\u00e1ndar que se ajustan a las necesidades m\u00e1s comunes&comma; como aquellas dise\u00f1adas para uno o dos veh\u00edculos. Sin importar las dimensiones de su garage&comma; nuestras opciones te garantizan una soluci\u00f3n que encaje perfectamente y eleve la funcionalidad como la est\u00e9tica de tu hogar.<\/p>\n<p style='margin: 15px 0; font-size: 24px;'>Que modelo de puerta necesito? <a href='https:\/\/www.syscom.mx\/panel\/calculador_cochera' style='color: #c0392b; text-decoration: none;'>Click aqu\u00ed.<\/a><\/p>\n<\/p><\/div>\n<div style='flex: 1 1 100%; max-width: 500px;'> <img style='width: 100%; height: auto; border: 1px solid rgba(150&comma;150&comma;150&comma;0.3); border-radius: 8px;' src='https:\/\/ftp3.syscom.mx\/usuarios\/mario.rodriguez\/PUERTADEGARAJE\/LR\/MADERABLACK\/Medidas%20Imitacion%20Madera%20Black..png' alt='Medidas de puerta de garaje'> <\/div>\n<\/p><\/div>\n<hr style='border: 0; border-top: 1px solid rgba(150&comma; 150&comma; 150&comma; 0.3); margin: 30px 0;'>\n<div style='margin-bottom: 30px;'>\n<p style='margin: 0; color: #674b4b;'>Las puertas de garage no solo cumplen con su funci\u00f3n b\u00e1sica de seguridad y confort&comma; sino que tambi\u00e9n juegan un papel fundamental en la eficiencia energ\u00e9tica del hogar. Est\u00e1n dise\u00f1adas con materiales de alta calidad que proporcionan un excelente aislamiento t\u00e9rmico y ac\u00fastico.<\/p>\n<\/p><\/div>\n<div style='display: flex; flex-wrap: wrap; margin-bottom: 30px;'>\n<div style='flex: 1 1 100%; margin-bottom: 15px;'>\n<p style='margin: 0; color: #674b4b; font-weight: bold;'><span style='color: #674b4b;'>Aislamiento t\u00e9rmico:<\/span> El aislamiento t\u00e9rmico es crucial para mantener una temperatura estable dentro del garaje.<\/p>\n<\/p><\/div>\n<div style='flex: 1 1 100%; margin-bottom: 15px;'>\n<p style='margin: 0; color: #674b4b; font-weight: bold;'><span style='color: #674b4b;'>Aislamiento ac\u00fastico:<\/span> El aislamiento ac\u00fastico es otro factor clave que proporcionan estas puertas de garaje.<\/p>\n<\/p><\/div>\n<div style='flex: 1 1 100%; margin-bottom: 15px;'>\n<p style='margin: 0; color: #674b4b; font-weight: bold;'><span style='color: #674b4b;'>Impacto en el ahorro energ\u00e9tico:<\/span> La combinaci\u00f3n de ambos tipos de aislamiento tiene un impacto directo en la eficiencia energ\u00e9tica del hogar.<\/p>\n<\/p><\/div>\n<\/p><\/div>\n<div style='margin-bottom: 30px;'>\n<p style='margin: 0; font-size: 14px; color: #674b4b;'>La puerta GARAGE-207B se compone de 4 secciones de 21&#8242;.<\/p>\n<\/p><\/div>\n<div style='margin-bottom: 30px;'> <img style='width: 100%; height: auto; border: 1px solid rgba(150&comma;150&comma;150&comma;0.3); border-radius: 8px;' src='https:\/\/ftp3.syscom.mx\/usuarios\/mario.rodriguez\/PUERTADEGARAJE\/LR\/MADERABLACK\/AdobeStock_436319418.jpeg' alt='Puerta de garaje en uso'> <\/div>\n<\/p><\/div>\n","protected":false},"excerpt":{"rendered":"<p>Puerta de Garage D \/ Alta calidad \/ 20&#215;7 pies \/ 1 3\/4&#8243; Aislante Termico \/ Estilo Americana \/ Imitacion Madera \/ BLACK WALNUT .<\/p>\n","protected":false},"featured_media":21014,"comment_status":"open","ping_status":"closed","template":"","meta":[],"product_brand":[],"product_cat":[400],"product_tag":[401,234,402],"class_list":{"0":"post-21015","1":"product","2":"type-product","3":"status-publish","4":"has-post-thumbnail","6":"product_cat-puertas-de-garage","7":"product_tag-acceso-vehicular","8":"product_tag-accesspro","9":"product_tag-puertas-de-garage","11":"first","12":"instock","13":"sale","14":"shipping-taxable","15":"purchasable","16":"product-type-simple"},"_links":{"self":[{"href":"https:\/\/soydeaqui.ddns.net\/pachuca\/index.php\/wp-json\/wp\/v2\/product\/21015","targetHints":{"allow":["GET"]}}],"collection":[{"href":"https:\/\/soydeaqui.ddns.net\/pachuca\/index.php\/wp-json\/wp\/v2\/product"}],"about":[{"href":"https:\/\/soydeaqui.ddns.net\/pachuca\/index.php\/wp-json\/wp\/v2\/types\/product"}],"replies":[{"embeddable":true,"href":"https:\/\/soydeaqui.ddns.net\/pachuca\/index.php\/wp-json\/wp\/v2\/comments?post=21015"}],"wp:featuredmedia":[{"embeddable":true,"href":"https:\/\/soydeaqui.ddns.net\/pachuca\/index.php\/wp-json\/wp\/v2\/media\/21014"}],"wp:attachment":[{"href":"https:\/\/soydeaqui.ddns.net\/pachuca\/index.php\/wp-json\/wp\/v2\/media?parent=21015"}],"wp:term":[{"taxonomy":"product_brand","embeddable":true,"href":"https:\/\/soydeaqui.ddns.net\/pachuca\/index.php\/wp-json\/wp\/v2\/product_brand?post=21015"},{"taxonomy":"product_cat","embeddable":true,"href":"https:\/\/soydeaqui.ddns.net\/pachuca\/index.php\/wp-json\/wp\/v2\/product_cat?post=21015"},{"taxonomy":"product_tag","embeddable":true,"href":"https:\/\/soydeaqui.ddns.net\/pachuca\/index.php\/wp-json\/wp\/v2\/product_tag?post=21015"}],"curies":[{"name":"wp","href":"https:\/\/api.w.org\/{rel}","templated":true}]}}