{"id":21007,"date":"2026-03-18T10:31:04","date_gmt":"2026-03-18T10:31:04","guid":{"rendered":"https:\/\/soydeaqui.ddns.net\/pachuca\/index.php\/producto\/lector-de-reconocimiento-facial-y-huella-digital-100-rostros-500-huellas-soporta-ddns-con-biotimepro-funcion-adms-incluida\/"},"modified":"2026-03-18T10:31:04","modified_gmt":"2026-03-18T10:31:04","slug":"lector-de-reconocimiento-facial-y-huella-digital-100-rostros-500-huellas-soporta-ddns-con-biotimepro-funcion-adms-incluida","status":"publish","type":"product","link":"https:\/\/soydeaqui.ddns.net\/pachuca\/index.php\/producto\/lector-de-reconocimiento-facial-y-huella-digital-100-rostros-500-huellas-soporta-ddns-con-biotimepro-funcion-adms-incluida\/","title":{"rendered":"Lector de Reconocimiento Facial y Huella Digital \/ 100 Rostros \/ 500 huellas \/ Soporta DDNS con BIOTIMEPRO \/ Funci\u00f3n ADMS INCLUIDA"},"content":{"rendered":"<div style='width: 100%; max-width: 1200px; margin: 0 auto; font-family: sans-serif; line-height: 1.6; color: inherit; background-color: transparent;'>\n<div style='display: flex; flex-wrap: wrap; gap: 30px; margin-bottom: 30px;'>\n<div style='flex: 1 1 300px; min-width: 280px;'>\n<h3 style='font-size: 22px; border-bottom: 2px solid currentColor; padding-bottom: 5px; margin-top: 0; color: inherit; opacity: 0.8;'>Caracter\u00edsticas principales<\/h3>\n<ul style='padding-left: 20px; font-size: 15px; color: inherit;'>\n<li>Lectura de Huellas y Rostros<\/li>\n<li>No tiene lector de tarjetas<\/li>\n<li>Capacidad de 100 rostros<\/li>\n<li>Capacidad de 500 huellas<\/li>\n<li>50&comma;000 eventos<\/li>\n<li>Funcion ADMS<\/li>\n<\/ul><\/div>\n<div style='flex: 1 1 300px; min-width: 280px;'>\n<h3 style='font-size: 22px; border-bottom: 2px solid currentColor; padding-bottom: 5px; margin-top: 0; color: inherit; opacity: 0.8;'>Caracter\u00edsticas F\u00edsicas y El\u00e9ctricas<\/h3>\n<ul style='padding-left: 20px; font-size: 15px; color: inherit;'>\n<li>Alimentaci\u00f3n: <span style='color: inherit;'>5VDC 2A (fuente no incluida)<\/span><\/li>\n<li><span style='color: inherit;'>Fuente recomendada P5DC2AZK<\/span><\/li>\n<li>Conexi\u00f3n TCP\/IP<\/li>\n<li>Salida de relevador para chapa<\/li>\n<li>Entrada de Bot\u00f3n Rex&comma; Sensor de puerta&comma; Aux input.<\/li>\n<\/ul>\n<h3 style='font-size: 22px; border-bottom: 2px solid currentColor; padding-bottom: 5px; margin-top: 25px; margin-bottom: 15px; color: inherit; opacity: 0.8;'>Compatibilidad de Software<\/h3>\n<ul style='padding-left: 20px; font-size: 15px; color: inherit;'>\n<li>Biotimepro y Biotimecloud<\/li>\n<\/ul><\/div>\n<div style='flex: 1 1 300px; min-width: 280px;'>\n<h3 style='font-size: 22px; border-bottom: 2px solid currentColor; padding-bottom: 5px; margin-top: 0; color: inherit; opacity: 0.8;'>Caracter\u00edsticas Destacadas<\/h3>\n<p style='font-size: 15px; color: inherit; margin-top: 0;'>El <span style='color: #003700;'>MB10-VL<\/span> es una terminal multi-biom\u00e9trica sin contacto&comma; equipada con la avanzada tecnolog\u00eda de reconocimiento facial Visible Light de ZKTeco. Con un algoritmo mejorado&comma; es capaz de detectar rostros a una distancia de 30 cm a 50 cm&comma; activ\u00e1ndose autom\u00e1ticamente al identificar un rostro humano en su rango. Esto garantiza un reconocimiento m\u00e1s r\u00e1pido y preciso en comparaci\u00f3n con sistemas anteriores de infrarrojo cercano.<\/p>\n<p style='font-size: 15px; color: inherit; margin-top: 15px;'>Adem\u00e1s&comma; incorpora la funci\u00f3n SSR&comma; que permite gestionar horarios&comma; turnos y calendarios directamente en el dispositivo&comma; sin necesidad de software adicional. Esto simplifica la administraci\u00f3n del tiempo y asistencia de manera aut\u00f3noma&comma; facilitando tambi\u00e9n la generaci\u00f3n de reportes y la carga masiva de datos mediante USB o en formato Excel.<\/p>\n<\/p><\/div>\n<\/p><\/div>\n<\/p><\/div>\n","protected":false},"excerpt":{"rendered":"<p>Lector de Reconocimiento Facial y Huella Digital \/ 100 Rostros \/ 500 huellas \/ Soporta DDNS con BIOTIMEPRO \/ Funci\u00f3n ADMS INCLUIDA<\/p>\n","protected":false},"featured_media":21006,"comment_status":"open","ping_status":"closed","template":"","meta":[],"product_brand":[],"product_cat":[743],"product_tag":[744,745,844],"class_list":{"0":"post-21007","1":"product","2":"type-product","3":"status-publish","4":"has-post-thumbnail","6":"product_cat-para-tiempo-y-asistencia-checadores","7":"product_tag-biometricos","8":"product_tag-para-tiempo-y-asistencia-checadores","9":"product_tag-zkteco","11":"first","12":"instock","13":"sale","14":"shipping-taxable","15":"purchasable","16":"product-type-simple"},"_links":{"self":[{"href":"https:\/\/soydeaqui.ddns.net\/pachuca\/index.php\/wp-json\/wp\/v2\/product\/21007","targetHints":{"allow":["GET"]}}],"collection":[{"href":"https:\/\/soydeaqui.ddns.net\/pachuca\/index.php\/wp-json\/wp\/v2\/product"}],"about":[{"href":"https:\/\/soydeaqui.ddns.net\/pachuca\/index.php\/wp-json\/wp\/v2\/types\/product"}],"replies":[{"embeddable":true,"href":"https:\/\/soydeaqui.ddns.net\/pachuca\/index.php\/wp-json\/wp\/v2\/comments?post=21007"}],"wp:featuredmedia":[{"embeddable":true,"href":"https:\/\/soydeaqui.ddns.net\/pachuca\/index.php\/wp-json\/wp\/v2\/media\/21006"}],"wp:attachment":[{"href":"https:\/\/soydeaqui.ddns.net\/pachuca\/index.php\/wp-json\/wp\/v2\/media?parent=21007"}],"wp:term":[{"taxonomy":"product_brand","embeddable":true,"href":"https:\/\/soydeaqui.ddns.net\/pachuca\/index.php\/wp-json\/wp\/v2\/product_brand?post=21007"},{"taxonomy":"product_cat","embeddable":true,"href":"https:\/\/soydeaqui.ddns.net\/pachuca\/index.php\/wp-json\/wp\/v2\/product_cat?post=21007"},{"taxonomy":"product_tag","embeddable":true,"href":"https:\/\/soydeaqui.ddns.net\/pachuca\/index.php\/wp-json\/wp\/v2\/product_tag?post=21007"}],"curies":[{"name":"wp","href":"https:\/\/api.w.org\/{rel}","templated":true}]}}