{"id":20965,"date":"2026-03-18T10:30:14","date_gmt":"2026-03-18T10:30:14","guid":{"rendered":"https:\/\/soydeaqui.ddns.net\/pachuca\/index.php\/producto\/barrera-vehicular-izquierda-soporta-brazo-articulado-de-hasta-4-metros-final-de-carrera-ajustable-por-programacion-tiempo-de-apertura-de-3-segundos-con-corona-led-semaforizada\/"},"modified":"2026-03-18T10:30:21","modified_gmt":"2026-03-18T10:30:21","slug":"barrera-vehicular-izquierda-soporta-brazo-articulado-de-hasta-4-metros-final-de-carrera-ajustable-por-programacion-tiempo-de-apertura-de-3-segundos-con-corona-led-semaforizada","status":"publish","type":"product","link":"https:\/\/soydeaqui.ddns.net\/pachuca\/index.php\/producto\/barrera-vehicular-izquierda-soporta-brazo-articulado-de-hasta-4-metros-final-de-carrera-ajustable-por-programacion-tiempo-de-apertura-de-3-segundos-con-corona-led-semaforizada\/","title":{"rendered":"Barrera Vehicular Izquierda \/ Soporta Brazo ARTICULADO de Hasta 4 Metros \/ Final de Carrera Ajustable Por Programaci\u00f3n \/ Tiempo de Apertura de 3 Segundos \/ Con Corona Led Semaforizada"},"content":{"rendered":"<div style='width: 100%; max-width: 1200px; margin: 0 auto; font-family: sans-serif; line-height: 1.6; color: inherit; background-color: transparent;'>\n<div style='display: flex; flex-wrap: wrap; gap: 30px; margin-bottom: 30px;'>\n<div style='flex: 1 1 300px; min-width: 280px;'>\n<h3 style='font-size: 22px; border-bottom: 2px solid currentColor; padding-bottom: 5px; margin-top: 0; color: inherit; opacity: 0.8;'>Caracter\u00edsticas principales<\/h3>\n<ul style='padding-left: 20px; font-size: 15px; color: inherit;'>\n<li style='margin-bottom: 5px;'>Longitud m\u00e1xima del brazo 4 metros<\/li>\n<li style='margin-bottom: 5px;'>Color del gabinete:<\/li>\n<li style='margin-bottom: 5px;'>Velocidad de apertura 3 segundos<\/li>\n<li style='margin-bottom: 5px;'>Con encoder para la programaci\u00f3n de limites<\/li>\n<\/ul><\/div>\n<div style='flex: 1 1 300px; min-width: 280px;'>\n<h3 style='font-size: 22px; border-bottom: 2px solid currentColor; padding-bottom: 5px; margin-top: 0; color: inherit; opacity: 0.8;'>Caracter\u00edsticas F\u00edsicas y El\u00e9ctricas<\/h3>\n<ul style='padding-left: 20px; font-size: 15px; color: inherit;'>\n<li style='margin-bottom: 5px;'>Consumo de 250W<\/li>\n<li style='margin-bottom: 5px;'>Consumo en reposo 2W<\/li>\n<li style='margin-bottom: 5px;'>Uso Semi-Intensivo<\/li>\n<li style='margin-bottom: 5px;'>Voltaje de operaci\u00f3n 110V<\/li>\n<\/ul><\/div>\n<div style='flex: 1 1 300px; min-width: 280px;'>\n<h3 style='font-size: 22px; border-bottom: 2px solid currentColor; padding-bottom: 5px; margin-top: 0; color: inherit; opacity: 0.8;'>Caracter\u00edsticas adicionales<\/h3>\n<ul style='padding-left: 20px; font-size: 15px; color: inherit;'>\n<li style='margin-bottom: 5px;'>Temperatura de operaci\u00f3n -20 a 50\u00b0C<\/li>\n<li style='margin-bottom: 5px;'>Humedad relativa de <90%<\/li>\n<li style='margin-bottom: 5px;'>Incluye 2 controles XBT23 (Soporta m\u00e1ximo 5 controles agregando un solo bot\u00f3n)<\/li>\n<\/ul><\/div>\n<\/p><\/div>\n<hr style='border: 0; border-top: 1px solid rgba(150&comma; 150&comma; 150&comma; 0.3); margin: 30px 0;'>\n<div style='display: flex; flex-wrap: wrap; gap: 30px; margin-bottom: 30px;'>\n<div style='flex: 1 1 300px; min-width: 280px;'>\n<p style='font-size: 15px; color: inherit; margin-bottom: 15px;'>Barrera vehicular izquierda color&comma; compatible con brazo articulado de hasta 4 metros (No incluido)<\/p>\n<h3 style='font-size: 20px; margin-top: 0; color: inherit; opacity: 0.8;'>Caracter\u00edsticas adicionales<\/h3>\n<ul style='padding-left: 20px; font-size: 15px; color: inherit;'>\n<li style='margin-bottom: 5px;'>Contra defectos de fabricaci\u00f3n<\/li>\n<li style='margin-bottom: 5px;'>Programaci\u00f3n de limites mediante tarjeta electr\u00f3nica<\/li>\n<li style='margin-bottom: 5px;'>Cierre autom\u00e1tico programable de acuerdo a la necesidad<\/li>\n<li style='margin-bottom: 5px;'>Soporta brazo articulado de hasta metros<\/li>\n<li style='margin-bottom: 5px;'><strong>Operaci\u00f3n de hasta 150 ciclos por hora<\/strong><\/li>\n<\/ul>\n<p style='font-size: 15px; color: inherit; margin-top: 15px;'>Las barreras XBS-4M-LA de AccessPRO incluyen un mecanismo equipado con un encoder que permite a la tarjeta controladora ajustar de manera electr\u00f3nica los finales de carrera&comma; logrando un movimiento m\u00e1s suave y con exactitud a la hora de hacer las aperturas y cierres.<\/p>\n<\/p><\/div>\n<div style='flex: 1 1 300px; min-width: 280px;'> <img style='width: 100%; height: auto; border: 1px solid rgba(150&comma;150&comma;150&comma;0.3); border-radius: 8px;' src='https:\/\/ftp3.syscom.mx\/usuarios\/fotos\/BancoFotografiasSyscom\/ACCESSPRO\/XBS4MLA\/XBS4MLA-p.PNG' alt=''> <\/div>\n<\/p><\/div>\n<hr style='border: 0; border-top: 1px solid rgba(150&comma; 150&comma; 150&comma; 0.3); margin: 30px 0;'>\n<div style='text-align: center; margin-bottom: 30px;'>\n<h2 style='font-size: 20px; margin: 0; color: inherit; opacity: 0.8;'>\u00bfQu\u00e9 accesorios necesito agregar para una instalaci\u00f3n?<\/h2>\n<\/p><\/div>\n<hr style='border: 0; border-top: 1px solid rgba(150&comma; 150&comma; 150&comma; 0.3); margin: 30px 0;'>\n<div style='text-align: center; margin-bottom: 30px;'>\n<h2 style='font-size: 20px; margin: 0; color: inherit; opacity: 0.8;'>Primer paso: Selecci\u00f3n del brazo de acuerdo a la aplicaci\u00f3n.<\/h2>\n<p style='margin: 10px 0 0; color: inherit;'><strong>XB-ARM-ART<\/strong> Brazo articulado de 4 metros<strong><\/strong><\/p>\n<\/p><\/div>\n<hr style='border: 0; border-top: 1px solid rgba(150&comma; 150&comma; 150&comma; 0.3); margin: 30px 0;'>\n<div style='text-align: center; margin-bottom: 30px;'>\n<h2 style='font-size: 20px; margin: 0; color: inherit; opacity: 0.8;'>Segundo paso: Accesorios de seguridad y fijaci\u00f3n.<\/h2>\n<p style='margin: 10px 0; color: inherit;'><strong>XB-ANCLA<\/strong> Ancla de fijaci\u00f3n para barreras AccessPRO<\/p>\n<p style='margin: 10px 0; color: inherit;'><strong>XBS-SW-01<\/strong> Botonera triple de uso rudo para barreras y motores.<\/p>\n<p style='margin: 10px 0; color: inherit;'><strong>XBS-IR33<\/strong> Fotocelda infrarroja de seguridad con alcance de hasta 10 metros<\/p>\n<p style='margin: 10px 0; color: inherit;'><strong>XB-DLP-1101<\/strong> Sensor de masa de un canal&comma; requiere fuente <strong>PL-DC-1000<\/strong> y un lazo magn\u00e9tico <strong>SYS-LM6 o SYS-LM4<\/strong><\/p>\n<p style='margin: 10px 0; color: inherit;'><strong>XBS-RDA06<\/strong> Radar para barreras AccessPRO con alcance de hasta 6 metros.<\/p>\n<p style='margin: 10px 0; color: inherit;'><strong>XB-REC2<\/strong> Receptor inal\u00e1mbrico para 400 controles (agregando un bot\u00f3n por control)&comma; compatible con transmisores <strong>XBT-23<\/strong> control de llavero&comma; <strong>XBT-18-BC<\/strong> control de visera y <strong>XB-WT-01<\/strong> control tipo bot\u00f3n de pared.<\/p>\n<p style='margin: 10px 0; color: inherit;'><strong>10LZR-H100KIT-19327<\/strong> Sensor laser para seguridad con un alcance de 9.6 x 9.6 metros&comma; reemplace lazos magn\u00e9ticos<\/p>\n<p style='margin: 10px 0; color: inherit;'><strong>PRO-LIGHT-LED<\/strong> Sem\u00e1foro de se\u00f1alizaci\u00f3n Rojo\/Verde&comma; requiere montaje <strong>XB-ML.<\/strong><\/p>\n<\/p><\/div>\n<hr style='border: 0; border-top: 1px solid rgba(150&comma; 150&comma; 150&comma; 0.3); margin: 30px 0;'>\n<div style='display: flex; flex-wrap: wrap; gap: 30px; justify-content: center; margin-bottom: 30px;'>\n<div style='flex: 1 1 300px; min-width: 280px;'>\n<div style='position: relative; padding-bottom: 56.25%; height: 0; overflow: hidden; margin-bottom: 30px;'>   <\/div>\n<\/p><\/div>\n<div style='flex: 1 1 300px; min-width: 280px;'>\n<div style='position: relative; padding-bottom: 56.25%; height: 0; overflow: hidden; margin-bottom: 30px;'>   <\/div>\n<\/p><\/div>\n<div style='flex: 1 1 300px; min-width: 280px;'>\n<div style='position: relative; padding-bottom: 56.25%; height: 0; overflow: hidden; margin-bottom: 30px;'>   <\/div>\n<\/p><\/div>\n<\/p><\/div>\n<div style='display: flex; flex-wrap: wrap; gap: 30px; justify-content: center; margin-bottom: 30px;'>\n<div style='flex: 1 1 300px; min-width: 280px;'>\n<div style='position: relative; padding-bottom: 56.25%; height: 0; overflow: hidden; margin-bottom: 30px;'>   <\/div>\n<\/p><\/div>\n<div style='flex: 1 1 300px; min-width: 280px;'>\n<div style='position: relative; padding-bottom: 56.25%; height: 0; overflow: hidden; margin-bottom: 30px;'>   <\/div>\n<\/p><\/div>\n<div style='flex: 1 1 300px; min-width: 280px;'>\n<div style='position: relative; padding-bottom: 56.25%; height: 0; overflow: hidden; margin-bottom: 30px;'>   <\/div>\n<\/p><\/div>\n<\/p><\/div>\n<hr style='border: 0; border-top: 1px solid rgba(150&comma; 150&comma; 150&comma; 0.3); margin: 30px 0;'> <\/div>\n","protected":false},"excerpt":{"rendered":"<p>Barrera Vehicular Izquierda \/ Soporta Brazo ARTICULADO de Hasta 4 Metros \/ Final de Carrera Ajustable Por Programaci\u00f3n \/ Tiempo de Apertura de 3 Segundos \/ Con Corona Led Semaforizada<\/p>\n","protected":false},"featured_media":20964,"comment_status":"open","ping_status":"closed","template":"","meta":[],"product_brand":[],"product_cat":[748],"product_tag":[401,234,749],"class_list":{"0":"post-20965","1":"product","2":"type-product","3":"status-publish","4":"has-post-thumbnail","6":"product_cat-barreras-vehiculares","7":"product_tag-acceso-vehicular","8":"product_tag-accesspro","9":"product_tag-barreras-vehiculares","11":"first","12":"instock","13":"sale","14":"shipping-taxable","15":"purchasable","16":"product-type-simple"},"_links":{"self":[{"href":"https:\/\/soydeaqui.ddns.net\/pachuca\/index.php\/wp-json\/wp\/v2\/product\/20965","targetHints":{"allow":["GET"]}}],"collection":[{"href":"https:\/\/soydeaqui.ddns.net\/pachuca\/index.php\/wp-json\/wp\/v2\/product"}],"about":[{"href":"https:\/\/soydeaqui.ddns.net\/pachuca\/index.php\/wp-json\/wp\/v2\/types\/product"}],"replies":[{"embeddable":true,"href":"https:\/\/soydeaqui.ddns.net\/pachuca\/index.php\/wp-json\/wp\/v2\/comments?post=20965"}],"wp:featuredmedia":[{"embeddable":true,"href":"https:\/\/soydeaqui.ddns.net\/pachuca\/index.php\/wp-json\/wp\/v2\/media\/20964"}],"wp:attachment":[{"href":"https:\/\/soydeaqui.ddns.net\/pachuca\/index.php\/wp-json\/wp\/v2\/media?parent=20965"}],"wp:term":[{"taxonomy":"product_brand","embeddable":true,"href":"https:\/\/soydeaqui.ddns.net\/pachuca\/index.php\/wp-json\/wp\/v2\/product_brand?post=20965"},{"taxonomy":"product_cat","embeddable":true,"href":"https:\/\/soydeaqui.ddns.net\/pachuca\/index.php\/wp-json\/wp\/v2\/product_cat?post=20965"},{"taxonomy":"product_tag","embeddable":true,"href":"https:\/\/soydeaqui.ddns.net\/pachuca\/index.php\/wp-json\/wp\/v2\/product_tag?post=20965"}],"curies":[{"name":"wp","href":"https:\/\/api.w.org\/{rel}","templated":true}]}}