{"id":20946,"date":"2026-03-18T10:29:51","date_gmt":"2026-03-18T10:29:51","guid":{"rendered":"https:\/\/soydeaqui.ddns.net\/pachuca\/index.php\/producto\/licencia-de-integracion-axtraxpro-plugin-para-uso-con-milestone-xprotect\/"},"modified":"2026-03-18T10:29:52","modified_gmt":"2026-03-18T10:29:52","slug":"licencia-de-integracion-axtraxpro-plugin-para-uso-con-milestone-xprotect","status":"publish","type":"product","link":"https:\/\/soydeaqui.ddns.net\/pachuca\/index.php\/producto\/licencia-de-integracion-axtraxpro-plugin-para-uso-con-milestone-xprotect\/","title":{"rendered":"Licencia de integracion AxTraxPro\u2122 Plugin para uso con Milestone Xprotect"},"content":{"rendered":"<div style='width: 100%; max-width: 1200px; margin: 0 auto; font-family: sans-serif; line-height: 1.6; color: inherit; background-color: transparent;'>\n<div style='display: flex; flex-wrap: wrap; gap: 30px; margin-bottom: 30px;'>\n<div style='flex: 1 1 300px; min-width: 280px;'>\n<p style='font-size: 15px; color: inherit; text-align: justify; text-justify: inter-word;'> La integracion con AxTraxPro\u2122 habilita la conexi\u00f3n con Milestone XProtect\u00ae para agregar en el sistema la administraci\u00f3n del control de acceso y los operadores administren de una manera m\u00e1s conveniente los eventos y alarmas por medio de XProtect Smart&comma; Web y clientes m\u00f3viles. <\/p>\n<p style='font-size: 15px; color: inherit; text-align: justify; text-justify: inter-word; margin-top: 15px;'> Los eventos pueden ser monitoreados&comma; las alarmas se pueden operar y el video puede ser visto&comma; todo desde una sencilla interface. <\/p>\n<\/p><\/div>\n<\/p><\/div>\n<div style='display: flex; flex-wrap: wrap; gap: 30px; margin-bottom: 30px; justify-content: center;'>\n<div style='flex: 1 1 300px; min-width: 280px; max-width: 873px;'> <img style='width: 100%; height: auto; border: 1px solid rgba(150&comma;150&comma;150&comma;0.3); border-radius: 8px;' src='https:\/\/ftp3.syscom.mx\/usuarios\/gjimenez\/ROSSLARE\/AXTRAXPRO\/axtraxpro%20milestone.jpg' alt='Integraci\u00f3n AxTraxPro con Milestone XProtect'> <\/div>\n<\/p><\/div>\n<\/p><\/div>\n","protected":false},"excerpt":{"rendered":"<p>Licencia de integracion AxTraxPro\u2122 Plugin para uso con Milestone Xprotect<\/p>\n","protected":false},"featured_media":32,"comment_status":"open","ping_status":"closed","template":"","meta":[],"product_brand":[],"product_cat":[791],"product_tag":[793,563,792],"class_list":{"0":"post-20946","1":"product","2":"type-product","3":"status-publish","4":"has-post-thumbnail","6":"product_cat-control-de-acceso-software-de-asistencia","7":"product_tag-control-de-acceso","8":"product_tag-rosslare-security-products","9":"product_tag-software-de-asistencia","11":"first","12":"outofstock","13":"sale","14":"shipping-taxable","15":"purchasable","16":"product-type-simple"},"_links":{"self":[{"href":"https:\/\/soydeaqui.ddns.net\/pachuca\/index.php\/wp-json\/wp\/v2\/product\/20946","targetHints":{"allow":["GET"]}}],"collection":[{"href":"https:\/\/soydeaqui.ddns.net\/pachuca\/index.php\/wp-json\/wp\/v2\/product"}],"about":[{"href":"https:\/\/soydeaqui.ddns.net\/pachuca\/index.php\/wp-json\/wp\/v2\/types\/product"}],"replies":[{"embeddable":true,"href":"https:\/\/soydeaqui.ddns.net\/pachuca\/index.php\/wp-json\/wp\/v2\/comments?post=20946"}],"wp:featuredmedia":[{"embeddable":true,"href":"https:\/\/soydeaqui.ddns.net\/pachuca\/index.php\/wp-json\/wp\/v2\/media\/32"}],"wp:attachment":[{"href":"https:\/\/soydeaqui.ddns.net\/pachuca\/index.php\/wp-json\/wp\/v2\/media?parent=20946"}],"wp:term":[{"taxonomy":"product_brand","embeddable":true,"href":"https:\/\/soydeaqui.ddns.net\/pachuca\/index.php\/wp-json\/wp\/v2\/product_brand?post=20946"},{"taxonomy":"product_cat","embeddable":true,"href":"https:\/\/soydeaqui.ddns.net\/pachuca\/index.php\/wp-json\/wp\/v2\/product_cat?post=20946"},{"taxonomy":"product_tag","embeddable":true,"href":"https:\/\/soydeaqui.ddns.net\/pachuca\/index.php\/wp-json\/wp\/v2\/product_tag?post=20946"}],"curies":[{"name":"wp","href":"https:\/\/api.w.org\/{rel}","templated":true}]}}