{"id":20932,"date":"2026-03-18T10:29:35","date_gmt":"2026-03-18T10:29:35","guid":{"rendered":"https:\/\/soydeaqui.ddns.net\/pachuca\/index.php\/producto\/puerta-de-garage-d-alta-calidad-18x7-pies-1-3-4-aislante-termico-estilo-americana-imitacion-madera-black-walnut\/"},"modified":"2026-03-18T10:29:35","modified_gmt":"2026-03-18T10:29:35","slug":"puerta-de-garage-d-alta-calidad-18x7-pies-1-3-4-aislante-termico-estilo-americana-imitacion-madera-black-walnut","status":"publish","type":"product","link":"https:\/\/soydeaqui.ddns.net\/pachuca\/index.php\/producto\/puerta-de-garage-d-alta-calidad-18x7-pies-1-3-4-aislante-termico-estilo-americana-imitacion-madera-black-walnut\/","title":{"rendered":"Puerta de Garage D \/ Alta calidad \/ 18&#215;7 pies \/ 1 3\/4&#8243; Aislante Termico \/ Estilo Americana \/ Imitacion Madera \/ BLACK WALNUT ."},"content":{"rendered":"<div style='width: 100%; max-width: 1200px; margin: 0 auto; font-family: sans-serif; line-height: 1.6; color: inherit; background-color: transparent;'>\n<div style='display: flex; flex-direction: column; gap: 30px;'>\n<div style='text-align: center;'>\n<h2 style='font-size: 28px; margin: 0 0 15px; color: inherit; opacity: 0.9;'>Transforma tu hogar con estilo y funcionalidad<\/h2>\n<\/p><\/div>\n<div style='display: flex; flex-direction: column; gap: 20px;'>\n<div style='border-left: 5px solid #300d0d; padding: 15px; border-radius: 8px; background-color: rgba(150&comma; 150&comma; 150&comma; 0.05);'>\n<h3 style='font-size: 20px; margin: 0 0 15px; color: inherit; opacity: 0.85;'>Caracter\u00edsticas principales:<\/h3>\n<ul style='padding-left: 20px; margin: 0; font-size: 15px; color: inherit;'>\n<li style='margin-bottom: 8px;'>Las puertas de garage imitacion madera tipo americanas ofrecen una combinacion de gran belleza&comma; resistencia y eficiencia termica.<\/li>\n<li style='margin-bottom: 8px;'>Rodamientos y herrajes de gran calidad&comma; para una operacion silenciosa y eficaz.<\/li>\n<li style='margin-bottom: 8px;'>Eficiencia termica&comma; lo mejor en este tipo de puertas.<\/li>\n<li style='margin-bottom: 8px;'>Operacion suave&comma; segura y silenciosa.<\/li>\n<\/ul><\/div>\n<div style='border-left: 5px solid #300d0d; padding: 15px; border-radius: 8px; background-color: rgba(150&comma; 150&comma; 150&comma; 0.05);'>\n<h3 style='font-size: 20px; margin: 0 0 15px; color: inherit; opacity: 0.85;'>Caracter\u00edsticas F\u00edsicas:<\/h3>\n<p style='margin: 0; font-size: 15px; color: inherit;'>Las puertas de cochera o puertas para garage asendentes <strong style='color: #3598db;'>AccessPro<\/strong> son de la mas alta calidad. El panel de las puertas automaticas se fabrica en lamina calibre 26&comma; con relleno poliuretano de alta densidad de 1 3\/4&#8242; para brindar mayor rigidez y un aislamiento termico y acustico mas eficiente.<\/p>\n<\/p><\/div>\n<div style='border-left: 5px solid #300d0d; padding: 15px; border-radius: 8px; background-color: rgba(150&comma; 150&comma; 150&comma; 0.05);'>\n<h3 style='font-size: 20px; margin: 0 0 15px; color: inherit; opacity: 0.85;'>Caracter\u00edsticas Destacadas:<\/h3>\n<p style='margin: 0; font-size: 15px; color: inherit;'>Puerta residencial rellena 43mm de poliuretano inyectado con una densidad de 45 kgs\/cbm.<\/p>\n<\/p><\/div>\n<\/p><\/div>\n<div style='display: flex; flex-direction: column; gap: 20px;'>\n<div style='display: flex; flex-direction: column; gap: 15px;'>\n<h2 style='font-size: 24px; margin: 0; color: inherit; opacity: 0.85;'>Experimenta la perfecta armon\u00eda entre elegancia y comodidad.<\/h2>\n<p style='margin: 0; font-size: 15px; color: inherit;'>Dale a tu espacio ese toque distintivo que merece con nuestras puertas de garaje de imitaci\u00f3n a madera. A pesar de su apariencia aut\u00e9ntica&comma; estas puertas no solo ofrecen un estilo refinado&comma; sino que tambi\u00e9n brindan ventajas pr\u00e1cticas significativas.<\/p>\n<p style='margin: 0; font-size: 15px; color: inherit;'>No tendr\u00e1s que preocuparte por el mantenimiento&comma; ya que nuestras puertas no se ven afectadas por la humedad&comma; no se agrietan ni se deforman con el tiempo.<\/p>\n<\/p><\/div>\n<div style='display: flex; flex-wrap: wrap; gap: 30px; align-items: center;'>\n<div style='flex: 1 1 300px; min-width: 280px;'> <img style='width: 100%; height: auto; border: 1px solid rgba(150&comma;150&comma;150&comma;0.3); border-radius: 8px;' src='https:\/\/ftp3.syscom.mx\/usuarios\/mario.rodriguez\/PUERTADEGARAJE\/FOTOS\/WhatsApp%20Image%202024-08-29%20at%2010.57.20%20AM.jpeg' alt='Puerta de garaje imitaci\u00f3n madera'> <\/div>\n<div style='flex: 1 1 300px; min-width: 280px;'> <img style='width: 100%; height: auto; border: 1px solid rgba(150&comma;150&comma;150&comma;0.3); border-radius: 8px;' src='https:\/\/ftp3.syscom.mx\/usuarios\/mario.rodriguez\/PUERTADEGARAJE\/LR\/MADERABLACK\/Medidas%20Imitacion%20Madera%20Black..png' alt='Medidas de puerta de garaje'> <\/div>\n<\/p><\/div>\n<\/p><\/div>\n<div style='display: flex; flex-direction: column; gap: 20px;'>\n<h2 style='font-size: 24px; margin: 0; color: inherit; opacity: 0.85;'>La importancia del aislamiento en las puertas de garage.<\/h2>\n<p style='margin: 0; font-size: 15px; color: inherit;'>El aislamiento de las puertas de garaje es un factor crucial para garantizar el confort y la durabilidad de tu hogar. Una puerta de garaje bien aislada act\u00faa como una barrera contra temperaturas extremas&comma; manteniendo el calor durante el invierno y el frescor en los meses m\u00e1s c\u00e1lidos.<\/p>\n<p style='margin: 0; font-size: 15px; color: inherit;'>Esto no solo ayuda a mantener una temperatura interior m\u00e1s estable&comma; sino que tambi\u00e9n reduce la carga sobre los sistemas de calefacci\u00f3n y aire acondicionado&comma; lo que se traduce en un ahorro significativo en las facturas de energ\u00eda.<\/p>\n<\/p><\/div>\n<div style='display: flex; flex-direction: column; gap: 20px;'>\n<p style='margin: 0; font-size: 15px; color: inherit;'>Las puertas de garage no solo cumplen con su funci\u00f3n b\u00e1sica de seguridad y confort&comma; sino que tambi\u00e9n juegan un papel fundamental en la eficiencia energ\u00e9tica del hogar. Est\u00e1n dise\u00f1adas con materiales de alta calidad que proporcionan un excelente aislamiento t\u00e9rmico y ac\u00fastico.<\/p>\n<div style='display: flex; flex-direction: column; gap: 15px;'>\n<div style='border-left: 3px solid rgba(150&comma;150&comma;150&comma;0.5); padding-left: 15px;'>\n<h4 style='font-size: 16px; margin: 0; color: inherit; opacity: 0.85;'>Aislamiento t\u00e9rmico:<\/h4>\n<p style='margin: 8px 0 0; font-size: 14px; color: inherit;'>El aislamiento t\u00e9rmico es crucial para mantener una temperatura estable dentro del garaje.<\/p>\n<\/p><\/div>\n<div style='border-left: 3px solid rgba(150&comma;150&comma;150&comma;0.5); padding-left: 15px;'>\n<h4 style='font-size: 16px; margin: 0; color: inherit; opacity: 0.85;'>Aislamiento ac\u00fastico:<\/h4>\n<p style='margin: 8px 0 0; font-size: 14px; color: inherit;'>El aislamiento ac\u00fastico es otro factor clave que proporcionan estas puertas de garaje.<\/p>\n<\/p><\/div>\n<div style='border-left: 3px solid rgba(150&comma;150&comma;150&comma;0.5); padding-left: 15px;'>\n<h4 style='font-size: 16px; margin: 0; color: inherit; opacity: 0.85;'>Impacto en el ahorro energ\u00e9tico:<\/h4>\n<p style='margin: 8px 0 0; font-size: 14px; color: inherit;'>La combinaci\u00f3n de ambos tipos de aislamiento tiene un impacto directo en la eficiencia energ\u00e9tica del hogar.<\/p>\n<\/p><\/div>\n<\/p><\/div>\n<\/p><\/div>\n<div style='display: flex; flex-direction: column; align-items: center; gap: 15px; padding: 20px; border-top: 1px solid rgba(150&comma;150&comma;150&comma;0.3); border-bottom: 1px solid rgba(150&comma;150&comma;150&comma;0.3);'>\n<p style='margin: 0; font-size: 16px; color: inherit; text-align: center;'>La puerta GARAGE-187B se compone de 4 secciones de 21&#8242;<\/p>\n<p style='margin: 0; font-size: 15px; color: inherit; text-align: center;'>Encontrara la medida ideal para cualquier tipo de proyecto ya sea para remodelar o nuevo proyecto.<\/p>\n<p style='margin: 0; font-size: 15px; color: inherit; text-align: center;'>Nuestras puertas de garaje est\u00e1n disponibles en medidas est\u00e1ndar que se ajustan a las necesidades m\u00e1s comunes&comma; como aquellas dise\u00f1adas para uno o dos veh\u00edculos. Sin importar las dimensiones de su garage&comma; nuestras opciones te garantizan una soluci\u00f3n que encaje perfectamente y eleve la funcionalidad como la est\u00e9tica de tu hogar.<\/p>\n<p> <a style='display: inline-block; padding: 12px 24px; background-color: #c0392b; color: white; text-decoration: none; border-radius: 5px; font-weight: bold; margin-top: 10px;' href='https:\/\/www.syscom.mx\/panel\/calculador_cochera'>\u00bfQue modelo de puerta necesito?<\/a> <\/div>\n<div style='display: flex; justify-content: center;'> <img style='width: 100%; max-width: 600px; height: auto; border: 1px solid rgba(150&comma;150&comma;150&comma;0.3); border-radius: 8px;' src='https:\/\/ftp3.syscom.mx\/usuarios\/mario.rodriguez\/PUERTADEGARAJE\/LR\/MADERABLACK\/AdobeStock_436319418.jpeg' alt='Puerta de garaje estilo americana'> <\/div>\n<\/p><\/div>\n<hr style='border: 0; border-top: 1px solid rgba(150&comma; 150&comma; 150&comma; 0.3); margin: 30px 0;'> <\/div>\n","protected":false},"excerpt":{"rendered":"<p>Puerta de Garage D \/ Alta calidad \/ 18&#215;7 pies \/ 1 3\/4&#8243; Aislante Termico \/ Estilo Americana \/ Imitacion Madera \/ BLACK WALNUT .<\/p>\n","protected":false},"featured_media":20931,"comment_status":"open","ping_status":"closed","template":"","meta":[],"product_brand":[],"product_cat":[400],"product_tag":[401,234,402],"class_list":{"0":"post-20932","1":"product","2":"type-product","3":"status-publish","4":"has-post-thumbnail","6":"product_cat-puertas-de-garage","7":"product_tag-acceso-vehicular","8":"product_tag-accesspro","9":"product_tag-puertas-de-garage","11":"first","12":"outofstock","13":"sale","14":"shipping-taxable","15":"purchasable","16":"product-type-simple"},"_links":{"self":[{"href":"https:\/\/soydeaqui.ddns.net\/pachuca\/index.php\/wp-json\/wp\/v2\/product\/20932","targetHints":{"allow":["GET"]}}],"collection":[{"href":"https:\/\/soydeaqui.ddns.net\/pachuca\/index.php\/wp-json\/wp\/v2\/product"}],"about":[{"href":"https:\/\/soydeaqui.ddns.net\/pachuca\/index.php\/wp-json\/wp\/v2\/types\/product"}],"replies":[{"embeddable":true,"href":"https:\/\/soydeaqui.ddns.net\/pachuca\/index.php\/wp-json\/wp\/v2\/comments?post=20932"}],"wp:featuredmedia":[{"embeddable":true,"href":"https:\/\/soydeaqui.ddns.net\/pachuca\/index.php\/wp-json\/wp\/v2\/media\/20931"}],"wp:attachment":[{"href":"https:\/\/soydeaqui.ddns.net\/pachuca\/index.php\/wp-json\/wp\/v2\/media?parent=20932"}],"wp:term":[{"taxonomy":"product_brand","embeddable":true,"href":"https:\/\/soydeaqui.ddns.net\/pachuca\/index.php\/wp-json\/wp\/v2\/product_brand?post=20932"},{"taxonomy":"product_cat","embeddable":true,"href":"https:\/\/soydeaqui.ddns.net\/pachuca\/index.php\/wp-json\/wp\/v2\/product_cat?post=20932"},{"taxonomy":"product_tag","embeddable":true,"href":"https:\/\/soydeaqui.ddns.net\/pachuca\/index.php\/wp-json\/wp\/v2\/product_tag?post=20932"}],"curies":[{"name":"wp","href":"https:\/\/api.w.org\/{rel}","templated":true}]}}