{"id":20920,"date":"2026-03-18T10:29:22","date_gmt":"2026-03-18T10:29:22","guid":{"rendered":"https:\/\/soydeaqui.ddns.net\/pachuca\/index.php\/producto\/lector-biometrico-facial-bew3-lector-de-tarjetas-prox-em-mifare-tarjetas-virtuales-por-bluetooth-con-proteccion-ip67-ik08\/"},"modified":"2026-03-18T10:29:26","modified_gmt":"2026-03-18T10:29:26","slug":"lector-biometrico-facial-bew3-lector-de-tarjetas-prox-em-mifare-tarjetas-virtuales-por-bluetooth-con-proteccion-ip67-ik08","status":"publish","type":"product","link":"https:\/\/soydeaqui.ddns.net\/pachuca\/index.php\/producto\/lector-biometrico-facial-bew3-lector-de-tarjetas-prox-em-mifare-tarjetas-virtuales-por-bluetooth-con-proteccion-ip67-ik08\/","title":{"rendered":"Lector Biom\u00e9trico Facial (BEW3) \/ lector de tarjetas Prox EM, mifare, Tarjetas Virtuales por Bluetooth \/ con protecci\u00f3n IP67, IK08"},"content":{"rendered":"<div style='width: 100%; max-width: 1200px; margin: 0 auto; font-family: sans-serif; line-height: 1.6; color: inherit; background-color: transparent;'>\n<div style='display: flex; flex-wrap: wrap; gap: 30px; margin-bottom: 30px;'>\n<div style='flex: 1 1 300px; min-width: 280px;'> <img style='width: 100%; height: auto; border: 1px solid rgba(150&comma;150&comma;150&comma;0.3); border-radius: 8px;' src='https:\/\/ftp3.syscom.mx\/usuarios\/gjimenez\/SUPREMA\/BEW3\/logo%20suprema.jpg' alt='logo suprema'> <\/div>\n<div style='flex: 1 1 300px; min-width: 280px;'> <img style='width: 100%; height: auto; border: 1px solid rgba(150&comma;150&comma;150&comma;0.3); border-radius: 8px;' src='https:\/\/ftp3.syscom.mx\/usuarios\/gjimenez\/SUPREMA\/BEW3\/BEW3%20%20%20%20ok%20%20sin%20fondo.jpg' alt='BEW3'> <\/div>\n<\/p><\/div>\n<div style='display: flex; flex-wrap: wrap; gap: 30px; margin-bottom: 30px;'>\n<div style='flex: 1 1 300px; min-width: 280px;'>\n<h3 style='font-size: 22px; border-bottom: 2px solid currentColor; padding-bottom: 5px; margin-top: 0; color: inherit; opacity: 0.8;'>Descripci\u00f3n<\/h3>\n<p style='font-size: 15px; color: inherit;'> BioEntry W3 es un innovador dispositivo de control de acceso con autenticaci\u00f3n facial impulsado por la avanzada tecnolog\u00eda de inteligencia artificial de Suprema. Su procesador de IA&comma; optimizado con aprendizaje profundo (NPU)&comma; garantiza una alta precisi\u00f3n y velocidades de procesamiento facial ultrarr\u00e1pidas. Dise\u00f1ado para ofrecer durabilidad y resistencia&comma; BioEntry W3 resiste impactos externos y condiciones extremas&comma; manteniendo un perfil delgado y compacto. Experimente el futuro de la seguridad con un dispositivo que prioriza la seguridad de los datos privados&comma; la simplicidad elegante y la durabilidad. <\/p>\n<\/p><\/div>\n<\/p><\/div>\n<div style='display: flex; flex-wrap: wrap; gap: 30px; margin-bottom: 30px;'>\n<div style='flex: 1 1 300px; min-width: 280px;'>\n<h3 style='font-size: 22px; border-bottom: 2px solid currentColor; padding-bottom: 5px; margin-top: 0; color: inherit; opacity: 0.8;'>Construcci\u00f3n Durable<\/h3>\n<p style='font-size: 15px; color: inherit;'> BioEntry W3 est\u00e1 dise\u00f1ado para durar. Puede soportar un uso prolongado y condiciones dif\u00edciles sin perder su integridad o funcionalidad. <\/p>\n<p> <img style='width: 100%; height: auto; border: 1px solid rgba(150&comma;150&comma;150&comma;0.3); border-radius: 8px;' src='https:\/\/ftp3.syscom.mx\/usuarios\/gjimenez\/SUPREMA\/BEW3\/BEW3%20%20agua%20y%20polvo.jpg' alt='BEW3 proteccion'> <\/div>\n<\/p><\/div>\n<hr style='border: 0; border-top: 1px solid rgba(150&comma; 150&comma; 150&comma; 0.3); margin: 30px 0;'>\n<div style='display: flex; flex-wrap: wrap; gap: 30px; margin-bottom: 30px;'>\n<div style='flex: 1 1 300px; min-width: 280px;'>\n<h3 style='font-size: 22px; border-bottom: 2px solid currentColor; padding-bottom: 5px; margin-top: 0; color: inherit; opacity: 0.8;'>Especificaciones<\/h3>\n<div style='display: flex; flex-wrap: wrap; gap: 20px;'>\n<div style='flex: 1 1 200px; border: 1px solid rgba(150&comma; 150&comma; 150&comma; 0.4); border-radius: 8px; overflow: hidden; display: flex; flex-direction: column;'>\n<div style='padding: 15px; border-bottom: 1px solid rgba(150&comma; 150&comma; 150&comma; 0.2); font-weight: bold; font-size: 18px; color: inherit;'>Credenciales<\/div>\n<div style='padding: 15px; color: inherit;'>\n<ul style='padding-left: 20px; margin: 0; font-size: 14px; list-style-type: disc;'>\n<li style='margin-bottom: 5px;'><strong>Biometr\u00eda:<\/strong> Face<\/li>\n<li style='margin-bottom: 5px;'><strong>RF Option:<\/strong> 125kHz EM &#038; 13.56MHz MIFARE&comma; MIFARE Plus&comma; DESFire&comma; DESFire EV1\/EV2\/EV3&comma; FeliCa<\/li>\n<li style='margin-bottom: 5px;'><strong>RF Read Range:<\/strong> MIFARE\/DESFire\/EM: 50 mm&comma; FeliCa: 30 mm<\/li>\n<li style='margin-bottom: 5px;'><strong>Tarjeta Virtual:<\/strong> NFC&comma; BLE<\/li>\n<\/ul><\/div>\n<\/p><\/div>\n<div style='flex: 1 1 200px; border: 1px solid rgba(150&comma; 150&comma; 150&comma; 0.4); border-radius: 8px; overflow: hidden; display: flex; flex-direction: column;'>\n<div style='padding: 15px; border-bottom: 1px solid rgba(150&comma; 150&comma; 150&comma; 0.2); font-weight: bold; font-size: 18px; color: inherit;'>Protecciones<\/div>\n<div style='padding: 15px; color: inherit;'>\n<ul style='padding-left: 20px; margin: 0; font-size: 14px; list-style-type: disc;'>\n<li style='margin-bottom: 5px;'><strong>IP Rating:<\/strong> IP67<\/li>\n<li style='margin-bottom: 5px;'><strong>IK Rating:<\/strong> IK08<\/li>\n<\/ul><\/div>\n<\/p><\/div>\n<div style='flex: 1 1 200px; border: 1px solid rgba(150&comma; 150&comma; 150&comma; 0.4); border-radius: 8px; overflow: hidden; display: flex; flex-direction: column;'>\n<div style='padding: 15px; border-bottom: 1px solid rgba(150&comma; 150&comma; 150&comma; 0.2); font-weight: bold; font-size: 18px; color: inherit;'>Autenticaci\u00f3n Facial<\/div>\n<div style='padding: 15px; color: inherit;'>\n<ul style='padding-left: 20px; margin: 0; font-size: 14px; list-style-type: disc;'>\n<li style='margin-bottom: 5px;'><strong>Distancia de Autenticaci\u00f3n:<\/strong> 0.3 ~ 1.0 m<\/li>\n<li style='margin-bottom: 5px;'><strong>Altura de Autenticaci\u00f3n:<\/strong> 1.4 ~ 1.9 m<\/li>\n<li style='margin-bottom: 5px;'><strong>Velocidad de Autenticaci\u00f3n:<\/strong> Menos de 0.2 segundos<\/li>\n<li style='margin-bottom: 5px;'><strong>Detecci\u00f3n de Rostro en Vivo:<\/strong> Soportado<\/li>\n<\/ul><\/div>\n<\/p><\/div>\n<div style='flex: 1 1 200px; border: 1px solid rgba(150&comma; 150&comma; 150&comma; 0.4); border-radius: 8px; overflow: hidden; display: flex; flex-direction: column;'>\n<div style='padding: 15px; border-bottom: 1px solid rgba(150&comma; 150&comma; 150&comma; 0.2); font-weight: bold; font-size: 18px; color: inherit;'>Capacidad<\/div>\n<div style='padding: 15px; color: inherit;'>\n<ul style='padding-left: 20px; margin: 0; font-size: 14px; list-style-type: disc;'>\n<li style='margin-bottom: 5px;'><strong>M\u00e1x. Usuarios:<\/strong> 100&comma;000<\/li>\n<li style='margin-bottom: 5px;'><strong>M\u00e1x. Credenciales (1:N):<\/strong> 30&comma;000 (Face)&comma; 100&comma;000 (Card)<\/li>\n<li style='margin-bottom: 5px;'><strong>M\u00e1x. Credenciales (1:1):<\/strong> 30&comma;000 (Face)&comma; 100&comma;000 (Card)<\/li>\n<li style='margin-bottom: 5px;'><strong>M\u00e1x. Registros de Texto:<\/strong> 1&comma;000&comma;000<\/li>\n<li style='margin-bottom: 5px;'><strong>M\u00e1x. Registros de Imagen:<\/strong> 10&comma;000<\/li>\n<\/ul><\/div>\n<\/p><\/div>\n<div style='flex: 1 1 200px; border: 1px solid rgba(150&comma; 150&comma; 150&comma; 0.4); border-radius: 8px; overflow: hidden; display: flex; flex-direction: column;'>\n<div style='padding: 15px; border-bottom: 1px solid rgba(150&comma; 150&comma; 150&comma; 0.2); font-weight: bold; font-size: 18px; color: inherit;'>General<\/div>\n<div style='padding: 15px; color: inherit;'>\n<ul style='padding-left: 20px; margin: 0; font-size: 14px; list-style-type: disc;'>\n<li style='margin-bottom: 5px;'><strong>CPU:<\/strong> 1.5 GHz Quad Core<\/li>\n<li style='margin-bottom: 5px;'><strong>Memoria:<\/strong> 16 GB Flash + 2 GB RAM<\/li>\n<li style='margin-bottom: 5px;'><strong>Chip Criptogr\u00e1fico:<\/strong> Soportado<\/li>\n<li style='margin-bottom: 5px;'><strong>Pantalla:<\/strong> 1.3\u201d PMOLED<\/li>\n<li style='margin-bottom: 5px;'><strong>C\u00e1mara:<\/strong> IR: 2M p\u00edxeles&comma; Visual: 2M p\u00edxeles<\/li>\n<li style='margin-bottom: 5px;'><strong>LED:<\/strong> Multi-color<\/li>\n<li style='margin-bottom: 5px;'><strong>Sonido:<\/strong> 16 bit<\/li>\n<li style='margin-bottom: 5px;'><strong>Temperatura de Operaci\u00f3n:<\/strong> -20 \u00b0C ~ 50 \u00b0C<\/li>\n<li style='margin-bottom: 5px;'><strong>Temperatura de Almacenamiento:<\/strong> -40 \u00b0C ~ 70 \u00b0C<\/li>\n<li style='margin-bottom: 5px;'><strong>Humedad de Operaci\u00f3n:<\/strong> 0 % ~ 80 %&comma; no condensante<\/li>\n<li style='margin-bottom: 5px;'><strong>Humedad de Almacenamiento:<\/strong> 0 % ~ 90 %&comma; no condensante<\/li>\n<li style='margin-bottom: 5px;'><strong>Peso:<\/strong> Dispositivo: 283 g&comma; Soporte: 36 g<\/li>\n<li style='margin-bottom: 5px;'><strong>Dimensiones (Ancho x Alto x Profundidad&comma; mm):<\/strong> 50 x 160 x 34.15 mm<\/li>\n<li style='margin-bottom: 5px;'><strong>Certificaciones:<\/strong> CE&comma; UKCA&comma; KC&comma; FCC&comma; IC&comma; RCM&comma; BIS&comma; ANATEL&comma; SIG&comma; RoHS&comma; REACH&comma; WEEE&comma; EAC&comma; TELEC<\/li>\n<\/ul><\/div>\n<\/p><\/div>\n<div style='flex: 1 1 200px; border: 1px solid rgba(150&comma; 150&comma; 150&comma; 0.4); border-radius: 8px; overflow: hidden; display: flex; flex-direction: column;'>\n<div style='padding: 15px; border-bottom: 1px solid rgba(150&comma; 150&comma; 150&comma; 0.2); font-weight: bold; font-size: 18px; color: inherit;'>Interfaz<\/div>\n<div style='padding: 15px; color: inherit;'>\n<ul style='padding-left: 20px; margin: 0; font-size: 14px; list-style-type: disc;'>\n<li style='margin-bottom: 5px;'><strong>Ethernet:<\/strong> Soportado (10\/100 Mbps&comma; auto MDI\/MDI-X)<\/li>\n<li style='margin-bottom: 5px;'><strong>RS-485:<\/strong> 1 canal Master \/ Slave (Seleccionable)<\/li>\n<li style='margin-bottom: 5px;'><strong>Protocolo RS-485:<\/strong> OSDP V2 compliant<\/li>\n<li style='margin-bottom: 5px;'><strong>Wiegand:<\/strong> 1 canal Input y 1 canal Output<\/li>\n<li style='margin-bottom: 5px;'><strong>Entradas:<\/strong> 3 canales<\/li>\n<li style='margin-bottom: 5px;'><strong>Rel\u00e9:<\/strong> 1 Rel\u00e9<\/li>\n<li style='margin-bottom: 5px;'><strong>USB:<\/strong> USB 2.0 (Tipo C)&comma; solo para actualizaci\u00f3n de firmware<\/li>\n<li style='margin-bottom: 5px;'><strong>Puerto de Expansi\u00f3n USB:<\/strong> Soportado<\/li>\n<li style='margin-bottom: 5px;'><strong>PoE:<\/strong> No soportado<\/li>\n<li style='margin-bottom: 5px;'><strong>RTSP:<\/strong> Soportado (Protocolo de Streaming en Tiempo Real)<\/li>\n<li style='margin-bottom: 5px;'><strong>Tamper:<\/strong> Soportado<\/li>\n<\/ul><\/div>\n<\/p><\/div>\n<div style='flex: 1 1 200px; border: 1px solid rgba(150&comma; 150&comma; 150&comma; 0.4); border-radius: 8px; overflow: hidden; display: flex; flex-direction: column;'>\n<div style='padding: 15px; border-bottom: 1px solid rgba(150&comma; 150&comma; 150&comma; 0.2); font-weight: bold; font-size: 18px; color: inherit;'>Especificaciones El\u00e9ctricas<\/div>\n<div style='padding: 15px; color: inherit;'>\n<ul style='padding-left: 20px; margin: 0; font-size: 14px; list-style-type: disc;'>\n<li style='margin-bottom: 5px;'><strong>Alimentaci\u00f3n:<\/strong> Voltaje: 12 Vdc&comma; Corriente: M\u00e1x. 1.0 A \/ Voltaje: 24 Vdc&comma; Corriente: M\u00e1x. 0.6 A<\/li>\n<\/ul><\/div>\n<\/p><\/div>\n<\/p><\/div>\n<\/p><\/div>\n<\/p><\/div>\n<\/p><\/div>\n","protected":false},"excerpt":{"rendered":"<p>Lector Biom\u00e9trico Facial (BEW3) \/ lector de tarjetas Prox EM, mifare, Tarjetas Virtuales por Bluetooth \/ con protecci\u00f3n IP67, IK08<\/p>\n","protected":false},"featured_media":20919,"comment_status":"open","ping_status":"closed","template":"","meta":[],"product_brand":[],"product_cat":[743],"product_tag":[744,745,798],"class_list":{"0":"post-20920","1":"product","2":"type-product","3":"status-publish","4":"has-post-thumbnail","6":"product_cat-para-tiempo-y-asistencia-checadores","7":"product_tag-biometricos","8":"product_tag-para-tiempo-y-asistencia-checadores","9":"product_tag-suprema","11":"first","12":"instock","13":"sale","14":"shipping-taxable","15":"purchasable","16":"product-type-simple"},"_links":{"self":[{"href":"https:\/\/soydeaqui.ddns.net\/pachuca\/index.php\/wp-json\/wp\/v2\/product\/20920","targetHints":{"allow":["GET"]}}],"collection":[{"href":"https:\/\/soydeaqui.ddns.net\/pachuca\/index.php\/wp-json\/wp\/v2\/product"}],"about":[{"href":"https:\/\/soydeaqui.ddns.net\/pachuca\/index.php\/wp-json\/wp\/v2\/types\/product"}],"replies":[{"embeddable":true,"href":"https:\/\/soydeaqui.ddns.net\/pachuca\/index.php\/wp-json\/wp\/v2\/comments?post=20920"}],"wp:featuredmedia":[{"embeddable":true,"href":"https:\/\/soydeaqui.ddns.net\/pachuca\/index.php\/wp-json\/wp\/v2\/media\/20919"}],"wp:attachment":[{"href":"https:\/\/soydeaqui.ddns.net\/pachuca\/index.php\/wp-json\/wp\/v2\/media?parent=20920"}],"wp:term":[{"taxonomy":"product_brand","embeddable":true,"href":"https:\/\/soydeaqui.ddns.net\/pachuca\/index.php\/wp-json\/wp\/v2\/product_brand?post=20920"},{"taxonomy":"product_cat","embeddable":true,"href":"https:\/\/soydeaqui.ddns.net\/pachuca\/index.php\/wp-json\/wp\/v2\/product_cat?post=20920"},{"taxonomy":"product_tag","embeddable":true,"href":"https:\/\/soydeaqui.ddns.net\/pachuca\/index.php\/wp-json\/wp\/v2\/product_tag?post=20920"}],"curies":[{"name":"wp","href":"https:\/\/api.w.org\/{rel}","templated":true}]}}