{"id":20899,"date":"2026-03-18T10:28:59","date_gmt":"2026-03-18T10:28:59","guid":{"rendered":"https:\/\/soydeaqui.ddns.net\/pachuca\/index.php\/producto\/puerta-de-garage-d-alta-calidad-16x8-pies-1-3-4-aislante-termico-estilo-americana-imitacion-madera-black-walnut\/"},"modified":"2026-03-18T10:28:59","modified_gmt":"2026-03-18T10:28:59","slug":"puerta-de-garage-d-alta-calidad-16x8-pies-1-3-4-aislante-termico-estilo-americana-imitacion-madera-black-walnut","status":"publish","type":"product","link":"https:\/\/soydeaqui.ddns.net\/pachuca\/index.php\/producto\/puerta-de-garage-d-alta-calidad-16x8-pies-1-3-4-aislante-termico-estilo-americana-imitacion-madera-black-walnut\/","title":{"rendered":"Puerta de Garage D \/ Alta calidad \/ 16&#215;8 pies \/ 1 3\/4&#8243; Aislante Termico \/ Estilo Americana \/ Imitacion Madera \/ BLACK WALNUT ."},"content":{"rendered":"<div style='width: 100%; max-width: 1200px; margin: 0 auto; font-family: sans-serif; line-height: 1.6; color: inherit; background-color: transparent;'> <!-- Secci\u00f3n principal --> <\/p>\n<div style='margin-bottom: 30px;'>\n<h2 style='font-size: 24px; color: #5f4747; margin-bottom: 15px;'>Transforma tu hogar con estilo y funcionalidad<\/h2>\n<h3 style='font-size: 18px; color: #5f4747; margin-bottom: 20px;'>Puerta Residencial de la serie GARAGE-B<\/h3>\n<p style='font-size: 14px; color: #5f4747;'>M\u00e1s que una simple entrada&comma; nuestras puertas combinan un dise\u00f1o elegante con tecnolog\u00eda de vanguardia&comma; ofreciendo una soluci\u00f3n que se adapta perfectamente a las necesidades de su hogar.<\/p>\n<\/p><\/div>\n<p> <!-- Secci\u00f3n de caracter\u00edsticas --> <\/p>\n<div style='display: flex; flex-wrap: wrap; gap: 20px; margin-bottom: 30px;'>\n<div style='flex: 1 1 300px; min-width: 280px; border: 1px solid rgba(150&comma; 150&comma; 150&comma; 0.4); border-radius: 8px; padding: 15px;'>\n<h3 style='font-size: 16px; border-bottom: 2px solid currentColor; padding-bottom: 5px; margin-top: 0; margin-bottom: 15px; color: inherit; opacity: 0.8;'>Caracter\u00edsticas principales<\/h3>\n<ul style='padding-left: 20px; font-size: 14px; color: inherit; list-style-type: disc;'>\n<li style='margin-bottom: 8px;'>Las puertas de garage imitaci\u00f3n madera tipo americanas ofrecen una combinaci\u00f3n de gran belleza&comma; resistencia y eficiencia t\u00e9rmica.<\/li>\n<li style='margin-bottom: 8px;'>Rodamientos y herrajes de gran calidad&comma; para una operaci\u00f3n silenciosa y eficaz.<\/li>\n<li style='margin-bottom: 8px;'>Eficiencia t\u00e9rmica&comma; lo mejor en este tipo de puertas.<\/li>\n<li style='margin-bottom: 8px;'>Operaci\u00f3n suave&comma; segura y silenciosa.<\/li>\n<\/ul><\/div>\n<div style='flex: 1 1 300px; min-width: 280px; border: 1px solid rgba(150&comma; 150&comma; 150&comma; 0.4); border-radius: 8px; padding: 15px;'>\n<h3 style='font-size: 16px; border-bottom: 2px solid currentColor; padding-bottom: 5px; margin-top: 0; margin-bottom: 15px; color: inherit; opacity: 0.8;'>Caracter\u00edsticas F\u00edsicas<\/h3>\n<p style='font-size: 14px; color: inherit;'>Las puertas de cochera o puertas para garage ascendentes AccessPro son de la m\u00e1s alta calidad. El panel de las puertas autom\u00e1ticas se fabrica en l\u00e1mina calibre 26&comma; con relleno poliuretano de alta densidad de 1 3\/4&#8242; para brindar mayor rigidez y un aislamiento t\u00e9rmico y ac\u00fastico m\u00e1s eficiente.<\/p>\n<\/p><\/div>\n<div style='flex: 1 1 300px; min-width: 280px; border: 1px solid rgba(150&comma; 150&comma; 150&comma; 0.4); border-radius: 8px; padding: 15px;'>\n<h3 style='font-size: 16px; border-bottom: 2px solid currentColor; padding-bottom: 5px; margin-top: 0; margin-bottom: 15px; color: inherit; opacity: 0.8;'>Caracter\u00edsticas Destacadas<\/h3>\n<p style='font-size: 14px; color: inherit;'>Puerta residencial rellena con 43mm de poliuretano inyectado con una densidad de 45 kgs\/cbm.<\/p>\n<\/p><\/div>\n<\/p><\/div>\n<p> <!-- Separador --> <\/p>\n<hr style='border: 0; border-top: 1px solid rgba(150&comma; 150&comma; 150&comma; 0.3); margin: 30px 0;'> <!-- Secci\u00f3n con imagen --> <\/p>\n<div style='display: flex; flex-wrap: wrap; gap: 30px; margin-bottom: 30px;'>\n<div style='flex: 1 1 300px; min-width: 280px; flex-grow: 2;'>\n<h2 style='font-size: 20px; color: #5f4747; margin-top: 0; margin-bottom: 15px;'>Experimenta la perfecta armon\u00eda entre elegancia y comodidad<\/h2>\n<p style='font-size: 14px; color: #5f4747;'>Dale a tu espacio ese toque distintivo que merece con nuestras puertas de garaje de imitaci\u00f3n a madera. A pesar de su apariencia aut\u00e9ntica&comma; estas puertas no solo ofrecen un estilo refinado&comma; sino que tambi\u00e9n brindan ventajas pr\u00e1cticas significativas.<\/p>\n<p style='font-size: 14px; color: #5f4747;'>No tendr\u00e1s que preocuparte por el mantenimiento&comma; ya que nuestras puertas no se ven afectadas por la humedad&comma; no se agrietan ni se deforman con el tiempo.<\/p>\n<\/p><\/div>\n<div style='flex: 1 1 300px; min-width: 280px;'> <img style='width: 100%; height: auto; border: 1px solid rgba(150&comma;150&comma;150&comma;0.3); border-radius: 8px;' src='https:\/\/ftp3.syscom.mx\/usuarios\/mario.rodriguez\/PUERTADEGARAJE\/FOTOS\/WhatsApp%20Image%202024-08-29%20at%2010.57.20%20AM.jpeg' alt='Puerta de garage estilo americana imitaci\u00f3n madera'> <\/div>\n<\/p><\/div>\n<p> <!-- Separador --> <\/p>\n<hr style='border: 0; border-top: 1px solid rgba(150&comma; 150&comma; 150&comma; 0.3); margin: 30px 0;'> <!-- Secci\u00f3n con imagen y texto --> <\/p>\n<div style='display: flex; flex-wrap: wrap; gap: 30px; margin-bottom: 30px;'>\n<div style='flex: 1 1 300px; min-width: 280px;'> <img style='width: 100%; height: auto; border: 1px solid rgba(150&comma;150&comma;150&comma;0.3); border-radius: 8px;' src='https:\/\/ftp3.syscom.mx\/usuarios\/mario.rodriguez\/PUERTADEGARAJE\/FOTOS\/Captura1.png' alt='Diagrama de aislamiento t\u00e9rmico'> <\/div>\n<div style='flex: 1 1 300px; min-width: 280px; flex-grow: 2;'>\n<h2 style='font-size: 20px; color: #674b4b; margin-top: 0; margin-bottom: 15px;'>La importancia del aislamiento en las puertas de garage<\/h2>\n<p style='font-size: 14px; color: #674b4b;'>El aislamiento de las puertas de garaje es un factor crucial para garantizar el confort y la durabilidad de tu hogar. Una puerta de garaje bien aislada act\u00faa como una barrera contra temperaturas extremas&comma; manteniendo el calor durante el invierno y el frescor en los meses m\u00e1s c\u00e1lidos.<\/p>\n<p style='font-size: 14px; color: #674b4b;'>Esto no solo ayuda a mantener una temperatura interior m\u00e1s estable&comma; sino que tambi\u00e9n reduce la carga sobre los sistemas de calefacci\u00f3n y aire acondicionado&comma; lo que se traduce en un ahorro significativo en las facturas de energ\u00eda.<\/p>\n<\/p><\/div>\n<\/p><\/div>\n<p> <!-- Separador --> <\/p>\n<hr style='border: 0; border-top: 1px solid rgba(150&comma; 150&comma; 150&comma; 0.3); margin: 30px 0;'> <!-- Secci\u00f3n de medidas --> <\/p>\n<div style='margin-bottom: 30px;'>\n<h2 style='font-size: 20px; color: #674b4b; margin-top: 0; margin-bottom: 15px;'>Encontrar\u00e1s la medida ideal para cualquier tipo de proyecto<\/h2>\n<p style='font-size: 14px; color: #674b4b;'>Cuando se trata de elegir la puerta de garaje ideal&comma; la variedad de medidas disponibles es esencial para asegurar una instalaci\u00f3n perfecta y un funcionamiento \u00f3ptimo. Cada proyecto es \u00fanico&comma; ya sea la remodelaci\u00f3n de una estructura existente o una nueva construcci\u00f3n&comma; por lo que ofrecemos una amplia gama de tama\u00f1os que se adaptan a cualquier tipo de espacio.<\/p>\n<p style='font-size: 14px; color: #674b4b;'>Nuestras puertas de garaje est\u00e1n disponibles en medidas est\u00e1ndar que se ajustan a las necesidades m\u00e1s comunes&comma; como aquellas dise\u00f1adas para uno o dos veh\u00edculos. Sin importar las dimensiones de tu garage&comma; nuestras opciones te garantizan una soluci\u00f3n que encaje perfectamente y eleve la funcionalidad como la est\u00e9tica de tu hogar.<\/p>\n<p style='font-size: 14px; color: #674b4b;'>La puerta GARAGE-168B se compone de 5 secciones de 19.2&#8242;.<\/p>\n<\/p><\/div>\n<p> <!-- Secci\u00f3n de beneficios --> <\/p>\n<div style='margin-bottom: 30px;'>\n<h3 style='font-size: 16px; border-bottom: 2px solid currentColor; padding-bottom: 5px; margin-top: 0; margin-bottom: 15px; color: inherit; opacity: 0.8;'>Beneficios del aislamiento<\/h3>\n<ul style='padding-left: 20px; font-size: 14px; color: inherit; list-style-type: disc;'>\n<li style='margin-bottom: 8px;'><strong>Aislamiento t\u00e9rmico:<\/strong> El aislamiento t\u00e9rmico es crucial para mantener una temperatura estable dentro del garaje. Es importante para mantener el calor durante el invierno y el frescor en los meses m\u00e1s c\u00e1lidos.<\/li>\n<li style='margin-bottom: 8px;'><strong>Aislamiento ac\u00fastico:<\/strong> El aislamiento ac\u00fastico es otro factor clave que proporcionan estas puertas de garaje. Ayuda a reducir el ruido exterior que podr\u00eda entrar a tu hogar.<\/li>\n<li style='margin-bottom: 8px;'><strong>Impacto en el ahorro energ\u00e9tico:<\/strong> La combinaci\u00f3n de ambos tipos de aislamiento tiene un impacto directo en la eficiencia energ\u00e9tica del hogar. Al mantener una temperatura m\u00e1s estable&comma; se reduce la necesidad de usar sistemas de calefacci\u00f3n y aire acondicionado constantemente.<\/li>\n<\/ul><\/div>\n<p> <!-- Imagen final --> <\/p>\n<div style='margin-bottom: 30px;'> <img style='width: 100%; height: auto; border: 1px solid rgba(150&comma;150&comma;150&comma;0.3); border-radius: 8px;' src='https:\/\/ftp3.syscom.mx\/usuarios\/mario.rodriguez\/PUERTADEGARAJE\/LR\/MADERABLACK\/AdobeStock_436319418.jpeg' alt='Puerta de garage estilo americana imitaci\u00f3n madera'> <\/div>\n<p> <!-- Enlace --> <\/p>\n<div style='text-align: center; margin: 30px 0;'>\n<p style='font-size: 24px; color: #674b4b; margin-bottom: 15px;'>\u00bfQu\u00e9 modelo de puerta necesito?<\/p>\n<p> <a style='font-size: 24px; color: #c0392b; text-decoration: none; border: 2px solid #c0392b; padding: 10px 20px; border-radius: 5px;' href='https:\/\/www.syscom.mx\/panel\/calculador_cochera'>Haz clic aqu\u00ed<\/a> <\/div>\n<\/p><\/div>\n","protected":false},"excerpt":{"rendered":"<p>Puerta de Garage D \/ Alta calidad \/ 16&#215;8 pies \/ 1 3\/4&#8243; Aislante Termico \/ Estilo Americana \/ Imitacion Madera \/ BLACK WALNUT .<\/p>\n","protected":false},"featured_media":20898,"comment_status":"open","ping_status":"closed","template":"","meta":[],"product_brand":[],"product_cat":[400],"product_tag":[401,234,402],"class_list":{"0":"post-20899","1":"product","2":"type-product","3":"status-publish","4":"has-post-thumbnail","6":"product_cat-puertas-de-garage","7":"product_tag-acceso-vehicular","8":"product_tag-accesspro","9":"product_tag-puertas-de-garage","11":"first","12":"outofstock","13":"sale","14":"shipping-taxable","15":"purchasable","16":"product-type-simple"},"_links":{"self":[{"href":"https:\/\/soydeaqui.ddns.net\/pachuca\/index.php\/wp-json\/wp\/v2\/product\/20899","targetHints":{"allow":["GET"]}}],"collection":[{"href":"https:\/\/soydeaqui.ddns.net\/pachuca\/index.php\/wp-json\/wp\/v2\/product"}],"about":[{"href":"https:\/\/soydeaqui.ddns.net\/pachuca\/index.php\/wp-json\/wp\/v2\/types\/product"}],"replies":[{"embeddable":true,"href":"https:\/\/soydeaqui.ddns.net\/pachuca\/index.php\/wp-json\/wp\/v2\/comments?post=20899"}],"wp:featuredmedia":[{"embeddable":true,"href":"https:\/\/soydeaqui.ddns.net\/pachuca\/index.php\/wp-json\/wp\/v2\/media\/20898"}],"wp:attachment":[{"href":"https:\/\/soydeaqui.ddns.net\/pachuca\/index.php\/wp-json\/wp\/v2\/media?parent=20899"}],"wp:term":[{"taxonomy":"product_brand","embeddable":true,"href":"https:\/\/soydeaqui.ddns.net\/pachuca\/index.php\/wp-json\/wp\/v2\/product_brand?post=20899"},{"taxonomy":"product_cat","embeddable":true,"href":"https:\/\/soydeaqui.ddns.net\/pachuca\/index.php\/wp-json\/wp\/v2\/product_cat?post=20899"},{"taxonomy":"product_tag","embeddable":true,"href":"https:\/\/soydeaqui.ddns.net\/pachuca\/index.php\/wp-json\/wp\/v2\/product_tag?post=20899"}],"curies":[{"name":"wp","href":"https:\/\/api.w.org\/{rel}","templated":true}]}}