{"id":20895,"date":"2026-03-18T10:28:53","date_gmt":"2026-03-18T10:28:53","guid":{"rendered":"https:\/\/soydeaqui.ddns.net\/pachuca\/index.php\/producto\/motor-para-puertas-corredizas-de-hasta-1000-kgs-velocidad-de-apertura-20-metros-x-minuto-longitud-maxima-de-la-hoja-20-metros\/"},"modified":"2026-03-18T10:28:53","modified_gmt":"2026-03-18T10:28:53","slug":"motor-para-puertas-corredizas-de-hasta-1000-kgs-velocidad-de-apertura-20-metros-x-minuto-longitud-maxima-de-la-hoja-20-metros","status":"publish","type":"product","link":"https:\/\/soydeaqui.ddns.net\/pachuca\/index.php\/producto\/motor-para-puertas-corredizas-de-hasta-1000-kgs-velocidad-de-apertura-20-metros-x-minuto-longitud-maxima-de-la-hoja-20-metros\/","title":{"rendered":"Motor Para Puertas Corredizas de Hasta 1000 Kgs \/ Velocidad de Apertura 20 Metros X Minuto \/ Longitud M\u00e1xima de la Hoja 20 Metros"},"content":{"rendered":"<div style='width: 100%; max-width: 1200px; margin: 0 auto; font-family: sans-serif; line-height: 1.6; color: inherit; background-color: transparent;'>\n<div style='width: 100%; text-align: center; margin: 20px 0;'>\n<h1 style='font-size: 24px; color: inherit; margin: 0;'>Especificaciones Motor 801MS-0560<\/h1>\n<\/p><\/div>\n<div style='display: flex; flex-wrap: wrap; gap: 30px; margin-bottom: 30px;'>\n<div style='flex: 1 1 300px; min-width: 280px;'>\n<div style='border: 1px solid rgba(150&comma;150&comma;150&comma;0.4); border-radius: 8px; overflow: hidden;'>\n<div style='padding: 15px; background-color: rgba(0&comma;0&comma;255&comma;0.1); border-bottom: 1px solid rgba(150&comma;150&comma;150&comma;0.2); font-weight: bold; font-size: 18px; color: inherit;'>Caracter\u00edsticas Principales:<\/div>\n<ul style='padding: 15px; margin: 0; font-size: 14px; list-style-type: disc; color: inherit;'>\n<li style='margin-bottom: 5px;'>Para puertas corredizas de hasta 1000 kgs<\/li>\n<li style='margin-bottom: 5px;'>Velocidad de apertura de 20 m\/s<\/li>\n<li style='margin-bottom: 5px;'>Pi\u00f1on modulo 4<\/li>\n<li style='margin-bottom: 5px;'>Version de motor <strong style='color: inherit;'>BXV010RGF<\/strong><\/li>\n<\/ul><\/div>\n<\/p><\/div>\n<div style='flex: 1 1 300px; min-width: 280px;'>\n<div style='border: 1px solid rgba(150&comma;150&comma;150&comma;0.4); border-radius: 8px; overflow: hidden;'>\n<div style='padding: 15px; background-color: rgba(0&comma;0&comma;255&comma;0.1); border-bottom: 1px solid rgba(150&comma;150&comma;150&comma;0.2); font-weight: bold; font-size: 18px; color: inherit;'>Caracter\u00edsticas F\u00edsicas y El\u00e9ctricas:<\/div>\n<ul style='padding: 15px; margin: 0; font-size: 14px; list-style-type: disc; color: inherit;'>\n<li style='margin-bottom: 5px;'>Voltaje de alimentaci\u00f3n 120 VAC<\/li>\n<li style='margin-bottom: 5px;'>Voltaje de operacion del motor 24VDC<\/li>\n<li style='margin-bottom: 5px;'>Potencia m\u00e1xima de 240W<\/li>\n<li style='margin-bottom: 5px;'>Consumo en reposo de 5.5 W<\/li>\n<\/ul><\/div>\n<\/p><\/div>\n<div style='flex: 1 1 300px; min-width: 280px;'>\n<div style='border: 1px solid rgba(150&comma;150&comma;150&comma;0.4); border-radius: 8px; overflow: hidden;'>\n<div style='padding: 15px; background-color: rgba(0&comma;0&comma;255&comma;0.1); border-bottom: 1px solid rgba(150&comma;150&comma;150&comma;0.2); font-weight: bold; font-size: 18px; color: inherit;'>Caracter\u00edsticas Destacadas:<\/div>\n<ul style='padding: 15px; margin: 0; font-size: 14px; list-style-type: disc; color: inherit;'>\n<li style='margin-bottom: 5px;'>Equipo de uso intensivo<\/li>\n<li style='margin-bottom: 5px;'>Fuerza de trabajo de 450N<\/li>\n<li style='margin-bottom: 5px;'>Temperatura de operaci\u00f3n de -20 a 70\u00b0C<\/li>\n<li style='margin-bottom: 5px;'>Peso del motor 12 Kgs<\/li>\n<\/ul><\/div>\n<\/p><\/div>\n<\/p><\/div>\n<div style='width: 100%; margin: 30px 0; padding: 20px; border: 1px solid rgba(150&comma;150&comma;150&comma;0.3); border-radius: 8px; background-color: rgba(255&comma;255&comma;255&comma;0.05);'>\n<p style='text-align: center; font-size: 18px; margin: 0 0 15px 0; color: inherit;'><strong style='color: inherit;'>\u00bfQu\u00e9 necesito cotizar para una instalaci\u00f3n?<\/strong><\/p>\n<p style='text-align: center; margin: 5px 0; color: inherit;'>1 x <strong style='color: inherit;'>801MS-0560<\/strong> Motor para puertas corredizas de hasta 1000 kgs<\/p>\n<p style='text-align: center; margin: 5px 0; color: inherit;'><strong style='color: inherit;'>009-CGZ<\/strong> Cremallera CAME de Modulo 4 (Se vende por metro&comma; la cantidad depende del tama\u00f1o de la puerta)<\/p>\n<\/p><\/div>\n<div style='width: 100%; margin: 30px 0; padding: 20px; border: 1px solid rgba(150&comma;150&comma;150&comma;0.3); border-radius: 8px; background-color: rgba(255&comma;255&comma;255&comma;0.05);'>\n<p style='text-align: center; font-size: 20px; margin: 0 0 15px 0; color: inherit;'><strong style='color: inherit;'>\u00bfQu\u00e9 accesorios opcionales puedo agregar a mi instalaci\u00f3n?<\/strong><\/p>\n<p style='text-align: center; margin: 5px 0; color: inherit;'><strong style='color: inherit;'>XBS-SW01<\/strong> Botonera triple de uso rudo<\/p>\n<p style='text-align: center; margin: 5px 0; color: inherit;'><strong style='color: inherit;'>001-DIR-10<\/strong> o <strong style='color: inherit;'>001-DIR-20<\/strong> Fotoceldas de seguridad CAME (Modelo a elegir de acuerdo al tama\u00f1o de la puerta)<\/p>\n<p style='text-align: center; margin: 5px 0; color: inherit;'><strong style='color: inherit;'>001-TOP432EE<\/strong> Control remoto de dos canales CAME (Requier receptor)<\/p>\n<p style='text-align: center; margin: 5px 0; color: inherit;'><strong style='color: inherit;'>001-AF-43S<\/strong> Receptor para controles CAME<\/p>\n<p style='text-align: center; margin: 5px 0; color: inherit;'><strong style='color: inherit;'>10-LZR-H100KIT-19327<\/strong> Sensor laser de seguridad para campos de hasta 9.6 x 9.6 metros<\/p>\n<\/p><\/div>\n<hr style='border: 0; border-top: 1px solid rgba(150&comma;150&comma;150&comma;0.3); margin: 30px 0;'> <\/div>\n","protected":false},"excerpt":{"rendered":"<p>Motor Para Puertas Corredizas de Hasta 1000 Kgs \/ Velocidad de Apertura 20 Metros X Minuto \/ Longitud M\u00e1xima de la Hoja 20 Metros<\/p>\n","protected":false},"featured_media":20894,"comment_status":"open","ping_status":"closed","template":"","meta":[],"product_brand":[],"product_cat":[860],"product_tag":[401,779,861],"class_list":{"0":"post-20895","1":"product","2":"type-product","3":"status-publish","4":"has-post-thumbnail","6":"product_cat-puertas-corredizas","7":"product_tag-acceso-vehicular","8":"product_tag-came","9":"product_tag-puertas-corredizas","11":"first","12":"instock","13":"sale","14":"shipping-taxable","15":"purchasable","16":"product-type-simple"},"_links":{"self":[{"href":"https:\/\/soydeaqui.ddns.net\/pachuca\/index.php\/wp-json\/wp\/v2\/product\/20895","targetHints":{"allow":["GET"]}}],"collection":[{"href":"https:\/\/soydeaqui.ddns.net\/pachuca\/index.php\/wp-json\/wp\/v2\/product"}],"about":[{"href":"https:\/\/soydeaqui.ddns.net\/pachuca\/index.php\/wp-json\/wp\/v2\/types\/product"}],"replies":[{"embeddable":true,"href":"https:\/\/soydeaqui.ddns.net\/pachuca\/index.php\/wp-json\/wp\/v2\/comments?post=20895"}],"wp:featuredmedia":[{"embeddable":true,"href":"https:\/\/soydeaqui.ddns.net\/pachuca\/index.php\/wp-json\/wp\/v2\/media\/20894"}],"wp:attachment":[{"href":"https:\/\/soydeaqui.ddns.net\/pachuca\/index.php\/wp-json\/wp\/v2\/media?parent=20895"}],"wp:term":[{"taxonomy":"product_brand","embeddable":true,"href":"https:\/\/soydeaqui.ddns.net\/pachuca\/index.php\/wp-json\/wp\/v2\/product_brand?post=20895"},{"taxonomy":"product_cat","embeddable":true,"href":"https:\/\/soydeaqui.ddns.net\/pachuca\/index.php\/wp-json\/wp\/v2\/product_cat?post=20895"},{"taxonomy":"product_tag","embeddable":true,"href":"https:\/\/soydeaqui.ddns.net\/pachuca\/index.php\/wp-json\/wp\/v2\/product_tag?post=20895"}],"curies":[{"name":"wp","href":"https:\/\/api.w.org\/{rel}","templated":true}]}}