{"id":20884,"date":"2026-03-18T10:28:43","date_gmt":"2026-03-18T10:28:43","guid":{"rendered":"https:\/\/soydeaqui.ddns.net\/pachuca\/index.php\/producto\/puerta-de-garage-d-alta-calidad-8x8-pies-1-3-4-aislante-termico-estilo-americana-imitacion-madera-black-walnut\/"},"modified":"2026-03-18T10:28:44","modified_gmt":"2026-03-18T10:28:44","slug":"puerta-de-garage-d-alta-calidad-8x8-pies-1-3-4-aislante-termico-estilo-americana-imitacion-madera-black-walnut","status":"publish","type":"product","link":"https:\/\/soydeaqui.ddns.net\/pachuca\/index.php\/producto\/puerta-de-garage-d-alta-calidad-8x8-pies-1-3-4-aislante-termico-estilo-americana-imitacion-madera-black-walnut\/","title":{"rendered":"Puerta de Garage D \/ Alta calidad \/ 8&#215;8 pies \/ 1 3\/4&#8243; Aislante Termico \/ Estilo Americana \/ Imitacion Madera \/ BLACK WALNUT ."},"content":{"rendered":"<div style='width: 100%; max-width: 1200px; margin: 0 auto; font-family: sans-serif; line-height: 1.6; color: inherit; background-color: transparent;'>\n<div style='display: flex; flex-wrap: wrap; gap: 30px; margin-bottom: 30px;'>\n<div style='flex: 1 1 300px; min-width: 280px;'>\n<h3 style='font-size: 22px; border-bottom: 2px solid currentColor; padding-bottom: 5px; margin-top: 0; color: inherit; opacity: 0.8;'>Transforma tu hogar con estilo y funcionalidad<\/h3>\n<p style='font-size: 15px; color: inherit;'>Las puertas de garaje de imitaci\u00f3n a madera ofrecen una combinaci\u00f3n de belleza&comma; resistencia y eficiencia t\u00e9rmica. Requieren menos mantenimiento&comma; ya que no se ven afectadas por la humedad&comma; no se agrietan ni se deforman con el tiempo.<\/p>\n<\/p><\/div>\n<\/p><\/div>\n<div style='display: flex; flex-wrap: wrap; gap: 20px; margin-bottom: 30px;'>\n<div style='flex: 1 1 250px; border: 1px solid rgba(150&comma; 150&comma; 150&comma; 0.4); border-radius: 8px; overflow: hidden; display: flex; flex-direction: column;'>\n<div style='padding: 15px; border-bottom: 1px solid rgba(150&comma; 150&comma; 150&comma; 0.2); font-weight: bold; font-size: 18px; color: inherit;'>Caracter\u00edsticas principales<\/div>\n<div style='padding: 15px; color: inherit;'>\n<ul style='padding-left: 20px; margin: 0; font-size: 14px; list-style-type: disc;'>\n<li style='margin-bottom: 5px;'>Puertas de garage imitaci\u00f3n madera tipo americanas con combinaci\u00f3n de belleza&comma; resistencia y eficiencia t\u00e9rmica<\/li>\n<li style='margin-bottom: 5px;'>Rodamientos y herrajes de alta calidad para operaci\u00f3n silenciosa y eficaz<\/li>\n<li style='margin-bottom: 5px;'>Excelente eficiencia t\u00e9rmica<\/li>\n<li style='margin-bottom: 5px;'>Operaci\u00f3n suave&comma; segura y silenciosa<\/li>\n<\/ul><\/div>\n<\/p><\/div>\n<div style='flex: 1 1 250px; border: 1px solid rgba(150&comma; 150&comma; 150&comma; 0.4); border-radius: 8px; overflow: hidden; display: flex; flex-direction: column;'>\n<div style='padding: 15px; border-bottom: 1px solid rgba(150&comma; 150&comma; 150&comma; 0.2); font-weight: bold; font-size: 18px; color: inherit;'>Caracter\u00edsticas f\u00edsicas<\/div>\n<div style='padding: 15px; color: inherit;'>\n<p style='font-size: 14px; margin-bottom: 10px;'>Las puertas de cochera ascendentes AccessPro son de alta calidad. El panel de las puertas autom\u00e1ticas se fabrica en l\u00e1mina calibre 26&comma; con relleno de poliuretano de alta densidad de 1 3\/4&#8242; para mayor rigidez y mejor aislamiento t\u00e9rmico y ac\u00fastico.<\/p>\n<\/p><\/div>\n<\/p><\/div>\n<div style='flex: 1 1 250px; border: 1px solid rgba(150&comma; 150&comma; 150&comma; 0.4); border-radius: 8px; overflow: hidden; display: flex; flex-direction: column;'>\n<div style='padding: 15px; border-bottom: 1px solid rgba(150&comma; 150&comma; 150&comma; 0.2); font-weight: bold; font-size: 18px; color: inherit;'>Caracter\u00edsticas destacadas<\/div>\n<div style='padding: 15px; color: inherit;'>\n<p style='font-size: 14px; margin-bottom: 10px;'>Puerta residencial rellena con 43mm de poliuretano inyectado con una densidad de 45 kgs\/cbm.<\/p>\n<\/p><\/div>\n<\/p><\/div>\n<\/p><\/div>\n<hr style='border: 0; border-top: 1px solid rgba(150&comma; 150&comma; 150&comma; 0.3); margin: 30px 0;'>\n<div style='display: flex; flex-wrap: wrap; gap: 30px; margin-bottom: 30px;'>\n<div style='flex: 1 1 300px; min-width: 280px;'>\n<h3 style='font-size: 22px; border-bottom: 2px solid currentColor; padding-bottom: 5px; margin-top: 0; color: inherit; opacity: 0.8;'>Elegancia y comodidad<\/h3>\n<p style='font-size: 15px; color: inherit;'>Dale a tu espacio ese toque distintivo que merece con nuestras puertas de garaje de imitaci\u00f3n a madera. A pesar de su apariencia aut\u00e9ntica&comma; estas puertas ofrecen un estilo refinado y ventajas pr\u00e1cticas significativas.<\/p>\n<p style='font-size: 15px; color: inherit;'>No tendr\u00e1s que preocuparte por el mantenimiento&comma; ya que nuestras puertas no se ven afectadas por la humedad&comma; no se agrietan ni se deforman con el tiempo.<\/p>\n<\/p><\/div>\n<div style='flex: 1 1 300px; min-width: 280px;'> <img style='width: 100%; height: auto; border: 1px solid rgba(150&comma;150&comma;150&comma;0.3); border-radius: 8px;' src='https:\/\/ftp3.syscom.mx\/usuarios\/mario.rodriguez\/PUERTADEGARAJE\/FOTOS\/WhatsApp%20Image%202024-08-29%20at%2010.57.20%20AM.jpeg' alt='Puerta de garaje imitaci\u00f3n madera'> <\/div>\n<\/p><\/div>\n<hr style='border: 0; border-top: 1px solid rgba(150&comma; 150&comma; 150&comma; 0.3); margin: 30px 0;'>\n<div style='display: flex; flex-wrap: wrap; gap: 30px; margin-bottom: 30px;'>\n<div style='flex: 1 1 300px; min-width: 280px;'> <img style='width: 100%; height: auto; border: 1px solid rgba(150&comma;150&comma;150&comma;0.3); border-radius: 8px;' src='https:\/\/ftp3.syscom.mx\/usuarios\/mario.rodriguez\/PUERTADEGARAJE\/FOTOS\/Captura1.png' alt='Medidas de puerta de garaje'> <\/div>\n<div style='flex: 1 1 300px; min-width: 280px;'>\n<h3 style='font-size: 22px; border-bottom: 2px solid currentColor; padding-bottom: 5px; margin-top: 0; color: inherit; opacity: 0.8;'>La importancia del aislamiento<\/h3>\n<p style='font-size: 15px; color: inherit;'>El aislamiento de las puertas de garaje es crucial para garantizar el confort y la durabilidad de tu hogar. Una puerta bien aislada act\u00faa como barrera contra temperaturas extremas&comma; manteniendo el calor en invierno y frescor en verano.<\/p>\n<p style='font-size: 15px; color: inherit;'>Esto ayuda a mantener una temperatura interior estable y reduce la carga sobre los sistemas de calefacci\u00f3n y aire acondicionado&comma; lo que se traduce en ahorro en las facturas de energ\u00eda.<\/p>\n<\/p><\/div>\n<\/p><\/div>\n<hr style='border: 0; border-top: 1px solid rgba(150&comma; 150&comma; 150&comma; 0.3); margin: 30px 0;'>\n<div style='display: flex; flex-wrap: wrap; gap: 30px; margin-bottom: 30px;'>\n<div style='flex: 1 1 300px; min-width: 280px;'>\n<h3 style='font-size: 22px; border-bottom: 2px solid currentColor; padding-bottom: 5px; margin-top: 0; color: inherit; opacity: 0.8;'>Encontrar la medida ideal<\/h3>\n<p style='font-size: 15px; color: inherit;'>Nuestras puertas est\u00e1n disponibles en una amplia gama de tama\u00f1os que se adaptan a cualquier tipo de espacio&comma; ya sea para remodelaci\u00f3n o nuevo proyecto. Las puertas de garaje no solo cumplen su funci\u00f3n b\u00e1sica de seguridad y confort&comma; sino que tambi\u00e9n contribuyen a la eficiencia energ\u00e9tica del hogar.<\/p>\n<p style='font-size: 15px; color: inherit;'>Ofrecemos medidas est\u00e1ndar que se ajustan a las necesidades m\u00e1s comunes&comma; como aquellas dise\u00f1adas para uno o dos veh\u00edculos. Sin importar las dimensiones de tu garage&comma; tenemos la soluci\u00f3n perfecta.<\/p>\n<p style='font-size: 15px; color: inherit;'><a href='https:\/\/www.syscom.mx\/panel\/calculador_cochera' style='color: #c0392b; text-decoration: underline;'>\u00bfQu\u00e9 modelo de puerta necesito? Encuentra la medida ideal aqu\u00ed<\/a><\/p>\n<\/p><\/div>\n<div style='flex: 1 1 300px; min-width: 280px;'> <img style='width: 100%; height: auto; border: 1px solid rgba(150&comma;150&comma;150&comma;0.3); border-radius: 8px;' src='https:\/\/ftp3.syscom.mx\/usuarios\/mario.rodriguez\/PUERTADEGARAJE\/LR\/MADERABLACK\/Medidas%20Imitacion%20Madera%20Black..png' alt='Medidas puerta de garaje'> <\/div>\n<\/p><\/div>\n<hr style='border: 0; border-top: 1px solid rgba(150&comma; 150&comma; 150&comma; 0.3); margin: 30px 0;'>\n<div style='display: flex; flex-wrap: wrap; gap: 30px; margin-bottom: 30px;'>\n<div style='flex: 1 1 300px; min-width: 280px;'>\n<h3 style='font-size: 22px; border-bottom: 2px solid currentColor; padding-bottom: 5px; margin-top: 0; color: inherit; opacity: 0.8;'>Aislamiento t\u00e9rmico y ac\u00fastico<\/h3>\n<ul style='padding-left: 20px; font-size: 15px; color: inherit;'>\n<li style='margin-bottom: 5px;'><strong>Aislamiento t\u00e9rmico:<\/strong> Mantiene temperatura estable dentro del garaje&comma; reduciendo la carga en sistemas de calefacci\u00f3n y aire acondicionado.<\/li>\n<li style='margin-bottom: 5px;'><strong>Aislamiento ac\u00fastico:<\/strong> Reduce el ruido exterior&comma; manteniendo un ambiente m\u00e1s tranquilo.<\/li>\n<li style='margin-bottom: 5px;'><strong>Ahorro energ\u00e9tico:<\/strong> La combinaci\u00f3n de aislamiento t\u00e9rmico y ac\u00fastico mejora la eficiencia energ\u00e9tica del hogar.<\/li>\n<\/ul><\/div>\n<div style='flex: 1 1 300px; min-width: 280px;'> <img style='width: 100%; height: auto; border: 1px solid rgba(150&comma;150&comma;150&comma;0.3); border-radius: 8px;' src='https:\/\/ftp3.syscom.mx\/usuarios\/mario.rodriguez\/PUERTADEGARAJE\/LR\/MADERABLACK\/AdobeStock_436319418.jpeg' alt='Puerta de garaje Black Walnut'> <\/div>\n<\/p><\/div>\n<hr style='border: 0; border-top: 1px solid rgba(150&comma; 150&comma; 150&comma; 0.3); margin: 30px 0;'>\n<div style='display: flex; flex-wrap: wrap; gap: 30px;'>\n<div style='flex: 1 1 300px; min-width: 280px;'>\n<p style='font-size: 15px; color: inherit; margin: 0;'><strong>Modelo:<\/strong> GARAGE-88B<\/p>\n<p style='font-size: 15px; color: inherit; margin: 0;'><strong>Composici\u00f3n:<\/strong> 5 secciones de 19.2&#8242;<\/p>\n<\/p><\/div>\n<\/p><\/div>\n<\/p><\/div>\n","protected":false},"excerpt":{"rendered":"<p>Puerta de Garage D \/ Alta calidad \/ 8&#215;8 pies \/ 1 3\/4&#8243; Aislante Termico \/ Estilo Americana \/ Imitacion Madera \/ BLACK WALNUT .<\/p>\n","protected":false},"featured_media":20883,"comment_status":"open","ping_status":"closed","template":"","meta":[],"product_brand":[],"product_cat":[400],"product_tag":[401,234,402],"class_list":{"0":"post-20884","1":"product","2":"type-product","3":"status-publish","4":"has-post-thumbnail","6":"product_cat-puertas-de-garage","7":"product_tag-acceso-vehicular","8":"product_tag-accesspro","9":"product_tag-puertas-de-garage","11":"first","12":"outofstock","13":"sale","14":"shipping-taxable","15":"purchasable","16":"product-type-simple"},"_links":{"self":[{"href":"https:\/\/soydeaqui.ddns.net\/pachuca\/index.php\/wp-json\/wp\/v2\/product\/20884","targetHints":{"allow":["GET"]}}],"collection":[{"href":"https:\/\/soydeaqui.ddns.net\/pachuca\/index.php\/wp-json\/wp\/v2\/product"}],"about":[{"href":"https:\/\/soydeaqui.ddns.net\/pachuca\/index.php\/wp-json\/wp\/v2\/types\/product"}],"replies":[{"embeddable":true,"href":"https:\/\/soydeaqui.ddns.net\/pachuca\/index.php\/wp-json\/wp\/v2\/comments?post=20884"}],"wp:featuredmedia":[{"embeddable":true,"href":"https:\/\/soydeaqui.ddns.net\/pachuca\/index.php\/wp-json\/wp\/v2\/media\/20883"}],"wp:attachment":[{"href":"https:\/\/soydeaqui.ddns.net\/pachuca\/index.php\/wp-json\/wp\/v2\/media?parent=20884"}],"wp:term":[{"taxonomy":"product_brand","embeddable":true,"href":"https:\/\/soydeaqui.ddns.net\/pachuca\/index.php\/wp-json\/wp\/v2\/product_brand?post=20884"},{"taxonomy":"product_cat","embeddable":true,"href":"https:\/\/soydeaqui.ddns.net\/pachuca\/index.php\/wp-json\/wp\/v2\/product_cat?post=20884"},{"taxonomy":"product_tag","embeddable":true,"href":"https:\/\/soydeaqui.ddns.net\/pachuca\/index.php\/wp-json\/wp\/v2\/product_tag?post=20884"}],"curies":[{"name":"wp","href":"https:\/\/api.w.org\/{rel}","templated":true}]}}