{"id":20853,"date":"2026-03-18T10:28:13","date_gmt":"2026-03-18T10:28:13","guid":{"rendered":"https:\/\/soydeaqui.ddns.net\/pachuca\/index.php\/producto\/barrera-vehicular-uso-continuo-5000000-ciclos-mcbf-brazo-telescopico-de-5-mts-apertura-de-4-seg-incluye-banda-protectora-anti-golpe-de-vehiculos\/"},"modified":"2026-03-18T10:28:14","modified_gmt":"2026-03-18T10:28:14","slug":"barrera-vehicular-uso-continuo-5000000-ciclos-mcbf-brazo-telescopico-de-5-mts-apertura-de-4-seg-incluye-banda-protectora-anti-golpe-de-vehiculos","status":"publish","type":"product","link":"https:\/\/soydeaqui.ddns.net\/pachuca\/index.php\/producto\/barrera-vehicular-uso-continuo-5000000-ciclos-mcbf-brazo-telescopico-de-5-mts-apertura-de-4-seg-incluye-banda-protectora-anti-golpe-de-vehiculos\/","title":{"rendered":"Barrera Vehicular USO CONTINUO 5,000,000 Ciclos MCBF \/ Brazo Telesc\u00f3pico de 5 mts \/Apertura de 4 seg \/ Incluye Banda Protectora Anti golpe de Veh\u00edculos"},"content":{"rendered":"<div style='width: 100%; max-width: 1200px; margin: 0 auto; font-family: sans-serif; line-height: 1.6; color: inherit; background-color: transparent;'>\n<div style='width: 100%; margin-bottom: 30px;'> <img style='width: 100%; height: auto; border: 1px solid rgba(150&comma;150&comma;150&comma;0.3); border-radius: 8px;' src='https:\/\/ftp3.syscom.mx\/usuarios\/fespinoza\/HIKVISION\/Dispositivos\/Banners\/Deep-learning-2.jpg' alt='Banner Deep Learning'> <\/div>\n<div style='display: flex; flex-wrap: wrap; gap: 30px; margin-bottom: 30px;'>\n<div style='flex: 1 1 300px; min-width: 280px;'>\n<h3 style='font-size: 22px; border-bottom: 2px solid currentColor; padding-bottom: 5px; margin-top: 0; color: inherit; opacity: 0.8;'>Caracter\u00edsticas principales<\/h3>\n<ul style='padding-left: 20px; font-size: 15px; color: inherit;'>\n<li style='margin-bottom: 5px;'><strong>Incluye:<\/strong> 2 controles remotos (bater\u00eda NO incluida <a style='color: #005cb9; text-decoration: none; font-weight: 600; font-size: 12px;' href='https:\/\/www.syscom.mx\/principal\/searchcont?route=FPD009-AccessPRO-68273&#038;autodetect=LR-27A'>FPD009<\/a>) 1 por control<\/li>\n<li style='margin-bottom: 5px;'><strong>Brazo:<\/strong> Telesc\u00f3pico de 5 mts<\/li>\n<li style='margin-bottom: 5px;'><strong>Ajuste:<\/strong> Independiente bajada\/subida de pluma<\/li>\n<li style='margin-bottom: 5px;'><strong>Protecci\u00f3n:<\/strong> IP54<\/li>\n<li style='margin-bottom: 5px;'><strong>Modos Anti bajada:<\/strong> Inducci\u00f3n&comma; IR&comma; onda de presi\u00f3n<\/li>\n<li style='margin-bottom: 5px;'><strong>Pluma:<\/strong> Ajustable de izquierda a derecha y viceversa<\/li>\n<li style='margin-bottom: 5px;'><strong>Sistema:<\/strong> Anticondensaci\u00f3n \/ anticongelamiento<\/li>\n<li style='margin-bottom: 5px;'><strong>Material:<\/strong> SECC (Acero electrogalvanizado)<\/li>\n<\/ul><\/div>\n<div style='flex: 1 1 300px; min-width: 280px;'>\n<h3 style='font-size: 22px; border-bottom: 2px solid currentColor; padding-bottom: 5px; margin-top: 0; color: inherit; opacity: 0.8;'>Caracter\u00edsticas F\u00edsicas y El\u00e9ctricas<\/h3>\n<ul style='padding-left: 20px; font-size: 15px; color: inherit;'>\n<li style='margin-bottom: 5px;'><strong>Alimentaci\u00f3n:<\/strong> 110 Vca<\/li>\n<li style='margin-bottom: 5px;'><strong>Velocidad elevaci\u00f3n:<\/strong> 1.5-2.5 sg<\/li>\n<li style='margin-bottom: 5px;'><strong>Velocidad ca\u00edda:<\/strong> Ajustable 2.5-3.5 sg<\/li>\n<li style='margin-bottom: 5px;'><strong>Peso:<\/strong> 59.3 kg<\/li>\n<li style='margin-bottom: 5px;'><strong>Frecuencia control remoto:<\/strong> 433 MHz<\/li>\n<li style='margin-bottom: 5px;'><strong>Temperatura de trabajo:<\/strong> -30\u00b0C a 70\u00b0C (-22\u00b0F a 158\u00b0F)<\/li>\n<\/ul><\/div>\n<\/p><\/div>\n<div style='display: flex; flex-wrap: wrap; gap: 30px; margin-bottom: 30px;'>\n<div style='flex: 1 1 300px; min-width: 280px;'>\n<h3 style='font-size: 22px; border-bottom: 2px solid currentColor; padding-bottom: 5px; margin-top: 0; color: inherit; opacity: 0.8;'>Consideraciones<\/h3>\n<ul style='padding-left: 20px; font-size: 15px; color: inherit;'>\n<li style='margin-bottom: 5px;'>Pruebas de operaci\u00f3n llevadas al l\u00edmite dando confiabilidad en partes mec\u00e1nicas&comma; siendo un motor con la cualidad de poder generar una temperatura ambiente nos brinda una excelente opci\u00f3n para ambientes con baja temperatura sin necesidad de accesorios adicionales por lo que evitaremos preocuparnos por un posible fallo por congelamiento.<\/li>\n<li style='margin-bottom: 5px;'>Sumando a esto su protecci\u00f3n de pl\u00e1stico Anti-UV lo que evita una decoloraci\u00f3n o opacamiento de su tonalidad nos dar\u00e1 siempre una imagen impecable.<\/li>\n<\/ul><\/div>\n<\/p><\/div>\n<div style='display: flex; flex-wrap: wrap; gap: 30px; margin-bottom: 30px;'>\n<div style='flex: 1 1 300px; min-width: 280px;'>\n<h3 style='font-size: 22px; border-bottom: 2px solid currentColor; padding-bottom: 5px; margin-top: 0; color: inherit; opacity: 0.8;'>Sistema Anti-Colisi\u00f3n<\/h3>\n<p style='margin-bottom: 15px;'>El sistema de identificaci\u00f3n vehicular previene que la barrera baje causando golpe al vehiculo o al peat\u00f3n.<\/p>\n<h3 style='font-size: 22px; border-bottom: 2px solid currentColor; padding-bottom: 5px; margin-top: 20px; margin-bottom: 15px; color: inherit; opacity: 0.8;'>Caracter\u00edsticas de la BARRERA<\/h3>\n<ul style='padding-left: 20px; font-size: 15px; color: inherit;'>\n<li style='margin-bottom: 5px;'>Cubierta de pl\u00e1stico Anti-UV (Antiest\u00e1tico) evita la decoloraci\u00f3n<\/li>\n<li style='margin-bottom: 5px;'><span style='color: #c0392b;'><strong>Brazo telescopico de 5 mts<\/strong><\/span><\/li>\n<li style='margin-bottom: 5px;'>Incluye 2 controles remotos (bater\u00eda no incluida)<\/li>\n<li style='margin-bottom: 5px;'>M\u00faltiples modos de operaci\u00f3n: A trav\u00e9s de rel\u00e9 externo&comma; control remoto<\/li>\n<li style='margin-bottom: 5px;'><strong>Operaci\u00f3n de hasta 300 ciclos aproximados por hora.<\/strong><\/li>\n<\/ul><\/div>\n<div style='flex: 1 1 300px; min-width: 280px;'> <img style='width: 100%; height: auto; border: 1px solid rgba(150&comma;150&comma;150&comma;0.3); border-radius: 8px;' src='https:\/\/ftp3.syscom.mx\/usuarios\/fespinoza\/HIKVISION\/Dispositivos\/Barreras%20Vehiculares\/520.jpg' alt='Barrera vehicular'> <\/div>\n<\/p><\/div>\n<div style='display: flex; flex-wrap: wrap; gap: 30px; margin-bottom: 30px;'>\n<div style='flex: 1 1 300px; min-width: 280px;'>\n<h3 style='font-size: 22px; border-bottom: 2px solid currentColor; padding-bottom: 5px; margin-top: 0; margin-bottom: 15px; color: inherit; opacity: 0.8;'>Accesorios Opcionales (NO INCLUIDOS)<\/h3>\n<ul style='padding-left: 20px; font-size: 15px; color: inherit;'>\n<li style='margin-bottom: 5px;'>Lazo magn\u00e9tico <a style='color: #005cb9; text-decoration: none; font-weight: 600;' href='https:\/\/www.syscom.mx\/principal\/searchcont?route=SYS-LM6-ACCESSPRO-31960&#038;autodetect=syslm6'>SYS-LM6<\/a> + Sensor de masa <a style='color: #005cb9; text-decoration: none; font-weight: 600;' href='https:\/\/www.syscom.mx\/principal\/searchcont?route=10-MATRIX-IIS-1224-BEA-144360&#038;autodetect=syslm6'>10-MATRIX-IIS-1224<\/a><\/li>\n<li style='margin-bottom: 5px;'>Fotoceldas <a style='color: #005cb9; text-decoration: none; font-weight: 600;' href='https:\/\/www.syscom.mx\/principal\/searchcont?route=XBS-IR33-AccessPRO-78540&#038;autodetect=xbsir33'>XBS-IR33<\/a><\/li>\n<li style='margin-bottom: 5px;'>Botonera triple para operaci\u00f3n humana <a style='color: #005cb9; text-decoration: none; font-weight: 600;' href='https:\/\/www.syscom.mx\/principal\/searchcont?route=XBS-SW-01-ACCESSPRO-78542&#038;autodetect=xbssw01'>XBS-SW-01<\/a><\/li>\n<li style='margin-bottom: 5px;'>Sistema de Acceso con tag Vehicular <a style='color: #005cb9; text-decoration: none; font-weight: 600;' href='https:\/\/www.syscom.mx\/principal\/searchcont?route=KIT-UHFSTICKER-01-HIKVISION-177026&#038;autodetect=kituhf'>KIT-UHFSTICKER-01<\/a><\/li>\n<li style='margin-bottom: 5px;'><span style='color: #c0392b;'><em>Compatible con cualquier sistema de acceso.<\/em><\/span><\/li>\n<\/ul><\/div>\n<\/p><\/div>\n<div style='display: flex; flex-wrap: wrap; gap: 30px; margin-bottom: 30px;'>\n<div style='flex: 1 1 300px; min-width: 280px;'>\n<h3 style='font-size: 22px; text-align: center; border-bottom: 2px solid currentColor; padding-bottom: 5px; margin-top: 0; margin-bottom: 15px; color: inherit; opacity: 0.8;'>Configuraciones de la Barrera<\/h3>\n<div style='position: relative; padding-bottom: 56.25%; height: 0; overflow: hidden; margin-bottom: 30px;'>   <\/div>\n<\/p><\/div>\n<\/p><\/div>\n<\/p><\/div>\n","protected":false},"excerpt":{"rendered":"<p>Barrera Vehicular USO CONTINUO 5,000,000 Ciclos MCBF \/ Brazo Telesc\u00f3pico de 5 mts \/Apertura de 4 seg \/ Incluye Banda Protectora Anti golpe de Veh\u00edculos<\/p>\n","protected":false},"featured_media":20852,"comment_status":"open","ping_status":"closed","template":"","meta":[],"product_brand":[],"product_cat":[748],"product_tag":[401,749,54],"class_list":{"0":"post-20853","1":"product","2":"type-product","3":"status-publish","4":"has-post-thumbnail","6":"product_cat-barreras-vehiculares","7":"product_tag-acceso-vehicular","8":"product_tag-barreras-vehiculares","9":"product_tag-hikvision","11":"first","12":"instock","13":"sale","14":"shipping-taxable","15":"purchasable","16":"product-type-simple"},"_links":{"self":[{"href":"https:\/\/soydeaqui.ddns.net\/pachuca\/index.php\/wp-json\/wp\/v2\/product\/20853","targetHints":{"allow":["GET"]}}],"collection":[{"href":"https:\/\/soydeaqui.ddns.net\/pachuca\/index.php\/wp-json\/wp\/v2\/product"}],"about":[{"href":"https:\/\/soydeaqui.ddns.net\/pachuca\/index.php\/wp-json\/wp\/v2\/types\/product"}],"replies":[{"embeddable":true,"href":"https:\/\/soydeaqui.ddns.net\/pachuca\/index.php\/wp-json\/wp\/v2\/comments?post=20853"}],"wp:featuredmedia":[{"embeddable":true,"href":"https:\/\/soydeaqui.ddns.net\/pachuca\/index.php\/wp-json\/wp\/v2\/media\/20852"}],"wp:attachment":[{"href":"https:\/\/soydeaqui.ddns.net\/pachuca\/index.php\/wp-json\/wp\/v2\/media?parent=20853"}],"wp:term":[{"taxonomy":"product_brand","embeddable":true,"href":"https:\/\/soydeaqui.ddns.net\/pachuca\/index.php\/wp-json\/wp\/v2\/product_brand?post=20853"},{"taxonomy":"product_cat","embeddable":true,"href":"https:\/\/soydeaqui.ddns.net\/pachuca\/index.php\/wp-json\/wp\/v2\/product_cat?post=20853"},{"taxonomy":"product_tag","embeddable":true,"href":"https:\/\/soydeaqui.ddns.net\/pachuca\/index.php\/wp-json\/wp\/v2\/product_tag?post=20853"}],"curies":[{"name":"wp","href":"https:\/\/api.w.org\/{rel}","templated":true}]}}