{"id":2083,"date":"2026-03-18T05:52:57","date_gmt":"2026-03-18T05:52:57","guid":{"rendered":"https:\/\/soydeaqui.ddns.net\/pachuca\/index.php\/producto\/fuente-de-alimentacion-remota-salida-12-24vcd-seleccionable-capacidad-2-5a-listada-ul-aprobada-fm-0500-02330\/"},"modified":"2026-03-18T05:52:57","modified_gmt":"2026-03-18T05:52:57","slug":"fuente-de-alimentacion-remota-salida-12-24vcd-seleccionable-capacidad-2-5a-listada-ul-aprobada-fm-0500-02330","status":"publish","type":"product","link":"https:\/\/soydeaqui.ddns.net\/pachuca\/index.php\/producto\/fuente-de-alimentacion-remota-salida-12-24vcd-seleccionable-capacidad-2-5a-listada-ul-aprobada-fm-0500-02330\/","title":{"rendered":"Fuente De Alimentaci\u00f3n Remota, Salida 12\/24Vcd Seleccionable, Capacidad 2.5A, Listada UL, Aprobada FM, (0500-02330)"},"content":{"rendered":"<div style='width: 100%; max-width: 1200px; margin: 0 auto; font-family: sans-serif; line-height: 1.6; color: inherit; background-color: transparent;'>\n<div style='display: flex; flex-wrap: wrap; gap: 30px; margin-bottom: 30px;'>\n<div style='flex: 1 1 300px; min-width: 280px;'>\n<h3 style='font-size: 22px; border-bottom: 2px solid currentColor; padding-bottom: 5px; margin-top: 0; color: inherit; opacity: 0.8;'>Caracter\u00edsticas Generales<\/h3>\n<ul style='padding-left: 20px; font-size: 15px; color: inherit;'>\n<li style='margin-bottom: 5px;'><span style='font-size: 12pt;'>Fusible de entrada nominal @3.5 amperios\/250V<\/span><\/li>\n<li style='margin-bottom: 5px;'><span style='font-size: 12pt;'>Salida filtrada y regulada electr\u00f3nicamente<\/span><\/li>\n<li style='margin-bottom: 5px;'><span style='font-size: 12pt;'>Protecci\u00f3n contra cortocircuitos y sobrecarga t\u00e9rmica<\/span><\/li>\n<li style='margin-bottom: 5px;'><span style='font-size: 12pt;'>Supervisi\u00f3n de fallo de corriente alterna (contactos tipo &#8216;C&#8217;)<\/span><\/li>\n<li style='margin-bottom: 5px;'><span style='font-size: 12pt;'>Supervisi\u00f3n de bater\u00eda baja (contactos forma &#8216;C&#8217;)<\/span><\/li>\n<li style='margin-bottom: 5px;'><span style='font-size: 12pt;'>Supervisi\u00f3n de presencia de bater\u00eda (contactos forma &#8216;C&#8217;)<\/span><\/li>\n<li style='margin-bottom: 5px;'><span style='font-size: 12pt;'>Cargador incorporado para bater\u00edas de plomo \u00e1cido selladas o de gel.<\/span><\/li>\n<li style='margin-bottom: 5px;'><span style='font-size: 12pt;'>Cambio autom\u00e1tico a bater\u00eda de respaldo cuando la corriente alterna falla<\/span><\/li>\n<li style='margin-bottom: 5px;'><span style='font-size: 12pt;'>Ca\u00edda de voltaje cero cuando se cambia a bater\u00eda de respaldo<\/span><\/li>\n<li style='margin-bottom: 5px;'><span style='font-size: 12pt;'>Indicadores LED de entrada de corriente CA y salida de CD<\/span><\/li>\n<li style='margin-bottom: 5px;'><span style='font-size: 12pt;'>Admite hasta dos (2) bater\u00edas de 12V\/7 AH (<strong>Se recomienda Power Sonic<\/strong> <a style='color: #1155cc; text-decoration: none; font-weight: 600;' href='https:\/\/www.syscom.mx\/producto\/PS-1270-F1-POWER-SONIC-183408.html'>PS-1270-F1<\/a>)<\/span><\/li>\n<li style='margin-bottom: 5px;'><span style='font-size: 12pt;'>Cables de bater\u00edas incluidos<\/span><\/li>\n<\/ul><\/div>\n<\/p><\/div>\n<div style='display: flex; flex-wrap: wrap; gap: 20px; margin-bottom: 30px;'>\n<div style='flex: 1 1 250px; border: 1px solid rgba(150&comma; 150&comma; 150&comma; 0.4); border-radius: 8px; overflow: hidden; display: flex; flex-direction: column;'>\n<div style='padding: 15px; border-bottom: 1px solid rgba(150&comma; 150&comma; 150&comma; 0.2); font-weight: bold; font-size: 18px; color: inherit;'>Especificaciones<\/div>\n<div style='padding: 15px; color: inherit;'>\n<ul style='padding-left: 20px; margin: 0; font-size: 14px; list-style-type: disc;'>\n<li style='margin-bottom: 5px;'><span style='font-size: 12pt;'>Salida 24 o 12 Vcd nominal @2.5A m\u00e1x. <strong>(seleccionable)<\/strong><\/span><\/li>\n<li style='margin-bottom: 5px;'><span style='font-size: 12pt;'>Entrada 115 Vca\/60 Hz&comma; 1.45 A<\/span><\/li>\n<li style='margin-bottom: 5px;'><span style='font-size: 12pt;'>Corriente de carga m\u00e1xima 0.7 A<\/span><\/li>\n<li style='margin-bottom: 5px;'><span style='font-size: 12pt;'>Tama\u00f1o del gabinete: 13&#8242; Altura x 13.5&#8242; Ancho x 3.25&#8242; Profundidad<\/span><\/li>\n<\/ul><\/div>\n<\/p><\/div>\n<\/p><\/div>\n<div style='display: flex; flex-wrap: wrap; gap: 30px;'>\n<div style='flex: 1 1 300px; min-width: 280px;'>\n<h3 style='font-size: 22px; border-bottom: 2px solid currentColor; padding-bottom: 5px; margin-top: 0; color: inherit; opacity: 0.8;'>Informaci\u00f3n Importante<\/h3>\n<p style='font-size: 14pt; color: #e74c3c;'>PRECAUCI\u00d3N: Desactive la unidad antes de realizar tareas de mantenimiento. Para una protecci\u00f3n continua contra el riesgo de descarga el\u00e9ctrica y de incendio&comma; reemplace el fusible por uno del mismo tipo y capacidad nominal. No exponga la unidad a la lluvia ni a la humedad.<\/p>\n<\/p><\/div>\n<\/p><\/div>\n<hr style='border: 0; border-top: 1px solid rgba(150&comma; 150&comma; 150&comma; 0.3); margin: 30px 0;'> <\/div>\n","protected":false},"excerpt":{"rendered":"<p>Fuente De Alimentaci\u00f3n Remota, Salida 12\/24Vcd Seleccionable, Capacidad 2.5A, Listada UL, Aprobada FM, (0500-02330)<\/p>\n","protected":false},"featured_media":2082,"comment_status":"open","ping_status":"closed","template":"","meta":[],"product_brand":[],"product_cat":[404],"product_tag":[142,405,406],"class_list":{"0":"post-2083","1":"product","2":"type-product","3":"status-publish","4":"has-post-thumbnail","6":"product_cat-fuentes-de-poder","7":"product_tag-energia","8":"product_tag-fuentes-de-poder","9":"product_tag-hochiki","11":"first","12":"outofstock","13":"sale","14":"shipping-taxable","15":"purchasable","16":"product-type-simple"},"_links":{"self":[{"href":"https:\/\/soydeaqui.ddns.net\/pachuca\/index.php\/wp-json\/wp\/v2\/product\/2083","targetHints":{"allow":["GET"]}}],"collection":[{"href":"https:\/\/soydeaqui.ddns.net\/pachuca\/index.php\/wp-json\/wp\/v2\/product"}],"about":[{"href":"https:\/\/soydeaqui.ddns.net\/pachuca\/index.php\/wp-json\/wp\/v2\/types\/product"}],"replies":[{"embeddable":true,"href":"https:\/\/soydeaqui.ddns.net\/pachuca\/index.php\/wp-json\/wp\/v2\/comments?post=2083"}],"wp:featuredmedia":[{"embeddable":true,"href":"https:\/\/soydeaqui.ddns.net\/pachuca\/index.php\/wp-json\/wp\/v2\/media\/2082"}],"wp:attachment":[{"href":"https:\/\/soydeaqui.ddns.net\/pachuca\/index.php\/wp-json\/wp\/v2\/media?parent=2083"}],"wp:term":[{"taxonomy":"product_brand","embeddable":true,"href":"https:\/\/soydeaqui.ddns.net\/pachuca\/index.php\/wp-json\/wp\/v2\/product_brand?post=2083"},{"taxonomy":"product_cat","embeddable":true,"href":"https:\/\/soydeaqui.ddns.net\/pachuca\/index.php\/wp-json\/wp\/v2\/product_cat?post=2083"},{"taxonomy":"product_tag","embeddable":true,"href":"https:\/\/soydeaqui.ddns.net\/pachuca\/index.php\/wp-json\/wp\/v2\/product_tag?post=2083"}],"curies":[{"name":"wp","href":"https:\/\/api.w.org\/{rel}","templated":true}]}}