{"id":20826,"date":"2026-03-18T10:27:44","date_gmt":"2026-03-18T10:27:44","guid":{"rendered":"https:\/\/soydeaqui.ddns.net\/pachuca\/index.php\/producto\/controlador-de-acceso-2-puertas-administrable-en-la-nube-con-hik-connect-teams-interfaz-web-4-lectores-de-huella-o-tarjeta-100000-tarjetas-10000-huellas-incluye-gabinete-y-fuente-de-alimen\/"},"modified":"2026-03-18T10:27:47","modified_gmt":"2026-03-18T10:27:47","slug":"controlador-de-acceso-2-puertas-administrable-en-la-nube-con-hik-connect-teams-interfaz-web-4-lectores-de-huella-o-tarjeta-100000-tarjetas-10000-huellas-incluye-gabinete-y-fuente-de-alimen","status":"publish","type":"product","link":"https:\/\/soydeaqui.ddns.net\/pachuca\/index.php\/producto\/controlador-de-acceso-2-puertas-administrable-en-la-nube-con-hik-connect-teams-interfaz-web-4-lectores-de-huella-o-tarjeta-100000-tarjetas-10000-huellas-incluye-gabinete-y-fuente-de-alimen\/","title":{"rendered":"Controlador de Acceso 2 Puertas Administrable en la Nube con Hik-Connect Teams \/ Interfaz Web \/ 4 Lectores de Huella o Tarjeta \/ 100,000 Tarjetas \/ 10,000 Huellas \/ Incluye Gabinete y Fuente de Alimentaci\u00f3n 12 Vcd 8 A \/ Soporta Bater\u00eda de Re"},"content":{"rendered":"<div style='width: 100%; max-width: 1200px; margin: 0 auto; font-family: sans-serif; line-height: 1.6; color: inherit; background-color: transparent;'> <!-- Secci\u00f3n de contenido principal --> <\/p>\n<div style='display: flex; flex-wrap: wrap; gap: 30px; margin-bottom: 30px;'>\n<div style='flex: 1 1 300px; min-width: 280px;'> <img style='width: 100%; height: auto; border: 1px solid rgba(150&comma;150&comma;150&comma;0.3); border-radius: 8px;' src='https:\/\/ftp3.syscom.mx\/usuarios\/fespinoza\/HIKVISION\/banner_hikconnect_6.png' alt='Banner Hik-Connect'> <\/div>\n<div style='flex: 1 1 300px; min-width: 280px;'>\n<h2 style='font-size: 22px; margin-top: 0; color: inherit;'>Administre este equipo en la Nube Aproveche <span style='color: #c0392b;'>Hik-Connect Teams<\/span><\/h2>\n<p style='color: inherit;'><span style='color: #c0392b;'>* Gratis para 10 Puertas y 100 empleados. <\/span><span style='color: #000000;'>Reg\u00edstrese en<\/span> <a href='https:\/\/ius.hik-connect.com\/' style='color: #2880b9;'><strong>www.hik-connect.com<\/strong><\/a><\/p>\n<p style='color: inherit;'>HikConnect Teams es una plataforma <strong>SaaS<\/strong> para la gesti\u00f3n unificada en la nube de la seguridad con mayor rentabilidad&comma; f\u00e1cil de implementar&comma; altamente escalable en todos sus niveles y extremadamente seguro.<\/p>\n<p style='color: inherit;'><em><strong>*SaaS<\/strong> &#8211; Software as a Service \/ Software como servicio.<\/em><\/p>\n<ul style='padding-left: 20px; color: inherit;'>\n<li style='margin-bottom: 5px;'><em>Administraci\u00f3n de usuarios&comma; roles&comma; y sucursales.<\/em><\/li>\n<li style='margin-bottom: 5px;'><em>Sincronizaci\u00f3n autom\u00e1tica de usuarios por \u00e1reas.<\/em><\/li>\n<li style='margin-bottom: 5px;'><em>Chequeo de Asistencia por App de Smartphone con ubicaci\u00f3n GPS.<\/em><\/li>\n<li style='margin-bottom: 5px;'><em>Reportes de acceso y asistencia remotos.<\/em><\/li>\n<li style='margin-bottom: 5px;'><em>Pases temporales para visitantes generados desde App.<\/em><\/li>\n<li style='margin-bottom: 5px;'><em>Integrable con Videovigilancia&comma; Intercom&comma; Monitoreo de Veh\u00edculos etc<\/em><\/li>\n<\/ul><\/div>\n<\/p><\/div>\n<p> <!-- Secci\u00f3n de cards con caracter\u00edsticas --> <\/p>\n<div style='display: flex; flex-wrap: wrap; gap: 20px; margin-bottom: 30px;'>\n<div style='flex: 1 1 250px; border: 1px solid rgba(150&comma; 150&comma; 150&comma; 0.4); border-radius: 8px; overflow: hidden; display: flex; flex-direction: column;'>\n<div style='padding: 15px; border-bottom: 1px solid rgba(150&comma; 150&comma; 150&comma; 0.2); font-weight: bold; font-size: 18px; color: inherit; background-color: rgba(60&comma; 87&comma; 234&comma; 0.05);'>Caracter\u00edsticas Principales:<\/div>\n<div style='padding: 15px; color: inherit;'>\n<ul style='padding-left: 20px; margin: 0; font-size: 14px; list-style-type: disc;'>\n<li style='margin-bottom: 5px;'>Conexi\u00f3n TCP\/IP<\/li>\n<li style='margin-bottom: 5px;'>Soporta bater\u00eda de respaldo: PL712<\/li>\n<li style='margin-bottom: 5px;'>Comunicaci\u00f3n Wiegand y RS-485.<\/li>\n<li style='margin-bottom: 5px;'>Incluye gabinete y fuente de alimentaci\u00f3n.<\/li>\n<li style='margin-bottom: 5px;'>Capacidad de Usuarios: 100&comma;000<\/li>\n<li style='margin-bottom: 5px;'>Capacidad de Huellas: 10&comma;000<\/li>\n<li style='margin-bottom: 5px;'>Capacidad de Tarjetas: 100&comma;000<\/li>\n<li style='margin-bottom: 5px;'>Capacidad de Eventos: 300&comma;000<\/li>\n<\/ul><\/div>\n<\/p><\/div>\n<div style='flex: 1 1 250px; border: 1px solid rgba(150&comma; 150&comma; 150&comma; 0.4); border-radius: 8px; overflow: hidden; display: flex; flex-direction: column;'>\n<div style='padding: 15px; border-bottom: 1px solid rgba(150&comma; 150&comma; 150&comma; 0.2); font-weight: bold; font-size: 18px; color: inherit; background-color: rgba(60&comma; 87&comma; 234&comma; 0.05);'>Caracter\u00edsticas F\u00edsicas y El\u00e9ctricas<\/div>\n<div style='padding: 15px; color: inherit;'>\n<ul style='padding-left: 20px; margin: 0; font-size: 14px; list-style-type: disc;'>\n<li style='margin-bottom: 5px;'>Alimentaci\u00f3n 110\/220 Vca<\/li>\n<li style='margin-bottom: 5px;'>Temperatura de Operaci\u00f3n: -10 a 55 \u00b0C<\/li>\n<li style='margin-bottom: 5px;'><strong>2x Salida de relay para apertura<\/strong><\/li>\n<li style='margin-bottom: 5px;'>4x Entradas de Alarma<\/li>\n<li style='margin-bottom: 5px;'>4x Salidas de Alarma<\/li>\n<li style='margin-bottom: 5px;'>4x Entradas Wiegand<\/li>\n<li style='margin-bottom: 5px;'>1x Entrada RS485<\/li>\n<li style='margin-bottom: 5px;'>1x Entrada Emergencia Incendio (Abre puertas).<\/li>\n<\/ul><\/div>\n<\/p><\/div>\n<div style='flex: 1 1 250px; border: 1px solid rgba(150&comma; 150&comma; 150&comma; 0.4); border-radius: 8px; overflow: hidden; display: flex; flex-direction: column;'>\n<div style='padding: 15px; border-bottom: 1px solid rgba(150&comma; 150&comma; 150&comma; 0.2); font-weight: bold; font-size: 18px; color: inherit; background-color: rgba(60&comma; 87&comma; 234&comma; 0.05);'>Caracter\u00edsticas Destacadas:<\/div>\n<div style='padding: 15px; color: inherit;'>\n<ul style='padding-left: 20px; margin: 0; font-size: 14px; list-style-type: disc;'>\n<li style='margin-bottom: 5px;'><span style='color: #000000;'>Soporta protocolos de encripci\u00f3n AES256&comma; RSA2048 y TLS 1.2.<\/span><\/li>\n<li style='margin-bottom: 5px;'><span style='color: #000000;'>Soporta configuraci\u00f3n por interfaz web muy completa.<\/span><\/li>\n<li style='margin-bottom: 5px;'>Soporta Antipassback&comma; Esclusamiento.<\/li>\n<li style='margin-bottom: 5px;'>Soporta OSDP&comma; ISAPI&comma; HikConnect&comma; ISUP5.0.<\/li>\n<li style='margin-bottom: 5px;'>Para uso con huellas se requieren lectores DS-K1201AXF y enrolador DS-K1F820F.<\/li>\n<\/ul><\/div>\n<\/p><\/div>\n<\/p><\/div>\n<p> <!-- Secci\u00f3n de informaci\u00f3n adicional --> <\/p>\n<div style='display: flex; flex-wrap: wrap; gap: 30px; margin-bottom: 30px;'>\n<div style='flex: 1 1 300px; min-width: 280px;'> <img style='width: 100%; height: auto; border: 1px solid rgba(150&comma;150&comma;150&comma;0.3); border-radius: 8px;' src='https:\/\/ftp3.syscom.mx\/usuarios\/fotos\/BancoFotografiasSyscom\/HIKVISION\/DSK2624X\/DSK2624X-AD-1-p.PNG' alt='Controlador de Acceso'> <\/div>\n<div style='flex: 1 1 300px; min-width: 280px;'>\n<h2 style='font-size: 22px; margin-top: 0; color: inherit;'>Controlador Profesional de 2 Puertas<\/h2>\n<p style='color: inherit;'>La serie DS-K262X de Hikvision permite una implementaci\u00f3n profesional de control de acceso pero a su vez&comma; tambi\u00e9n destaca por su facilidad de programaci\u00f3n y su versatilidad a la hora de cubrir las necesidades de los proyectos en cuanto a m\u00e9todos de administraci\u00f3n como software local&comma; en la nube (HikConnect Teams) o por medio de interfaz web as\u00ed como tambi\u00e9n en cuanto a los protocolos de conexiones m\u00e1s comunes con lectores nativos o de terceros (huella&comma; tarjeta&comma; tags vehiculares&comma; pin etc).<\/p>\n<h3 style='font-size: 18px; margin-top: 20px; margin-bottom: 10px; color: inherit; opacity: 0.8;'>Caracter\u00edsticas<\/h3>\n<ul style='padding-left: 20px; color: inherit;'>\n<li style='margin-bottom: 5px;'>Incluye Gabinete y Fuente de Alimentaci\u00f3n 12 Vcd\/8A.<\/li>\n<li style='margin-bottom: 5px;'>Soporta bater\u00eda de respaldo como la PL712.<\/li>\n<li style='margin-bottom: 5px;'>2x Salidas de relevador para apertura de puertas.<\/li>\n<li style='margin-bottom: 5px;'>1x Entrada de Incendio para apertura en emergencias.<\/li>\n<li style='margin-bottom: 5px;'>Entradas y Salidas de alarma programables.<\/li>\n<li style='margin-bottom: 5px;'>Administrable por Interfaz Web o HikConnect Teams en la nube.<\/li>\n<li style='margin-bottom: 5px;'>Soporta hasta 100 mil usuarios.<\/li>\n<\/ul><\/div>\n<\/p><\/div>\n<p> <!-- Separador --> <\/p>\n<hr style='border: 0; border-top: 1px solid rgba(150&comma; 150&comma; 150&comma; 0.3); margin: 30px 0;'> <!-- Secci\u00f3n de videos --> <\/p>\n<div style='display: flex; flex-wrap: wrap; gap: 30px; margin-bottom: 30px;'>\n<div style='flex: 1 1 400px; min-width: 300px;'>\n<div style='position: relative; padding-bottom: 56.25%; height: 0; overflow: hidden; margin-bottom: 30px;'>   <\/div>\n<\/p><\/div>\n<div style='flex: 1 1 400px; min-width: 300px;'>\n<div style='position: relative; padding-bottom: 56.25%; height: 0; overflow: hidden; margin-bottom: 30px;'>   <\/div>\n<\/p><\/div>\n<\/p><\/div>\n<\/p><\/div>\n","protected":false},"excerpt":{"rendered":"<p>Controlador de Acceso 2 Puertas Administrable en la Nube con Hik-Connect Teams \/ Interfaz Web \/ 4 Lectores de Huella o Tarjeta \/ 100,000 Tarjetas \/ 10,000 Huellas \/ Incluye Gabinete y Fuente de Alimentaci\u00f3n 12 Vcd 8 A \/ Soporta Bater\u00eda de Re<\/p>\n","protected":false},"featured_media":20825,"comment_status":"open","ping_status":"closed","template":"","meta":[],"product_brand":[],"product_cat":[818],"product_tag":[93,54,784],"class_list":{"0":"post-20826","1":"product","2":"type-product","3":"status-publish","4":"has-post-thumbnail","6":"product_cat-accesorios-paneles-de-control-de-acceso","7":"product_tag-accesorios","8":"product_tag-hikvision","9":"product_tag-paneles-de-control-de-acceso","11":"first","12":"instock","13":"sale","14":"shipping-taxable","15":"purchasable","16":"product-type-simple"},"_links":{"self":[{"href":"https:\/\/soydeaqui.ddns.net\/pachuca\/index.php\/wp-json\/wp\/v2\/product\/20826","targetHints":{"allow":["GET"]}}],"collection":[{"href":"https:\/\/soydeaqui.ddns.net\/pachuca\/index.php\/wp-json\/wp\/v2\/product"}],"about":[{"href":"https:\/\/soydeaqui.ddns.net\/pachuca\/index.php\/wp-json\/wp\/v2\/types\/product"}],"replies":[{"embeddable":true,"href":"https:\/\/soydeaqui.ddns.net\/pachuca\/index.php\/wp-json\/wp\/v2\/comments?post=20826"}],"wp:featuredmedia":[{"embeddable":true,"href":"https:\/\/soydeaqui.ddns.net\/pachuca\/index.php\/wp-json\/wp\/v2\/media\/20825"}],"wp:attachment":[{"href":"https:\/\/soydeaqui.ddns.net\/pachuca\/index.php\/wp-json\/wp\/v2\/media?parent=20826"}],"wp:term":[{"taxonomy":"product_brand","embeddable":true,"href":"https:\/\/soydeaqui.ddns.net\/pachuca\/index.php\/wp-json\/wp\/v2\/product_brand?post=20826"},{"taxonomy":"product_cat","embeddable":true,"href":"https:\/\/soydeaqui.ddns.net\/pachuca\/index.php\/wp-json\/wp\/v2\/product_cat?post=20826"},{"taxonomy":"product_tag","embeddable":true,"href":"https:\/\/soydeaqui.ddns.net\/pachuca\/index.php\/wp-json\/wp\/v2\/product_tag?post=20826"}],"curies":[{"name":"wp","href":"https:\/\/api.w.org\/{rel}","templated":true}]}}