{"id":20818,"date":"2026-03-18T10:27:36","date_gmt":"2026-03-18T10:27:36","guid":{"rendered":"https:\/\/soydeaqui.ddns.net\/pachuca\/index.php\/producto\/terminal-facial-min-moe-wifi-lector-de-huellas-6000-rostros-y-10000-huellas-pantalla-7-administrable-en-la-nube-con-hik-connect-6-exterior-ip65-led-rojo-verde-indicador-de-acceso-sip\/"},"modified":"2026-03-18T10:27:37","modified_gmt":"2026-03-18T10:27:37","slug":"terminal-facial-min-moe-wifi-lector-de-huellas-6000-rostros-y-10000-huellas-pantalla-7-administrable-en-la-nube-con-hik-connect-6-exterior-ip65-led-rojo-verde-indicador-de-acceso-sip","status":"publish","type":"product","link":"https:\/\/soydeaqui.ddns.net\/pachuca\/index.php\/producto\/terminal-facial-min-moe-wifi-lector-de-huellas-6000-rostros-y-10000-huellas-pantalla-7-administrable-en-la-nube-con-hik-connect-6-exterior-ip65-led-rojo-verde-indicador-de-acceso-sip\/","title":{"rendered":"Terminal Facial Min Moe WiFi \/ Lector de Huellas \/ 6,000 Rostros y 10,000 Huellas \/ Pantalla 7&#8243; \/ Administrable en la Nube con Hik-Connect 6 \/ Exterior IP65 \/ LED Rojo\/Verde Indicador de Acceso \/ SIP Estandar \/ HIK-IA"},"content":{"rendered":"<div style=\"width: 100%; max-width: 1200px; margin: 0 auto; font-family: sans-serif; line-height: 1.6; color: inherit; background-color: transparent;\"><!-- Secci\u00f3n de caracter\u00edsticas en tres columnas --><\/p>\n<div style=\"display: flex; flex-wrap: wrap; gap: 30px; margin-bottom: 30px;\"><!-- Caracter\u00edsticas Principales --><\/p>\n<div style=\"flex: 1 1 300px; min-width: 280px;\">\n<div style=\"border-left: 5px solid #3c57ea; border-radius: 8px; padding: 15px; box-shadow: 2px 2px 10px rgba(216&comma;216&comma;216&comma;0.5);\">\n<h3 style=\"font-size: 20px; margin-top: 0; margin-bottom: 15px; color: inherit;\">Caracter&iacute;sticas Principales:<\/h3>\n<ul style=\"padding-left: 20px; font-size: 14px; color: inherit; list-style-type: disc;\">\n<li style=\"margin-bottom: 8px;\"><strong style=\"color: inherit;\">Soporta 6&comma;000 rostros.<\/strong><\/li>\n<li style=\"margin-bottom: 8px;\"><strong style=\"color: #c0392b;\">Soporta 10&comma;000 huellas.<\/strong><\/li>\n<li style=\"margin-bottom: 8px;\"><strong style=\"color: inherit;\">Pantalla de 7 Pulgadas.<\/strong><\/li>\n<li style=\"margin-bottom: 8px;\">Soporta 50&comma;000 tarjetas MiFare.<\/li>\n<li style=\"margin-bottom: 8px;\">Capacidad de 150&comma;000 eventos.<\/li>\n<li style=\"margin-bottom: 8px;\">Lector de tarjetas MIFARE a 13.56 Mhz<\/li>\n<li style=\"margin-bottom: 8px;\">Lector de C&oacute;digos QR <strong style=\"color: inherit;\">con c&aacute;mara<\/strong>.<\/li>\n<li style=\"margin-bottom: 8px;\">Apertura por Contrase&ntilde;a\/Tarjeta\/Rostro\/QR.<\/li>\n<li style=\"margin-bottom: 8px;\">Verificaci&oacute;n combinable Contrase&ntilde;a + Tarjeta etc<\/li>\n<li style=\"margin-bottom: 8px;\">Acceso por horarios.<\/li>\n<li style=\"margin-bottom: 8px;\">Interfaz Web para programaci&oacute;n local con PC o Smartphone.<\/li>\n<li style=\"margin-bottom: 8px;\">Funcion WDR<\/li>\n<\/ul>\n<\/div>\n<\/div>\n<p><!-- Caracter\u00edsticas F\u00edsicas y El\u00e9ctricas --><\/p>\n<div style=\"flex: 1 1 300px; min-width: 280px;\">\n<div style=\"border-left: 5px solid #3c57ea; border-radius: 8px; padding: 15px; box-shadow: 2px 2px 10px rgba(216&comma;216&comma;216&comma;0.5);\">\n<h3 style=\"font-size: 20px; margin-top: 0; margin-bottom: 15px; color: inherit;\">Caracter&iacute;sticas F&iacute;sicas y El&eacute;ctricas<\/h3>\n<ul style=\"padding-left: 20px; font-size: 14px; color: inherit; list-style-type: disc;\">\n<li style=\"margin-bottom: 8px;\">Alimentaci&oacute;n 12 Vcd (No incluida).<\/li>\n<li style=\"margin-bottom: 8px;\">Dimensiones: 165.2 x 75.7 x 25 mm.<\/li>\n<li style=\"margin-bottom: 8px;\"><span style=\"color: #c0392b;\">1x TCP\/IP Cableado o WiFi&comma;<\/span><\/li>\n<li style=\"margin-bottom: 8px;\">1x Conexi&oacute;n RS485.<\/li>\n<li style=\"margin-bottom: 8px;\">1x Conexi&oacute;n Wiegand.<\/li>\n<li style=\"margin-bottom: 8px;\">1x Salida de relevador para cerradura.<\/li>\n<li style=\"margin-bottom: 8px;\">1x Entrada para bot&oacute;n REX<\/li>\n<li style=\"margin-bottom: 8px;\">2x Entrada de Alarma<\/li>\n<li style=\"margin-bottom: 8px;\">1x Salida de Alarma<\/li>\n<li style=\"margin-bottom: 8px;\">1x USB (para m&oacute;dulo).<\/li>\n<li style=\"margin-bottom: 8px;\">1x Sensor de puerta<\/li>\n<\/ul>\n<\/div>\n<\/div>\n<p><!-- Caracter\u00edsticas Destacadas --><\/p>\n<div style=\"flex: 1 1 300px; min-width: 280px;\">\n<div style=\"border-left: 5px solid #3c57ea; border-radius: 8px; padding: 15px; box-shadow: 2px 2px 10px rgba(216&comma;216&comma;216&comma;0.5);\">\n<h3 style=\"font-size: 20px; margin-top: 0; margin-bottom: 15px; color: inherit;\">Caracter&iacute;sticas Destacadas:<\/h3>\n<ul style=\"padding-left: 20px; font-size: 14px; color: inherit; list-style-type: disc;\">\n<li style=\"margin-bottom: 8px;\">El terminal frontal de la serie DS-K1T670 adopta un algoritmo DEEP LEARNING con <strong style=\"color: inherit;\">HIK-IA<\/strong> que ayuda a reconocer el rostro de las personas m&aacute;s r&aacute;pido y con mayor precisi&oacute;n. Aplicable en escenarios&comma; como edificios&comma; empresas&comma; industrias y otras &aacute;reas importantes.<\/li>\n<li style=\"margin-bottom: 8px;\">Protecci&oacute;n IP65 para Exterior.<\/li>\n<li style=\"margin-bottom: 8px;\">Flexible administraci&oacute;n remota o local por software&comma; interfaz web o pantalla touch.<\/li>\n<li style=\"margin-bottom: 8px;\">SDK\/API disponible para integraci&oacute;n con sistemas de terceros.<\/li>\n<li style=\"margin-bottom: 8px;\"><span style=\"color: #c0392b;\">Llamada de Videoportero Multiapartamento Directo a la App Mediante HikConnect Teams<\/span><\/li>\n<\/ul>\n<\/div>\n<\/div>\n<\/div>\n<p><!-- Otras Plataformas Compatibles --><\/p>\n<div style=\"margin-bottom: 30px;\">\n<h2 style=\"text-align: center; font-size: 24px; margin-bottom: 20px; color: inherit;\">Otras Plataformas Compatibles<\/h2>\n<\/p><\/div>\n<p><!-- Instalaciones seguras con m\u00f3dulo esclavo --><\/p>\n<div style=\"margin-bottom: 30px;\">\n<div style=\"border-left: 5px solid #3c57ea; border-radius: 8px; padding: 15px; box-shadow: 2px 2px 10px rgba(216&comma;216&comma;216&comma;0.5); text-align: center;\"><span style=\"font-family: verdana&comma; geneva&comma; sans-serif; font-size: 14px;\"><strong>Instalaciones seguras con m&oacute;dulo esclavo <a href=\"https:\/\/www.syscom.mx\/producto\/DS-K2M061-HIKVISION-205871.html\" style=\"color: #2880b9; text-decoration: none;\">DS-K2M061<\/a><\/strong><\/span><\/p>\n<ul style=\"padding-left: 20px; margin: 15px 0; list-style-type: disc;\">\n<li style=\"margin-bottom: 10px; font-size: 14px; color: #1a1a1a; text-align: left; margin-left: auto; margin-right: auto; max-width: 800px;\">En una instalaci&oacute;n de control de acceso convencional con dispositivos aut&oacute;nomos es recomendado a&ntilde;adir un sistema que permita mantener el control de la puerta desde el interior del recinto aumentando significativamente la seguridad de nuestra instalaci&oacute;n.<\/li>\n<\/ul>\n<h3 style=\"text-align: center; margin: 20px 0; color: #2880b9;\"><a href=\"https:\/\/soporte.syscom.mx\/es\/articles\/5608107-hikvision-instalacion-segura-de-control-de-acceso-con-equipo-autonomo-y-ds-k2m061\" target=\"_blank\" rel=\"noopener\" style=\"color: #2880b9; text-decoration: none; font-size: 16px;\">&nbsp;&iquest;Por qu&eacute; es recomendado usar un m&oacute;dulo seguro para sistemas aut&oacute;nomos?&nbsp;<\/a><\/h3>\n<p><!-- Imagen -->&nbsp;<img decoding=\"async\" style=\"width: 100%; height: auto; border: 1px solid rgba(150&comma; 150&comma; 150&comma; 0.3); border-radius: 8px; max-width: 700px;\" src=\"http:\/\/ftp3.syscom.mx\/usuarios\/fespinoza\/modulo%20seguro.png\" alt=\"Instalaci\u00f3n segura con m\u00f3dulo esclavo DS-K2M061\" class=\"fr-fic fr-dib\"><\/div>\n<\/div>\n<p><!-- Demostraci\u00f3n de Desempe\u00f1o --><\/p>\n<div style=\"margin-bottom: 30px;\">\n<h2 style=\"text-align: center; font-size: 24px; margin-bottom: 20px; color: inherit;\">Demostraci&oacute;n de Desempe&ntilde;o<\/h2>\n<hr style=\"border: 0; border-top: 1px solid rgba(150&comma; 150&comma; 150&comma; 0.3); margin: 30px 0;\">\n<div style=\"display: flex; flex-wrap: wrap; gap: 20px; justify-content: center;\"><!-- Video 1 --><\/p>\n<div style=\"flex: 1 1 300px; max-width: 560px;\"><span style=\"font-size: 14px; color: #2880b9; font-weight: bold; display: block; text-align: center; margin-bottom: 10px;\">Lectura de Rostros Ultra R&aacute;pida<\/span><\/p>\n<div style=\"position: relative; padding-bottom: 56.25%; height: 0; overflow: hidden;\"> <\/div>\n<\/div>\n<p><!-- Video 2 --><\/p>\n<div style=\"flex: 1 1 300px; max-width: 560px;\"><span style=\"font-size: 14px; color: #2880b9; font-weight: bold; display: block; text-align: center; margin-bottom: 10px;\">Prueba con Hermanos Gemelos<\/span><\/p>\n<div style=\"position: relative; padding-bottom: 56.25%; height: 0; overflow: hidden;\"> <\/div>\n<\/div>\n<p><!-- Video 3 --><\/p>\n<div style=\"flex: 1 1 300px; max-width: 560px;\"><span style=\"font-size: 14px; color: #2880b9; font-weight: bold; display: block; text-align: center; margin-bottom: 10px;\">Integraci&oacute;n con Torniquetes<\/span><\/p>\n<div style=\"position: relative; padding-bottom: 56.25%; height: 0; overflow: hidden;\"> <\/div>\n<\/div>\n<\/div>\n<\/div>\n<p><!-- Separador --><\/p>\n<hr style=\"border: 0; border-top: 1px solid rgba(150&comma; 150&comma; 150&comma; 0.3); margin: 30px 0;\"><!-- Configuraci\u00f3n con IVMS4200 --><\/p>\n<div style=\"margin-bottom: 30px;\">\n<h2 style=\"text-align: center; font-size: 24px; margin-bottom: 20px; color: inherit;\">&iquest;Configuraci&oacute;n con IVMS4200? Consulte el video paso a paso<\/h2>\n<div style=\"position: relative; padding-bottom: 56.25%; height: 0; overflow: hidden;\"> <\/div>\n<\/div>\n<\/div>\n","protected":false},"excerpt":{"rendered":"<p>Terminal Facial Min Moe WiFi \/ Lector de Huellas \/ 6,000 Rostros y 10,000 Huellas \/ Pantalla 7&#8243; \/ Administrable en la Nube con Hik-Connect 6 \/ Exterior IP65 \/ LED Rojo\/Verde Indicador de Acceso \/ SIP Estandar \/ HIK-IA<\/p>\n","protected":false},"featured_media":20817,"comment_status":"open","ping_status":"closed","template":"","meta":[],"product_brand":[],"product_cat":[806],"product_tag":[744,54,807],"class_list":{"0":"post-20818","1":"product","2":"type-product","3":"status-publish","4":"has-post-thumbnail","6":"product_cat-para-control-de-acceso","7":"product_tag-biometricos","8":"product_tag-hikvision","9":"product_tag-para-control-de-acceso","11":"first","12":"instock","13":"sale","14":"shipping-taxable","15":"purchasable","16":"product-type-simple"},"_links":{"self":[{"href":"https:\/\/soydeaqui.ddns.net\/pachuca\/index.php\/wp-json\/wp\/v2\/product\/20818","targetHints":{"allow":["GET"]}}],"collection":[{"href":"https:\/\/soydeaqui.ddns.net\/pachuca\/index.php\/wp-json\/wp\/v2\/product"}],"about":[{"href":"https:\/\/soydeaqui.ddns.net\/pachuca\/index.php\/wp-json\/wp\/v2\/types\/product"}],"replies":[{"embeddable":true,"href":"https:\/\/soydeaqui.ddns.net\/pachuca\/index.php\/wp-json\/wp\/v2\/comments?post=20818"}],"wp:featuredmedia":[{"embeddable":true,"href":"https:\/\/soydeaqui.ddns.net\/pachuca\/index.php\/wp-json\/wp\/v2\/media\/20817"}],"wp:attachment":[{"href":"https:\/\/soydeaqui.ddns.net\/pachuca\/index.php\/wp-json\/wp\/v2\/media?parent=20818"}],"wp:term":[{"taxonomy":"product_brand","embeddable":true,"href":"https:\/\/soydeaqui.ddns.net\/pachuca\/index.php\/wp-json\/wp\/v2\/product_brand?post=20818"},{"taxonomy":"product_cat","embeddable":true,"href":"https:\/\/soydeaqui.ddns.net\/pachuca\/index.php\/wp-json\/wp\/v2\/product_cat?post=20818"},{"taxonomy":"product_tag","embeddable":true,"href":"https:\/\/soydeaqui.ddns.net\/pachuca\/index.php\/wp-json\/wp\/v2\/product_tag?post=20818"}],"curies":[{"name":"wp","href":"https:\/\/api.w.org\/{rel}","templated":true}]}}