{"id":20796,"date":"2026-03-18T10:27:13","date_gmt":"2026-03-18T10:27:13","guid":{"rendered":"https:\/\/soydeaqui.ddns.net\/pachuca\/index.php\/producto\/controlador-de-senales-de-trafico-arm9-32-bits-diseno-modular-44-salidas-de-luz-independientes-ethernet-rs-232-y-rs-485-entrada-para-boton-peatonal-ip54\/"},"modified":"2026-03-18T10:27:13","modified_gmt":"2026-03-18T10:27:13","slug":"controlador-de-senales-de-trafico-arm9-32-bits-diseno-modular-44-salidas-de-luz-independientes-ethernet-rs-232-y-rs-485-entrada-para-boton-peatonal-ip54","status":"publish","type":"product","link":"https:\/\/soydeaqui.ddns.net\/pachuca\/index.php\/producto\/controlador-de-senales-de-trafico-arm9-32-bits-diseno-modular-44-salidas-de-luz-independientes-ethernet-rs-232-y-rs-485-entrada-para-boton-peatonal-ip54\/","title":{"rendered":"Controlador de Se\u00f1ales de Tr\u00e1fico \/ ARM9 32 bits \/ Dise\u00f1o Modular \/ 44 Salidas de Luz Independientes \/ Ethernet \/ RS-232 y RS-485 \/ Entrada para Bot\u00f3n Peatonal \/ IP54"},"content":{"rendered":"<div style='width: 100%; max-width: 1200px; margin: 0 auto; font-family: sans-serif; line-height: 1.6; color: inherit; background-color: transparent;'> <!-- Banner de inicio --> <\/p>\n<p style='text-align: center; margin: 0 0 20px 0;'><span><img style='width: 45%; height: auto; border: 1px solid rgba(150&comma;150&comma;150&comma;0.3); border-radius: 8px;' src='https:\/\/ftp3.syscom.mx\/usuarios\/jsosa\/HIKVISION\/imagenes\/logo\/hikvision%20see%20far.png' alt='Logo Hikvision'><\/span><\/p>\n<p> <!-- Video de YouTube --> <\/p>\n<div style='position: relative; padding-bottom: 56.25%; height: 0; overflow: hidden; margin-bottom: 30px;'>   <\/div>\n<p> <!-- Secci\u00f3n de caracter\u00edsticas --> <\/p>\n<div style='display: flex; flex-wrap: wrap; gap: 30px; margin-bottom: 30px;'>\n<div style='flex: 1 1 300px; min-width: 280px;'>\n<h3 style='font-size: 22px; border-bottom: 2px solid currentColor; padding-bottom: 5px; margin-top: 0; color: inherit; opacity: 0.8;'>Caracter\u00edsticas Generales:<\/h3>\n<ul style='padding-left: 20px; font-size: 15px; color: inherit;'>\n<li style='margin-bottom: 5px;'>Chip ARM9 de 32 bits<\/li>\n<li style='margin-bottom: 5px;'>Dise\u00f1o modular para instalaci\u00f3n y mantenimiento<\/li>\n<li style='margin-bottom: 5px;'>Capacidades avanzadas de computaci\u00f3n y comunicaci\u00f3n<\/li>\n<li style='margin-bottom: 5px;'>Interfaz de red para mantenimiento remoto<\/li>\n<li style='margin-bottom: 5px;'>Control manual&comma; remoto&comma; multisector y de onda verde<\/li>\n<li style='margin-bottom: 5px;'>Priorizaci\u00f3n del tr\u00e1nsito<\/li>\n<\/ul><\/div>\n<div style='flex: 1 1 300px; min-width: 280px;'>\n<h3 style='font-size: 22px; border-bottom: 2px solid currentColor; padding-bottom: 5px; margin-top: 0; color: inherit; opacity: 0.8;'>Caracter\u00edsticas F\u00edsicas y El\u00e9ctricas:<\/h3>\n<ul style='padding-left: 20px; font-size: 15px; color: inherit;'>\n<li style='margin-bottom: 5px;'><strong>Voltaje de trabajo:<\/strong> 220 \u00b1 44 VAC \/ 50 \u00b1 2 Hz<\/li>\n<li style='margin-bottom: 5px;'><strong>Temperatura de operaci\u00f3n:<\/strong> -40 \u00b0C a +70 \u00b0C<\/li>\n<li style='margin-bottom: 5px;'><strong>Humedad:<\/strong> 45% a 95% sin condensaci\u00f3n<\/li>\n<li style='margin-bottom: 5px;'><strong>Consumo:<\/strong> Menor a 35 W<\/li>\n<li style='margin-bottom: 5px;'><strong>Resistencia de aislamiento:<\/strong> Superior a 100 M\u03a9<\/li>\n<li style='margin-bottom: 5px;'><strong>Nivel de protecci\u00f3n:<\/strong> IP54<\/li>\n<\/ul><\/div>\n<\/p><\/div>\n<p> <!-- Secci\u00f3n de caracter\u00edsticas destacadas --> <\/p>\n<div style='margin-bottom: 30px;'>\n<h3 style='font-size: 22px; border-bottom: 2px solid currentColor; padding-bottom: 5px; margin-top: 0; color: inherit; opacity: 0.8;'>Caracter\u00edsticas destacadas:<\/h3>\n<div style='display: flex; flex-direction: column; gap: 10px; margin-top: 15px;'>\n<div style='background-color: rgba(128&comma; 128&comma; 128&comma; 0.05); padding: 15px; border-radius: 8px; color: inherit; font-size: 14px;'> Soporta 44 Salidas de Luz Independientes <\/div>\n<div style='background-color: rgba(128&comma; 128&comma; 128&comma; 0.05); padding: 15px; border-radius: 8px; color: inherit; font-size: 14px;'> Soporta centralizaci\u00f3n para control remoto <\/div>\n<div style='background-color: rgba(128&comma; 128&comma; 128&comma; 0.05); padding: 15px; border-radius: 8px; color: inherit; font-size: 14px;'> Soporta centralizaci\u00f3n remota mediante HikCentral Master <\/div>\n<div style='background-color: rgba(128&comma; 128&comma; 128&comma; 0.05); padding: 15px; border-radius: 8px; color: inherit; font-size: 14px;'> Integraci\u00f3n con otras marcas de sem\u00e1foro <\/div>\n<\/p><\/div>\n<\/p><\/div>\n<p> <!-- Banner final --> <\/p>\n<div style='text-align: center; margin-top: 30px;'> <img style='width: 100%; height: auto; border: 1px solid rgba(150&comma;150&comma;150&comma;0.3); border-radius: 8px;' src='https:\/\/ftp3.syscom.mx\/usuarios\/jsosa\/HIKVISION\/imagenes\/banners\/solution%20complete.png' alt='Soluci\u00f3n completa Hikvision'> <\/div>\n<p> <!-- Separador final --> <\/p>\n<hr style='border: 0; border-top: 1px solid rgba(150&comma; 150&comma; 150&comma; 0.3); margin: 30px 0;'> <\/div>\n","protected":false},"excerpt":{"rendered":"<p>Controlador de Se\u00f1ales de Tr\u00e1fico \/ ARM9 32 bits \/ Dise\u00f1o Modular \/ 44 Salidas de Luz Independientes \/ Ethernet \/ RS-232 y RS-485 \/ Entrada para Bot\u00f3n Peatonal \/ IP54<\/p>\n","protected":false},"featured_media":20795,"comment_status":"open","ping_status":"closed","template":"","meta":[],"product_brand":[],"product_cat":[828],"product_tag":[401,54,829],"class_list":{"0":"post-20796","1":"product","2":"type-product","3":"status-publish","4":"has-post-thumbnail","6":"product_cat-semaforos-y-senalizacion","7":"product_tag-acceso-vehicular","8":"product_tag-hikvision","9":"product_tag-semaforos-y-senalizacion","11":"first","12":"outofstock","13":"sale","14":"shipping-taxable","15":"purchasable","16":"product-type-simple"},"_links":{"self":[{"href":"https:\/\/soydeaqui.ddns.net\/pachuca\/index.php\/wp-json\/wp\/v2\/product\/20796","targetHints":{"allow":["GET"]}}],"collection":[{"href":"https:\/\/soydeaqui.ddns.net\/pachuca\/index.php\/wp-json\/wp\/v2\/product"}],"about":[{"href":"https:\/\/soydeaqui.ddns.net\/pachuca\/index.php\/wp-json\/wp\/v2\/types\/product"}],"replies":[{"embeddable":true,"href":"https:\/\/soydeaqui.ddns.net\/pachuca\/index.php\/wp-json\/wp\/v2\/comments?post=20796"}],"wp:featuredmedia":[{"embeddable":true,"href":"https:\/\/soydeaqui.ddns.net\/pachuca\/index.php\/wp-json\/wp\/v2\/media\/20795"}],"wp:attachment":[{"href":"https:\/\/soydeaqui.ddns.net\/pachuca\/index.php\/wp-json\/wp\/v2\/media?parent=20796"}],"wp:term":[{"taxonomy":"product_brand","embeddable":true,"href":"https:\/\/soydeaqui.ddns.net\/pachuca\/index.php\/wp-json\/wp\/v2\/product_brand?post=20796"},{"taxonomy":"product_cat","embeddable":true,"href":"https:\/\/soydeaqui.ddns.net\/pachuca\/index.php\/wp-json\/wp\/v2\/product_cat?post=20796"},{"taxonomy":"product_tag","embeddable":true,"href":"https:\/\/soydeaqui.ddns.net\/pachuca\/index.php\/wp-json\/wp\/v2\/product_tag?post=20796"}],"curies":[{"name":"wp","href":"https:\/\/api.w.org\/{rel}","templated":true}]}}