{"id":20787,"date":"2026-03-18T10:27:03","date_gmt":"2026-03-18T10:27:03","guid":{"rendered":"https:\/\/soydeaqui.ddns.net\/pachuca\/index.php\/producto\/terminal-facial-min-moe-con-lector-de-qrs-fisico-ultra-rapido-y-tarjetas-mifare-3000-rostros-pantalla-4-5-administrable-en-la-nube-con-hikconnect-teams-exterior-ip65-poe-wifi-hik-ia\/"},"modified":"2026-03-18T10:27:04","modified_gmt":"2026-03-18T10:27:04","slug":"terminal-facial-min-moe-con-lector-de-qrs-fisico-ultra-rapido-y-tarjetas-mifare-3000-rostros-pantalla-4-5-administrable-en-la-nube-con-hikconnect-teams-exterior-ip65-poe-wifi-hik-ia","status":"publish","type":"product","link":"https:\/\/soydeaqui.ddns.net\/pachuca\/index.php\/producto\/terminal-facial-min-moe-con-lector-de-qrs-fisico-ultra-rapido-y-tarjetas-mifare-3000-rostros-pantalla-4-5-administrable-en-la-nube-con-hikconnect-teams-exterior-ip65-poe-wifi-hik-ia\/","title":{"rendered":"Terminal Facial Min Moe con LECTOR DE QRs FISICO Ultra R\u00e1pido  y Tarjetas MIFARE \/ 3000 Rostros \/ Pantalla 4.5&#8243; \/ Administrable en la Nube con HikConnect Teams  \/ Exterior IP65  \/ PoE \/ WiFi \/ HIK-IA \/ SIP Estandar"},"content":{"rendered":"<div style='width: 100%; max-width: 1200px; margin: 0 auto; font-family: sans-serif; line-height: 1.6; color: inherit; background-color: transparent;'> <!-- Secci\u00f3n principal --> <\/p>\n<div style='display: flex; flex-wrap: wrap; gap: 30px; margin-bottom: 30px;'>\n<div style='flex: 1 1 300px; min-width: 280px;'> <img style='width: 100%; height: auto; border: 1px solid rgba(150&comma;150&comma;150&comma;0.3); border-radius: 8px;' src='https:\/\/ftp3.syscom.mx\/usuarios\/fespinoza\/HIKVISION\/banner_hikconnect_6.png' alt='Banner Hik-Connect Teams'> <\/div>\n<div style='flex: 1 1 300px; min-width: 280px;'>\n<h2 style='font-size: 24px; margin-top: 0; color: inherit;'>Administre este equipo en la Nube Aproveche <span style='color: #c0392b;'>Hik-Connect Teams<\/span><\/h2>\n<p style='color: inherit;'><span style='color: #c0392b;'>* Gratis para 10 Dispositivos y 100 empleados. <\/span><span style='color: #000000;'>Licencia adicional <\/span><a href='https:\/\/www.syscom.mx\/producto\/HCT-ACCESO-1P-HIKVISION-226166.html' style='color: #000000;'><strong>HCTACCESO1P<\/strong><\/a><span style='color: #c0392b;'>. <\/span><span style='color: #000000;'>Reg\u00edstrese en <\/span><a href='https:\/\/ius.hik-connect.com\/' style='color: #2880b9;'><strong>www.hik-connect.com<\/strong><\/a><\/p>\n<p style='color: inherit;'>HikConnect Teams es una plataforma <strong>SaaS<\/strong> para la gesti\u00f3n unificada en la nube de la seguridad con mayor rentabilidad&comma; f\u00e1cil de implementar&comma; altamente escalable en todos sus niveles y extremadamente seguro.<\/p>\n<ul style='padding-left: 20px; color: inherit;'>\n<li style='margin-bottom: 5px;'><em>Administraci\u00f3n de usuarios&comma; roles&comma; y sucursales.<\/em><\/li>\n<li style='margin-bottom: 5px;'><em>Sincronizaci\u00f3n autom\u00e1tica de usuarios por \u00e1reas.<\/em><\/li>\n<li style='margin-bottom: 5px;'><em>Chequeo de Asistencia por App de Smartphone con ubicaci\u00f3n GPS.<\/em><\/li>\n<li style='margin-bottom: 5px;'><em>Reportes de acceso y asistencia remotos.<\/em><\/li>\n<li style='margin-bottom: 5px;'><em>Pases temporales para visitantes generados desde App.<\/em><\/li>\n<li style='margin-bottom: 5px;'><em>Integrable con Videovigilancia&comma; Intercom&comma; Monitoreo de Veh\u00edculos etc<\/em><\/li>\n<\/ul><\/div>\n<\/p><\/div>\n<p> <!-- Secci\u00f3n de cards con especificaciones --> <\/p>\n<div style='display: flex; flex-wrap: wrap; gap: 20px; margin-bottom: 30px;'>\n<div style='flex: 1 1 250px; border: 1px solid rgba(150&comma; 150&comma; 150&comma; 0.4); border-radius: 8px; overflow: hidden; display: flex; flex-direction: column;'>\n<div style='padding: 15px; border-bottom: 1px solid rgba(150&comma; 150&comma; 150&comma; 0.2); font-weight: bold; font-size: 18px; color: inherit;'>Caracter\u00edsticas Principales:<\/div>\n<div style='padding: 15px; color: inherit;'>\n<ul style='padding-left: 20px; margin: 0; font-size: 14px; list-style-type: disc;'>\n<li style='margin-bottom: 5px;'>Pantalla T\u00e1ctil LCD de 4.5&#8242;<\/li>\n<li style='margin-bottom: 5px;'>C\u00e1mara de 2 MP con doble lente de gran angular.<\/li>\n<li style='margin-bottom: 5px;'>3&comma;000 Rostros.<\/li>\n<li style='margin-bottom: 5px;'>3&comma;000 Tarjetas MiFare 13.56 Mhz.<\/li>\n<li style='margin-bottom: 5px;'>150&comma;000 Eventos<\/li>\n<li style='margin-bottom: 5px;'>Distancia de Reconocimiento Facial 0.3 &#8211; 1.5 mts.<\/li>\n<li style='margin-bottom: 5px; color: #c0392b;'><span style='color: #c0392b;'>Lectura de Huellas: No soportado.<\/span><\/li>\n<li style='margin-bottom: 5px;'><span style='color: #000000;'>Se agrega al software con el Puerto 80.<\/span><\/li>\n<\/ul><\/div>\n<\/p><\/div>\n<div style='flex: 1 1 250px; border: 1px solid rgba(150&comma; 150&comma; 150&comma; 0.4); border-radius: 8px; overflow: hidden; display: flex; flex-direction: column;'>\n<div style='padding: 15px; border-bottom: 1px solid rgba(150&comma; 150&comma; 150&comma; 0.2); font-weight: bold; font-size: 18px; color: inherit;'>Caracter\u00edsticas F\u00edsicas y El\u00e9ctricas<\/div>\n<div style='padding: 15px; color: inherit;'>\n<ul style='padding-left: 20px; margin: 0; font-size: 14px; list-style-type: disc;'>\n<li style='margin-bottom: 5px;'>Alimentaci\u00f3n 12 Vcd (Incluida) o PoE 802.3at.<\/li>\n<li style='margin-bottom: 5px;'>1x TCP\/IP Cableado o WiFi.<\/li>\n<li style='margin-bottom: 5px;'>1x RS-485<\/li>\n<li style='margin-bottom: 5px;'>1x Wiegand solo Entrada.<\/li>\n<li style='margin-bottom: 5px;'>1x Salida de relevador para chapa.<\/li>\n<li style='margin-bottom: 5px;'>1x Sensor de Puerta<\/li>\n<li style='margin-bottom: 5px;'>1x USB<\/li>\n<li style='margin-bottom: 5px;'>2x Entradas de Alarma<\/li>\n<li style='margin-bottom: 5px;'>1x Salida de Alarma<\/li>\n<li style='margin-bottom: 5px;'>1x Entrada de Bot\u00f3n.<\/li>\n<\/ul><\/div>\n<\/p><\/div>\n<div style='flex: 1 1 250px; border: 1px solid rgba(150&comma; 150&comma; 150&comma; 0.4); border-radius: 8px; overflow: hidden; display: flex; flex-direction: column;'>\n<div style='padding: 15px; border-bottom: 1px solid rgba(150&comma; 150&comma; 150&comma; 0.2); font-weight: bold; font-size: 18px; color: inherit;'>Caracter\u00edsticas Destacadas:<\/div>\n<div style='padding: 15px; color: inherit;'>\n<ul style='padding-left: 20px; margin: 0; font-size: 14px; list-style-type: disc;'>\n<li style='margin-bottom: 5px;'>El terminal frontal de la serie DS-K1T344 adopta un algoritmo DEEP LEARNING con <strong>HIK-IA<\/strong> que ayuda a reconocer el rostro de las personas m\u00e1s r\u00e1pido y con mayor precisi\u00f3n. Aplicable en escenarios&comma; como edificios&comma; empresas&comma; industrias y otras \u00e1reas importantes.<\/li>\n<li style='margin-bottom: 5px;'>Flexible administraci\u00f3n remota o local por software&comma; interfaz web o pantalla touch.<\/li>\n<li style='margin-bottom: 5px;'>SDK\/API disponible para integraci\u00f3n con sistemas de terceros.<\/li>\n<li style='margin-bottom: 5px;'>SIP Est\u00e1ndar para integraci\u00f3n con conmutadores de terceros.<\/li>\n<li style='margin-bottom: 5px;'><strong>Modelos similares<\/strong> (<a href='https:\/\/www.syscom.mx\/producto\/hikvision-ds-k1t344mbwx-e1-233301.html' style='color: inherit;'>con bot\u00f3n de llamada f\u00edsico<\/a> \/ <a href='https:\/\/www.syscom.mx\/producto\/hikvision-ds-k1t344mbfwx-e1-231117.html' style='color: inherit;'>con lector de huella + MiFare<\/a> \/ <a href='https:\/\/www.syscom.mx\/producto\/DS-K1T344EBFWX-E1-HIKVISION-231119.html' style='color: inherit;'>con lector de huella + Prox EM<\/a>) en lugar de lector de QR F\u00edsico.<\/li>\n<\/ul><\/div>\n<\/p><\/div>\n<\/p><\/div>\n<p> <!-- Secci\u00f3n de QR --> <\/p>\n<div style='display: flex; flex-wrap: wrap; gap: 30px; margin-bottom: 30px;'>\n<div style='flex: 1 1 300px; min-width: 280px;'> <img style='width: 100%; height: auto; border: 1px solid rgba(150&comma;150&comma;150&comma;0.3); border-radius: 8px;' src='https:\/\/ftp3.syscom.mx\/usuarios\/fespinoza\/HIKVISION\/Dispositivos\/Biometricos\/DSK1T344\/QR1.jpg' alt='Lector F\u00edsico de C\u00f3digos QR'> <\/div>\n<div style='flex: 1 1 300px; min-width: 280px;'>\n<h2 style='font-size: 24px; margin-top: 0; color: inherit;'>Lector F\u00edsico de C\u00f3digos QR Ultra R\u00e1pido<\/h2>\n<p style='color: inherit;'>La lectura de c\u00f3digos QR por medio de un lector f\u00edsico es mas r\u00e1pida en comparaci\u00f3n con otros equipos que hacen la lectura por medio de una c\u00e1mara. Si los c\u00f3digos QR son prioritarios para su proyecto pero tambi\u00e9n requiere otros m\u00e9todos de verificaci\u00f3n como reconocimiento facial&comma; contrase\u00f1as o tarjetas este es el producto adecuado.<\/p>\n<h3 style='font-size: 20px; margin-top: 0; color: inherit;'>Caracter\u00edsticas<\/h3>\n<ul style='padding-left: 20px; color: inherit; font-size: 14px;'>\n<li style='margin-bottom: 5px; color: #c0392b;'><strong>Soporta QRs Ultra R\u00e1pido con lector F\u00edsico.<\/strong><\/li>\n<li style='margin-bottom: 5px;'>Soporta Rostros&comma; Tarjetas MiFare&comma; PIN&comma; Bluetooth y apertura remota.<\/li>\n<li style='margin-bottom: 5px;'>Conexi\u00f3n LAN cableado o <strong>WiFi<\/strong>.<\/li>\n<li style='margin-bottom: 5px;'><strong>Alimentaci\u00f3n PoE<\/strong> o Transformador 12 Vcd 1A.<\/li>\n<li style='margin-bottom: 5px;'>Funci\u00f3n de Videoportero en Pantalla Touch.<\/li>\n<li style='margin-bottom: 5px;'><strong>Salida de 12 Vcd para cerradura<\/strong> (cuando se alimenta PoE).<\/li>\n<li style='margin-bottom: 5px;'>Soporta instalaci\u00f3n en <strong>Exterior IP65.<\/strong><\/li>\n<li style='margin-bottom: 5px;'><strong>5 a\u00f1os de Garant\u00eda.<\/strong><\/li>\n<\/ul><\/div>\n<\/p><\/div>\n<p> <!-- iFrame desarrolladores --> <\/p>\n<h2 style='text-align: center; font-size: 22px; margin-bottom: 20px; color: inherit;'>Otras Plataformas Compatibles<\/h2>\n<div style='margin-bottom: 30px;'>   <\/div>\n<p> <!-- Secci\u00f3n m\u00f3dulo esclavo --> <\/p>\n<div style='border-left: 5px solid #3c57ea; border-radius: 8px; padding: 15px; margin-bottom: 30px; background-color: rgba(215&comma; 215&comma; 215&comma; 0.1);'>\n<div style='text-align: center;'> <span style='font-family: verdana&comma; geneva&comma; sans-serif;'><strong>Instalaciones seguras con m\u00f3dulo esclavo <a href='https:\/\/www.syscom.mx\/producto\/DS-K2M061-HIKVISION-205871.html' style='color: inherit;'>DS-K2M061 <\/a><\/strong><\/span> <\/div>\n<ul style='padding-left: 20px; margin-top: 15px;'>\n<li style='margin-bottom: 10px; color: #1a1a1a; font-family: system-ui&comma; 'Segoe UI'&comma; Roboto&comma; Helvetica&comma; Arial&comma; sans-serif&comma; 'Apple Color Emoji'&comma; 'Segoe UI Emoji'&comma; 'Segoe UI Symbol'; font-size: 16px; background-color: rgba(255&comma; 255&comma; 255&comma; 0.05);'>En una instalaci\u00f3n de control de acceso convencional con dispositivos aut\u00f3nomos es recomendado a\u00f1adir un sistema que permita mantener el control de la puerta desde el interior del recinto aumentando significativamente la seguridad de nuestra instalaci\u00f3n.<\/li>\n<\/ul>\n<div style='text-align: center;'>\n<h3 style='font-size: 24px; margin-bottom: 15px; color: inherit;'><a href='https:\/\/soporte.syscom.mx\/es\/articles\/5608107-hikvision-instalacion-segura-de-control-de-acceso-con-equipo-autonomo-y-ds-k2m061' target='_blank' rel='noopener' style='color: inherit;'><strong>\u00bfPor qu\u00e9 es recomendado usar un m\u00f3dulo seguro para sistemas aut\u00f3nomos?<\/strong><\/a><\/h3>\n<\/p><\/div>\n<\/p><\/div>\n<p> <!-- Imagen m\u00f3dulo esclavo --> <\/p>\n<div style='margin-bottom: 30px;'> <img style='width: 100%; height: auto; border: 1px solid rgba(150&comma;150&comma;150&comma;0.3); border-radius: 8px; display: block; margin: 0 auto;' src='http:\/\/ftp3.syscom.mx\/usuarios\/fespinoza\/modulo%20seguro.png' alt='M\u00f3dulo Seguro'> <\/div>\n<p> <!-- Video configuraci\u00f3n IVMS4200 --> <\/p>\n<div style='margin-bottom: 30px;'>\n<h2 style='text-align: center; font-size: 22px; margin-bottom: 20px; color: inherit;'>\u00bfConfiguraci\u00f3n con IVMS4200? Consulte el video paso a paso<\/h2>\n<div style='position: relative; padding-bottom: 56.25%; height: 0; overflow: hidden;'>   <\/div>\n<\/p><\/div>\n<p> <!-- Separador final --> <\/p>\n<hr style='border: 0; border-top: 1px solid rgba(150&comma; 150&comma; 150&comma; 0.3); margin: 30px 0;'> <\/div>\n","protected":false},"excerpt":{"rendered":"<p>Terminal Facial Min Moe con LECTOR DE QRs FISICO Ultra R\u00e1pido  y Tarjetas MIFARE \/ 3000 Rostros \/ Pantalla 4.5&#8243; \/ Administrable en la Nube con HikConnect Teams  \/ Exterior IP65  \/ PoE \/ WiFi \/ HIK-IA \/ SIP Estandar<\/p>\n","protected":false},"featured_media":20786,"comment_status":"open","ping_status":"closed","template":"","meta":[],"product_brand":[],"product_cat":[743],"product_tag":[744,54,745],"class_list":{"0":"post-20787","1":"product","2":"type-product","3":"status-publish","4":"has-post-thumbnail","6":"product_cat-para-tiempo-y-asistencia-checadores","7":"product_tag-biometricos","8":"product_tag-hikvision","9":"product_tag-para-tiempo-y-asistencia-checadores","11":"first","12":"instock","13":"sale","14":"shipping-taxable","15":"purchasable","16":"product-type-simple"},"_links":{"self":[{"href":"https:\/\/soydeaqui.ddns.net\/pachuca\/index.php\/wp-json\/wp\/v2\/product\/20787","targetHints":{"allow":["GET"]}}],"collection":[{"href":"https:\/\/soydeaqui.ddns.net\/pachuca\/index.php\/wp-json\/wp\/v2\/product"}],"about":[{"href":"https:\/\/soydeaqui.ddns.net\/pachuca\/index.php\/wp-json\/wp\/v2\/types\/product"}],"replies":[{"embeddable":true,"href":"https:\/\/soydeaqui.ddns.net\/pachuca\/index.php\/wp-json\/wp\/v2\/comments?post=20787"}],"wp:featuredmedia":[{"embeddable":true,"href":"https:\/\/soydeaqui.ddns.net\/pachuca\/index.php\/wp-json\/wp\/v2\/media\/20786"}],"wp:attachment":[{"href":"https:\/\/soydeaqui.ddns.net\/pachuca\/index.php\/wp-json\/wp\/v2\/media?parent=20787"}],"wp:term":[{"taxonomy":"product_brand","embeddable":true,"href":"https:\/\/soydeaqui.ddns.net\/pachuca\/index.php\/wp-json\/wp\/v2\/product_brand?post=20787"},{"taxonomy":"product_cat","embeddable":true,"href":"https:\/\/soydeaqui.ddns.net\/pachuca\/index.php\/wp-json\/wp\/v2\/product_cat?post=20787"},{"taxonomy":"product_tag","embeddable":true,"href":"https:\/\/soydeaqui.ddns.net\/pachuca\/index.php\/wp-json\/wp\/v2\/product_tag?post=20787"}],"curies":[{"name":"wp","href":"https:\/\/api.w.org\/{rel}","templated":true}]}}