{"id":20781,"date":"2026-03-18T10:26:55","date_gmt":"2026-03-18T10:26:55","guid":{"rendered":"https:\/\/soydeaqui.ddns.net\/pachuca\/index.php\/producto\/puerta-metalica-galvanizada-3-x-7-pies-resistente-al-fuego-por-180min-ul\/"},"modified":"2026-03-18T10:26:55","modified_gmt":"2026-03-18T10:26:55","slug":"puerta-metalica-galvanizada-3-x-7-pies-resistente-al-fuego-por-180min-ul","status":"publish","type":"product","link":"https:\/\/soydeaqui.ddns.net\/pachuca\/index.php\/producto\/puerta-metalica-galvanizada-3-x-7-pies-resistente-al-fuego-por-180min-ul\/","title":{"rendered":"Puerta met\u00e1lica galvanizada  3 x 7 pies \/ Resistente al fuego por 180min \/UL"},"content":{"rendered":"<div style='width: 100%; max-width: 1200px; margin: 0 auto; font-family: sans-serif; line-height: 1.6; color: inherit; background-color: transparent;'> <!-- Secci\u00f3n de caracter\u00edsticas --> <\/p>\n<div style='display: flex; flex-wrap: wrap; gap: 30px; margin-bottom: 30px;'>\n<div style='flex: 1 1 300px; min-width: 280px;'>\n<h3 style='font-size: 22px; border-bottom: 2px solid currentColor; padding-bottom: 5px; margin-top: 0; color: inherit; opacity: 0.8;'>Caracter\u00edsticas Especiales<\/h3>\n<ul style='padding-left: 20px; font-size: 15px; color: inherit;'>\n<li style='margin-bottom: 5px;'>Enclavados mec\u00e1nicamente para mayor resistencia y rigidez<\/li>\n<li style='margin-bottom: 5px;'>N\u00facleo de panal de abeja que proporciona resistencia natural<\/li>\n<li style='margin-bottom: 5px;'>Canales invertidos&comma; finales soldadas a ambas l\u00e1minas de cara<\/li>\n<\/ul><\/div>\n<div style='flex: 1 1 300px; min-width: 280px;'>\n<h3 style='font-size: 22px; border-bottom: 2px solid currentColor; padding-bottom: 5px; margin-top: 0; color: inherit; opacity: 0.8;'>Descripci\u00f3n de la Puerta<\/h3>\n<ul style='padding-left: 20px; font-size: 15px; color: inherit;'>\n<li style='margin-bottom: 5px;'><strong>Resistente al fuego por 180 min<\/strong><\/li>\n<li style='margin-bottom: 5px;'>1-3\/4\u201d espesor<\/li>\n<li style='margin-bottom: 5px;'>Interior Honeycomb<\/li>\n<li style='margin-bottom: 5px;'>Uniones por &#8216;Interlocked&#8217;<\/li>\n<li style='margin-bottom: 5px;'>Canales invertidos &#8216;Top\/Bttm&#8217;<\/li>\n<li style='margin-bottom: 5px;'>Refuerzo de bisagra calibre 7<\/li>\n<li style='margin-bottom: 5px;'>Acabado &#8216;Prime&#8217; anti corrosi\u00f3n<\/li>\n<li style='margin-bottom: 5px;'>Preparaciones est\u00e1ndares<\/li>\n<li style='margin-bottom: 5px;'>STC 32 (en calibre 18)<\/li>\n<li style='margin-bottom: 5px;'>Uniones por &#8216;Interlocked&#8217;<\/li>\n<li style='margin-bottom: 5px;'>Certificaci\u00f3n <span style='color: inherit; font-weight: bold;'>Warnock Hersey<\/span><\/li>\n<li style='margin-bottom: 5px;'><strong>Calibre: 18<\/strong><\/li>\n<li style='margin-bottom: 5px;'>1&comma;000&comma;000 ciclos de uso en calibre 18<\/li>\n<li style='margin-bottom: 5px;'><strong>Dimensiones: 3\u20190\u201d x 7\u20190\u201d (de solo la Puerta)<\/strong><\/li>\n<li style='margin-bottom: 5px;'><strong>El vano requerido para instalar la puerta con jambas y marcos es de <\/strong><strong>1025 x 2190 mm<\/strong><\/li>\n<\/ul><\/div>\n<\/p><\/div>\n<p> <!-- Secci\u00f3n de cotizaci\u00f3n --> <\/p>\n<div style='margin-bottom: 30px;'>\n<h3 style='font-size: 22px; border-bottom: 2px solid currentColor; padding-bottom: 5px; margin-top: 0; color: inherit; opacity: 0.8;'>\u00bfC\u00f3mo cotizar?<\/h3>\n<p style='margin-bottom: 15px;'><strong>Accesorios Indispensables:<\/strong> Marco y kit de 3 Bisagras.<\/p>\n<p style='margin-bottom: 10px;'><em>Determinar el tipo de puerta (ver imagen abajo)<\/em><\/p>\n<ul style='padding-left: 20px; font-size: 15px; color: inherit; margin-bottom: 15px;'>\n<li style='margin-bottom: 5px;'>Marco para puerta derecha <strong>MX9043<\/strong> (incluye las dos jambas y el cabezal)<\/li>\n<li style='margin-bottom: 5px;'>Marco para puerta izquierda <strong>MX9045<\/strong> (incluye las dos jambas y el cabezal)<\/li>\n<li style='margin-bottom: 5px;'>Bisagras <strong>MX105155<\/strong><\/li>\n<\/ul>\n<p style='margin-bottom: 15px;'><strong>Para que la puerta sea corta fuego<\/strong> requiere accesorios adicionales:<\/p>\n<ul style='padding-left: 20px; font-size: 15px; color: inherit; margin-bottom: 15px;'>\n<li style='margin-bottom: 5px;'><strong>Sello perimetral<\/strong>: modelo <a href='https:\/\/www.syscom.mx\/principal\/searchcont?route=5018-ASSA-ABLOY-76910&#038;autodetect=5018' target='_blank' rel='noopener noreferrer' style='color: inherit; text-decoration: underline;'>5018<\/a><\/li>\n<li style='margin-bottom: 5px;'><strong>Sardinel:<\/strong> <a href='https:\/\/www.syscom.mx\/principal\/searchcont?route=5020A-ASSA-ABLOY-88551&#038;autodetect=5020a' target='_blank' rel='noopener noreferrer' style='color: inherit; text-decoration: underline;'>5020A<\/a>&comma; o bien <a href='https:\/\/www.syscom.mx\/principal\/searchcont?route=5024-ASSA-ABLOY-88553&#038;autodetect=5024' target='_blank' rel='noopener noreferrer' style='color: inherit; text-decoration: underline;'>5024<\/a> (opci\u00f3n con tope)<\/li>\n<li style='margin-bottom: 5px;'><strong>Sello bajo puerta:<\/strong> <a href='https:\/\/www.syscom.mx\/principal\/searchcont?route=5016-ASSA-ABLOY-88548&#038;autodetect=5016' target='_blank' rel='noopener noreferrer' style='color: inherit; text-decoration: underline;'>5016<\/a> o bien <a href='https:\/\/www.syscom.mx\/principal\/searchcont?route=5032-ASSA-ABLOY-88554&#038;autodetect=5032' target='_blank' rel='noopener noreferrer' style='color: inherit; text-decoration: underline;'>5032<\/a> (con goma)<\/li>\n<li style='margin-bottom: 5px;'><strong>Goter\u00f3n<\/strong>: <a href='https:\/\/www.syscom.mx\/principal\/searchcont?route=5036-ASSA-ABLOY-88559&#038;autodetect=5036' target='_blank' rel='noopener noreferrer' style='color: inherit; text-decoration: underline;'>5036<\/a>&comma; (para uso en puertas con vista al exterior)<\/li>\n<li style='margin-bottom: 5px;'><strong>Cierrapuertas:<\/strong> <a href='https:\/\/www.syscom.mx\/principal\/searchcont?route=84887-ASSA-ABLOY-71886&#038;autodetect=84887' target='_blank' rel='noopener noreferrer' style='color: inherit; text-decoration: underline;'>84887<\/a><\/li>\n<\/ul>\n<p style='margin-bottom: 0;'><em>*Opcional puede utilizar <a href='https:\/\/www.syscom.mx\/principal\/listadoproductosazul\/control-de-acceso-sistemas-de-emergencia-barras-para-puertas-de-emergencia-3117.html?ordenar=Precio_de_Menor_a_Mayor&#038;pag=1' target='_blank' rel='noopener noreferrer' style='color: inherit; text-decoration: underline;'>Barra para Puerta de emergencia<\/a>&comma; cerradura mec\u00e1nica y <a href='https:\/\/www.syscom.mx\/principal\/listadoproductosazul\/control-de-acceso-sistemas-de-emergencia-senializacion-3119.html?ordenar=Precio_de_Menor_a_Mayor&#038;pag=1' target='_blank' rel='noopener noreferrer' style='color: inherit; text-decoration: underline;'>se\u00f1alizaci\u00f3n<\/a>.<\/em><\/p>\n<\/p><\/div>\n<p> <!-- Secci\u00f3n de imagen --> <\/p>\n<div style='margin-bottom: 30px;'> <img style='width: 100%; height: auto; border: 1px solid rgba(150&comma;150&comma;150&comma;0.3); border-radius: 8px;' src='http:\/\/ftp3.syscom.mx\/usuarios\/hterrazas\/assabloy\/puerta.jpg' alt=''> <\/div>\n<p> <!-- Secci\u00f3n de certificaci\u00f3n Warnock Hersey --> <\/p>\n<div style='margin-bottom: 30px;'>\n<h3 style='font-size: 22px; border-bottom: 2px solid currentColor; padding-bottom: 5px; margin-top: 0; color: inherit; opacity: 0.8;'>Certificaci\u00f3n Warnock Hersey<\/h3>\n<p style='margin-bottom: 15px;'>Warnock Hersey es el sello l\u00edder en productos de seguridad y desempe\u00f1o para productos de construcci\u00f3n y edificaci\u00f3n en Norteam\u00e9rica.<\/p>\n<p style='margin-bottom: 15px;'>Los productos que llevan el sello Warnock Hersey (WH-ETL) indican el cumplimiento de los c\u00f3digos de construcci\u00f3n pertinentes&comma; criterios de asociaciones y la seguridad del producto y normas de funcionamiento por parte de los fabricantes.<\/p>\n<p style='margin-bottom: 15px;'>Los servicios de prueba y certificaci\u00f3n de Warnock Hersey incluyen:<\/p>\n<ul style='padding-left: 20px; font-size: 15px; color: inherit; margin-bottom: 15px;'>\n<li style='margin-bottom: 5px;'>Pruebas contra fuego<\/li>\n<li style='margin-bottom: 5px;'>Etiquetado de Puertas en Campo<\/li>\n<li style='margin-bottom: 5px;'>Pruebas de fenestraci\u00f3n<\/li>\n<li style='margin-bottom: 5px;'>Pruebas de Clima Severo<\/li>\n<li style='margin-bottom: 5px;'>Ensayos estructurales<\/li>\n<li style='margin-bottom: 5px;'>Pruebas de rendimiento<\/li>\n<\/ul>\n<p style='margin-bottom: 10px; font-weight: bold;'>Los est\u00e1ndares de prueba de marca WH tambi\u00e9n incluyen los siguientes est\u00e1ndares;<\/p>\n<p style='margin-bottom: 0;'>ANSI<br \/>UL<br \/>ASTM<br \/>CCMC<br \/>CSA<br \/>EPA<br \/>ICBO<br \/>ULC<\/p>\n<\/p><\/div>\n<p> <!-- Separador final --> <\/p>\n<hr style='border: 0; border-top: 1px solid rgba(150&comma; 150&comma; 150&comma; 0.3); margin: 30px 0;'> <\/div>\n","protected":false},"excerpt":{"rendered":"<p>Puerta met\u00e1lica galvanizada  3 x 7 pies \/ Resistente al fuego por 180min \/UL<\/p>\n","protected":false},"featured_media":20780,"comment_status":"open","ping_status":"closed","template":"","meta":[],"product_brand":[],"product_cat":[216],"product_tag":[218,217,126],"class_list":{"0":"post-20781","1":"product","2":"type-product","3":"status-publish","4":"has-post-thumbnail","6":"product_cat-puertas-de-emergencia","7":"product_tag-assa-abloy","8":"product_tag-puertas-de-emergencia","9":"product_tag-sistemas-de-emergencia","11":"first","12":"instock","13":"sale","14":"shipping-taxable","15":"purchasable","16":"product-type-simple"},"_links":{"self":[{"href":"https:\/\/soydeaqui.ddns.net\/pachuca\/index.php\/wp-json\/wp\/v2\/product\/20781","targetHints":{"allow":["GET"]}}],"collection":[{"href":"https:\/\/soydeaqui.ddns.net\/pachuca\/index.php\/wp-json\/wp\/v2\/product"}],"about":[{"href":"https:\/\/soydeaqui.ddns.net\/pachuca\/index.php\/wp-json\/wp\/v2\/types\/product"}],"replies":[{"embeddable":true,"href":"https:\/\/soydeaqui.ddns.net\/pachuca\/index.php\/wp-json\/wp\/v2\/comments?post=20781"}],"wp:featuredmedia":[{"embeddable":true,"href":"https:\/\/soydeaqui.ddns.net\/pachuca\/index.php\/wp-json\/wp\/v2\/media\/20780"}],"wp:attachment":[{"href":"https:\/\/soydeaqui.ddns.net\/pachuca\/index.php\/wp-json\/wp\/v2\/media?parent=20781"}],"wp:term":[{"taxonomy":"product_brand","embeddable":true,"href":"https:\/\/soydeaqui.ddns.net\/pachuca\/index.php\/wp-json\/wp\/v2\/product_brand?post=20781"},{"taxonomy":"product_cat","embeddable":true,"href":"https:\/\/soydeaqui.ddns.net\/pachuca\/index.php\/wp-json\/wp\/v2\/product_cat?post=20781"},{"taxonomy":"product_tag","embeddable":true,"href":"https:\/\/soydeaqui.ddns.net\/pachuca\/index.php\/wp-json\/wp\/v2\/product_tag?post=20781"}],"curies":[{"name":"wp","href":"https:\/\/api.w.org\/{rel}","templated":true}]}}