{"id":20777,"date":"2026-03-18T10:26:51","date_gmt":"2026-03-18T10:26:51","guid":{"rendered":"https:\/\/soydeaqui.ddns.net\/pachuca\/index.php\/producto\/barrera-vehicular-uso-continuo-5000000-ciclos-mcbf-brazo-incluido-de-3-mts-iluminacion-rojo-verde-24v-apertura-en-2-seg-ajustable-cambio-de-sentido-en-campo\/"},"modified":"2026-03-18T10:26:52","modified_gmt":"2026-03-18T10:26:52","slug":"barrera-vehicular-uso-continuo-5000000-ciclos-mcbf-brazo-incluido-de-3-mts-iluminacion-rojo-verde-24v-apertura-en-2-seg-ajustable-cambio-de-sentido-en-campo","status":"publish","type":"product","link":"https:\/\/soydeaqui.ddns.net\/pachuca\/index.php\/producto\/barrera-vehicular-uso-continuo-5000000-ciclos-mcbf-brazo-incluido-de-3-mts-iluminacion-rojo-verde-24v-apertura-en-2-seg-ajustable-cambio-de-sentido-en-campo\/","title":{"rendered":"Barrera Vehicular USO CONTINUO 5,000,000 Ciclos MCBF \/ Brazo INCLUIDO de 3 mts Iluminaci\u00f3n Rojo\/Verde 24v \/ Apertura en 2 Seg (Ajustable) \/ Cambio de sentido en campo"},"content":{"rendered":"<div style='width: 100%; max-width: 1200px; margin: 0 auto; font-family: sans-serif; line-height: 1.6; color: inherit; background-color: transparent;'>\n<div style='display: flex; flex-wrap: wrap; gap: 30px; margin-bottom: 30px;'>\n<div style='flex: 1 1 300px; min-width: 280px;'>\n<h3 style='font-size: 22px; border-bottom: 2px solid currentColor; padding-bottom: 5px; margin-top: 0; color: inherit; opacity: 0.8;'>Caracter\u00edsticas principales<\/h3>\n<ul style='padding-left: 20px; font-size: 15px; color: inherit;'>\n<li style='margin-bottom: 5px;'>Ajuste Independiente bajada\/subida de pluma<\/li>\n<li style='margin-bottom: 5px;'>Pluma ajustable de izquierda o derecha en campo.<\/li>\n<li style='margin-bottom: 5px;'><strong>Incluye Brazo de 3 mts<\/strong> Iluminado a 24 Vcd (307500577).<\/li>\n<li style='margin-bottom: 5px;'><strong>Incluye Resorte Blanco<\/strong> (1 pza).<\/li>\n<li style='margin-bottom: 5px;'><strong>Incluye Enganche 192115461<\/strong><\/li>\n<li style='margin-bottom: 5px;'><strong>Incluye 2 controles remotos<\/strong> (bater\u00eda no incluida FPD009).<\/li>\n<\/ul><\/div>\n<div style='flex: 1 1 300px; min-width: 280px;'>\n<h3 style='font-size: 22px; border-bottom: 2px solid currentColor; padding-bottom: 5px; margin-top: 0; color: inherit; opacity: 0.8;'>Caracter\u00edsticas F\u00edsicas y El\u00e9ctricas<\/h3>\n<ul style='padding-left: 20px; font-size: 15px; color: inherit;'>\n<li style='margin-bottom: 5px;'>Alimentaci\u00f3n: 110 Vca \/ 300 w \/1.5 A<\/li>\n<li style='margin-bottom: 5px;'>Velocidad de elevaci\u00f3n de 9.0 \/ 2.0 sg<\/li>\n<li style='margin-bottom: 5px;'>Velocidad de ca\u00edda ajustable 1.5\/ 3.5 sg<\/li>\n<li style='margin-bottom: 5px;'>Peso: 59.3 kg<\/li>\n<li style='margin-bottom: 5px;'>Frecuencia de control remoto: 433 MHz<\/li>\n<li style='margin-bottom: 5px;'>Temperatura de trabajo: -30 \u00b0C a 70 \u00b0C (-22 \u00b0F a 158 \u00b0F)<\/li>\n<\/ul><\/div>\n<\/p><\/div>\n<div style='display: flex; flex-wrap: wrap; gap: 30px; margin-bottom: 30px;'>\n<div style='flex: 1 1 100%;'>\n<h3 style='font-size: 22px; border-bottom: 2px solid currentColor; padding-bottom: 5px; margin-top: 0; color: inherit; opacity: 0.8;'>Consideraciones<\/h3>\n<ul style='padding-left: 20px; font-size: 15px; color: inherit;'>\n<li style='margin-bottom: 5px;'>Pruebas de operaci\u00f3n llevadas al l\u00edmite dando confiabilidad en partes mec\u00e1nicas&comma; siendo un motor con la cualidad de poder generar una temperatura ambiente nos brinda una excelente opci\u00f3n para ambientes con baja temperatura sin necesidad de accesorios adicionales por lo que evitaremos preocuparnos por un posible fallo por congelamiento.<\/li>\n<li style='margin-bottom: 5px;'>Sumando a esto su protecci\u00f3n de pl\u00e1stico Anti-UV lo que evita una decoloraci\u00f3n o opacamiento de su tonalidad nos dar\u00e1 siempre una imagen impecable.<\/li>\n<\/ul><\/div>\n<\/p><\/div>\n<div style='display: flex; flex-wrap: wrap; gap: 30px; margin-bottom: 30px;'>\n<div style='flex: 1 1 300px; min-width: 280px;'>\n<h3 style='font-size: 22px; border-bottom: 2px solid currentColor; padding-bottom: 5px; margin-top: 0; color: inherit; opacity: 0.8;'>Caracter\u00edsticas de la BARRERA<\/h3>\n<ul style='padding-left: 20px; font-size: 15px; color: inherit;'>\n<li style='margin-bottom: 5px;'>Cubierta de pl\u00e1stico Anti-UV (Antiest\u00e1tico) evita la decoloraci\u00f3n<\/li>\n<li style='margin-bottom: 5px;'><strong>Brazo de 3 mts con Iluminaci\u00f3n Rojo\/Verde Incluido.<\/strong><\/li>\n<li style='margin-bottom: 5px;'>Compatible con otros brazos (ver gu\u00eda abajo).<\/li>\n<li style='margin-bottom: 5px;'>M\u00faltiples modos de operaci\u00f3n: A trav\u00e9s de rel\u00e9 externo&comma; control remoto.<\/li>\n<li style='margin-bottom: 5px;'>Cambio de sentido Izquierda\/Derecha en campo<\/li>\n<li style='margin-bottom: 5px;'><strong>Operaci\u00f3n de hasta 720 ciclos aproximados por hora.<\/strong><\/li>\n<\/ul><\/div>\n<div style='flex: 1 1 300px; min-width: 280px;'>\n<h3 style='font-size: 22px; border-bottom: 2px solid currentColor; padding-bottom: 5px; margin-top: 0; color: inherit; opacity: 0.8;'>Accesorios Opcionales (NO INCLUIDOS)<\/h3>\n<ul style='padding-left: 20px; font-size: 15px; color: inherit;'>\n<li style='margin-bottom: 5px;'>Lazo magn\u00e9tico <a style='color: #005cb9; text-decoration: none; font-weight: 600;' href='https:\/\/www.syscom.mx\/principal\/searchcont?route=SYS-LM6-ACCESSPRO-31960&#038;autodetect=syslm6' target='_blank'>SYS-LM6<\/a> + Sensor de masa <a style='color: #005cb9; text-decoration: none; font-weight: 600;' href='https:\/\/www.syscom.mx\/principal\/searchcont?route=10-MATRIX-IIS-1224-BEA-144360&#038;autodetect=syslm6' target='_blank'>10-MATRIX-IIS-1224.<\/a><\/li>\n<li style='margin-bottom: 5px;'>Fotoceldas <a style='color: #005cb9; text-decoration: none; font-weight: 600;' href='https:\/\/www.syscom.mx\/principal\/searchcont?route=XBS-IR33-AccessPRO-78540&#038;autodetect=xbsir33' target='_blank'>XBS-IR33<\/a> o radar DS-TMG035 (ANTIFALLRADAR).<\/li>\n<li style='margin-bottom: 5px;'>Botonera triple para operaci\u00f3n humana <a style='color: #005cb9; text-decoration: none; font-weight: 600;' href='https:\/\/www.syscom.mx\/principal\/searchcont?route=XBS-SW-01-ACCESSPRO-78542&#038;autodetect=xbssw01' target='_blank'>XBS-SW-01<\/a><\/li>\n<li style='margin-bottom: 5px;'>Sistema de Acceso con tag Vehicular <a style='color: #005cb9; text-decoration: none; font-weight: 600;' href='https:\/\/www.syscom.mx\/principal\/searchcont?route=KIT-UHFSTICKER-01-HIKVISION-177026&#038;autodetect=kituhf' target='_blank'>KIT-UHFSTICKER-01<\/a><\/li>\n<li style='margin-bottom: 5px;'><em style='color: #c0392b;'>Compatible con cualquier sistema de acceso.<\/em><\/li>\n<\/ul><\/div>\n<\/p><\/div>\n<div style='display: flex; flex-wrap: wrap; gap: 30px; margin-bottom: 30px;'>\n<div style='flex: 1 1 100%;'> <img style='width: 100%; height: auto; border: 1px solid rgba(150&comma;150&comma;150&comma;0.3); border-radius: 8px;' src='https:\/\/ftp3.syscom.mx\/usuarios\/fespinoza\/HIKVISION\/Dispositivos\/Barreras%20Vehiculares\/DSTMG520\/5200.gif' alt=''> <\/div>\n<\/p><\/div>\n<div style='display: flex; flex-wrap: wrap; gap: 30px; margin-bottom: 30px;'>\n<div style='flex: 1 1 100%;'>\n<div style='position: relative; padding-bottom: 56.25%; height: 0; overflow: hidden; margin-bottom: 30px;'>   <\/div>\n<\/p><\/div>\n<\/p><\/div>\n<div style='display: flex; flex-wrap: wrap; gap: 30px; margin-bottom: 30px;'>\n<div style='flex: 1 1 100%;'>\n<h3 style='text-align: center; font-size: 18px; margin-top: 0; color: inherit;'>Brazos de 4 mts en adelante requieren descansabrazos XB-POST para evitar da\u00f1os prematuros en el mecanismo.<\/h3>\n<\/p><\/div>\n<\/p><\/div>\n<div style='display: flex; flex-wrap: wrap; gap: 30px; margin-bottom: 30px;'>\n<div style='flex: 1 1 100%;'>\n<div style='position: relative; padding-bottom: 56.25%; height: 0; overflow: hidden; margin-bottom: 30px;'>   <\/div>\n<\/p><\/div>\n<\/p><\/div>\n<\/p><\/div>\n","protected":false},"excerpt":{"rendered":"<p>Barrera Vehicular USO CONTINUO 5,000,000 Ciclos MCBF \/ Brazo INCLUIDO de 3 mts Iluminaci\u00f3n Rojo\/Verde 24v \/ Apertura en 2 Seg (Ajustable) \/ Cambio de sentido en campo<\/p>\n","protected":false},"featured_media":20776,"comment_status":"open","ping_status":"closed","template":"","meta":[],"product_brand":[],"product_cat":[748],"product_tag":[401,749,54],"class_list":{"0":"post-20777","1":"product","2":"type-product","3":"status-publish","4":"has-post-thumbnail","6":"product_cat-barreras-vehiculares","7":"product_tag-acceso-vehicular","8":"product_tag-barreras-vehiculares","9":"product_tag-hikvision","11":"first","12":"instock","13":"sale","14":"shipping-taxable","15":"purchasable","16":"product-type-simple"},"_links":{"self":[{"href":"https:\/\/soydeaqui.ddns.net\/pachuca\/index.php\/wp-json\/wp\/v2\/product\/20777","targetHints":{"allow":["GET"]}}],"collection":[{"href":"https:\/\/soydeaqui.ddns.net\/pachuca\/index.php\/wp-json\/wp\/v2\/product"}],"about":[{"href":"https:\/\/soydeaqui.ddns.net\/pachuca\/index.php\/wp-json\/wp\/v2\/types\/product"}],"replies":[{"embeddable":true,"href":"https:\/\/soydeaqui.ddns.net\/pachuca\/index.php\/wp-json\/wp\/v2\/comments?post=20777"}],"wp:featuredmedia":[{"embeddable":true,"href":"https:\/\/soydeaqui.ddns.net\/pachuca\/index.php\/wp-json\/wp\/v2\/media\/20776"}],"wp:attachment":[{"href":"https:\/\/soydeaqui.ddns.net\/pachuca\/index.php\/wp-json\/wp\/v2\/media?parent=20777"}],"wp:term":[{"taxonomy":"product_brand","embeddable":true,"href":"https:\/\/soydeaqui.ddns.net\/pachuca\/index.php\/wp-json\/wp\/v2\/product_brand?post=20777"},{"taxonomy":"product_cat","embeddable":true,"href":"https:\/\/soydeaqui.ddns.net\/pachuca\/index.php\/wp-json\/wp\/v2\/product_cat?post=20777"},{"taxonomy":"product_tag","embeddable":true,"href":"https:\/\/soydeaqui.ddns.net\/pachuca\/index.php\/wp-json\/wp\/v2\/product_tag?post=20777"}],"curies":[{"name":"wp","href":"https:\/\/api.w.org\/{rel}","templated":true}]}}