{"id":20773,"date":"2026-03-18T10:26:48","date_gmt":"2026-03-18T10:26:48","guid":{"rendered":"https:\/\/soydeaqui.ddns.net\/pachuca\/index.php\/producto\/trigger-para-acceso-vehicular-radar-de-entrada-y-salida-deteccion-de-vehiculos-2\/"},"modified":"2026-03-18T10:26:49","modified_gmt":"2026-03-18T10:26:49","slug":"trigger-para-acceso-vehicular-radar-de-entrada-y-salida-deteccion-de-vehiculos-2","status":"publish","type":"product","link":"https:\/\/soydeaqui.ddns.net\/pachuca\/index.php\/producto\/trigger-para-acceso-vehicular-radar-de-entrada-y-salida-deteccion-de-vehiculos-2\/","title":{"rendered":"Trigger  para Acceso Vehicular \/ Radar de Entrada y Salida \/ Detecci\u00f3n de Veh\u00edculos"},"content":{"rendered":"<div style='width: 100%; max-width: 1200px; margin: 0 auto; font-family: sans-serif; line-height: 1.6; color: inherit; background-color: transparent;'>\n<p style='margin: 0 0 10px; text-align: center;'> <img style='width: 100%; max-width: 300px; height: auto; border: 1px solid rgba(150&comma;150&comma;150&comma;0.3); border-radius: 8px;' src='http:\/\/ftp3.syscom.mx\/usuarios\/jdelafuente\/HIKVISION\/hikvision%20logo%20complete.png' alt='Logo Hikvision'> <\/p>\n<div style='display: flex; flex-wrap: wrap; gap: 30px; margin-top: 30px;'>\n<div style='flex: 1 1 300px; min-width: 280px;'>\n<h3 style='font-size: 22px; border-bottom: 2px solid currentColor; padding-bottom: 5px; margin-top: 0; color: inherit; opacity: 0.8;'>Caracter\u00edsticas principales<\/h3>\n<ul style='padding-left: 20px; font-size: 15px; color: inherit;'>\n<li style='margin-bottom: 5px;'>Sensor tipo radar para control de entradas y salidas de estacionamiento.<\/li>\n<li style='margin-bottom: 5px;'>Activador de estado.<\/li>\n<li style='margin-bottom: 5px;'>Tecnologia de alta precisi\u00f3n para detectar presencia de veh\u00edculos y generar una acci\u00f3n en el sistema de Acceso.<\/li>\n<li style='margin-bottom: 5px;'>Sistema para aplicaciones de Entrada y Salida.<\/li>\n<li style='margin-bottom: 5px;'>Programable mediante aplicaci\u00f3n.<\/li>\n<li style='margin-bottom: 5px;'>Reconoce la direcci\u00f3n de movimiento del objeto.<\/li>\n<li style='margin-bottom: 5px;'>Comunicaci\u00f3n RS-485.<\/li>\n<li style='margin-bottom: 5px;'>Frecuencia 60\/79 GHz<\/li>\n<li style='margin-bottom: 5px;'>Rango de detecci\u00f3n ajustable.<\/li>\n<li style='margin-bottom: 5px;'>Amplitud de detecci\u00f3n: 10\u00b0 Vertical&comma; 38\u00b0 Horizontal.<\/li>\n<li style='margin-bottom: 5px;'>Distancia soportada: 6 metros programable.<\/li>\n<li style='margin-bottom: 5px;'>\u00c1rea de seguimiento del veh\u00edculo: 0.5 a 2 m (Ajustable).<\/li>\n<li style='margin-bottom: 5px;'>Distancia de Trigger: 0.3 a 6 m (ajustable).<\/li>\n<\/ul><\/div>\n<div style='flex: 1 1 300px; min-width: 280px;'>\n<h3 style='font-size: 22px; border-bottom: 2px solid currentColor; padding-bottom: 5px; margin-top: 0; color: inherit; opacity: 0.8;'>Caracter\u00edsticas F\u00edsicas y El\u00e9ctricas<\/h3>\n<ul style='padding-left: 20px; font-size: 15px; color: inherit;'>\n<li style='margin-bottom: 5px;'>Voltaje de operaci\u00f3n: 9 a 12 Vcd \/ 0.25 A<\/li>\n<li style='margin-bottom: 5px;'>Temperatura de operaci\u00f3n -40\u00b0 C a 85\u00b0 C.<\/li>\n<li style='margin-bottom: 5px;'>Peso: 373 grs.<\/li>\n<li style='margin-bottom: 5px;'>Dimensiones: 96 x 60 x 29 mm.<\/li>\n<li style='margin-bottom: 5px;'>Led indicador de estatus.<\/li>\n<\/ul><\/div>\n<\/p><\/div>\n<\/p><\/div>\n","protected":false},"excerpt":{"rendered":"<p>Trigger  para Acceso Vehicular \/ Radar de Entrada y Salida \/ Detecci\u00f3n de Veh\u00edculos<\/p>\n","protected":false},"featured_media":32,"comment_status":"open","ping_status":"closed","template":"","meta":[],"product_brand":[],"product_cat":[777],"product_tag":[401,93,54],"class_list":{"0":"post-20773","1":"product","2":"type-product","3":"status-publish","4":"has-post-thumbnail","6":"product_cat-accesorios-acceso-vehicular","7":"product_tag-acceso-vehicular","8":"product_tag-accesorios","9":"product_tag-hikvision","11":"first","12":"outofstock","13":"sale","14":"shipping-taxable","15":"purchasable","16":"product-type-simple"},"_links":{"self":[{"href":"https:\/\/soydeaqui.ddns.net\/pachuca\/index.php\/wp-json\/wp\/v2\/product\/20773","targetHints":{"allow":["GET"]}}],"collection":[{"href":"https:\/\/soydeaqui.ddns.net\/pachuca\/index.php\/wp-json\/wp\/v2\/product"}],"about":[{"href":"https:\/\/soydeaqui.ddns.net\/pachuca\/index.php\/wp-json\/wp\/v2\/types\/product"}],"replies":[{"embeddable":true,"href":"https:\/\/soydeaqui.ddns.net\/pachuca\/index.php\/wp-json\/wp\/v2\/comments?post=20773"}],"wp:featuredmedia":[{"embeddable":true,"href":"https:\/\/soydeaqui.ddns.net\/pachuca\/index.php\/wp-json\/wp\/v2\/media\/32"}],"wp:attachment":[{"href":"https:\/\/soydeaqui.ddns.net\/pachuca\/index.php\/wp-json\/wp\/v2\/media?parent=20773"}],"wp:term":[{"taxonomy":"product_brand","embeddable":true,"href":"https:\/\/soydeaqui.ddns.net\/pachuca\/index.php\/wp-json\/wp\/v2\/product_brand?post=20773"},{"taxonomy":"product_cat","embeddable":true,"href":"https:\/\/soydeaqui.ddns.net\/pachuca\/index.php\/wp-json\/wp\/v2\/product_cat?post=20773"},{"taxonomy":"product_tag","embeddable":true,"href":"https:\/\/soydeaqui.ddns.net\/pachuca\/index.php\/wp-json\/wp\/v2\/product_tag?post=20773"}],"curies":[{"name":"wp","href":"https:\/\/api.w.org\/{rel}","templated":true}]}}