{"id":2077,"date":"2026-03-18T05:52:54","date_gmt":"2026-03-18T05:52:54","guid":{"rendered":"https:\/\/soydeaqui.ddns.net\/pachuca\/index.php\/producto\/carrete-de-305-metros-1000-pies-de-cable-4-x-14-awg-blindado-plenum-color-blanco-para-aplicaciones-de-audio-seguridad-y-control\/"},"modified":"2026-03-18T05:52:54","modified_gmt":"2026-03-18T05:52:54","slug":"carrete-de-305-metros-1000-pies-de-cable-4-x-14-awg-blindado-plenum-color-blanco-para-aplicaciones-de-audio-seguridad-y-control","status":"publish","type":"product","link":"https:\/\/soydeaqui.ddns.net\/pachuca\/index.php\/producto\/carrete-de-305-metros-1000-pies-de-cable-4-x-14-awg-blindado-plenum-color-blanco-para-aplicaciones-de-audio-seguridad-y-control\/","title":{"rendered":"Carrete de 305 Metros (1000 Pies) de Cable \/ 4 x 14 AWG \/ Blindado \/ Plenum \/ Color Blanco \/ para Aplicaciones de Audio, Seguridad y Control"},"content":{"rendered":"<div style='width: 100%; max-width: 1200px; margin: 0 auto; font-family: sans-serif; line-height: 1.6; color: inherit; background-color: transparent;'> <!-- Imagen principal --> <\/p>\n<div style='width: 100%; text-align: center; margin: 20px 0;'> <img style='width: 60px; height: auto; border: 1px solid rgba(150&comma;150&comma;150&comma;0.3); border-radius: 8px;' src='http:\/\/ftp3.syscom.mx\/usuarios\/ftp\/2025\/05\/21\/1345\/1747859595920.png_froala_682e388c2320f' alt='Cable Genesis 32241012'> <\/div>\n<p> <!-- Secci\u00f3n de t\u00edtulo --> <\/p>\n<div style='width: 100%; margin: 30px 0;'>\n<h2 style='font-size: 24px; color: inherit; opacity: 0.9;'>Cables Premium de Seguridad&comma; Audio y Control<\/h2>\n<\/p><\/div>\n<p> <!-- Secci\u00f3n de contenido con grid --> <\/p>\n<div style='display: grid; grid-template-columns: repeat(auto-fill&comma; minmax(280px&comma; 1fr)); gap: 30px; margin-bottom: 30px;'> <!-- Caracter\u00edsticas --> <\/p>\n<div style='border-left: 5px solid #F52207; border-radius: 5px; padding: 15px; box-shadow: 2px 2px 10px rgba(216&comma;216&comma;216&comma;0.3);'>\n<h3 style='font-size: 20px; border-bottom: 2px solid currentColor; padding-bottom: 5px; margin-top: 0; color: inherit; opacity: 0.8;'>Caracter\u00edsticas<\/h3>\n<ul style='padding-left: 20px; font-size: 15px; color: inherit; list-style-type: disc;'>\n<li style='margin-bottom: 5px;'>Cable para aplicaciones de Seguridad&comma; Audio y Control.<\/li>\n<\/ul><\/div>\n<p> <!-- Caracter\u00edsticas f\u00edsicas y el\u00e9ctricas --> <\/p>\n<div style='border-left: 5px solid #F52207; border-radius: 5px; padding: 15px; box-shadow: 2px 2px 10px rgba(216&comma;216&comma;216&comma;0.3);'>\n<h3 style='font-size: 20px; border-bottom: 2px solid currentColor; padding-bottom: 5px; margin-top: 0; color: inherit; opacity: 0.8;'>Caracter\u00edsticas F\u00edsicas y El\u00e9ctricas<\/h3>\n<ul style='padding-left: 20px; font-size: 15px; color: inherit; list-style-type: disc;'>\n<li style='margin-bottom: 5px;'><strong>Tipo:<\/strong> Cable (2 pares); BLINDADO ; PLENUM<\/li>\n<li style='margin-bottom: 5px;'><strong>Conductor:<\/strong> 14 AWG<\/li>\n<li style='margin-bottom: 5px;'><strong>Calibre:<\/strong> 14 AWG<\/li>\n<li style='margin-bottom: 5px;'><strong>Di\u00e1metro Exterior:<\/strong> 0.238&#8242;<\/li>\n<li style='margin-bottom: 5px;'><strong>Color interior:<\/strong> Negro&comma; Rojo&comma; Blanco&comma; Verde.<\/li>\n<li style='margin-bottom: 5px;'><strong>Color exterior:<\/strong> Blanco.<\/li>\n<li style='margin-bottom: 5px;'><strong>Temperatura de operaci\u00f3n:<\/strong> -20\u00b0C a 75\u00b0C<\/li>\n<\/ul><\/div>\n<p> <!-- Est\u00e1ndares --> <\/p>\n<div style='border-left: 5px solid #F52207; border-radius: 5px; padding: 15px; box-shadow: 2px 2px 10px rgba(216&comma;216&comma;216&comma;0.3);'>\n<h3 style='font-size: 20px; border-bottom: 2px solid currentColor; padding-bottom: 5px; margin-top: 0; color: inherit; opacity: 0.8;'>Est\u00e1ndares<\/h3>\n<ul style='padding-left: 20px; font-size: 15px; color: inherit; list-style-type: disc;'>\n<li style='margin-bottom: 5px;'>Clasificaci\u00f3n CL3P&comma; FPLP&comma; FT6<\/li>\n<li style='margin-bottom: 5px;'>Listado ETL<\/li>\n<li style='margin-bottom: 5px;'>NFPA 262 (Plenum)<\/li>\n<li style='margin-bottom: 5px;'>CSA C22.2 No. 2556 (FT6)<\/li>\n<li style='margin-bottom: 5px;'>RoHS Compliant<\/li>\n<\/ul><\/div>\n<\/p><\/div>\n<p> <!-- Nota de precio --> <\/p>\n<div style='width: 100%; margin: 30px 0; padding: 15px; border-left: 5px solid #F52207; background-color: rgba(245&comma;34&comma;7&comma;0.05);'>\n<p style='margin: 0; font-size: 15px; color: inherit;'><strong>* Precio por bobina de 305 metros.<\/strong><\/p>\n<\/p><\/div>\n<p> <!-- Separador --> <\/p>\n<hr style='border: 0; border-top: 1px solid rgba(150&comma; 150&comma; 150&comma; 0.3); margin: 30px 0;'> <\/div>\n","protected":false},"excerpt":{"rendered":"<p>Carrete de 305 Metros (1000 Pies) de Cable \/ 4 x 14 AWG \/ Blindado \/ Plenum \/ Color Blanco \/ para Aplicaciones de Audio, Seguridad y Control<\/p>\n","protected":false},"featured_media":2076,"comment_status":"open","ping_status":"closed","template":"","meta":[],"product_brand":[],"product_cat":[137],"product_tag":[138,139,62],"class_list":{"0":"post-2077","1":"product","2":"type-product","3":"status-publish","4":"has-post-thumbnail","6":"product_cat-todos-cables","7":"product_tag-cables","8":"product_tag-genesis","9":"product_tag-todos","11":"first","12":"outofstock","13":"sale","14":"shipping-taxable","15":"purchasable","16":"product-type-simple"},"_links":{"self":[{"href":"https:\/\/soydeaqui.ddns.net\/pachuca\/index.php\/wp-json\/wp\/v2\/product\/2077","targetHints":{"allow":["GET"]}}],"collection":[{"href":"https:\/\/soydeaqui.ddns.net\/pachuca\/index.php\/wp-json\/wp\/v2\/product"}],"about":[{"href":"https:\/\/soydeaqui.ddns.net\/pachuca\/index.php\/wp-json\/wp\/v2\/types\/product"}],"replies":[{"embeddable":true,"href":"https:\/\/soydeaqui.ddns.net\/pachuca\/index.php\/wp-json\/wp\/v2\/comments?post=2077"}],"wp:featuredmedia":[{"embeddable":true,"href":"https:\/\/soydeaqui.ddns.net\/pachuca\/index.php\/wp-json\/wp\/v2\/media\/2076"}],"wp:attachment":[{"href":"https:\/\/soydeaqui.ddns.net\/pachuca\/index.php\/wp-json\/wp\/v2\/media?parent=2077"}],"wp:term":[{"taxonomy":"product_brand","embeddable":true,"href":"https:\/\/soydeaqui.ddns.net\/pachuca\/index.php\/wp-json\/wp\/v2\/product_brand?post=2077"},{"taxonomy":"product_cat","embeddable":true,"href":"https:\/\/soydeaqui.ddns.net\/pachuca\/index.php\/wp-json\/wp\/v2\/product_cat?post=2077"},{"taxonomy":"product_tag","embeddable":true,"href":"https:\/\/soydeaqui.ddns.net\/pachuca\/index.php\/wp-json\/wp\/v2\/product_tag?post=2077"}],"curies":[{"name":"wp","href":"https:\/\/api.w.org\/{rel}","templated":true}]}}