{"id":20750,"date":"2026-03-18T10:26:23","date_gmt":"2026-03-18T10:26:23","guid":{"rendered":"https:\/\/soydeaqui.ddns.net\/pachuca\/index.php\/producto\/frente-de-calle-metalico-poe-angulo-129h-no-requiere-monitor-poe-estandar-ip65-apertura-desde-hik-connect-soporta-1-departamento-soporta-tarjetas-mifare-1-salida-relay\/"},"modified":"2026-03-18T10:26:25","modified_gmt":"2026-03-18T10:26:25","slug":"frente-de-calle-metalico-poe-angulo-129h-no-requiere-monitor-poe-estandar-ip65-apertura-desde-hik-connect-soporta-1-departamento-soporta-tarjetas-mifare-1-salida-relay","status":"publish","type":"product","link":"https:\/\/soydeaqui.ddns.net\/pachuca\/index.php\/producto\/frente-de-calle-metalico-poe-angulo-129h-no-requiere-monitor-poe-estandar-ip65-apertura-desde-hik-connect-soporta-1-departamento-soporta-tarjetas-mifare-1-salida-relay\/","title":{"rendered":"Frente de Calle METALICO PoE \/ \u00c1ngulo 129\u00b0H \/ NO requiere Monitor \/ PoE Estandar \/ IP65  \/ Apertura desde Hik-connect \/ Soporta 1 Departamento \/ Soporta Tarjetas Mifare \/ 1 Salida Relay"},"content":{"rendered":"<div style='width: 100%; max-width: 1200px; margin: 0 auto; font-family: sans-serif; line-height: 1.6; color: inherit; background-color: transparent;'> <!-- Im\u00e1genes principales --> <\/p>\n<div style='width: 100%; margin-bottom: 20px;'> <img style='width: 100%; height: auto; border: 1px solid rgba(150&comma;150&comma;150&comma;0.3); border-radius: 8px;' src='https:\/\/ftp3.syscom.mx\/usuarios\/nicolas.jimenez\/NUEVOS-VIDEOPORTEROS-2%20%282%29.jpg' alt=''> <\/p>\n<div style='margin: 15px 0;'><\/div>\n<p> <img style='width: 100%; height: auto; border: 1px solid rgba(150&comma;150&comma;150&comma;0.3); border-radius: 8px;' src='https:\/\/ftp3.syscom.mx\/usuarios\/nicolas.jimenez\/Videopotero%20%2B%20HC.jpg' alt=''> <\/div>\n<p> <!-- Videos --> <\/p>\n<div style='display: flex; flex-wrap: wrap; gap: 20px; margin-bottom: 30px;'>\n<div style='flex: 1 1 400px; min-width: 300px; position: relative; padding-bottom: 56.25%; height: 0; overflow: hidden;'>   <\/div>\n<div style='flex: 1 1 400px; min-width: 300px; position: relative; padding-bottom: 56.25%; height: 0; overflow: hidden;'>   <\/div>\n<\/p><\/div>\n<p> <!-- Caracter\u00edsticas principales --> <\/p>\n<div style='display: flex; flex-wrap: wrap; gap: 20px; margin-bottom: 30px;'>\n<div style='flex: 1 1 300px; min-width: 280px;'>\n<h3 style='font-size: 22px; border-bottom: 2px solid currentColor; padding-bottom: 5px; margin-top: 0; color: inherit; opacity: 0.8;'>Caracter\u00edsticas principales<\/h3>\n<ul style='padding-left: 20px; font-size: 15px; color: inherit;'>\n<li style='margin-bottom: 5px;'>Resoluci\u00f3n de la c\u00e1mara 2 Megapixeles<\/li>\n<li style='margin-bottom: 5px;'>Boton mecanico de llamada<\/li>\n<li style='margin-bottom: 5px;'>Flujo principal 1920 x 1080&comma; 1280 x 720p<\/li>\n<li style='margin-bottom: 5px;'>Flujo secundario 1280 x 720p&comma; 640 x 480p<\/li>\n<li style='margin-bottom: 5px;'>Visi\u00f3n nocturna Infrarrojo (IR) 2.5 metros<\/li>\n<li style='margin-bottom: 5px;'>DNR(Reduccion de ruido digital) WDR (Para ajustes a contra luz)<\/li>\n<li style='margin-bottom: 5px;'>Angulo de visi\u00f3n horizontal: 129\u00b0&comma; Vertical 75\u00b0<\/li>\n<li style='margin-bottom: 5px;'>Compresion de video: H.264<\/li>\n<li style='margin-bottom: 5px;'>Microfono y bocina integrado<\/li>\n<li style='margin-bottom: 5px;'>Cancelaci\u00f3n de ruido y eco<\/li>\n<li style='margin-bottom: 5px;'>Lector de tarjeta MiFARE<\/li>\n<li style='margin-bottom: 5px;'>Audio bidireccional<\/li>\n<li style='margin-bottom: 5px;'>Funci\u00f3n WiFi deshabilitada para M\u00e9xico<\/li>\n<\/ul><\/div>\n<p> <!-- Caracter\u00edsticas F\u00edsicas y El\u00e9ctricas --> <\/p>\n<div style='flex: 1 1 300px; min-width: 280px;'>\n<h3 style='font-size: 22px; border-bottom: 2px solid currentColor; padding-bottom: 5px; margin-top: 0; color: inherit; opacity: 0.8;'>Caracter\u00edsticas F\u00edsicas y El\u00e9ctricas<\/h3>\n<ul style='padding-left: 20px; font-size: 15px; color: inherit;'>\n<li style='margin-bottom: 5px;'>Consumo electrico: 10 W \/ 12vcd<\/li>\n<li style='margin-bottom: 5px;'>PoE: 802.3af<\/li>\n<li style='margin-bottom: 5px;'>Temperatura de operaci\u00f3n: -40\u00b0C a 53\u00b0C<\/li>\n<li style='margin-bottom: 5px;'>Humedad de operaci\u00f3n de: 10% a 95%<\/li>\n<li style='margin-bottom: 5px;'>Dimensiones 181.6mm x 103.6mm x 29.5mm<\/li>\n<li style='margin-bottom: 5px;'>Tipo de instalaci\u00f3n en superficie<\/li>\n<li style='margin-bottom: 5px;'>Protecci\u00f3n: IP65<\/li>\n<li style='margin-bottom: 5px;'>Fabricado en metal<\/li>\n<\/ul><\/div>\n<\/p><\/div>\n<p> <!-- Caracter\u00edsticas Destacadas --> <\/p>\n<div style='margin-bottom: 30px;'>\n<h3 style='font-size: 22px; border-bottom: 2px solid currentColor; padding-bottom: 5px; margin-top: 0; color: inherit; opacity: 0.8;'>Caracter\u00edsticas Destacadas<\/h3>\n<ul style='padding-left: 20px; font-size: 15px; color: inherit;'>\n<li style='margin-bottom: 5px;'>Compatible con la aplicaci\u00f3n Hik-Connect P2P para llamada a la aplicaci\u00f3n<\/li>\n<li style='margin-bottom: 5px;'>El frente de calle&comma; no requiere un monitor para su funcionamiento&comma; sin embargo si usted desea a\u00f1adirlo a uno&comma; es posible&comma; tambien se puede a\u00f1adir a un DVR \/ NVR de la marca Hikvision&comma; HiLook o epcom<\/li>\n<\/ul><\/div>\n<p> <!-- Soporte T\u00e9cnico --> <\/p>\n<div style='margin-bottom: 30px;'>\n<h3 style='font-size: 22px; border-bottom: 2px solid currentColor; padding-bottom: 5px; margin-top: 0; color: inherit; opacity: 0.8;'>Soporte T\u00e9cnico<\/h3>\n<ul style='padding-left: 20px; font-size: 15px; color: inherit;'>\n<li style='margin-bottom: 5px;'>Si requiere soporte t\u00e9cnico de clic <a style='color: inherit; text-decoration: underline;' href='https:\/\/soporte.syscom.mx\/es\/articles\/10706576-hikvision-repositorio-configuracion-videoporteros' target='_blank' rel='noopener'>aqui<\/a><\/li>\n<\/ul><\/div>\n<p> <!-- Imagen de ejemplo de conexi\u00f3n --> <\/p>\n<div style='margin-bottom: 30px;'>\n<h3 style='font-size: 22px; border-bottom: 2px solid currentColor; padding-bottom: 5px; margin-top: 0; margin-bottom: 15px; color: inherit; opacity: 0.8;'>Ejemplo de conexi\u00f3n de una cerradura magnetica o electrica<\/h3>\n<p> <img style='width: 100%; height: auto; border: 1px solid rgba(150&comma;150&comma;150&comma;0.3); border-radius: 8px;' src='https:\/\/downloads.intercomcdn.com\/i\/o\/qdpt3rxn\/1406813573\/860175acb5f95be60252993d75b3\/image.png?expires=1752080400&#038;signature=27edc3dee75a871f0dd65425269ed9992f69e6e3e1a6701ed28bfcac2c169da2&#038;req=dSQnEMF%2FnoRYWvMW1HO4zSURLQ4hXpQst7i8qmEq%2FHDYAfu5VRhXYXJzQfnW%0AeASlY20DYzgAEJFzTD8%3D%0A' alt=''> <\/p>\n<div style='margin: 15px 0;'><\/div>\n<p> <img style='width: 100%; height: auto; border: 1px solid rgba(150&comma;150&comma;150&comma;0.3); border-radius: 8px;' src='https:\/\/ftp3.syscom.mx\/usuarios\/jsosa\/HIKVISION\/imagenes\/banners\/solution%20complete.png' alt=''> <\/div>\n<\/p><\/div>\n","protected":false},"excerpt":{"rendered":"<p>Frente de Calle METALICO PoE \/ \u00c1ngulo 129\u00b0H \/ NO requiere Monitor \/ PoE Estandar \/ IP65  \/ Apertura desde Hik-connect \/ Soporta 1 Departamento \/ Soporta Tarjetas Mifare \/ 1 Salida Relay<\/p>\n","protected":false},"featured_media":20749,"comment_status":"open","ping_status":"closed","template":"","meta":[],"product_brand":[],"product_cat":[856],"product_tag":[54,557,857],"class_list":{"0":"post-20750","1":"product","2":"type-product","3":"status-publish","4":"has-post-thumbnail","6":"product_cat-videoporteros-ip","7":"product_tag-hikvision","8":"product_tag-videoporteros-e-interfonos","9":"product_tag-videoporteros-ip","11":"first","12":"instock","13":"sale","14":"shipping-taxable","15":"purchasable","16":"product-type-simple"},"_links":{"self":[{"href":"https:\/\/soydeaqui.ddns.net\/pachuca\/index.php\/wp-json\/wp\/v2\/product\/20750","targetHints":{"allow":["GET"]}}],"collection":[{"href":"https:\/\/soydeaqui.ddns.net\/pachuca\/index.php\/wp-json\/wp\/v2\/product"}],"about":[{"href":"https:\/\/soydeaqui.ddns.net\/pachuca\/index.php\/wp-json\/wp\/v2\/types\/product"}],"replies":[{"embeddable":true,"href":"https:\/\/soydeaqui.ddns.net\/pachuca\/index.php\/wp-json\/wp\/v2\/comments?post=20750"}],"wp:featuredmedia":[{"embeddable":true,"href":"https:\/\/soydeaqui.ddns.net\/pachuca\/index.php\/wp-json\/wp\/v2\/media\/20749"}],"wp:attachment":[{"href":"https:\/\/soydeaqui.ddns.net\/pachuca\/index.php\/wp-json\/wp\/v2\/media?parent=20750"}],"wp:term":[{"taxonomy":"product_brand","embeddable":true,"href":"https:\/\/soydeaqui.ddns.net\/pachuca\/index.php\/wp-json\/wp\/v2\/product_brand?post=20750"},{"taxonomy":"product_cat","embeddable":true,"href":"https:\/\/soydeaqui.ddns.net\/pachuca\/index.php\/wp-json\/wp\/v2\/product_cat?post=20750"},{"taxonomy":"product_tag","embeddable":true,"href":"https:\/\/soydeaqui.ddns.net\/pachuca\/index.php\/wp-json\/wp\/v2\/product_tag?post=20750"}],"curies":[{"name":"wp","href":"https:\/\/api.w.org\/{rel}","templated":true}]}}