{"id":2075,"date":"2026-03-18T05:52:53","date_gmt":"2026-03-18T05:52:53","guid":{"rendered":"https:\/\/soydeaqui.ddns.net\/pachuca\/index.php\/producto\/servicio-por-un-ano-extra-para-sw-modem-m2m\/"},"modified":"2026-03-18T05:52:53","modified_gmt":"2026-03-18T05:52:53","slug":"servicio-por-un-ano-extra-para-sw-modem-m2m","status":"publish","type":"product","link":"https:\/\/soydeaqui.ddns.net\/pachuca\/index.php\/producto\/servicio-por-un-ano-extra-para-sw-modem-m2m\/","title":{"rendered":"Servicio por un A\u00f1o Extra para SW-MODEM-M2M"},"content":{"rendered":"<div style='width: 100%; max-width: 1200px; margin: 0 auto; font-family: sans-serif; line-height: 1.6; color: inherit; background-color: transparent;'>\n<p style='text-align: center; margin: 0 0 20px;'><img style='width: 100%; max-width: 250px; height: auto; border: 1px solid rgba(150&comma;150&comma;150&comma;0.3); border-radius: 8px;' src='https:\/\/ftp3.syscom.mx\/usuarios\/vvega\/M2M\/programacion\/voucherSWMODEM%20Nombres.png' alt=''><\/p>\n<div style='display: flex; flex-direction: column; gap: 20px; margin-bottom: 30px;'>\n<p style='text-align: center; font-size: 16px; margin: 0 0 20px;'> <span style='color: inherit; background-color: transparent; font-weight: bold;'>Anualidad Extra para Software de Conexion para carga y descarga remota para comunicadores M2M<\/span> <span style='color: inherit; background-color: transparent;'>con paneles HONEYWELL VISTA probados con \u00e9xito. Puede realizar programaci\u00f3n remota por medio de Software COMPASS.<\/span> <\/p>\n<p style='text-align: center; font-size: 16px; margin: 0;'> <span style='color: inherit; background-color: transparent;'>Puede descargar el SOFTWARE desde esta liga &#8211; <\/span> <a href='http:\/\/m2mos.com\/modem\/' style='color: #007bff; text-decoration: none; font-weight: bold;'>Software Modem<\/a> <span style='color: inherit; background-color: transparent;'>&comma; las instrucciones de instalaci\u00f3n de este software se pueden encontrar en la parte de descargas.<\/span> <\/p>\n<\/p><\/div>\n<div style='display: flex; flex-wrap: wrap; gap: 20px; margin-bottom: 30px;'>\n<div style='flex: 1 1 300px; min-width: 250px;'>\n<div style='border-left: 5px solid #ff0000; border-radius: 8px; padding: 15px; box-shadow: 2px 2px 10px rgba(150&comma;150&comma;150&comma;0.2);'> <strong style='font-size: 16px; display: block; margin-bottom: 10px;'>Aplica \u00fanicamente para los Siguientes Modelos<\/strong> <\/p>\n<ul style='padding-left: 20px; font-size: 14px; margin: 0; padding: 0; list-style-type: disc;'>\n<li style='margin-bottom: 5px;'> <a href='https:\/\/www.syscom.mx\/producto\/SW-MODEM-M2M-M2M-SERVICES-205065.html' target='_blank' rel='noopener' style='color: #007bff; text-decoration: none;'> SW-MODEM-M2M <\/a> <\/li>\n<\/ul><\/div>\n<\/p><\/div>\n<div style='flex: 1 1 300px; min-width: 250px;'>\n<div style='border-left: 5px solid #ff0000; border-radius: 8px; padding: 15px; box-shadow: 2px 2px 10px rgba(150&comma;150&comma;150&comma;0.2);'> <strong style='font-size: 16px; display: block; margin-bottom: 10px;'>Para Activar solo siga estas instrucciones:<\/strong> <\/p>\n<ul style='padding-left: 20px; font-size: 14px; margin: 0; padding: 0; list-style-type: disc;'>\n<li style='margin-bottom: 5px;'>Facturar VOUCHER-SW-MODEM<\/li>\n<li style='margin-bottom: 5px;'>Descargar factura de su portal SYSCOM<\/li>\n<li style='margin-bottom: 5px;'>Copiar c\u00f3digo impreso en su Factura<\/li>\n<li style='margin-bottom: 5px;'>Buscar la licencia correspondiente al Software desde su Portal M2M<\/li>\n<li style='margin-bottom: 5px;'>Darle doble clic y en &#8216;Prepay End-Date&#8217; colocar el n\u00famero de licencia<\/li>\n<\/ul><\/div>\n<\/p><\/div>\n<div style='flex: 1 1 300px; min-width: 250px;'>\n<div style='border-left: 5px solid #ff0000; border-radius: 8px; padding: 15px; box-shadow: 2px 2px 10px rgba(150&comma;150&comma;150&comma;0.2);'> <strong style='font-size: 16px; display: block; margin-bottom: 10px;'>Caracter\u00edsticas Destacadas:<\/strong> <\/p>\n<p style='margin: 0 0 10px; font-size: 14px;'> Con este servicio podr\u00e1 disfrutar de un a\u00f1o m\u00e1s de comunicaci\u00f3n ilimitada para su software de Carga y Descarga (SW-MODEM-M2M)&comma; es importante tener primero este servicio para poder agregar la anualidad <\/p>\n<p style='margin: 0 0 10px; font-size: 14px;'> El software M2M permite realizar carga y descarga remota de los paneles. Ayuda a los instaladores a realizar cambios de configuraci\u00f3n o descargar el historial de eventos del panel de forma remota. <\/p>\n<\/p><\/div>\n<\/p><\/div>\n<\/p><\/div>\n<p style='text-align: center; font-size: 16px; margin: 30px 0;'> <span style='color: #c0392b; font-weight: bold;'>NOTA:<\/span> <span style='color: inherit;'> si el comunicador es uno de la serie MN (mini012g&comma; mini014gv2&comma; mn02ltem&comma; mn01ltem)&comma; entonces se necesita un m\u00f3dulo <\/span> <a href='https:\/\/www.syscom.mx\/principal\/searchcont?route=MN-01RNGR-M2M-SERVICES-143761&#038;autodetect=mn01rngr' style='color: #007bff; text-decoration: none; font-weight: bold;'>MN01RNGR<\/a> <span style='color: inherit;'> adicional.<\/span> <\/p>\n<div style='margin: 30px 0;'> <img style='width: 100%; height: auto; border: 1px solid rgba(150&comma;150&comma;150&comma;0.3); border-radius: 8px;' src='https:\/\/ftp3.syscom.mx\/usuarios\/vvega\/M2M\/programacion\/swmodemm2m.jpg' alt=''> <\/div>\n<div style='display: flex; flex-wrap: wrap; gap: 30px; margin-top: 40px;'>\n<div style='flex: 1 1 400px; min-width: 300px;'>\n<h2 style='font-size: 24px; font-weight: 600; margin: 0 0 15px; color: inherit; text-align: center;'>Conexi\u00f3n y Programaci\u00f3n F\u00c1CIL!<\/h2>\n<p style='font-size: 14px; margin: 0 0 15px;'> Para realizar una programaci\u00f3n remota es de manera muy sencilla&comma; basta con conectar los equipos y realizar unos simples pasos en el panel de alarma para que acepte la programaci\u00f3n remota y \u00a1Listo! <\/p>\n<p style='font-size: 14px; margin: 0;'> Con esto ya podremos realizar modificaciones en nuestro panel de alarma remotamente&comma; evitando as\u00ed costos de traslado y disminuyendo tiempos para servicios. <\/p>\n<\/p><\/div>\n<div style='flex: 1 1 400px; min-width: 300px;'>\n<div style='position: relative; padding-bottom: 56.25%; height: 0; overflow: hidden; margin-bottom: 30px;'>   <\/div>\n<\/p><\/div>\n<\/p><\/div>\n<\/p><\/div>\n","protected":false},"excerpt":{"rendered":"<p>Servicio por un A\u00f1o Extra para SW-MODEM-M2M<\/p>\n","protected":false},"featured_media":2074,"comment_status":"open","ping_status":"closed","template":"","meta":[],"product_brand":[],"product_cat":[386],"product_tag":[40,207,188],"class_list":{"0":"post-2075","1":"product","2":"type-product","3":"status-publish","4":"has-post-thumbnail","6":"product_cat-comunicadores-centrales-de-monitoreo","7":"product_tag-centrales-de-monitoreo","8":"product_tag-comunicadores","9":"product_tag-m2m-services","11":"first","12":"instock","13":"sale","14":"shipping-taxable","15":"purchasable","16":"product-type-simple"},"_links":{"self":[{"href":"https:\/\/soydeaqui.ddns.net\/pachuca\/index.php\/wp-json\/wp\/v2\/product\/2075","targetHints":{"allow":["GET"]}}],"collection":[{"href":"https:\/\/soydeaqui.ddns.net\/pachuca\/index.php\/wp-json\/wp\/v2\/product"}],"about":[{"href":"https:\/\/soydeaqui.ddns.net\/pachuca\/index.php\/wp-json\/wp\/v2\/types\/product"}],"replies":[{"embeddable":true,"href":"https:\/\/soydeaqui.ddns.net\/pachuca\/index.php\/wp-json\/wp\/v2\/comments?post=2075"}],"wp:featuredmedia":[{"embeddable":true,"href":"https:\/\/soydeaqui.ddns.net\/pachuca\/index.php\/wp-json\/wp\/v2\/media\/2074"}],"wp:attachment":[{"href":"https:\/\/soydeaqui.ddns.net\/pachuca\/index.php\/wp-json\/wp\/v2\/media?parent=2075"}],"wp:term":[{"taxonomy":"product_brand","embeddable":true,"href":"https:\/\/soydeaqui.ddns.net\/pachuca\/index.php\/wp-json\/wp\/v2\/product_brand?post=2075"},{"taxonomy":"product_cat","embeddable":true,"href":"https:\/\/soydeaqui.ddns.net\/pachuca\/index.php\/wp-json\/wp\/v2\/product_cat?post=2075"},{"taxonomy":"product_tag","embeddable":true,"href":"https:\/\/soydeaqui.ddns.net\/pachuca\/index.php\/wp-json\/wp\/v2\/product_tag?post=2075"}],"curies":[{"name":"wp","href":"https:\/\/api.w.org\/{rel}","templated":true}]}}