{"id":20735,"date":"2026-03-18T10:26:06","date_gmt":"2026-03-18T10:26:06","guid":{"rendered":"https:\/\/soydeaqui.ddns.net\/pachuca\/index.php\/producto\/protector-de-cable-de-5-canales-base-de-goma-y-tapa-de-plastico-capacidad-4-6-toneladas-canal-38x35mm-longitud-90-cm-amarillo-y-negro\/"},"modified":"2026-03-18T10:26:10","modified_gmt":"2026-03-18T10:26:10","slug":"protector-de-cable-de-5-canales-base-de-goma-y-tapa-de-plastico-capacidad-4-6-toneladas-canal-38x35mm-longitud-90-cm-amarillo-y-negro","status":"publish","type":"product","link":"https:\/\/soydeaqui.ddns.net\/pachuca\/index.php\/producto\/protector-de-cable-de-5-canales-base-de-goma-y-tapa-de-plastico-capacidad-4-6-toneladas-canal-38x35mm-longitud-90-cm-amarillo-y-negro\/","title":{"rendered":"Protector de Cable de 5 Canales \/ Base de Goma y Tapa de Pl\u00e1stico \/ Capacidad 4.6 Toneladas \/ Canal 38x35MM \/ Longitud 90 cm \/ Amarillo y Negro"},"content":{"rendered":"<div style='width: 100%; max-width: 1200px; margin: 0 auto; font-family: sans-serif; line-height: 1.6; color: inherit; background-color: transparent;'>\n<div style='display: flex; flex-wrap: wrap; gap: 30px; margin-bottom: 30px;'>\n<div style='flex: 1 1 300px; min-width: 280px;'>\n<h3 style='font-size: 22px; border-bottom: 2px solid currentColor; padding-bottom: 5px; margin-top: 0; color: inherit; opacity: 0.8;'>Caracter\u00edsticas Principales<\/h3>\n<ul style='padding-left: 20px; font-size: 15px; color: inherit;'>\n<li style='margin-bottom: 5px;'>Base de goma y tapa de pl\u00e1stico para una m\u00e1xima durabilidad<\/li>\n<li style='margin-bottom: 5px;'>Capacidad de carga de 4.6 toneladas por neum\u00e1tico&comma; ideal para tr\u00e1fico intenso<\/li>\n<li style='margin-bottom: 5px;'>Canales de 38x35MM&comma; aptos para cables gruesos<\/li>\n<li style='margin-bottom: 5px;'>Longitud de 90 cm para adaptarse a m\u00faltiples configuraciones<\/li>\n<li style='margin-bottom: 5px;'>Colores llamativos amarillo y negro para alta visibilidad<\/li>\n<\/ul>\n<div style='margin-top: 20px;'> <img style='width: 100%; height: auto; border: 1px solid rgba(150&comma;150&comma;150&comma;0.3); border-radius: 8px;' src='http:\/\/ftp3.syscom.mx\/usuarios\/ftp\/2025\/06\/20\/570\/1750458343174.png_froala_6855dfeae9876' alt=''> <\/div>\n<\/p><\/div>\n<\/p><\/div>\n<div style='display: flex; flex-wrap: wrap; gap: 20px; margin-bottom: 30px;'>\n<div style='flex: 1 1 250px; border: 1px solid rgba(150&comma; 150&comma; 150&comma; 0.4); border-radius: 8px; overflow: hidden; display: flex; flex-direction: column;'>\n<div style='padding: 15px; border-bottom: 1px solid rgba(150&comma; 150&comma; 150&comma; 0.2); font-weight: bold; font-size: 18px; color: inherit;'>Especificaciones<\/div>\n<div style='padding: 15px; color: inherit;'>\n<ul style='padding-left: 20px; margin: 0; font-size: 14px; list-style-type: disc;'>\n<li style='margin-bottom: 5px;'><strong>Modelo:<\/strong> AC905CV<\/li>\n<li style='margin-bottom: 5px;'><strong>Peso unitario:<\/strong> 16 kg<\/li>\n<li style='margin-bottom: 5px;'><strong>Dimensiones:<\/strong> 90 cm (Largo) x 50 cm (Ancho) x 5.5 cm (Altura)<\/li>\n<li style='margin-bottom: 5px;'><strong>Material:<\/strong> Hule<\/li>\n<li style='margin-bottom: 5px;'><strong>Resistencia a la tracci\u00f3n:<\/strong> 3&comma;0 MPa<\/li>\n<li style='margin-bottom: 5px;'><strong>Alargamiento de rotura:<\/strong> 212%<\/li>\n<li style='margin-bottom: 5px;'><strong>Dureza:<\/strong> A85<\/li>\n<li style='margin-bottom: 5px;'><strong>Elasticidad al impacto:<\/strong> 37%<\/li>\n<li style='margin-bottom: 5px;'><strong>Rendimiento de abrasi\u00f3n:<\/strong> 0&comma;28 cm\u00b3 \/ 1&comma;61 km<\/li>\n<li style='margin-bottom: 5px;'><strong>Rango de temperatura operativa:<\/strong> -45\u2103 a 60\u2103<\/li>\n<\/ul>\n<div style='margin-top: 20px;'> <img style='width: 100%; height: auto; border: 1px solid rgba(150&comma;150&comma;150&comma;0.3); border-radius: 8px;' src='http:\/\/ftp3.syscom.mx\/usuarios\/ftp\/2025\/04\/03\/570\/AC905CV.jpg_froala_67eec036a8c9b' alt=''> <\/div>\n<\/p><\/div>\n<\/p><\/div>\n<\/p><\/div>\n<div style='display: flex; flex-wrap: wrap; gap: 30px; margin-bottom: 30px;'>\n<div style='flex: 1 1 300px; min-width: 280px;'>\n<h3 style='font-size: 22px; border-bottom: 2px solid currentColor; padding-bottom: 5px; margin-top: 0; color: inherit; opacity: 0.8;'>Aplicaciones y Casos de Uso<\/h3>\n<p style='font-size: 15px; color: inherit;'>Ideal para eventos al aire libre&comma; \u00e1reas de construcci\u00f3n y f\u00e1bricas donde es crucial proteger los cables y evitar accidentes.<\/p>\n<div style='margin-top: 20px;'> <img style='width: 100%; height: auto; border: 1px solid rgba(150&comma;150&comma;150&comma;0.3); border-radius: 8px;' src='http:\/\/ftp3.syscom.mx\/usuarios\/ftp\/2025\/04\/03\/570\/Captura_de_pantalla_20241204_123939.png_froala_67eec0c6f0045' alt=''> <\/div>\n<\/p><\/div>\n<\/p><\/div>\n<hr style='border: 0; border-top: 1px solid rgba(150&comma;150&comma;150&comma;0.3); margin: 30px 0;'> <\/div>\n","protected":false},"excerpt":{"rendered":"<p>Protector de Cable de 5 Canales \/ Base de Goma y Tapa de Pl\u00e1stico \/ Capacidad 4.6 Toneladas \/ Canal 38x35MM \/ Longitud 90 cm \/ Amarillo y Negro<\/p>\n","protected":false},"featured_media":20734,"comment_status":"open","ping_status":"closed","template":"","meta":[],"product_brand":[],"product_cat":[850],"product_tag":[401,234,851],"class_list":{"0":"post-20735","1":"product","2":"type-product","3":"status-publish","4":"has-post-thumbnail","6":"product_cat-topes-y-reductores-de-estacionamiento","7":"product_tag-acceso-vehicular","8":"product_tag-accesspro","9":"product_tag-topes-y-reductores-de-estacionamiento","11":"first","12":"outofstock","13":"sale","14":"shipping-taxable","15":"purchasable","16":"product-type-simple"},"_links":{"self":[{"href":"https:\/\/soydeaqui.ddns.net\/pachuca\/index.php\/wp-json\/wp\/v2\/product\/20735","targetHints":{"allow":["GET"]}}],"collection":[{"href":"https:\/\/soydeaqui.ddns.net\/pachuca\/index.php\/wp-json\/wp\/v2\/product"}],"about":[{"href":"https:\/\/soydeaqui.ddns.net\/pachuca\/index.php\/wp-json\/wp\/v2\/types\/product"}],"replies":[{"embeddable":true,"href":"https:\/\/soydeaqui.ddns.net\/pachuca\/index.php\/wp-json\/wp\/v2\/comments?post=20735"}],"wp:featuredmedia":[{"embeddable":true,"href":"https:\/\/soydeaqui.ddns.net\/pachuca\/index.php\/wp-json\/wp\/v2\/media\/20734"}],"wp:attachment":[{"href":"https:\/\/soydeaqui.ddns.net\/pachuca\/index.php\/wp-json\/wp\/v2\/media?parent=20735"}],"wp:term":[{"taxonomy":"product_brand","embeddable":true,"href":"https:\/\/soydeaqui.ddns.net\/pachuca\/index.php\/wp-json\/wp\/v2\/product_brand?post=20735"},{"taxonomy":"product_cat","embeddable":true,"href":"https:\/\/soydeaqui.ddns.net\/pachuca\/index.php\/wp-json\/wp\/v2\/product_cat?post=20735"},{"taxonomy":"product_tag","embeddable":true,"href":"https:\/\/soydeaqui.ddns.net\/pachuca\/index.php\/wp-json\/wp\/v2\/product_tag?post=20735"}],"curies":[{"name":"wp","href":"https:\/\/api.w.org\/{rel}","templated":true}]}}