{"id":20725,"date":"2026-03-18T10:25:57","date_gmt":"2026-03-18T10:25:57","guid":{"rendered":"https:\/\/soydeaqui.ddns.net\/pachuca\/index.php\/producto\/boya-d-plastico-duradero-amarilla-4-orificios-leds-reflejantes-20-toneladas\/"},"modified":"2026-03-18T10:26:00","modified_gmt":"2026-03-18T10:26:00","slug":"boya-d-plastico-duradero-amarilla-4-orificios-leds-reflejantes-20-toneladas","status":"publish","type":"product","link":"https:\/\/soydeaqui.ddns.net\/pachuca\/index.php\/producto\/boya-d-plastico-duradero-amarilla-4-orificios-leds-reflejantes-20-toneladas\/","title":{"rendered":"Boya D \/ Plastico Duradero \/ Amarilla \/ 4 Orificios \/ LEDS REFLEJANTES \/ 20 Toneladas."},"content":{"rendered":"<div style='width: 100%; max-width: 1200px; margin: 0 auto; font-family: sans-serif; line-height: 1.6; color: inherit; background-color: transparent;'>\n<div style='display: flex; flex-wrap: wrap; gap: 30px; margin-bottom: 30px;'>\n<div style='flex: 1 1 300px; min-width: 280px;'>\n<h3 style='font-size: 22px; border-bottom: 2px solid currentColor; padding-bottom: 5px; margin-top: 0; color: inherit; opacity: 0.8;'>Descripci\u00f3n<\/h3>\n<p style='font-size: 15px; color: inherit; margin-top: 0;'>Las boyas de pl\u00e1stico vehicular es un dispositivo vial fabricado generalmente de pl\u00e1stico resistente&comma; dise\u00f1ado para delimitar y guiar el tr\u00e1fico de veh\u00edculos en calles&comma; carreteras&comma; estacionamientos o \u00e1reas de trabajo. Estas boyas se utilizan como elementos de se\u00f1alizaci\u00f3n y control&comma; ofreciendo una soluci\u00f3n efectiva para dirigir el flujo vehicular y mejorar la seguridad en diferentes entornos.<\/p>\n<\/p><\/div>\n<\/p><\/div>\n<div style='display: flex; flex-wrap: wrap; gap: 30px; margin-bottom: 30px;'>\n<div style='flex: 1 1 300px; min-width: 280px;'>\n<h3 style='font-size: 22px; border-bottom: 2px solid currentColor; padding-bottom: 5px; margin-top: 0; color: inherit; opacity: 0.8;'>Mejora de la seguridad vial<\/h3>\n<ul style='padding-left: 20px; font-size: 15px; color: inherit; margin-top: 0;'>\n<li style='margin-bottom: 5px;'>Delimitacion clara de los carriles. Ayudan a guiar a los conductores al indicar limites y trayectorias seguras reduciendo el riesgo de accidentes.<\/li>\n<li style='margin-bottom: 5px;'>Control de zonas peligrosas. Se\u00f1alan areas de construccion&comma; zonas de peligro o desvios temporales&comma; evitando confusiones y posibles accidentes.<\/li>\n<\/ul><\/div>\n<div style='flex: 1 1 300px; min-width: 280px;'>\n<h3 style='font-size: 22px; border-bottom: 2px solid currentColor; padding-bottom: 5px; margin-top: 0; color: inherit; opacity: 0.8;'>Alta visibilidad<\/h3>\n<ul style='padding-left: 20px; font-size: 15px; color: inherit; margin-top: 0;'>\n<li style='margin-bottom: 5px;'>Colores llamativos. Las boyas son visibles tanto de dia como de noche&comma; mejorando la percepcion de los conductores y otros usuarios.<\/li>\n<li style='margin-bottom: 5px;'>Adaptabilidad a distintas condiciones. Pueden ser usadas en condiciones climaticas adversas&comma; ya que su material resistente garantiza durabilidad y funcionalidad.<\/li>\n<\/ul><\/div>\n<div style='flex: 1 1 300px; min-width: 280px;'>\n<h3 style='font-size: 22px; border-bottom: 2px solid currentColor; padding-bottom: 5px; margin-top: 0; color: inherit; opacity: 0.8;'>Versatilidad en aplicaciones<\/h3>\n<ul style='padding-left: 20px; font-size: 15px; color: inherit; margin-top: 0;'>\n<li style='margin-bottom: 5px;'><strong>Control del flujo vehicular:<\/strong> Usadas en estacionamientos&comma; peajes&comma; v\u00edas urbanas y rurales.<\/li>\n<li style='margin-bottom: 5px;'><strong>Delimitaci\u00f3n de \u00e1reas:<\/strong> En eventos masivos&comma; zonas peatonales o \u00e1reas restringidas.<\/li>\n<li style='margin-bottom: 5px;'><strong>Usos temporales:<\/strong> Ideales para se\u00f1alizaci\u00f3n en trabajos de reparaci\u00f3n o mantenimiento vial.<\/li>\n<\/ul><\/div>\n<\/p><\/div>\n<div style='display: flex; flex-wrap: wrap; gap: 20px; margin-bottom: 30px;'>\n<div style='flex: 1 1 250px; border: 1px solid rgba(150&comma; 150&comma; 150&comma; 0.4); border-radius: 8px; overflow: hidden; display: flex; flex-direction: column;'>\n<div style='padding: 15px; border-bottom: 1px solid rgba(150&comma; 150&comma; 150&comma; 0.2); font-weight: bold; font-size: 18px; color: inherit;'>Especificaciones<\/div>\n<div style='padding: 15px; color: inherit;'>\n<ul style='padding-left: 20px; margin: 0; font-size: 14px; list-style-type: disc;'>\n<li style='margin-bottom: 5px;'><strong>Dimensiones:<\/strong> 22cm de largo x 12cm de ancho x 2.5cm de alto.<\/li>\n<li style='margin-bottom: 5px;'><strong>Color:<\/strong> Amarillo.<\/li>\n<li style='margin-bottom: 5px;'><strong>Peso:<\/strong> 300grs.<\/li>\n<li style='margin-bottom: 5px;'><strong>Orificios:<\/strong> 4 Orificios para fijacion al suelo.<\/li>\n<li style='margin-bottom: 5px;'><strong>Superficie:<\/strong> Antiderrapante.<\/li>\n<li style='margin-bottom: 5px;'><strong>Seguridad:<\/strong> Muy seguro para cualquier vehiculo.<\/li>\n<li style='margin-bottom: 5px;'><strong>Capacidad de carga:<\/strong> 20 Tn.<\/li>\n<\/ul><\/div>\n<\/p><\/div>\n<\/p><\/div>\n<div style='display: flex; flex-wrap: wrap; gap: 30px; margin-bottom: 30px;'>\n<div style='flex: 1 1 300px; min-width: 280px;'>\n<p style='font-size: 15px; color: inherit; margin-top: 0;'>Las boyas de pl\u00e1stico vehicular son herramientas esenciales para la gesti\u00f3n y regulaci\u00f3n del tr\u00e1fico&comma; combinando durabilidad&comma; funcionalidad y seguridad.<\/p>\n<\/p><\/div>\n<\/p><\/div>\n<hr style='border: 0; border-top: 1px solid rgba(150&comma; 150&comma; 150&comma; 0.3); margin: 30px 0;'> <\/div>\n","protected":false},"excerpt":{"rendered":"<p>Boya D \/ Plastico Duradero \/ Amarilla \/ 4 Orificios \/ LEDS REFLEJANTES \/ 20 Toneladas.<\/p>\n","protected":false},"featured_media":20724,"comment_status":"open","ping_status":"closed","template":"","meta":[],"product_brand":[],"product_cat":[850],"product_tag":[401,234,851],"class_list":{"0":"post-20725","1":"product","2":"type-product","3":"status-publish","4":"has-post-thumbnail","6":"product_cat-topes-y-reductores-de-estacionamiento","7":"product_tag-acceso-vehicular","8":"product_tag-accesspro","9":"product_tag-topes-y-reductores-de-estacionamiento","11":"first","12":"instock","13":"sale","14":"shipping-taxable","15":"purchasable","16":"product-type-simple"},"_links":{"self":[{"href":"https:\/\/soydeaqui.ddns.net\/pachuca\/index.php\/wp-json\/wp\/v2\/product\/20725","targetHints":{"allow":["GET"]}}],"collection":[{"href":"https:\/\/soydeaqui.ddns.net\/pachuca\/index.php\/wp-json\/wp\/v2\/product"}],"about":[{"href":"https:\/\/soydeaqui.ddns.net\/pachuca\/index.php\/wp-json\/wp\/v2\/types\/product"}],"replies":[{"embeddable":true,"href":"https:\/\/soydeaqui.ddns.net\/pachuca\/index.php\/wp-json\/wp\/v2\/comments?post=20725"}],"wp:featuredmedia":[{"embeddable":true,"href":"https:\/\/soydeaqui.ddns.net\/pachuca\/index.php\/wp-json\/wp\/v2\/media\/20724"}],"wp:attachment":[{"href":"https:\/\/soydeaqui.ddns.net\/pachuca\/index.php\/wp-json\/wp\/v2\/media?parent=20725"}],"wp:term":[{"taxonomy":"product_brand","embeddable":true,"href":"https:\/\/soydeaqui.ddns.net\/pachuca\/index.php\/wp-json\/wp\/v2\/product_brand?post=20725"},{"taxonomy":"product_cat","embeddable":true,"href":"https:\/\/soydeaqui.ddns.net\/pachuca\/index.php\/wp-json\/wp\/v2\/product_cat?post=20725"},{"taxonomy":"product_tag","embeddable":true,"href":"https:\/\/soydeaqui.ddns.net\/pachuca\/index.php\/wp-json\/wp\/v2\/product_tag?post=20725"}],"curies":[{"name":"wp","href":"https:\/\/api.w.org\/{rel}","templated":true}]}}