{"id":20711,"date":"2026-03-18T10:25:44","date_gmt":"2026-03-18T10:25:44","guid":{"rendered":"https:\/\/soydeaqui.ddns.net\/pachuca\/index.php\/producto\/licencia-enterprise-biotime-cloud-2-0-300-usuarios-40-dispositivos-licencia-anual\/"},"modified":"2026-03-18T10:25:45","modified_gmt":"2026-03-18T10:25:45","slug":"licencia-enterprise-biotime-cloud-2-0-300-usuarios-40-dispositivos-licencia-anual","status":"publish","type":"product","link":"https:\/\/soydeaqui.ddns.net\/pachuca\/index.php\/producto\/licencia-enterprise-biotime-cloud-2-0-300-usuarios-40-dispositivos-licencia-anual\/","title":{"rendered":"LICENCIA ENTERPRISE BIOTIME CLOUD 2.0  \/ 300 USUARIOS \/ 40 DISPOSITIVOS (Licencia Anual)"},"content":{"rendered":"<div style='width: 100%; max-width: 1200px; margin: 0 auto; font-family: sans-serif; line-height: 1.6; color: inherit; background-color: transparent;'>\n<div style='width: 100%; margin-bottom: 30px;'> <img style='width: 100%; height: auto; border: 1px solid rgba(150&comma;150&comma;150&comma;0.3); border-radius: 8px;' src='https:\/\/ftp3.syscom.mx\/usuarios\/jesus.ramirez\/zk\/BANNER%20SYSCOM-100.jpg' alt='Banner Syscom'> <\/div>\n<div style='display: flex; flex-wrap: wrap; gap: 30px; margin-bottom: 30px;'>\n<div style='flex: 1 1 300px; min-width: 280px;'> <img style='width: 60%; height: auto; border: 1px solid rgba(150&comma;150&comma;150&comma;0.3); border-radius: 8px; margin: 0 auto 20px; display: block;' src='https:\/\/ftp3.syscom.mx\/usuarios\/jesus.ramirez\/zk\/Cloud.png' alt='Biotime Cloud'> <\/div>\n<div style='flex: 2 1 400px; min-width: 280px;'>\n<h2 style='font-size: 28px; margin-top: 0; color: inherit;'>Biotimecloud2.0<\/h2>\n<p style='font-size: 15px; color: inherit;'>Biotime Cloud 2.0 es una potente plataforma Gesti\u00f3n de Asistencia ideal para empresas que desean controlar el tiempo de entrada&comma; salida&comma; vacaciones&comma; incapacidades&comma; permisos&comma; ausencias y faltas de sus trabajadores&comma; sin necesidad de un servidor dedicado.<\/p>\n<\/p><\/div>\n<\/p><\/div>\n<div style='display: flex; flex-wrap: wrap; gap: 20px; margin-bottom: 30px;'>\n<div style='flex: 1 1 250px; border: 1px solid rgba(150&comma; 150&comma; 150&comma; 0.4); border-radius: 8px; overflow: hidden; display: flex; flex-direction: column; min-width: 280px;'>\n<div style='padding: 15px; border-bottom: 1px solid rgba(150&comma; 150&comma; 150&comma; 0.2); font-weight: bold; font-size: 18px; color: inherit; background-color: #3396ff; color: white;'>Cloud service<\/div>\n<div style='padding: 15px; color: inherit;'>\n<p style='margin: 0; font-size: 14px;'>No necesita instalaci\u00f3n&comma; todo se procesa desde Amazon Web Service&comma; el servidor de nube m\u00e1s poderoso del mundo&comma; aqu\u00ed BioTime Cloud asegurar\u00e1 su informaci\u00f3n con protocolos de comunicaci\u00f3n para cifrados de un extremo a otro.<\/p>\n<\/p><\/div>\n<\/p><\/div>\n<div style='flex: 1 1 250px; border: 1px solid rgba(150&comma; 150&comma; 150&comma; 0.4); border-radius: 8px; overflow: hidden; display: flex; flex-direction: column; min-width: 280px;'>\n<div style='padding: 15px; border-bottom: 1px solid rgba(150&comma; 150&comma; 150&comma; 0.2); font-weight: bold; font-size: 18px; color: inherit; background-color: #3396ff; color: white;'>Dashboard Inteligente<\/div>\n<div style='padding: 15px; color: inherit;'>\n<p style='margin: 0; font-size: 14px;'>La p\u00e1gina de inicio de BioTime Cloud 2.0 muestra informaci\u00f3n clave para el personal de recursos humanos en forma de gr\u00e1ficas como: el total de empleados que realizaron su registro a tiempo&comma; empleados que llegaron tarde&comma; empleados que a\u00fan no registran asistencia&comma; total de empleados en Oficina y en Home Office.<\/p>\n<\/p><\/div>\n<\/p><\/div>\n<div style='flex: 1 1 250px; border: 1px solid rgba(150&comma; 150&comma; 150&comma; 0.4); border-radius: 8px; overflow: hidden; display: flex; flex-direction: column; min-width: 280px;'>\n<div style='padding: 15px; border-bottom: 1px solid rgba(150&comma; 150&comma; 150&comma; 0.2); font-weight: bold; font-size: 18px; color: inherit; background-color: #3396ff; color: white;'>Reportes Personalizables<\/div>\n<div style='padding: 15px; color: inherit;'>\n<p style='margin: 0; font-size: 14px;'>BioTime Cloud 2.0 ofrece 36 reportes est\u00e1ndar adaptables a cualquier empresa&comma; con exportaci\u00f3n en formatos como PDF&comma; TXT&comma; CSV y XLS. Los administradores pueden personalizar el orden de columnas y la cantidad de datos visibles. Adem\u00e1s&comma; la plataforma permite crear reportes personalizados seleccionando elementos espec\u00edficos seg\u00fan las necesidades de la organizaci\u00f3n.<\/p>\n<\/p><\/div>\n<\/p><\/div>\n<\/p><\/div>\n<div style='border: 1px solid rgba(150&comma; 150&comma; 150&comma; 0.4); border-radius: 8px; overflow: hidden; margin-bottom: 30px;'>\n<div style='padding: 15px; border-bottom: 5px solid #3396ff; font-size: 16px; color: inherit;'>\n<div style='margin-bottom: 10px; font-weight: bold;'>DEMO POR 30 DIAS:<\/div>\n<div style='margin-bottom: 10px;'>1 Dispositivo y 5 usuarios demo por 30 dias<\/div>\n<div style='margin-bottom: 10px;'>Prueba nuestro demo:<\/div>\n<div style='margin-bottom: 10px; font-weight: bold;'>URL PARA REGISTRO DE CUENTA:<\/div>\n<p> <a style='color: red; text-decoration: underline;' href='https:\/\/syscom-supplier.biotime.mx\/'>https:\/\/syscom-supplier.biotime.mx<\/a> <\/div>\n<\/p><\/div>\n<div style='display: flex; flex-wrap: wrap; gap: 20px; margin-bottom: 30px;'>\n<div style='flex: 1 1 250px; min-width: 200px;'> <img style='width: 100%; height: auto; border: 1px solid rgba(150&comma;150&comma;150&comma;0.3); border-radius: 8px;' src='https:\/\/ftp3.syscom.mx\/usuarios\/jesus.ramirez\/zk\/btc_2_organigrama.png' alt='F\u00e1cil de usar'> <\/p>\n<h3 style='font-size: 20px; margin-top: 15px; margin-bottom: 10px; color: inherit;'>F\u00e1cil de usar<\/h3>\n<p style='font-size: 14px; color: inherit;'>Usando un navegador web o un app m\u00f3vil.<\/p>\n<\/p><\/div>\n<div style='flex: 1 1 250px; min-width: 200px;'> <img style='width: 100%; height: auto; border: 1px solid rgba(150&comma;150&comma;150&comma;0.3); border-radius: 8px;' src='https:\/\/ftp3.syscom.mx\/usuarios\/jesus.ramirez\/zk\/Cloud1.png' alt='Todo en uno'> <\/p>\n<h3 style='font-size: 20px; margin-top: 15px; margin-bottom: 10px; color: inherit;'>Todo en uno<\/h3>\n<p style='font-size: 14px; color: inherit;'>Gestione todo en una plataforma profesional.<\/p>\n<\/p><\/div>\n<div style='flex: 1 1 250px; min-width: 200px;'> <img style='width: 100%; height: auto; border: 1px solid rgba(150&comma;150&comma;150&comma;0.3); border-radius: 8px;' src='https:\/\/ftp3.syscom.mx\/usuarios\/jesus.ramirez\/zk\/En%20la%20nube.png' alt='En la nube'> <\/p>\n<h3 style='font-size: 20px; margin-top: 15px; margin-bottom: 10px; color: inherit;'>En la nube<\/h3>\n<p style='font-size: 14px; color: inherit;'>R\u00e1pido&comma; seguro y con ahorro de tiempo.<\/p>\n<\/p><\/div>\n<div style='flex: 1 1 250px; min-width: 200px;'> <img style='width: 100%; height: auto; border: 1px solid rgba(150&comma;150&comma;150&comma;0.3); border-radius: 8px;' src='https:\/\/ftp3.syscom.mx\/usuarios\/jesus.ramirez\/zk\/interfaz_new_btc3.png' alt='Escalable'> <\/p>\n<h3 style='font-size: 20px; margin-top: 15px; margin-bottom: 10px; color: inherit;'>Escalable<\/h3>\n<p style='font-size: 14px; color: inherit;'>Crecer en tama\u00f1o seg\u00fan sea necesario.<\/p>\n<\/p><\/div>\n<\/p><\/div>\n<div style='display: flex; flex-wrap: wrap; gap: 20px; margin-bottom: 30px;'>\n<div style='flex: 1 1 400px; min-width: 300px;'> <img style='width: 100%; height: auto; border: 1px solid rgba(150&comma;150&comma;150&comma;0.3); border-radius: 8px;' src='https:\/\/ftp3.syscom.mx\/usuarios\/jesus.ramirez\/zk\/interfaz_new_btc4.png' alt='Interfaz'> <\/div>\n<div style='flex: 1 1 400px; min-width: 300px;'> <img style='width: 100%; height: auto; border: 1px solid rgba(150&comma;150&comma;150&comma;0.3); border-radius: 8px;' src='https:\/\/ftp\/\/jesus.ramirez@172.31.13.99\/zk\/MacBook-Studio-Display-Mockup-1-1-3.png' alt='MacBook Display'> <\/div>\n<div style='flex: 1 1 400px; min-width: 300px;'> <img style='width: 100%; height: auto; border: 1px solid rgba(150&comma;150&comma;150&comma;0.3); border-radius: 8px;' src='https:\/\/ftp3.syscom.mx\/usuarios\/jesus.ramirez\/zk\/Facil%20de%20Usar.png' alt='F\u00e1cil de Usar'> <\/div>\n<\/p><\/div>\n<\/p><\/div>\n","protected":false},"excerpt":{"rendered":"<p>LICENCIA ENTERPRISE BIOTIME CLOUD 2.0  \/ 300 USUARIOS \/ 40 DISPOSITIVOS (Licencia Anual)<\/p>\n","protected":false},"featured_media":20710,"comment_status":"open","ping_status":"closed","template":"","meta":[],"product_brand":[],"product_cat":[846],"product_tag":[792,847,844],"class_list":{"0":"post-20711","1":"product","2":"type-product","3":"status-publish","4":"has-post-thumbnail","6":"product_cat-tiempo-y-asistencia","7":"product_tag-software-de-asistencia","8":"product_tag-tiempo-y-asistencia","9":"product_tag-zkteco","11":"first","12":"outofstock","13":"sale","14":"shipping-taxable","15":"purchasable","16":"product-type-simple"},"_links":{"self":[{"href":"https:\/\/soydeaqui.ddns.net\/pachuca\/index.php\/wp-json\/wp\/v2\/product\/20711","targetHints":{"allow":["GET"]}}],"collection":[{"href":"https:\/\/soydeaqui.ddns.net\/pachuca\/index.php\/wp-json\/wp\/v2\/product"}],"about":[{"href":"https:\/\/soydeaqui.ddns.net\/pachuca\/index.php\/wp-json\/wp\/v2\/types\/product"}],"replies":[{"embeddable":true,"href":"https:\/\/soydeaqui.ddns.net\/pachuca\/index.php\/wp-json\/wp\/v2\/comments?post=20711"}],"wp:featuredmedia":[{"embeddable":true,"href":"https:\/\/soydeaqui.ddns.net\/pachuca\/index.php\/wp-json\/wp\/v2\/media\/20710"}],"wp:attachment":[{"href":"https:\/\/soydeaqui.ddns.net\/pachuca\/index.php\/wp-json\/wp\/v2\/media?parent=20711"}],"wp:term":[{"taxonomy":"product_brand","embeddable":true,"href":"https:\/\/soydeaqui.ddns.net\/pachuca\/index.php\/wp-json\/wp\/v2\/product_brand?post=20711"},{"taxonomy":"product_cat","embeddable":true,"href":"https:\/\/soydeaqui.ddns.net\/pachuca\/index.php\/wp-json\/wp\/v2\/product_cat?post=20711"},{"taxonomy":"product_tag","embeddable":true,"href":"https:\/\/soydeaqui.ddns.net\/pachuca\/index.php\/wp-json\/wp\/v2\/product_tag?post=20711"}],"curies":[{"name":"wp","href":"https:\/\/api.w.org\/{rel}","templated":true}]}}