{"id":20705,"date":"2026-03-18T10:25:39","date_gmt":"2026-03-18T10:25:39","guid":{"rendered":"https:\/\/soydeaqui.ddns.net\/pachuca\/index.php\/producto\/radar-de-recoleccion-de-parametros-de-trafico-350-m-tecnologia-mimo-60-ghz-256-objetivos-de-deteccion-soporte-8-carriles-instalacion-sencilla-funcionamiento-en-todas-las-condiciones-climatic\/"},"modified":"2026-03-18T10:25:40","modified_gmt":"2026-03-18T10:25:40","slug":"radar-de-recoleccion-de-parametros-de-trafico-350-m-tecnologia-mimo-60-ghz-256-objetivos-de-deteccion-soporte-8-carriles-instalacion-sencilla-funcionamiento-en-todas-las-condiciones-climatic","status":"publish","type":"product","link":"https:\/\/soydeaqui.ddns.net\/pachuca\/index.php\/producto\/radar-de-recoleccion-de-parametros-de-trafico-350-m-tecnologia-mimo-60-ghz-256-objetivos-de-deteccion-soporte-8-carriles-instalacion-sencilla-funcionamiento-en-todas-las-condiciones-climatic\/","title":{"rendered":"Radar de Recolecci\u00f3n de Par\u00e1metros de Tr\u00e1fico 350 m \/ tecnolog\u00eda MIMO 60 GHz \/ 256 Objetivos de Detecci\u00f3n \/ Soporte 8 Carriles \/ Instalaci\u00f3n Sencilla \/ Funcionamiento en Todas las Condiciones Clim\u00e1ticas"},"content":{"rendered":"<div style='width: 100%; max-width: 1200px; margin: 0 auto; font-family: sans-serif; line-height: 1.6; color: inherit; background-color: transparent;'> <!-- Banner inicio --> <\/p>\n<p style='text-align: center; margin: 0; padding: 20px 0;'> <img style='width: 45%; max-width: 100%; height: auto; border: 1px solid rgba(150&comma;150&comma;150&comma;0.3); border-radius: 8px;' src='https:\/\/ftp3.syscom.mx\/usuarios\/jsosa\/HIKVISION\/imagenes\/logo\/hikvision%20see%20far.png' alt='Banner inicio'> <\/p>\n<p> <!-- Secci\u00f3n de caracter\u00edsticas --> <\/p>\n<div style='display: flex; flex-wrap: wrap; gap: 30px; margin: 30px 0;'> <!-- Caracter\u00edsticas Generales --> <\/p>\n<div style='flex: 1 1 300px; min-width: 280px;'>\n<h3 style='font-size: 22px; border-bottom: 2px solid currentColor; padding-bottom: 5px; margin-top: 0; color: inherit; opacity: 0.8;'>Caracter\u00edsticas Generales:<\/h3>\n<ul style='padding-left: 20px; font-size: 15px; color: inherit;'>\n<li style='margin-bottom: 5px;'>Detecci\u00f3n en 8 carriles en ambas direcciones.<\/li>\n<li style='margin-bottom: 5px;'>Capacidad para identificar colas de veh\u00edculos detenidos en intersecciones.<\/li>\n<li style='margin-bottom: 5px;'>F\u00e1cil instalaci\u00f3n con opciones de montaje central o lateral.<\/li>\n<li style='margin-bottom: 5px;'>Funcionamiento fiable en todas las condiciones meteorol\u00f3gicas.<\/li>\n<\/ul><\/div>\n<p> <!-- Caracter\u00edsticas F\u00edsicas y El\u00e9ctricas --> <\/p>\n<div style='flex: 1 1 300px; min-width: 280px;'>\n<h3 style='font-size: 22px; border-bottom: 2px solid currentColor; padding-bottom: 5px; margin-top: 0; color: inherit; opacity: 0.8;'>Caracter\u00edsticas F\u00edsicas y El\u00e9ctricas:<\/h3>\n<ul style='padding-left: 20px; font-size: 15px; color: inherit;'>\n<li style='margin-bottom: 5px;'><strong>Frecuencia de trabajo:<\/strong> 60 a 61 GHz.<\/li>\n<li style='margin-bottom: 5px;'><strong>Forma de onda de modulaci\u00f3n:<\/strong> FMCW.<\/li>\n<li style='margin-bottom: 5px;'><strong>\u00c1ngulo de detecci\u00f3n horizontal:<\/strong> \u00b1 14.5\u00b0 a \u00b1 60\u00b0.<\/li>\n<li style='margin-bottom: 5px;'><strong>\u00c1ngulo de detecci\u00f3n vertical:<\/strong> \u00b1 4.5\u00b0 a \u00b1 12.6\u00b0.<\/li>\n<li style='margin-bottom: 5px;'><strong>Resoluci\u00f3n de distancia:<\/strong> 0.88 m @ haz estrecho&comma; 0.3 m @ haz ancho.<\/li>\n<li style='margin-bottom: 5px;'><strong>Resoluci\u00f3n de velocidad:<\/strong> 0.13 m\/s.<\/li>\n<li style='margin-bottom: 5px;'><strong>Rango de medici\u00f3n de velocidad:<\/strong> -300 a 300 km\/h.<\/li>\n<li style='margin-bottom: 5px;'><strong>Exactitud de medici\u00f3n de velocidad:<\/strong> \u00b1 2 km\/h.<\/li>\n<li style='margin-bottom: 5px;'><strong>Cobertura de carriles:<\/strong> hasta 8 carriles.<\/li>\n<li style='margin-bottom: 5px;'><strong>Consumo energ\u00e9tico:<\/strong> DC 12 V a 24 V&comma; 1.5 A&comma; m\u00e1x. 18 W.<\/li>\n<li style='margin-bottom: 5px;'><strong>Protecci\u00f3n:<\/strong> IP67.<\/li>\n<li style='margin-bottom: 5px;'><strong>Dimensiones del radar:<\/strong> 173 mm \u00d7 175.6 mm \u00d7 202.5 mm.<\/li>\n<li style='margin-bottom: 5px;'><strong>Peso:<\/strong> 1.80 kg.<\/li>\n<li style='margin-bottom: 5px;'><strong>Condiciones de operaci\u00f3n:<\/strong> -30 \u00b0C a 70 \u00b0C.<\/li>\n<li style='margin-bottom: 5px;'><strong>Puerto de red:<\/strong> 1 RJ 45 10 M\/100 M Ethernet auto-adaptativo.<\/li>\n<li style='margin-bottom: 5px;'><strong>Interfaz RS-485:<\/strong> 1 puerto RS-485.<\/li>\n<\/ul><\/div>\n<\/p><\/div>\n<p> <!-- Caracter\u00edsticas destacadas --> <\/p>\n<div style='margin: 30px 0;'>\n<h3 style='font-size: 22px; border-bottom: 2px solid currentColor; padding-bottom: 5px; margin-top: 0; color: inherit; opacity: 0.8;'>Caracter\u00edsticas destacadas:<\/h3>\n<div style='padding: 15px; border: 1px solid rgba(150&comma;150&comma;150&comma;0.3); border-radius: 8px; background-color: rgba(128&comma;128&comma;128&comma;0.05);'>\n<p style='margin: 0; font-size: 15px; color: inherit;'> El radar de recolecci\u00f3n de par\u00e1metros de tr\u00e1fico DS-TDS800-EML de Hikvision est\u00e1 dise\u00f1ado para medir con precisi\u00f3n par\u00e1metros de tr\u00e1fico a lo largo de una distancia de 350 metros. Este dispositivo emplea tecnolog\u00eda MIMO de 60 GHz&comma; lo que le permite detectar hasta 256 objetivos simult\u00e1neamente en cualquier condici\u00f3n clim\u00e1tica&comma; facilitando su integraci\u00f3n en diversos entornos de tr\u00e1fico. <\/p>\n<\/p><\/div>\n<\/p><\/div>\n<p> <!-- Banner final --> <\/p>\n<div style='margin: 30px 0;'> <img style='width: 100%; height: auto; border: 1px solid rgba(150&comma;150&comma;150&comma;0.3); border-radius: 8px;' src='https:\/\/ftp3.syscom.mx\/usuarios\/jsosa\/HIKVISION\/imagenes\/banners\/solution%20complete.png' alt='Banner final'> <\/div>\n<\/p><\/div>\n","protected":false},"excerpt":{"rendered":"<p>Radar de Recolecci\u00f3n de Par\u00e1metros de Tr\u00e1fico 350 m \/ tecnolog\u00eda MIMO 60 GHz \/ 256 Objetivos de Detecci\u00f3n \/ Soporte 8 Carriles \/ Instalaci\u00f3n Sencilla \/ Funcionamiento en Todas las Condiciones Clim\u00e1ticas<\/p>\n","protected":false},"featured_media":20704,"comment_status":"open","ping_status":"closed","template":"","meta":[],"product_brand":[],"product_cat":[848],"product_tag":[401,54,849],"class_list":{"0":"post-20705","1":"product","2":"type-product","3":"status-publish","4":"has-post-thumbnail","6":"product_cat-radares-de-velocidad","7":"product_tag-acceso-vehicular","8":"product_tag-hikvision","9":"product_tag-radares-de-velocidad","11":"first","12":"outofstock","13":"sale","14":"shipping-taxable","15":"purchasable","16":"product-type-simple"},"_links":{"self":[{"href":"https:\/\/soydeaqui.ddns.net\/pachuca\/index.php\/wp-json\/wp\/v2\/product\/20705","targetHints":{"allow":["GET"]}}],"collection":[{"href":"https:\/\/soydeaqui.ddns.net\/pachuca\/index.php\/wp-json\/wp\/v2\/product"}],"about":[{"href":"https:\/\/soydeaqui.ddns.net\/pachuca\/index.php\/wp-json\/wp\/v2\/types\/product"}],"replies":[{"embeddable":true,"href":"https:\/\/soydeaqui.ddns.net\/pachuca\/index.php\/wp-json\/wp\/v2\/comments?post=20705"}],"wp:featuredmedia":[{"embeddable":true,"href":"https:\/\/soydeaqui.ddns.net\/pachuca\/index.php\/wp-json\/wp\/v2\/media\/20704"}],"wp:attachment":[{"href":"https:\/\/soydeaqui.ddns.net\/pachuca\/index.php\/wp-json\/wp\/v2\/media?parent=20705"}],"wp:term":[{"taxonomy":"product_brand","embeddable":true,"href":"https:\/\/soydeaqui.ddns.net\/pachuca\/index.php\/wp-json\/wp\/v2\/product_brand?post=20705"},{"taxonomy":"product_cat","embeddable":true,"href":"https:\/\/soydeaqui.ddns.net\/pachuca\/index.php\/wp-json\/wp\/v2\/product_cat?post=20705"},{"taxonomy":"product_tag","embeddable":true,"href":"https:\/\/soydeaqui.ddns.net\/pachuca\/index.php\/wp-json\/wp\/v2\/product_tag?post=20705"}],"curies":[{"name":"wp","href":"https:\/\/api.w.org\/{rel}","templated":true}]}}