{"id":20703,"date":"2026-03-18T10:25:37","date_gmt":"2026-03-18T10:25:37","guid":{"rendered":"https:\/\/soydeaqui.ddns.net\/pachuca\/index.php\/producto\/radar-de-medicion-de-velocidad-multiobjetivo-tecnologia-de-microondas-de-alta-precision-frecuencia-2405-2425-ghz-fmcw-rango-de-velocidad-10-320-km-h-comunicacion-rs-485-y-wi-fi-exterior\/"},"modified":"2026-03-18T10:25:38","modified_gmt":"2026-03-18T10:25:38","slug":"radar-de-medicion-de-velocidad-multiobjetivo-tecnologia-de-microondas-de-alta-precision-frecuencia-2405-2425-ghz-fmcw-rango-de-velocidad-10-320-km-h-comunicacion-rs-485-y-wi-fi-exterior","status":"publish","type":"product","link":"https:\/\/soydeaqui.ddns.net\/pachuca\/index.php\/producto\/radar-de-medicion-de-velocidad-multiobjetivo-tecnologia-de-microondas-de-alta-precision-frecuencia-2405-2425-ghz-fmcw-rango-de-velocidad-10-320-km-h-comunicacion-rs-485-y-wi-fi-exterior\/","title":{"rendered":"Radar de Medici\u00f3n de Velocidad Multiobjetivo \/ Tecnolog\u00eda de Microondas de Alta Precisi\u00f3n \/ Frecuencia 24,05-24,25 GHz \/ FMCW \/ Rango de Velocidad 10-320 km\/h \/ Comunicaci\u00f3n RS-485 y Wi-Fi \/ Exterior -40\u00b0C a +70\u00b0C"},"content":{"rendered":"<div style='width: 100%; max-width: 1200px; margin: 0 auto; font-family: sans-serif; line-height: 1.6; color: inherit; background-color: transparent;'> <!-- Banner inicio --> <\/p>\n<p style='text-align: center; margin: 0 0 30px 0;'> <img style='width: 100%; max-width: 540px; height: auto; border: 1px solid rgba(150&comma;150&comma;150&comma;0.3); border-radius: 8px;' src='https:\/\/ftp3.syscom.mx\/usuarios\/jsosa\/HIKVISION\/imagenes\/logo\/hikvision%20see%20far.png' alt='Banner Hikvision'> <\/p>\n<p> <!-- Caracter\u00edsticas --> <\/p>\n<div style='display: flex; flex-wrap: wrap; gap: 30px; margin-bottom: 30px;'>\n<div style='flex: 1 1 300px; min-width: 280px;'>\n<h3 style='font-size: 22px; border-bottom: 2px solid currentColor; padding-bottom: 5px; margin-top: 0; margin-bottom: 20px; color: inherit; opacity: 0.8;'>Caracter\u00edsticas Generales<\/h3>\n<ul style='padding-left: 20px; font-size: 15px; color: inherit; list-style: disc;'>\n<li style='margin-bottom: 5px;'>Capacidad para medir y rastrear la velocidad de m\u00faltiples veh\u00edculos en tiempo real.<\/li>\n<li style='margin-bottom: 5px;'>Tecnolog\u00eda de microondas de alta precisi\u00f3n para posicionamiento consistente.<\/li>\n<li style='margin-bottom: 5px;'>Proporciona se\u00f1ales de activaci\u00f3n precisas para captura de veh\u00edculos.<\/li>\n<li style='margin-bottom: 5px;'>Aplicable a diferentes entornos: p\u00f3rticos&comma; t\u00faneles&comma; pasos elevados&comma; entre otros.<\/li>\n<li style='margin-bottom: 5px;'>Informaci\u00f3n de tr\u00e1fico precisa y confiable para una gesti\u00f3n de tr\u00e1fico eficiente.<\/li>\n<\/ul><\/div>\n<div style='flex: 1 1 300px; min-width: 280px;'>\n<h3 style='font-size: 22px; border-bottom: 2px solid currentColor; padding-bottom: 5px; margin-top: 0; margin-bottom: 20px; color: inherit; opacity: 0.8;'>Caracter\u00edsticas F\u00edsicas y El\u00e9ctricas<\/h3>\n<ul style='padding-left: 20px; font-size: 15px; color: inherit; list-style: disc;'>\n<li style='margin-bottom: 5px;'><strong>Rango de frecuencia de trabajo:<\/strong> de 24&comma;05 a 24&comma;25 GHz<\/li>\n<li style='margin-bottom: 5px;'><strong>Forma de onda de modulaci\u00f3n:<\/strong> FMCW<\/li>\n<li style='margin-bottom: 5px;'><strong>Anchura del haz:<\/strong> 35\u00b0 \u00d7 16\u00b0<\/li>\n<li style='margin-bottom: 5px;'><strong>Rango de medici\u00f3n de velocidad:<\/strong> de 10 a 320 km\/h<\/li>\n<li style='margin-bottom: 5px;'><strong>Error de medici\u00f3n de velocidad:<\/strong> de -2 a 2 km\/h<\/li>\n<li style='margin-bottom: 5px;'><strong>Distancia de captura:<\/strong> de 18 a 28 m (ajustable)<\/li>\n<li style='margin-bottom: 5px;'><strong>Consistencia del disparador:<\/strong> \u2264 \u00b11 m<\/li>\n<li style='margin-bottom: 5px;'><strong>Modo de disparo:<\/strong> Acerc\u00e1ndose&comma; alej\u00e1ndose&comma; bidireccional<\/li>\n<li style='margin-bottom: 5px;'><strong>Tasa de captura:<\/strong> \u2265 95%<\/li>\n<li style='margin-bottom: 5px;'><strong>N\u00famero de carril admitido:<\/strong> de 1 a 3<\/li>\n<li style='margin-bottom: 5px;'><strong>N\u00famero admitido de destino:<\/strong> 32<\/li>\n<li style='margin-bottom: 5px;'><strong>Voltaje de trabajo:<\/strong> de 9 a 12 V CC<\/li>\n<li style='margin-bottom: 5px;'><strong>Corriente de trabajo:<\/strong> <800 mA<\/li>\n<li style='margin-bottom: 5px;'><strong>Consumo:<\/strong> <10 W<\/li>\n<li style='margin-bottom: 5px;'><strong>Temperatura de trabajo:<\/strong> de -40 \u00b0C a +70 \u00b0C<\/li>\n<\/ul><\/div>\n<\/p><\/div>\n<p> <!-- Caracter\u00edsticas destacadas --> <\/p>\n<div style='margin-bottom: 30px;'>\n<h3 style='font-size: 22px; border-bottom: 2px solid currentColor; padding-bottom: 5px; margin-top: 0; margin-bottom: 20px; color: inherit; opacity: 0.8;'>Caracter\u00edsticas destacadas<\/h3>\n<ul style='padding-left: 20px; font-size: 15px; color: inherit; list-style: disc;'>\n<li style='margin-bottom: 15px; padding: 15px; background-color: rgba(150&comma;150&comma;150&comma;0.1); border-radius: 8px; color: inherit;'>Capacidades avanzadas para medir la velocidad de m\u00faltiples veh\u00edculos simult\u00e1neamente.<\/li>\n<li style='margin-bottom: 15px; padding: 15px; background-color: rgba(150&comma;150&comma;150&comma;0.1); border-radius: 8px; color: inherit;'>Tecnolog\u00eda de microondas de alta precisi\u00f3n para un posicionamiento exacto.<\/li>\n<li style='margin-bottom: 15px; padding: 15px; background-color: rgba(150&comma;150&comma;150&comma;0.1); border-radius: 8px; color: inherit;'>Ideal para una variedad de entornos de tr\u00e1fico&comma; proporcionando datos en tiempo real para ayudar en la gesti\u00f3n de tr\u00e1fico.<\/li>\n<\/ul><\/div>\n<p> <!-- Banner final --> <\/p>\n<div style='margin-top: 30px;'> <img style='width: 100%; height: auto; border: 1px solid rgba(150&comma;150&comma;150&comma;0.3); border-radius: 8px;' src='https:\/\/ftp3.syscom.mx\/usuarios\/jsosa\/HIKVISION\/imagenes\/banners\/solution%20complete.png' alt='Banner final'> <\/div>\n<\/p><\/div>\n","protected":false},"excerpt":{"rendered":"<p>Radar de Medici\u00f3n de Velocidad Multiobjetivo \/ Tecnolog\u00eda de Microondas de Alta Precisi\u00f3n \/ Frecuencia 24,05-24,25 GHz \/ FMCW \/ Rango de Velocidad 10-320 km\/h \/ Comunicaci\u00f3n RS-485 y Wi-Fi \/ Exterior -40\u00b0C a +70\u00b0C<\/p>\n","protected":false},"featured_media":20702,"comment_status":"open","ping_status":"closed","template":"","meta":[],"product_brand":[],"product_cat":[848],"product_tag":[401,54,849],"class_list":{"0":"post-20703","1":"product","2":"type-product","3":"status-publish","4":"has-post-thumbnail","6":"product_cat-radares-de-velocidad","7":"product_tag-acceso-vehicular","8":"product_tag-hikvision","9":"product_tag-radares-de-velocidad","11":"first","12":"outofstock","13":"sale","14":"shipping-taxable","15":"purchasable","16":"product-type-simple"},"_links":{"self":[{"href":"https:\/\/soydeaqui.ddns.net\/pachuca\/index.php\/wp-json\/wp\/v2\/product\/20703","targetHints":{"allow":["GET"]}}],"collection":[{"href":"https:\/\/soydeaqui.ddns.net\/pachuca\/index.php\/wp-json\/wp\/v2\/product"}],"about":[{"href":"https:\/\/soydeaqui.ddns.net\/pachuca\/index.php\/wp-json\/wp\/v2\/types\/product"}],"replies":[{"embeddable":true,"href":"https:\/\/soydeaqui.ddns.net\/pachuca\/index.php\/wp-json\/wp\/v2\/comments?post=20703"}],"wp:featuredmedia":[{"embeddable":true,"href":"https:\/\/soydeaqui.ddns.net\/pachuca\/index.php\/wp-json\/wp\/v2\/media\/20702"}],"wp:attachment":[{"href":"https:\/\/soydeaqui.ddns.net\/pachuca\/index.php\/wp-json\/wp\/v2\/media?parent=20703"}],"wp:term":[{"taxonomy":"product_brand","embeddable":true,"href":"https:\/\/soydeaqui.ddns.net\/pachuca\/index.php\/wp-json\/wp\/v2\/product_brand?post=20703"},{"taxonomy":"product_cat","embeddable":true,"href":"https:\/\/soydeaqui.ddns.net\/pachuca\/index.php\/wp-json\/wp\/v2\/product_cat?post=20703"},{"taxonomy":"product_tag","embeddable":true,"href":"https:\/\/soydeaqui.ddns.net\/pachuca\/index.php\/wp-json\/wp\/v2\/product_tag?post=20703"}],"curies":[{"name":"wp","href":"https:\/\/api.w.org\/{rel}","templated":true}]}}