{"id":20684,"date":"2026-03-18T10:25:18","date_gmt":"2026-03-18T10:25:18","guid":{"rendered":"https:\/\/soydeaqui.ddns.net\/pachuca\/index.php\/producto\/semaforo-peatonal-estatico-rx300-3-3910ss-1-led-de-alta-visibilidad-400-mts-patron-peatonal-rojo-verde-estatico-contador-2-digitos-ip53-voltaje-176-265-vac-material-pcabs-temperatura\/"},"modified":"2026-03-18T10:25:19","modified_gmt":"2026-03-18T10:25:19","slug":"semaforo-peatonal-estatico-rx300-3-3910ss-1-led-de-alta-visibilidad-400-mts-patron-peatonal-rojo-verde-estatico-contador-2-digitos-ip53-voltaje-176-265-vac-material-pcabs-temperatura","status":"publish","type":"product","link":"https:\/\/soydeaqui.ddns.net\/pachuca\/index.php\/producto\/semaforo-peatonal-estatico-rx300-3-3910ss-1-led-de-alta-visibilidad-400-mts-patron-peatonal-rojo-verde-estatico-contador-2-digitos-ip53-voltaje-176-265-vac-material-pcabs-temperatura\/","title":{"rendered":"Sem\u00e1foro Peatonal Est\u00e1tico RX300-3-3910SS-1 \/ LED de Alta Visibilidad 400 mts \/ Patr\u00f3n Peatonal Rojo + Verde Est\u00e1tico + Contador 2 D\u00edgitos \/ IP53 \/ Voltaje 176-265 VAC \/ Material PC+ABS \/ Temperatura -40\u00b0C a 80\u00b0C"},"content":{"rendered":"<div style='width: 100%; max-width: 1200px; margin: 0 auto; font-family: sans-serif; line-height: 1.6; color: inherit; background-color: transparent;'> <!-- Banner inicio --> <\/p>\n<div style='width: 100%; margin: 30px 0;'> <img style='width: 45%; height: auto; border: 1px solid rgba(150&comma;150&comma;150&comma;0.3); border-radius: 8px;' src='https:\/\/ftp3.syscom.mx\/usuarios\/jsosa\/HIKVISION\/imagenes\/logo\/hikvision%20see%20far.png' alt='Banner Inicio'> <\/div>\n<p> <!-- Secci\u00f3n de caracter\u00edsticas y especificaciones --> <\/p>\n<div style='display: flex; flex-wrap: wrap; gap: 30px; margin-bottom: 30px;'> <!-- Caracter\u00edsticas Principales --> <\/p>\n<div style='flex: 1 1 300px; min-width: 280px;'>\n<h3 style='font-size: 22px; border-bottom: 2px solid currentColor; padding-bottom: 5px; margin-top: 0; color: inherit; opacity: 0.8;'>Caracter\u00edsticas Principales:<\/h3>\n<ul style='padding-left: 20px; font-size: 15px; color: inherit;'>\n<li style='margin-bottom: 5px;'>Tecnolog\u00eda LED de cuatro elementos con emisi\u00f3n de luz independiente para se\u00f1ales rojas y verdes<\/li>\n<li style='margin-bottom: 5px;'>Contador digital de 2 d\u00edgitos integrado para indicaci\u00f3n de tiempo restante<\/li>\n<li style='margin-bottom: 5px;'>Carcasa construida en PC (Policarbonato) y ABS con tratamiento superficial mate y color negro<\/li>\n<li style='margin-bottom: 5px;'>Protecci\u00f3n IP53 contra polvo y agua para instalaci\u00f3n en exteriores<\/li>\n<li style='margin-bottom: 5px;'>Alta visibilidad con distancia visual \u2265 400 metros y \u00e1ngulo visual \u2265 30\u00b0<\/li>\n<li style='margin-bottom: 5px;'>Vida \u00fatil extendida de LED \u2265 100&comma;000 horas para m\u00ednimo mantenimiento<\/li>\n<li style='margin-bottom: 5px;'>Dise\u00f1o robusto con pantalla de chapa galvanizada para m\u00e1xima durabilidad<\/li>\n<li style='margin-bottom: 5px;'>Modos de temporizador: Aprendizaje\/trigger\/comunicaci\u00f3n RS-485<\/li>\n<\/ul><\/div>\n<p> <!-- Especificaciones T\u00e9cnicas --> <\/p>\n<div style='flex: 1 1 300px; min-width: 280px;'>\n<h3 style='font-size: 22px; border-bottom: 2px solid currentColor; padding-bottom: 5px; margin-top: 0; color: inherit; opacity: 0.8;'>Especificaciones T\u00e9cnicas:<\/h3>\n<ul style='padding-left: 20px; font-size: 15px; color: inherit;'>\n<li style='margin-bottom: 5px;'><strong>Modelo:<\/strong> RX300-3-3910SS-1<\/li>\n<li style='margin-bottom: 5px;'><strong>Voltaje de trabajo:<\/strong> 176 a 265 VAC&comma; 50 \u00b1 3 Hz<\/li>\n<li style='margin-bottom: 5px;'><strong>Potencia nominal:<\/strong> \u2264 20 W<\/li>\n<li style='margin-bottom: 5px;'><strong>Temperatura de trabajo:<\/strong> -40\u00b0C a 80\u00b0C (-40\u00b0F a 176\u00b0F)<\/li>\n<li style='margin-bottom: 5px;'><strong>Humedad de trabajo:<\/strong> 10% a 95%<\/li>\n<li style='margin-bottom: 5px;'><strong>Resistencia de aislamiento:<\/strong> \u2265 500 M\u03a9<\/li>\n<li style='margin-bottom: 5px;'><strong>Rigidez diel\u00e9ctrica:<\/strong> \u2265 1500 V<\/li>\n<li style='margin-bottom: 5px;'><strong>Transformador:<\/strong> 24 VAC<\/li>\n<li style='margin-bottom: 5px;'><strong>Corriente de tubo \u00fanico:<\/strong> \u2264 20 mA<\/li>\n<li style='margin-bottom: 5px;'><strong>Peso:<\/strong> \u2264 14 kg (30.9 lb.)<\/li>\n<li style='margin-bottom: 5px;'><strong>Protecci\u00f3n:<\/strong> IP53<\/li>\n<\/ul><\/div>\n<\/p><\/div>\n<p> <!-- Secci\u00f3n Dimensiones y Especificaciones LED --> <\/p>\n<div style='display: flex; flex-wrap: wrap; gap: 30px; margin-bottom: 30px;'> <!-- Dimensiones y Materiales --> <\/p>\n<div style='flex: 1 1 300px; min-width: 280px;'>\n<h3 style='font-size: 22px; border-bottom: 2px solid currentColor; padding-bottom: 5px; margin-top: 0; color: inherit; opacity: 0.8;'>Dimensiones y Materiales:<\/h3>\n<ul style='padding-left: 20px; font-size: 15px; color: inherit;'>\n<li style='margin-bottom: 5px;'><strong>Di\u00e1metro del escudo:<\/strong> \u03a6 300 mm (\u03a6 11.8&#8242;)<\/li>\n<li style='margin-bottom: 5px;'><strong>Dimensi\u00f3n de la sombra:<\/strong> 770 \u00d7 250 mm (30.3&#8242; \u00d7 9.8&#8242;)<\/li>\n<li style='margin-bottom: 5px;'><strong>Dimensiones totales:<\/strong> 1090 \u00d7 350 \u00d7 135 mm<\/li>\n<li style='margin-bottom: 5px;'><strong>Material carcasa:<\/strong> PC + ABS&comma; tratamiento negro mate<\/li>\n<li style='margin-bottom: 5px;'><strong>Material pantalla:<\/strong> Chapa de acero galvanizado<\/li>\n<li style='margin-bottom: 5px;'><strong>Interfaz de acceso:<\/strong> 220 VAC&comma; l\u00ednea viva (rojo&comma; amarillo&comma; verde)&comma; l\u00ednea cero<\/li>\n<\/ul><\/div>\n<p> <!-- Configuraci\u00f3n LED --> <\/p>\n<div style='flex: 1 1 300px; min-width: 280px;'>\n<h3 style='font-size: 22px; border-bottom: 2px solid currentColor; padding-bottom: 5px; margin-top: 0; color: inherit; opacity: 0.8;'>Configuraci\u00f3n LED:<\/h3>\n<ul style='padding-left: 20px; font-size: 15px; color: inherit;'>\n<li style='margin-bottom: 5px;'><strong>Total LED:<\/strong> 478 unidades<\/li>\n<li style='margin-bottom: 5px;'><strong>LED rojos:<\/strong> 80 unidades<\/li>\n<li style='margin-bottom: 5px;'><strong>LED verdes:<\/strong> 90 unidades<\/li>\n<li style='margin-bottom: 5px;'><strong>Contador rojo:<\/strong> 140 LED<\/li>\n<li style='margin-bottom: 5px;'><strong>Contador verde:<\/strong> 168 LED<\/li>\n<li style='margin-bottom: 5px;'><strong>Di\u00e1metro LED:<\/strong> \u03a6 5 mm (\u03a6 0.2&#8242;)<\/li>\n<\/ul><\/div>\n<p> <!-- Rendimiento \u00d3ptico --> <\/p>\n<div style='flex: 1 1 300px; min-width: 280px;'>\n<h3 style='font-size: 22px; border-bottom: 2px solid currentColor; padding-bottom: 5px; margin-top: 0; color: inherit; opacity: 0.8;'>Rendimiento \u00d3ptico:<\/h3>\n<ul style='padding-left: 20px; font-size: 15px; color: inherit;'>\n<li style='margin-bottom: 5px;'><strong>Longitud de onda rojo:<\/strong> 625 \u00b1 5 nm<\/li>\n<li style='margin-bottom: 5px;'><strong>Longitud de onda verde:<\/strong> 506 \u00b1 3 nm<\/li>\n<li style='margin-bottom: 5px;'><strong>Intensidad luminosa rojo:<\/strong> 4500-7200 mcd<\/li>\n<li style='margin-bottom: 5px;'><strong>Intensidad luminosa verde:<\/strong> 6000-10800 mcd<\/li>\n<li style='margin-bottom: 5px;'><strong>Brillo central:<\/strong> 150-400 cd<\/li>\n<li style='margin-bottom: 5px;'><strong>Distancia visual:<\/strong> \u2265 400 m (1312&#8242;)<\/li>\n<li style='margin-bottom: 5px;'><strong>\u00c1ngulo visual:<\/strong> \u2265 30\u00b0<\/li>\n<li style='margin-bottom: 5px;'><strong>Vida \u00fatil LED:<\/strong> \u2265 100&comma;000 horas<\/li>\n<\/ul><\/div>\n<p> <!-- Aplicaciones Principales --> <\/p>\n<div style='flex: 1 1 300px; min-width: 280px;'>\n<h3 style='font-size: 22px; border-bottom: 2px solid currentColor; padding-bottom: 5px; margin-top: 0; color: inherit; opacity: 0.8;'>Aplicaciones Principales:<\/h3>\n<div style='font-size: 15px; color: inherit;'>\n<p style='margin-bottom: 15px;'><strong>Control de Tr\u00e1fico Urbano:<\/strong><br \/>Ideal para cruces peatonales en zonas urbanas&comma; centros comerciales y \u00e1reas de alta densidad peatonal con contador de tiempo integrado.<\/p>\n<p style='margin-bottom: 15px;'><strong>Seguridad Vial:<\/strong><br \/>Implementaci\u00f3n en escuelas&comma; hospitales y zonas de seguridad donde se requiere control preciso del tr\u00e1fico peatonal con se\u00f1alizaci\u00f3n clara.<\/p>\n<p style='margin-bottom: 15px;'><strong>Infraestructura P\u00fablica:<\/strong><br \/>Uso en aeropuertos&comma; estaciones de tren&comma; terminales de transporte y espacios p\u00fablicos con alto flujo peatonal.<\/p>\n<p style='margin-bottom: 15px;'><strong>Zonas Escolares:<\/strong><br \/>Protecci\u00f3n de estudiantes en cruces escolares con indicaci\u00f3n visual clara del tiempo de cruce restante.<\/p>\n<p style='margin-bottom: 15px;'><strong>Centros Comerciales:<\/strong><br \/>Control de flujo peatonal en entradas y salidas de centros comerciales y grandes superficies.<\/p>\n<p style='margin-bottom: 0;'><strong>\u00c1reas Tur\u00edsticas:<\/strong><br \/>Se\u00f1alizaci\u00f3n en zonas de alto tr\u00e1nsito tur\u00edstico para garantizar la seguridad de peatones.<\/p>\n<\/p><\/div>\n<\/p><\/div>\n<\/p><\/div>\n<p> <!-- Banner final --> <\/p>\n<div style='width: 100%; margin: 30px 0;'> <img style='width: 100%; height: auto; border: 1px solid rgba(150&comma;150&comma;150&comma;0.3); border-radius: 8px;' src='https:\/\/ftp3.syscom.mx\/usuarios\/jsosa\/HIKVISION\/imagenes\/banners\/solution%20complete.png' alt='Banner Final'> <\/div>\n<\/p><\/div>\n","protected":false},"excerpt":{"rendered":"<p>Sem\u00e1foro Peatonal Est\u00e1tico RX300-3-3910SS-1 \/ LED de Alta Visibilidad 400 mts \/ Patr\u00f3n Peatonal Rojo + Verde Est\u00e1tico + Contador 2 D\u00edgitos \/ IP53 \/ Voltaje 176-265 VAC \/ Material PC+ABS \/ Temperatura -40\u00b0C a 80\u00b0C<\/p>\n","protected":false},"featured_media":20683,"comment_status":"open","ping_status":"closed","template":"","meta":[],"product_brand":[],"product_cat":[828],"product_tag":[401,54,829],"class_list":{"0":"post-20684","1":"product","2":"type-product","3":"status-publish","4":"has-post-thumbnail","6":"product_cat-semaforos-y-senalizacion","7":"product_tag-acceso-vehicular","8":"product_tag-hikvision","9":"product_tag-semaforos-y-senalizacion","11":"first","12":"outofstock","13":"sale","14":"shipping-taxable","15":"purchasable","16":"product-type-simple"},"_links":{"self":[{"href":"https:\/\/soydeaqui.ddns.net\/pachuca\/index.php\/wp-json\/wp\/v2\/product\/20684","targetHints":{"allow":["GET"]}}],"collection":[{"href":"https:\/\/soydeaqui.ddns.net\/pachuca\/index.php\/wp-json\/wp\/v2\/product"}],"about":[{"href":"https:\/\/soydeaqui.ddns.net\/pachuca\/index.php\/wp-json\/wp\/v2\/types\/product"}],"replies":[{"embeddable":true,"href":"https:\/\/soydeaqui.ddns.net\/pachuca\/index.php\/wp-json\/wp\/v2\/comments?post=20684"}],"wp:featuredmedia":[{"embeddable":true,"href":"https:\/\/soydeaqui.ddns.net\/pachuca\/index.php\/wp-json\/wp\/v2\/media\/20683"}],"wp:attachment":[{"href":"https:\/\/soydeaqui.ddns.net\/pachuca\/index.php\/wp-json\/wp\/v2\/media?parent=20684"}],"wp:term":[{"taxonomy":"product_brand","embeddable":true,"href":"https:\/\/soydeaqui.ddns.net\/pachuca\/index.php\/wp-json\/wp\/v2\/product_brand?post=20684"},{"taxonomy":"product_cat","embeddable":true,"href":"https:\/\/soydeaqui.ddns.net\/pachuca\/index.php\/wp-json\/wp\/v2\/product_cat?post=20684"},{"taxonomy":"product_tag","embeddable":true,"href":"https:\/\/soydeaqui.ddns.net\/pachuca\/index.php\/wp-json\/wp\/v2\/product_tag?post=20684"}],"curies":[{"name":"wp","href":"https:\/\/api.w.org\/{rel}","templated":true}]}}