{"id":20672,"date":"2026-03-18T10:25:07","date_gmt":"2026-03-18T10:25:07","guid":{"rendered":"https:\/\/soydeaqui.ddns.net\/pachuca\/index.php\/producto\/unifi-intercom-para-interior-exterior-ip65-lector-nfc-y-qr-pantalla-tactil-7-camara-bocina-y-microfono-sensor-de-movimiento-funciona-con-unifi-access\/"},"modified":"2026-03-18T10:25:10","modified_gmt":"2026-03-18T10:25:10","slug":"unifi-intercom-para-interior-exterior-ip65-lector-nfc-y-qr-pantalla-tactil-7-camara-bocina-y-microfono-sensor-de-movimiento-funciona-con-unifi-access","status":"publish","type":"product","link":"https:\/\/soydeaqui.ddns.net\/pachuca\/index.php\/producto\/unifi-intercom-para-interior-exterior-ip65-lector-nfc-y-qr-pantalla-tactil-7-camara-bocina-y-microfono-sensor-de-movimiento-funciona-con-unifi-access\/","title":{"rendered":"UniFi Intercom para interior\/exterior IP65, Lector NFC y QR \/ Pantalla t\u00e1ctil 7&#8243;, c\u00e1mara, bocina y micr\u00f3fono, sensor de movimiento, funciona con UniFi Access"},"content":{"rendered":"<div style='width: 100%; max-width: 1200px; margin: 0 auto; font-family: sans-serif; line-height: 1.6; color: inherit; background-color: transparent;'>\n<div style='display: flex; flex-wrap: wrap; gap: 30px; margin-bottom: 30px;'>\n<div style='flex: 1 1 300px; min-width: 280px;'>\n<h3 style='font-size: 22px; border-bottom: 2px solid currentColor; padding-bottom: 5px; margin-top: 0; color: inherit; opacity: 0.8;'>Intercomunicador UniFi con UniFi Access<\/h3>\n<ul style='padding-left: 20px; font-size: 15px; color: inherit;'>\n<li style='margin-bottom: 5px;'><strong>Modelo:<\/strong> UA-Intercom<\/li>\n<\/ul><\/div>\n<\/p><\/div>\n<div style='display: flex; flex-wrap: wrap; gap: 20px; margin-bottom: 30px;'>\n<div style='flex: 1 1 250px; border: 1px solid rgba(150&comma; 150&comma; 150&comma; 0.4); border-radius: 8px; overflow: hidden; display: flex; flex-direction: column;'>\n<div style='padding: 15px; border-bottom: 1px solid rgba(150&comma; 150&comma; 150&comma; 0.2); font-weight: bold; font-size: 18px; color: inherit;'>Caracter\u00edsticas<\/div>\n<div style='padding: 15px; color: inherit;'>\n<ul style='padding-left: 20px; margin: 0; font-size: 14px; list-style-type: disc;'>\n<li style='margin-bottom: 5px;'>Videoportero para interior\/exterior para gestionar solicitudes de ingreso a edificios residenciales y comerciales.<\/li>\n<\/ul><\/div>\n<\/p><\/div>\n<div style='flex: 1 1 250px; border: 1px solid rgba(150&comma; 150&comma; 150&comma; 0.4); border-radius: 8px; overflow: hidden; display: flex; flex-direction: column;'>\n<div style='padding: 15px; border-bottom: 1px solid rgba(150&comma; 150&comma; 150&comma; 0.2); font-weight: bold; font-size: 18px; color: inherit;'>Funcionalidades<\/div>\n<div style='padding: 15px; color: inherit;'>\n<ul style='padding-left: 20px; margin: 0; font-size: 14px; list-style-type: disc;'>\n<li style='margin-bottom: 5px;'>Desbloqueo mediante una tarjeta NFC&comma; aplicaci\u00f3n m\u00f3vil UniFi Identity&comma; c\u00f3digo PIN o c\u00f3digo QR<\/li>\n<li style='margin-bottom: 5px;'>Directorio y timbre para solicitar entrada<\/li>\n<li style='margin-bottom: 5px;'>Se combina con varios monitores UniFi de intercomunicaci\u00f3n para control de acceso remoto<\/li>\n<li style='margin-bottom: 5px;'>Resistente a la intemperie (exposici\u00f3n al aire libre entre -30 y 60 \u00b0C)<\/li>\n<\/ul><\/div>\n<\/p><\/div>\n<div style='flex: 1 1 250px; border: 1px solid rgba(150&comma; 150&comma; 150&comma; 0.4); border-radius: 8px; overflow: hidden; display: flex; flex-direction: column;'>\n<div style='padding: 15px; border-bottom: 1px solid rgba(150&comma; 150&comma; 150&comma; 0.2); font-weight: bold; font-size: 18px; color: inherit;'>Conexi\u00f3n<\/div>\n<div style='padding: 15px; color: inherit;'>\n<ul style='padding-left: 20px; margin: 0; font-size: 14px; list-style-type: disc;'>\n<li style='margin-bottom: 5px;'>Se conecta a la serie UniFi Access Hub mediante PoE<\/span><\/li>\n<li style='margin-bottom: 5px;'>Recomendado como monitor: <a style='color: #3598db; text-decoration: none;' href='https:\/\/www.syscom.mx\/producto\/UA-INTERCOM-VIEWER-UBIQUITI-INC.-235548.html' target='_blank' rel='noopener'>UA-INTERCOM-VIEWER<\/a><\/li>\n<\/ul><\/div>\n<\/p><\/div>\n<div style='flex: 1 1 250px; border: 1px solid rgba(150&comma; 150&comma; 150&comma; 0.4); border-radius: 8px; overflow: hidden; display: flex; flex-direction: column;'>\n<div style='padding: 15px; border-bottom: 1px solid rgba(150&comma; 150&comma; 150&comma; 0.2); font-weight: bold; font-size: 18px; color: inherit;'>Notas<\/div>\n<div style='padding: 15px; color: inherit;'>\n<ul style='padding-left: 20px; margin: 0; font-size: 14px; list-style-type: disc;'>\n<li style='margin-bottom: 5px;'>Requiere un Hub UniFi para ser alimentado (POE) y administrado a trav\u00e9s de una Consola UniFi con la aplicaci\u00f3n UniFi Access<\/li>\n<\/ul><\/div>\n<\/p><\/div>\n<\/p><\/div>\n<div style='position: relative; padding-bottom: 56.25%; height: 0; overflow: hidden; margin-bottom: 30px;'>   <\/div>\n<div style='display: grid; grid-template-columns: repeat(auto-fill&comma; minmax(300px&comma; 1fr)); gap: 20px; margin-bottom: 30px;'> <img style='width: 100%; height: auto; border: 1px solid rgba(150&comma;150&comma;150&comma;0.3); border-radius: 8px;' src='https:\/\/images.svc.ui.com\/?u=https%3A%2F%2Fcdn.ecomm.ui.com%2Fproducts%2Fc113610f-30f0-4230-8545-5a038782ab66%2F81b83a15-a0c0-4d8d-99b4-7dc7e193bcc0.png&#038;q=75&#038;w=3840' alt=''> <img style='width: 100%; height: auto; border: 1px solid rgba(150&comma;150&comma;150&comma;0.3); border-radius: 8px;' src='https:\/\/images.svc.ui.com\/?u=https%3A%2F%2Fcdn.ecomm.ui.com%2Fproducts%2Fc113610f-30f0-4230-8545-5a038782ab66%2Fbe548df9-fb8b-4890-9c83-0d1e05e2d490.png&#038;q=75&#038;w=1920' alt=''> <img style='width: 100%; height: auto; border: 1px solid rgba(150&comma;150&comma;150&comma;0.3); border-radius: 8px;' src='https:\/\/images.svc.ui.com\/?u=https%3A%2F%2Fcdn.ecomm.ui.com%2Fproducts%2Fc113610f-30f0-4230-8545-5a038782ab66%2Fb76829f2-e649-4d43-ba96-1d4f7b3f27b3.png&#038;q=75&#038;w=1920' alt=''> <img style='width: 100%; height: auto; border: 1px solid rgba(150&comma;150&comma;150&comma;0.3); border-radius: 8px;' src='https:\/\/images.svc.ui.com\/?u=https%3A%2F%2Fcdn.ecomm.ui.com%2Fproducts%2Fc113610f-30f0-4230-8545-5a038782ab66%2F31b833fe-532e-42da-80c1-a311cb9b282c.png&#038;q=75&#038;w=1920' alt=''> <img style='width: 100%; height: auto; border: 1px solid rgba(150&comma;150&comma;150&comma;0.3); border-radius: 8px;' src='https:\/\/images.svc.ui.com\/?u=https%3A%2F%2Fcdn.ecomm.ui.com%2Fproducts%2Fc113610f-30f0-4230-8545-5a038782ab66%2Fd452c7c8-d38d-4bee-a3aa-c4ce15ba172f.png&#038;q=75&#038;w=1920' alt=''> <img style='width: 100%; height: auto; border: 1px solid rgba(150&comma;150&comma;150&comma;0.3); border-radius: 8px;' src='https:\/\/images.svc.ui.com\/?u=https%3A%2F%2Fcdn.ecomm.ui.com%2Fproducts%2Fc113610f-30f0-4230-8545-5a038782ab66%2Fe3ff93f1-6aa4-4c81-aa3a-1b19d7f6fd6d.png&#038;q=75&#038;w=2048' alt=''> <\/div>\n<div style='display: flex; flex-wrap: wrap; gap: 30px; margin-bottom: 30px;'>\n<div style='flex: 1 1 300px; min-width: 280px;'>\n<h3 style='font-size: 22px; border-bottom: 2px solid currentColor; padding-bottom: 5px; margin-top: 0; color: inherit; opacity: 0.8;'>Contenido del paquete<\/h3>\n<ul style='padding-left: 20px; font-size: 15px; color: inherit;'>\n<li style='margin-bottom: 5px;'>Intercomunicador UniFi<\/li>\n<li style='margin-bottom: 5px;'>Soporte de montaje<\/li>\n<li style='margin-bottom: 5px;'>Kit de montaje<\/li>\n<li style='margin-bottom: 5px;'>Tornillos y anclajes<\/li>\n<li style='margin-bottom: 5px;'>Gu\u00eda de instalaci\u00f3n<\/li>\n<\/ul><\/div>\n<\/p><\/div>\n<div style='display: flex; flex-wrap: wrap; gap: 20px; margin-bottom: 30px;'>\n<div style='flex: 1 1 300px; min-width: 280px;'>\n<h3 style='font-size: 22px; border-bottom: 2px solid currentColor; padding-bottom: 5px; margin-top: 0; color: inherit; opacity: 0.8;'>Especificaciones Mec\u00e1nicas<\/h3>\n<ul style='padding-left: 20px; font-size: 15px; color: inherit;'>\n<li style='margin-bottom: 5px;'><strong>Dimensiones:<\/strong> 324.8 x 113.7 x 28.3 mm (12.8 x 4.5 x 1.1&#8242;)<\/li>\n<li style='margin-bottom: 5px;'><strong>Peso:<\/strong> Dispositivo: 965 g (2.1 lb)&comma; Soporte: 445 g (1 lb)<\/li>\n<li style='margin-bottom: 5px;'><strong>Material de la carcasa:<\/strong> Aleaci\u00f3n de aluminio&comma; policarbonato estabilizado contra rayos UV&comma; vidrio<\/li>\n<li style='margin-bottom: 5px;'><strong>Material de montaje:<\/strong> Acero inoxidable recubierto de polvo<\/li>\n<li style='margin-bottom: 5px;'><strong>Montaje:<\/strong> Montaje en pared&comma; adaptador para pedestal de cuello de cisne (incluido)&comma; Montaje en \u00e1ngulo de superficie&comma; montaje empotrado (opcional)&comma; Kit de parasol (opcional)<\/li>\n<li style='margin-bottom: 5px;'><strong>Impermeabilizaci\u00f3n:<\/strong> IP65<\/li>\n<\/ul><\/div>\n<div style='flex: 1 1 300px; min-width: 280px;'>\n<h3 style='font-size: 22px; border-bottom: 2px solid currentColor; padding-bottom: 5px; margin-top: 0; color: inherit; opacity: 0.8;'>Especificaciones T\u00e9cnicas<\/h3>\n<ul style='padding-left: 20px; font-size: 15px; color: inherit;'>\n<li style='margin-bottom: 5px;'><strong>Interfaz de red:<\/strong> (1) Puerto RJ45 GbE<\/li>\n<li style='margin-bottom: 5px;'><strong>Conectividad:<\/strong> Bluetooth 4.2&comma; NFC<\/li>\n<li style='margin-bottom: 5px;'><strong>M\u00e9todo de potencia:<\/strong> Fuente de alimentaci\u00f3n PoE<\/li>\n<li style='margin-bottom: 5px;'><strong>Rango de voltaje admitido:<\/strong> 48 V CC<\/li>\n<li style='margin-bottom: 15px;'><strong>Consumo m\u00e1ximo de energ\u00eda:<\/strong> 13W<\/li>\n<li style='margin-bottom: 5px;'><strong>Protecci\u00f3n ESD\/EMP:<\/strong> Aire: \u00b115 kV&comma; contacto: \u00b18 kV<\/li>\n<li style='margin-bottom: 5px;'><strong>Sensores:<\/strong> Sensor de proximidad&comma; Sensor ALS<\/li>\n<li style='margin-bottom: 5px;'><strong>\u00c1ngulo de visi\u00f3n de la c\u00e1mara:<\/strong> Alto: 79.4\u00b0&comma; Oeste: 97.5\u00b0&comma; Fondo: 118.2\u00b0<\/li>\n<\/ul><\/div>\n<div style='flex: 1 1 300px; min-width: 280px;'>\n<h3 style='font-size: 22px; border-bottom: 2px solid currentColor; padding-bottom: 5px; margin-top: 0; color: inherit; opacity: 0.8;'>Especificaciones de Pantalla<\/h3>\n<ul style='padding-left: 20px; font-size: 15px; color: inherit;'>\n<li style='margin-bottom: 5px;'><strong>Tama\u00f1o:<\/strong> 177 mm (7&#8242;) en diagonal<\/li>\n<li style='margin-bottom: 5px;'><strong>Resoluci\u00f3n:<\/strong> 1024 x 600 (16:9)<\/li>\n<li style='margin-bottom: 5px;'><strong>Luminancia:<\/strong> M\u00e1x. 1000 nits (t\u00edpico)<\/li>\n<li style='margin-bottom: 5px;'><strong>Tecnolog\u00eda t\u00e1ctil:<\/strong> Multit\u00e1ctil capacitivo<\/li>\n<\/ul><\/div>\n<div style='flex: 1 1 300px; min-width: 280px;'>\n<h3 style='font-size: 22px; border-bottom: 2px solid currentColor; padding-bottom: 5px; margin-top: 0; color: inherit; opacity: 0.8;'>Especificaciones Adicionales<\/h3>\n<ul style='padding-left: 20px; font-size: 15px; color: inherit;'>\n<li style='margin-bottom: 5px;'><strong>Micr\u00f3fono:<\/strong> S\u00ed<\/li>\n<li style='margin-bottom: 5px;'><strong>Bocina:<\/strong> (1) 4 ohmios&comma; 2 W<\/li>\n<li style='margin-bottom: 5px;'><strong>LEDs:<\/strong> (1) Indicador de baja temperatura del LCM: naranja&comma; (1) Foco LED&comma; (13) Retroiluminaci\u00f3n LED del teclado<\/li>\n<li style='margin-bottom: 5px;'><strong>Bot\u00f3n:<\/strong> (1) Restablecimiento de f\u00e1brica<\/li>\n<li style='margin-bottom: 5px;'><strong>Frecuencia NFC:<\/strong> 13.56 MHz<\/li>\n<li style='margin-bottom: 5px;'><strong>Rango de lectura NFC:<\/strong> <30 mm<\/li>\n<li style='margin-bottom: 5px;'><strong>Est\u00e1ndares NFC:<\/strong> ISO 14443A&comma; 14443B&comma; 15693<\/li>\n<li style='margin-bottom: 5px;'><strong>Tecnolog\u00eda NFC:<\/strong> Etiqueta NFC 1&comma;2&comma;3&comma;4&comma;5&comma; MIFARE Classic&comma; Plus&comma; Ultralight&comma; DESFire<\/li>\n<\/ul><\/div>\n<div style='flex: 1 1 300px; min-width: 280px;'>\n<h3 style='font-size: 22px; border-bottom: 2px solid currentColor; padding-bottom: 5px; margin-top: 0; color: inherit; opacity: 0.8;'>Condiciones Ambientales<\/h3>\n<ul style='padding-left: 20px; font-size: 15px; color: inherit;'>\n<li style='margin-bottom: 5px;'><strong>Temperatura de operaci\u00f3n:<\/strong> Dispositivo: -30 a 60 \u00b0C (-22 a 140 \u00b0F)&comma; Pantalla: -25 a 60 \u00b0C (-13 a 140 \u00b0F)<\/li>\n<li style='margin-bottom: 5px;'><strong>Humedad:<\/strong> 5 a 90% sin condensaci\u00f3n<\/li>\n<li style='margin-bottom: 5px;'><strong>Entorno operativo:<\/strong> Uso al aire libre<\/li>\n<\/ul><\/div>\n<div style='flex: 1 1 300px; min-width: 280px;'>\n<h3 style='font-size: 22px; border-bottom: 2px solid currentColor; padding-bottom: 5px; margin-top: 0; color: inherit; opacity: 0.8;'>Certificaciones<\/h3>\n<ul style='padding-left: 20px; font-size: 15px; color: inherit;'>\n<li style='margin-bottom: 5px;'><strong>UL 294:<\/strong> Ataque destructivo: Nivel I&comma; Seguridad de l\u00ednea: Nivel I&comma; Resistencia: Nivel I&comma; Energ\u00eda en espera: Nivel I<\/li>\n<li style='margin-bottom: 5px;'><strong>Certificaciones:<\/strong> CE&comma; FCC&comma; IC&comma; UL 294&comma; CAN\/ULC-60839-11-1<\/li>\n<li style='margin-bottom: 5px;'><strong>Grado CAN\/ULC-60839-11-1:<\/strong> Tarea de calificaci\u00f3n: I<\/li>\n<\/ul><\/div>\n<div style='flex: 1 1 300px; min-width: 280px;'>\n<h3 style='font-size: 22px; border-bottom: 2px solid currentColor; padding-bottom: 5px; margin-top: 0; color: inherit; opacity: 0.8;'>Informaci\u00f3n Adicional<\/h3>\n<ul style='padding-left: 20px; font-size: 15px; color: inherit;'>\n<li style='margin-bottom: 5px;'><strong>Requisitos de cableado PoE:<\/strong> Cableado de categor\u00eda 5e m\u00ednimo recomendado. Calibre m\u00ednimo de conductor permitido: 26 AWG (0.13 mm\u00b2) para cables de conexi\u00f3n&comma; 24 AWG (0.21 mm\u00b2) para cables horizontales o verticales<\/li>\n<li style='margin-bottom: 5px;'><strong>Informaci\u00f3n del software:<\/strong> Versi\u00f3n disponible en <a style='color: #3598db; text-decoration: none;' href='https:\/\/unifi.ui.com\/' target='_blank' rel='noopener'>https:\/\/unifi.ui.com<\/a><\/li>\n<li style='margin-bottom: 5px;'><strong>Aplicaci\u00f3n de gesti\u00f3n:<\/strong> UniFi Access: versi\u00f3n 1.22.17 y posteriores<\/li>\n<li style='margin-bottom: 5px;'><strong>N\u00famero de documento:<\/strong> Intercomunicador UA&comma; V01<\/li>\n<\/ul><\/div>\n<\/p><\/div>\n<hr style='border: 0; border-top: 1px solid rgba(150&comma; 150&comma; 150&comma; 0.3); margin: 30px 0;'> <\/div>\n","protected":false},"excerpt":{"rendered":"<p>UniFi Intercom para interior\/exterior IP65, Lector NFC y QR \/ Pantalla t\u00e1ctil 7&#8243;, c\u00e1mara, bocina y micr\u00f3fono, sensor de movimiento, funciona con UniFi Access<\/p>\n","protected":false},"featured_media":20671,"comment_status":"open","ping_status":"closed","template":"","meta":[],"product_brand":[],"product_cat":[788],"product_tag":[789,166,557],"class_list":{"0":"post-20672","1":"product","2":"type-product","3":"status-publish","4":"has-post-thumbnail","6":"product_cat-intercomunicadores","7":"product_tag-intercomunicadores","8":"product_tag-ubiquiti","9":"product_tag-videoporteros-e-interfonos","11":"first","12":"outofstock","13":"sale","14":"shipping-taxable","15":"purchasable","16":"product-type-simple"},"_links":{"self":[{"href":"https:\/\/soydeaqui.ddns.net\/pachuca\/index.php\/wp-json\/wp\/v2\/product\/20672","targetHints":{"allow":["GET"]}}],"collection":[{"href":"https:\/\/soydeaqui.ddns.net\/pachuca\/index.php\/wp-json\/wp\/v2\/product"}],"about":[{"href":"https:\/\/soydeaqui.ddns.net\/pachuca\/index.php\/wp-json\/wp\/v2\/types\/product"}],"replies":[{"embeddable":true,"href":"https:\/\/soydeaqui.ddns.net\/pachuca\/index.php\/wp-json\/wp\/v2\/comments?post=20672"}],"wp:featuredmedia":[{"embeddable":true,"href":"https:\/\/soydeaqui.ddns.net\/pachuca\/index.php\/wp-json\/wp\/v2\/media\/20671"}],"wp:attachment":[{"href":"https:\/\/soydeaqui.ddns.net\/pachuca\/index.php\/wp-json\/wp\/v2\/media?parent=20672"}],"wp:term":[{"taxonomy":"product_brand","embeddable":true,"href":"https:\/\/soydeaqui.ddns.net\/pachuca\/index.php\/wp-json\/wp\/v2\/product_brand?post=20672"},{"taxonomy":"product_cat","embeddable":true,"href":"https:\/\/soydeaqui.ddns.net\/pachuca\/index.php\/wp-json\/wp\/v2\/product_cat?post=20672"},{"taxonomy":"product_tag","embeddable":true,"href":"https:\/\/soydeaqui.ddns.net\/pachuca\/index.php\/wp-json\/wp\/v2\/product_tag?post=20672"}],"curies":[{"name":"wp","href":"https:\/\/api.w.org\/{rel}","templated":true}]}}