{"id":20664,"date":"2026-03-18T10:24:57","date_gmt":"2026-03-18T10:24:57","guid":{"rendered":"https:\/\/soydeaqui.ddns.net\/pachuca\/index.php\/producto\/controlador-remoto-4g-con-activacion-via-app-o-llamada-caja-nema-ip67-soporta-hasta-2000-usuarios\/"},"modified":"2026-03-18T10:25:00","modified_gmt":"2026-03-18T10:25:00","slug":"controlador-remoto-4g-con-activacion-via-app-o-llamada-caja-nema-ip67-soporta-hasta-2000-usuarios","status":"publish","type":"product","link":"https:\/\/soydeaqui.ddns.net\/pachuca\/index.php\/producto\/controlador-remoto-4g-con-activacion-via-app-o-llamada-caja-nema-ip67-soporta-hasta-2000-usuarios\/","title":{"rendered":"Controlador Remoto 4G con Activaci\u00f3n v\u00eda APP o Llamada | Caja Nema IP67 | Soporta hasta 2000 Usuarios"},"content":{"rendered":"<div style='width: 100%; max-width: 1200px; margin: 0 auto; font-family: sans-serif; line-height: 1.6; color: inherit; background-color: transparent;'>\n<div style='display: flex; flex-wrap: wrap; gap: 30px; margin-bottom: 30px;'>\n<div style='flex: 1 1 300px; min-width: 280px;'> <img style='width: 100%; height: auto; border: 1px solid rgba(150&comma;150&comma;150&comma;0.3); border-radius: 8px;' src='http:\/\/ftp3.syscom.mx\/usuarios\/ccordova\/AccessPRO\/1.jpg' alt=''> <\/div>\n<div style='flex: 1 1 300px; min-width: 280px;'>\n<h2 style='font-size: 24px; margin-top: 0; color: inherit; opacity: 0.9;'>Controlador de Acceso por medio de SIM celular<\/h2>\n<p style='font-size: 15px; color: inherit; opacity: 0.85;'>El Controlador Remoto de Acceso 4G ESIM420IP de Eldes es un dispositivo avanzado que permite la activaci\u00f3n y gesti\u00f3n remota a trav\u00e9s de llamadas telef\u00f3nicas y aplicaciones m\u00f3viles. Ideal para el control de accesos vehiculares&comma; peatonales&comma; luces&comma; bombas de riego&comma; alarmas vecinales y m\u00e1s. Soporta hasta 2000 n\u00fameros telef\u00f3nicos&comma; proporcionando una soluci\u00f3n robusta tanto para aplicaciones peque\u00f1as como grandes.<\/p>\n<\/p><\/div>\n<\/p><\/div>\n<div style='display: flex; flex-wrap: wrap; gap: 30px; margin-bottom: 30px;'>\n<div style='flex: 1 1 300px; min-width: 280px;'>\n<h3 style='font-size: 20px; margin-top: 0; color: inherit; opacity: 0.9;'>Administraci\u00f3n Remota Completa<\/h3>\n<p style='font-size: 15px; color: inherit; opacity: 0.85;'>Permite realizar configuraci\u00f3n y administraci\u00f3n de manera totalmente remota desde cualquier parte por Internet&comma; todo de manera gratuita.<\/p>\n<p style='font-size: 15px; color: inherit; opacity: 0.85;'>Con la app gratuita [disponible para Android y iOS]&comma; es posible realizar la activaci\u00f3n del equipo sin necesidad de tarjetas o c\u00f3digos&comma; con la gran ventaja de no tener l\u00edmite en la distancia de activaci\u00f3n.<\/p>\n<\/p><\/div>\n<div style='flex: 1 1 300px; min-width: 280px;'> <img style='width: 100%; height: auto; border: 1px solid rgba(150&comma;150&comma;150&comma;0.3); border-radius: 8px;' src='http:\/\/ftp3.syscom.mx\/usuarios\/ccordova\/AccessPRO\/2.jpg' alt=''> <\/div>\n<\/p><\/div>\n<div style='display: flex; flex-wrap: wrap; gap: 20px; margin-bottom: 30px;'>\n<div style='flex: 1 1 300px; min-width: 280px; border: 1px solid rgba(150&comma; 150&comma; 150&comma; 0.4); border-radius: 8px; overflow: hidden;'>\n<div style='padding: 15px; border-bottom: 1px solid rgba(150&comma; 150&comma; 150&comma; 0.2); font-weight: bold; font-size: 18px; color: inherit;'>Caracter\u00edsticas principales:<\/div>\n<div style='padding: 15px; color: inherit;'>\n<ul style='padding-left: 20px; margin: 0; font-size: 14px; list-style-type: disc;'>\n<li style='margin-bottom: 5px;'><strong>Usuarios:<\/strong> El sistema puede admitir hasta 2000 usuarios registrados&comma; identificados por n\u00fameros de tel\u00e9fono.<\/li>\n<li style='margin-bottom: 5px;'><strong>Eventos:<\/strong> 1000 eventos pueden ser configuraciones&comma; activaciones por llamada&comma; aplicaci\u00f3n o desde la web.<\/li>\n<li style='margin-bottom: 5px;'><strong>Administradores:<\/strong> El sistema tiene 5 administradores con privilegios para gestionar y supervisar el sistema.<\/li>\n<li style='margin-bottom: 5px;'><strong>Relevadores:<\/strong> Hay 2 relevadores que pueden configurarse como normalmente abiertos (NO) o normalmente cerrados (NC). Los relevadores son dispositivos que controlan circuitos el\u00e9ctricos y pueden utilizarse para activar o desactivar dispositivos externos.<\/li>\n<li style='margin-bottom: 5px;'><strong>Entradas de alarma:<\/strong> Hay 3 entradas de alarma configuradas para notificar a los administradores a trav\u00e9s de SMS en caso de que se detecte alguna situaci\u00f3n de alarma.<\/li>\n<li style='margin-bottom: 5px;'><strong>Servicio en la Nube Gratuita:<\/strong> El sistema ofrece un servicio en la nube gratuito para almacenar y gestionar datos relacionados con el sistema.<\/li>\n<li><strong>Garant\u00eda:<\/strong> El sistema cuenta con una garant\u00eda de 3 a\u00f1os que cubre posibles problemas de fabricaci\u00f3n o mal funcionamiento durante ese per\u00edodo.<\/li>\n<\/ul><\/div>\n<\/p><\/div>\n<div style='flex: 1 1 300px; min-width: 280px; border: 1px solid rgba(150&comma; 150&comma; 150&comma; 0.4); border-radius: 8px; overflow: hidden;'>\n<div style='padding: 15px; border-bottom: 1px solid rgba(150&comma; 150&comma; 150&comma; 0.2); font-weight: bold; font-size: 18px; color: inherit;'>Caracter\u00edsticas F\u00edsicas y El\u00e9ctricas:<\/div>\n<div style='padding: 15px; color: inherit;'>\n<ul style='padding-left: 20px; margin: 0; font-size: 14px; list-style-type: disc;'>\n<li style='margin-bottom: 5px;'><strong>Voltaje de Alimentaci\u00f3n:<\/strong> El sistema es compatible con un rango de voltaje de 10-24 VCA y VCC&comma; con una corriente m\u00e1xima de 200mA. Sin embargo&comma; la fuente de alimentaci\u00f3n no est\u00e1 incluida y debe ser proporcionada por separado. Se puede utilizar PLDC1000.<\/li>\n<li style='margin-bottom: 5px;'><strong>Capacidad de Relevadores:<\/strong> Los relevadores del sistema tienen una capacidad m\u00e1xima de 24V a 1A. Esto significa que pueden controlar dispositivos externos que operen dentro de este rango de voltaje y corriente.<\/li>\n<li style='margin-bottom: 5px;'><strong>Dimensiones de la Caja NEMA:<\/strong> La caja NEMA tiene unas dimensiones de 175 x 115 x 50 mm. Esta caja proporciona protecci\u00f3n y alojamiento para los componentes del sistema&comma; asegurando su funcionamiento en entornos industriales o exteriores.<\/li>\n<li style='margin-bottom: 5px;'><strong>Dimensiones de la Tarjeta (Board):<\/strong> La tarjeta o placa del sistema tiene unas dimensiones de 87 x 107 x 29 mm. Esta tarjeta contiene los circuitos electr\u00f3nicos y componentes necesarios para el funcionamiento del sistema.<\/li>\n<li style='margin-bottom: 5px;'><strong>Temperatura de Operaci\u00f3n:<\/strong> El sistema puede operar en un rango de temperatura que va desde -20\u00b0C hasta +55\u00b0C. Esto asegura su funcionamiento en una amplia variedad de condiciones ambientales.<\/li>\n<li><strong>Frecuencia de Modem GSM:<\/strong> El m\u00f3dem GSM del sistema opera en las frecuencias de 850\/1900 MHz. Estas frecuencias son comunes en muchas regiones y se utilizan para la comunicaci\u00f3n inal\u00e1mbrica a trav\u00e9s de la red GSM.<\/li>\n<\/ul><\/div>\n<\/p><\/div>\n<div style='flex: 1 1 300px; min-width: 280px; border: 1px solid rgba(150&comma; 150&comma; 150&comma; 0.4); border-radius: 8px; overflow: hidden;'>\n<div style='padding: 15px; border-bottom: 1px solid rgba(150&comma; 150&comma; 150&comma; 0.2); font-weight: bold; font-size: 18px; color: inherit;'>Incluye:<\/div>\n<div style='padding: 15px; color: inherit;'>\n<ul style='padding-left: 20px; margin: 0; font-size: 14px; list-style-type: disc;'>\n<li style='margin-bottom: 5px;'>Caja Nema IP67.<\/li>\n<li style='margin-bottom: 5px;'>Antena de montaje magn\u00e9tico.<\/li>\n<li style='margin-bottom: 5px;'>Cable USB para configuraci\u00f3n.<\/li>\n<li>Certificaci\u00f3n de la tarjeta (board).<\/li>\n<\/ul><\/div>\n<\/p><\/div>\n<\/p><\/div>\n<div style='display: flex; flex-wrap: wrap; gap: 20px; margin-bottom: 30px;'>\n<div style='flex: 1 1 300px; min-width: 280px;'> <img style='width: 100%; height: auto; border: 1px solid rgba(150&comma;150&comma;150&comma;0.3); border-radius: 8px;' src='http:\/\/ftp3.syscom.mx\/usuarios\/ccordova\/uso.jpg' alt=''> <\/div>\n<\/p><\/div>\n<div style='display: flex; flex-wrap: wrap; gap: 20px; margin-bottom: 30px;'>\n<div style='flex: 1 1 300px; min-width: 280px;'>\n<div style='position: relative; padding-bottom: 56.25%; height: 0; overflow: hidden; margin-bottom: 30px;'>   <\/div>\n<\/p><\/div>\n<div style='flex: 1 1 300px; min-width: 280px;'>\n<div style='position: relative; padding-bottom: 56.25%; height: 0; overflow: hidden; margin-bottom: 30px;'>   <\/div>\n<\/p><\/div>\n<div style='flex: 1 1 300px; min-width: 280px;'>\n<div style='position: relative; padding-bottom: 56.25%; height: 0; overflow: hidden; margin-bottom: 30px;'>   <\/div>\n<\/p><\/div>\n<div style='flex: 1 1 300px; min-width: 280px;'>\n<div style='position: relative; padding-bottom: 56.25%; height: 0; overflow: hidden; margin-bottom: 30px;'>   <\/div>\n<\/p><\/div>\n<div style='flex: 1 1 300px; min-width: 280px;'>\n<div style='position: relative; padding-bottom: 56.25%; height: 0; overflow: hidden; margin-bottom: 30px;'>   <\/div>\n<\/p><\/div>\n<\/p><\/div>\n<div style='display: flex; flex-wrap: wrap; gap: 20px; margin-bottom: 30px;'>\n<div style='flex: 1 1 300px; min-width: 280px; border: 1px solid rgba(150&comma; 150&comma; 150&comma; 0.4); border-radius: 8px; overflow: hidden;'>\n<div style='padding: 15px; border-bottom: 1px solid rgba(150&comma; 150&comma; 150&comma; 0.2); font-weight: bold; font-size: 18px; color: inherit;'>NOTAS:<\/div>\n<div style='padding: 15px; color: inherit;'>\n<ul style='padding-left: 20px; margin: 0; font-size: 14px; list-style-type: disc;'>\n<li style='margin-bottom: 5px;'>El servicio de la nube es proporcionado por parte del proveedor sin ning\u00fan costo&comma; por lo que queda totalmente fuera de control de SYSCOM cualquier mantenimiento o falla en este servicio.<\/li>\n<li style='margin-bottom: 5px;'>El equipo utiliza comunicaci\u00f3n telef\u00f3nica de distintas compa\u00f1\u00edas de telefon\u00eda celular por lo que cualquier falla o servicio relacionado a este servicio queda fuera de control de SYSCOM.<\/li>\n<li style='margin-bottom: 5px;'>No incluye SIM celular. Necesita SIM con plan de datos y telefon\u00eda.<\/li>\n<li style='margin-bottom: 5px;'>No incluye fuente.<\/li>\n<li style='margin-bottom: 5px;'>Para uso de ambos relevadores de manera independiente \u00fanicamente por APP.<\/li>\n<li style='margin-bottom: 5px;'>La apertura por llamada activa el relevador seleccionado al usuario o bien ambos de estar configurado de esta manera.<\/li>\n<li style='margin-bottom: 5px;'>Activaci\u00f3n por SMS solo administradores.<\/li>\n<li>Necesario utilizar SIM TELCEL.<\/li>\n<\/ul><\/div>\n<\/p><\/div>\n<\/p><\/div>\n<hr style='border: 0; border-top: 1px solid rgba(150&comma; 150&comma; 150&comma; 0.3); margin: 30px 0;'> <\/div>\n","protected":false},"excerpt":{"rendered":"<p>Controlador Remoto 4G con Activaci\u00f3n v\u00eda APP o Llamada | Caja Nema IP67 | Soporta hasta 2000 Usuarios<\/p>\n","protected":false},"featured_media":20663,"comment_status":"open","ping_status":"closed","template":"","meta":[],"product_brand":[],"product_cat":[214],"product_tag":[93,215,845],"class_list":{"0":"post-20664","1":"product","2":"type-product","3":"status-publish","4":"has-post-thumbnail","6":"product_cat-controles-inalambricos","7":"product_tag-accesorios","8":"product_tag-controles-inalambricos","9":"product_tag-eldes","11":"first","12":"outofstock","13":"sale","14":"shipping-taxable","15":"purchasable","16":"product-type-simple"},"_links":{"self":[{"href":"https:\/\/soydeaqui.ddns.net\/pachuca\/index.php\/wp-json\/wp\/v2\/product\/20664","targetHints":{"allow":["GET"]}}],"collection":[{"href":"https:\/\/soydeaqui.ddns.net\/pachuca\/index.php\/wp-json\/wp\/v2\/product"}],"about":[{"href":"https:\/\/soydeaqui.ddns.net\/pachuca\/index.php\/wp-json\/wp\/v2\/types\/product"}],"replies":[{"embeddable":true,"href":"https:\/\/soydeaqui.ddns.net\/pachuca\/index.php\/wp-json\/wp\/v2\/comments?post=20664"}],"wp:featuredmedia":[{"embeddable":true,"href":"https:\/\/soydeaqui.ddns.net\/pachuca\/index.php\/wp-json\/wp\/v2\/media\/20663"}],"wp:attachment":[{"href":"https:\/\/soydeaqui.ddns.net\/pachuca\/index.php\/wp-json\/wp\/v2\/media?parent=20664"}],"wp:term":[{"taxonomy":"product_brand","embeddable":true,"href":"https:\/\/soydeaqui.ddns.net\/pachuca\/index.php\/wp-json\/wp\/v2\/product_brand?post=20664"},{"taxonomy":"product_cat","embeddable":true,"href":"https:\/\/soydeaqui.ddns.net\/pachuca\/index.php\/wp-json\/wp\/v2\/product_cat?post=20664"},{"taxonomy":"product_tag","embeddable":true,"href":"https:\/\/soydeaqui.ddns.net\/pachuca\/index.php\/wp-json\/wp\/v2\/product_tag?post=20664"}],"curies":[{"name":"wp","href":"https:\/\/api.w.org\/{rel}","templated":true}]}}