{"id":20660,"date":"2026-03-18T10:24:54","date_gmt":"2026-03-18T10:24:54","guid":{"rendered":"https:\/\/soydeaqui.ddns.net\/pachuca\/index.php\/producto\/biometrico-facial-y-de-palma-sin-contacto-con-pantalla-touch-de-5-6000-rostros-lector-de-huella-digital-lector-de-codigos-qr\/"},"modified":"2026-03-18T10:24:55","modified_gmt":"2026-03-18T10:24:55","slug":"biometrico-facial-y-de-palma-sin-contacto-con-pantalla-touch-de-5-6000-rostros-lector-de-huella-digital-lector-de-codigos-qr","status":"publish","type":"product","link":"https:\/\/soydeaqui.ddns.net\/pachuca\/index.php\/producto\/biometrico-facial-y-de-palma-sin-contacto-con-pantalla-touch-de-5-6000-rostros-lector-de-huella-digital-lector-de-codigos-qr\/","title":{"rendered":"Biom\u00e9trico Facial y de Palma SIN CONTACTO con pantalla Touch de 5 &#8220;\/ 6000 rostros \/ Lector de Huella Digital \/ Lector de C\u00f3digos QR"},"content":{"rendered":"<div style='width: 100%; max-width: 1200px; margin: 0 auto; font-family: sans-serif; line-height: 1.6; color: inherit; background-color: transparent;'> <!-- Secci\u00f3n de caracter\u00edsticas principales --> <\/p>\n<div style='display: flex; flex-wrap: wrap; gap: 30px; margin-bottom: 30px;'>\n<div style='flex: 1 1 300px; min-width: 280px;'>\n<h3 style='font-size: 22px; border-bottom: 2px solid currentColor; padding-bottom: 5px; margin-top: 0; color: inherit; opacity: 0.8;'>Caracter\u00edsticas principales:<\/h3>\n<ul style='padding-left: 20px; font-size: 15px; color: inherit;'>\n<li style='margin-bottom: 5px;'><strong>Pantalla t\u00e1ctil:<\/strong> 5&#8242;<\/li>\n<li style='margin-bottom: 5px;'><strong>Lectura:<\/strong> Huellas&comma; Rostros&comma; Palma y C\u00f3digo QR<\/li>\n<li style='margin-bottom: 5px;'><strong>Sistema Operativo:<\/strong> Linux<\/li>\n<li style='margin-bottom: 5px;'><strong>Reconocimiento Facial:<\/strong> Menos de 1 segundo<\/li>\n<li style='margin-bottom: 5px;'><strong>Reconocimiento de Palma:<\/strong> 1 segundo aprox.<\/li>\n<li style='margin-bottom: 5px;'><strong>Administraci\u00f3n:<\/strong> Aut\u00f3noma o con software<\/li>\n<li style='margin-bottom: 5px;'><strong>Lector de tarjetas:<\/strong> No tiene<\/li>\n<li style='margin-bottom: 5px;'><strong>Capacidad rostros:<\/strong> 6&comma;000<\/li>\n<li style='margin-bottom: 5px;'><strong>Capacidad palmas:<\/strong> 3&comma;000<\/li>\n<li style='margin-bottom: 5px;'><strong>Capacidad huellas:<\/strong> 6&comma;000<\/li>\n<li style='margin-bottom: 5px;'><strong>Eventos:<\/strong> 200&comma;000<\/li>\n<li style='margin-bottom: 5px;'><strong>M\u00e9todos de verificaci\u00f3n:<\/strong> M\u00faltiples<\/li>\n<\/ul><\/div>\n<p> <!-- Secci\u00f3n de caracter\u00edsticas f\u00edsicas y el\u00e9ctricas --> <\/p>\n<div style='flex: 1 1 300px; min-width: 280px;'>\n<h3 style='font-size: 22px; border-bottom: 2px solid currentColor; padding-bottom: 5px; margin-top: 0; color: inherit; opacity: 0.8;'>Caracter\u00edsticas F\u00edsicas y El\u00e9ctricas:<\/h3>\n<ul style='padding-left: 20px; font-size: 15px; color: inherit;'>\n<li style='margin-bottom: 5px;'><strong>Alimentaci\u00f3n:<\/strong> 12 Vcc @ 3 A (Incluida)<\/li>\n<li style='margin-bottom: 5px;'><strong>Conexi\u00f3n:<\/strong> TCP\/IP<\/li>\n<li style='margin-bottom: 5px;'><strong>Conexi\u00f3n Wiegand:<\/strong> Entrada \/ Salida<\/li>\n<li style='margin-bottom: 5px;'><strong>Salida de relevador:<\/strong> Para chapa<\/li>\n<li style='margin-bottom: 5px;'><strong>Entradas:<\/strong> Bot\u00f3n Rex&comma; Sensor de puerta&comma; Aux input<\/li>\n<\/ul>\n<h3 style='font-size: 22px; border-bottom: 2px solid currentColor; padding-bottom: 5px; margin-top: 30px; color: inherit; opacity: 0.8;'>Compatibilidad de Software:<\/h3>\n<ul style='padding-left: 20px; font-size: 15px; color: inherit;'>\n<li style='margin-bottom: 5px;'><strong>ZKBioAccess:<\/strong> Gratuito hasta 15 puertas<\/li>\n<li style='margin-bottom: 5px;'><strong>ZKBioSecurity:<\/strong> Mediante licencia<\/li>\n<li style='margin-bottom: 5px;'><strong>ZKBioTimePRO:<\/strong> Mediante licencia<\/li>\n<\/ul><\/div>\n<p> <!-- Secci\u00f3n de caracter\u00edsticas destacadas --> <\/p>\n<div style='flex: 1 1 300px; min-width: 280px;'>\n<h3 style='font-size: 22px; border-bottom: 2px solid currentColor; padding-bottom: 5px; margin-top: 0; color: inherit; opacity: 0.8;'>Caracter\u00edsticas Destacadas:<\/h3>\n<ul style='padding-left: 20px; font-size: 15px; color: inherit;'>\n<li style='margin-bottom: 5px;'><strong>Tecnolog\u00eda:<\/strong> Reconocimiento facial de luz visible (Visible Light Series)<\/li>\n<li style='margin-bottom: 5px;'><strong>Lectura:<\/strong> Rostros y palmas muy r\u00e1pida&comma; SIN CONTACTO<\/li>\n<li style='margin-bottom: 5px;'><strong>Lectura de c\u00f3digos QR:<\/strong> S\u00ed<\/li>\n<li style='margin-bottom: 5px;'><strong>Algoritmo facial anti-falsificaci\u00f3n:<\/strong> Ultra-r\u00e1pido (Detecta rostros falsos en fotos&comma; videos y m\u00e1scaras)<\/li>\n<\/ul><\/div>\n<\/p><\/div>\n<p> <!-- Separador --> <\/p>\n<hr style='border: 0; border-top: 1px solid rgba(150&comma; 150&comma; 150&comma; 0.3); margin: 30px 0;'> <!-- Secci\u00f3n de imagen y descripci\u00f3n --> <\/p>\n<div style='display: flex; flex-wrap: wrap; gap: 30px; align-items: center; margin-bottom: 30px;'>\n<div style='flex: 1 1 300px; min-width: 280px;'> <img style='width: 100%; height: auto; border: 1px solid rgba(150&comma;150&comma;150&comma;0.3); border-radius: 8px;' src='https:\/\/ftp3.syscom.mx\/usuarios\/fotos\/BancoFotografiasSyscom\/ZKTECO\/SPEEDFACEV5LP\/SPEEDFACEV5LP-FRENTE-p.PNG' alt=''> <\/div>\n<div style='flex: 1 1 300px; min-width: 280px;'>\n<h2 style='font-size: 24px; margin-top: 0; color: inherit;'>Anti-Falsificaci\u00f3n y Ultra R\u00e1pido<\/h2>\n<p style='color: inherit; font-size: 15px; margin-bottom: 15px;'>La serie SpeedFace-V5L es una versi\u00f3n completamente actualizada de la terminal de reconocimiento facial con luz visible SpeedFace. Combinando avanzados algoritmos de reconocimiento facial y la \u00faltima tecnolog\u00eda de visi\u00f3n por computadora&comma; reconoce una gran cantidad de rostros y palmas de forma ultra-r\u00e1pida&comma; sin contacto&comma; aumentando la seguridad e higiene en todos los aspectos.<\/p>\n<p style='color: inherit; font-size: 15px; margin-bottom: 15px;'>Instalaci\u00f3n en lugares clave como hospitales&comma; f\u00e1bricas&comma; escuelas&comma; corporativos&comma; centros comerciales&comma; estaciones de transporte y organizaciones con altos requisitos de seguridad e higiene.<\/p>\n<ul style='padding-left: 20px; font-size: 15px; color: inherit;'>\n<li style='margin-bottom: 5px;'><span style='color: #27ae60; font-size: 24px;'>\u2713<\/span> <strong>Mayor higiene:<\/strong> Verificaci\u00f3n biom\u00e9trica sin contacto<\/li>\n<li style='margin-bottom: 5px;'><span style='color: #27ae60; font-size: 24px;'>\u2713<\/span> <strong>Algoritmo facial anti-falsificaci\u00f3n:<\/strong> Ultra-r\u00e1pido (Detecta rostros falsos en fotos&comma; videos y m\u00e1scaras)<\/li>\n<li style='margin-bottom: 5px;'><span style='color: #27ae60; font-size: 24px;'>\u2713<\/span> <strong>Lector de C\u00f3digos QR:<\/strong> S\u00ed<\/li>\n<\/ul><\/div>\n<\/p><\/div>\n<\/p><\/div>\n","protected":false},"excerpt":{"rendered":"<p>Biom\u00e9trico Facial y de Palma SIN CONTACTO con pantalla Touch de 5 &#8220;\/ 6000 rostros \/ Lector de Huella Digital \/ Lector de C\u00f3digos QR<\/p>\n","protected":false},"featured_media":32,"comment_status":"open","ping_status":"closed","template":"","meta":[],"product_brand":[],"product_cat":[806],"product_tag":[744,807,844],"class_list":{"0":"post-20660","1":"product","2":"type-product","3":"status-publish","4":"has-post-thumbnail","6":"product_cat-para-control-de-acceso","7":"product_tag-biometricos","8":"product_tag-para-control-de-acceso","9":"product_tag-zkteco","11":"first","12":"outofstock","13":"sale","14":"shipping-taxable","15":"purchasable","16":"product-type-simple"},"_links":{"self":[{"href":"https:\/\/soydeaqui.ddns.net\/pachuca\/index.php\/wp-json\/wp\/v2\/product\/20660","targetHints":{"allow":["GET"]}}],"collection":[{"href":"https:\/\/soydeaqui.ddns.net\/pachuca\/index.php\/wp-json\/wp\/v2\/product"}],"about":[{"href":"https:\/\/soydeaqui.ddns.net\/pachuca\/index.php\/wp-json\/wp\/v2\/types\/product"}],"replies":[{"embeddable":true,"href":"https:\/\/soydeaqui.ddns.net\/pachuca\/index.php\/wp-json\/wp\/v2\/comments?post=20660"}],"wp:featuredmedia":[{"embeddable":true,"href":"https:\/\/soydeaqui.ddns.net\/pachuca\/index.php\/wp-json\/wp\/v2\/media\/32"}],"wp:attachment":[{"href":"https:\/\/soydeaqui.ddns.net\/pachuca\/index.php\/wp-json\/wp\/v2\/media?parent=20660"}],"wp:term":[{"taxonomy":"product_brand","embeddable":true,"href":"https:\/\/soydeaqui.ddns.net\/pachuca\/index.php\/wp-json\/wp\/v2\/product_brand?post=20660"},{"taxonomy":"product_cat","embeddable":true,"href":"https:\/\/soydeaqui.ddns.net\/pachuca\/index.php\/wp-json\/wp\/v2\/product_cat?post=20660"},{"taxonomy":"product_tag","embeddable":true,"href":"https:\/\/soydeaqui.ddns.net\/pachuca\/index.php\/wp-json\/wp\/v2\/product_tag?post=20660"}],"curies":[{"name":"wp","href":"https:\/\/api.w.org\/{rel}","templated":true}]}}