{"id":20657,"date":"2026-03-18T10:24:52","date_gmt":"2026-03-18T10:24:52","guid":{"rendered":"https:\/\/soydeaqui.ddns.net\/pachuca\/index.php\/producto\/radar-evoloop-de-bea-deteccion-avanzada-para-reemplazar-lazos-magneticos-y-fotoceldas-campo-de-deteccion-hasta-7-metros-en-3-zonas-configurables-por-medio-de-app\/"},"modified":"2026-03-18T10:24:52","modified_gmt":"2026-03-18T10:24:52","slug":"radar-evoloop-de-bea-deteccion-avanzada-para-reemplazar-lazos-magneticos-y-fotoceldas-campo-de-deteccion-hasta-7-metros-en-3-zonas-configurables-por-medio-de-app","status":"publish","type":"product","link":"https:\/\/soydeaqui.ddns.net\/pachuca\/index.php\/producto\/radar-evoloop-de-bea-deteccion-avanzada-para-reemplazar-lazos-magneticos-y-fotoceldas-campo-de-deteccion-hasta-7-metros-en-3-zonas-configurables-por-medio-de-app\/","title":{"rendered":"Radar EVOLOOP de BEA \/ Detecci\u00f3n Avanzada Para Reemplazar Lazos Magn\u00e9ticos y Fotoceldas \/ Campo de Detecci\u00f3n Hasta 7 Metros  en 3 Zonas Configurables Por Medio de App"},"content":{"rendered":"<div style='width: 100%; max-width: 1200px; margin: 0 auto; font-family: sans-serif; line-height: 1.6; color: inherit; background-color: transparent;'> <!-- Secci\u00f3n de caracter\u00edsticas --> <\/p>\n<div style='display: flex; flex-wrap: wrap; gap: 30px; margin-bottom: 30px;'>\n<div style='flex: 1 1 300px; min-width: 280px;'>\n<h3 style='font-size: 22px; border-bottom: 2px solid currentColor; padding-bottom: 5px; margin-top: 0; color: inherit; opacity: 0.8;'>Caracter\u00edsticas Principales:<\/h3>\n<ul style='padding-left: 20px; font-size: 15px; color: inherit;'>\n<li style='margin-bottom: 5px;'>Detecci\u00f3n de movimiento y presencia.<\/li>\n<li style='margin-bottom: 5px;'>Tecnolog\u00eda de microondas<\/li>\n<li style='margin-bottom: 5px;'>Campo de detecci\u00f3n hasta 7 metros.<\/li>\n<\/ul><\/div>\n<div style='flex: 1 1 300px; min-width: 280px;'>\n<h3 style='font-size: 22px; border-bottom: 2px solid currentColor; padding-bottom: 5px; margin-top: 0; color: inherit; opacity: 0.8;'>Caracter\u00edsticas F\u00edsicas y El\u00e9ctricas:<\/h3>\n<ul style='padding-left: 20px; font-size: 15px; color: inherit;'>\n<li style='margin-bottom: 5px;'>Voltaje de operaci\u00f3n de 12 a 24 VDC VAC<\/li>\n<li style='margin-bottom: 5px;'>Grado de protecci\u00f3n IP65<\/li>\n<li style='margin-bottom: 5px;'>Dimensiones 50 x 150 x 68 mm<\/li>\n<\/ul><\/div>\n<div style='flex: 1 1 300px; min-width: 280px;'>\n<h3 style='font-size: 22px; border-bottom: 2px solid currentColor; padding-bottom: 5px; margin-top: 0; color: inherit; opacity: 0.8;'>Caracter\u00edsticas Destacadas:<\/h3>\n<ul style='padding-left: 20px; font-size: 15px; color: inherit;'>\n<li style='margin-bottom: 5px;'>3 zonas de detecci\u00f3n<\/li>\n<li style='margin-bottom: 5px;'>3 salidas de relevador<\/li>\n<li style='margin-bottom: 5px;'>\u00c1ngulo de cobertura de 140\u00b0<\/li>\n<\/ul><\/div>\n<\/p><\/div>\n<p> <!-- Imagen --> <\/p>\n<div style='width: 100%; margin: 30px 0;'> <img style='width: 100%; height: auto; border: 1px solid rgba(150&comma;150&comma;150&comma;0.3); border-radius: 8px;' src='https:\/\/ftp3.syscom.mx\/usuarios\/fotos\/10EVOLOOP\/235015-aplicaciones_10evoloop.png' alt='Aplicaciones 10EVOLOOP'> <\/div>\n<p> <!-- Descripci\u00f3n general --> <\/p>\n<div style='margin: 30px 0; font-size: 15px; color: inherit;'>\n<p style='text-align: center; margin-bottom: 15px;'>EVOLOOP es la alternativa a los lazos magn\u00e9ticos de inducci\u00f3n y las fotoceldas&comma; sustituyendo el trabajo duro por el trabajo inteligente. Gracias a su campo de visi\u00f3n de 140\u00b0&comma; puede configurar hasta 3 zonas virtuales de forma independiente para adaptarse a su aplicaci\u00f3n. EVOLOOP puede activar no solo la apertura y el cierre de la barrera&comma; sino tambi\u00e9n los sistemas de emisi\u00f3n de tickets y reconocimiento de matr\u00edculas. Adem\u00e1s&comma; protege tanto a veh\u00edculos como a peatones (EN 12453 tipo D)&comma; reduciendo el riesgo de contacto con la barrera en cualquier entorno y condici\u00f3n.<\/p>\n<\/p><\/div>\n<p> <!-- Notas adicionales --> <\/p>\n<div style='margin: 30px 0; font-size: 15px; color: inherit;'>\n<h3 style='font-size: 22px; border-bottom: 2px solid currentColor; padding-bottom: 5px; margin-top: 0; color: inherit; opacity: 0.8; text-align: center;'>Notas adicionales<\/h3>\n<p style='text-align: center; margin: 15px 0;'>Requiere aplicaci\u00f3n Evollop (Disponible en Android y IOS)<\/p>\n<p style='text-align: center; margin: 15px 0;'>Equipo con un a\u00f1o de garant\u00eda contra defectos de fabricaci\u00f3n<\/p>\n<\/p><\/div>\n<p> <!-- Separador final --> <\/p>\n<hr style='border: 0; border-top: 1px solid rgba(150&comma; 150&comma; 150&comma; 0.3); margin: 30px 0;'> <\/div>\n","protected":false},"excerpt":{"rendered":"<p>Radar EVOLOOP de BEA \/ Detecci\u00f3n Avanzada Para Reemplazar Lazos Magn\u00e9ticos y Fotoceldas \/ Campo de Detecci\u00f3n Hasta 7 Metros  en 3 Zonas Configurables Por Medio de App<\/p>\n","protected":false},"featured_media":20656,"comment_status":"open","ping_status":"closed","template":"","meta":[],"product_brand":[],"product_cat":[777],"product_tag":[401,93,843],"class_list":{"0":"post-20657","1":"product","2":"type-product","3":"status-publish","4":"has-post-thumbnail","6":"product_cat-accesorios-acceso-vehicular","7":"product_tag-acceso-vehicular","8":"product_tag-accesorios","9":"product_tag-bea","11":"first","12":"instock","13":"sale","14":"shipping-taxable","15":"purchasable","16":"product-type-simple"},"_links":{"self":[{"href":"https:\/\/soydeaqui.ddns.net\/pachuca\/index.php\/wp-json\/wp\/v2\/product\/20657","targetHints":{"allow":["GET"]}}],"collection":[{"href":"https:\/\/soydeaqui.ddns.net\/pachuca\/index.php\/wp-json\/wp\/v2\/product"}],"about":[{"href":"https:\/\/soydeaqui.ddns.net\/pachuca\/index.php\/wp-json\/wp\/v2\/types\/product"}],"replies":[{"embeddable":true,"href":"https:\/\/soydeaqui.ddns.net\/pachuca\/index.php\/wp-json\/wp\/v2\/comments?post=20657"}],"wp:featuredmedia":[{"embeddable":true,"href":"https:\/\/soydeaqui.ddns.net\/pachuca\/index.php\/wp-json\/wp\/v2\/media\/20656"}],"wp:attachment":[{"href":"https:\/\/soydeaqui.ddns.net\/pachuca\/index.php\/wp-json\/wp\/v2\/media?parent=20657"}],"wp:term":[{"taxonomy":"product_brand","embeddable":true,"href":"https:\/\/soydeaqui.ddns.net\/pachuca\/index.php\/wp-json\/wp\/v2\/product_brand?post=20657"},{"taxonomy":"product_cat","embeddable":true,"href":"https:\/\/soydeaqui.ddns.net\/pachuca\/index.php\/wp-json\/wp\/v2\/product_cat?post=20657"},{"taxonomy":"product_tag","embeddable":true,"href":"https:\/\/soydeaqui.ddns.net\/pachuca\/index.php\/wp-json\/wp\/v2\/product_tag?post=20657"}],"curies":[{"name":"wp","href":"https:\/\/api.w.org\/{rel}","templated":true}]}}