{"id":20647,"date":"2026-03-18T10:24:42","date_gmt":"2026-03-18T10:24:42","guid":{"rendered":"https:\/\/soydeaqui.ddns.net\/pachuca\/index.php\/producto\/teclado-exterior-antivandalico-ip65-ik08-administrable-en-la-nube-alta-y-baja-de-passwords-remotamente-con-horarios-acceso-por-pin-o-tarjeta-mifare\/"},"modified":"2026-03-18T10:24:47","modified_gmt":"2026-03-18T10:24:47","slug":"teclado-exterior-antivandalico-ip65-ik08-administrable-en-la-nube-alta-y-baja-de-passwords-remotamente-con-horarios-acceso-por-pin-o-tarjeta-mifare","status":"publish","type":"product","link":"https:\/\/soydeaqui.ddns.net\/pachuca\/index.php\/producto\/teclado-exterior-antivandalico-ip65-ik08-administrable-en-la-nube-alta-y-baja-de-passwords-remotamente-con-horarios-acceso-por-pin-o-tarjeta-mifare\/","title":{"rendered":"Teclado Exterior Antivand\u00e1lico IP65 &#038; IK08 \/ Administrable en la Nube \/ Alta y Baja de Passwords Remotamente con Horarios \/ Acceso por PIN o Tarjeta MIFARE"},"content":{"rendered":"<div style='width: 100%; max-width: 1200px; margin: 0 auto; font-family: sans-serif; line-height: 1.6; color: inherit; background-color: transparent;'> <!-- Secci\u00f3n de im\u00e1genes --> <\/p>\n<div style='display: flex; flex-wrap: wrap; gap: 30px; margin-bottom: 30px;'>\n<div style='flex: 1 1 300px; min-width: 280px; display: flex; flex-direction: column; gap: 15px;'> <img style='width: 100%; height: auto; border: 1px solid rgba(150&comma;150&comma;150&comma;0.3); border-radius: 8px;' src='https:\/\/ftp3.syscom.mx\/usuarios\/jesus.ramirez\/Hikvision\/Captura2%20(1).PNG' alt=''> <img style='width: 100%; height: auto; border: 1px solid rgba(150&comma;150&comma;150&comma;0.3); border-radius: 8px;' src='https:\/\/ftp3.syscom.mx\/usuarios\/jesus.ramirez\/Hikvision\/Captura%20(1).PNG' alt=''> <\/div>\n<div style='flex: 1 1 300px; min-width: 280px;'>\n<h3 style='font-size: 22px; border-bottom: 2px solid currentColor; padding-bottom: 5px; margin-top: 0; color: inherit; opacity: 0.8;'>\u00bfNecesita Administraci\u00f3n en la Nube? Use Hik-Connect 6<\/h3>\n<p style='font-size: 14px;'><em>* Requiere licenciamiento; <a href='https:\/\/soporte.syscom.mx\/es\/articles\/6897368-hikcentral-connect-administracion-en-la-nube-de-control-de-acceso-asistencia-y-videoporteros' style='color: #f10441; text-decoration: underline;'>M\u00e1s informaci\u00f3n AQU\u00cd<\/a><\/em><\/p>\n<p style='font-size: 14px;'>Hik-Connect 6 es una plataforma <strong>SaaS<\/strong> para la gesti\u00f3n unificada en la nube de la seguridad con mayor rentabilidad&comma; f\u00e1cil de implementar&comma; altamente escalable en todos sus niveles y extremadamente seguro.<\/p>\n<p style='font-size: 14px;'><em><strong>*SaaS<\/strong> &#8211; Software as a Service \/ Software como servicio.<\/em><\/p>\n<ul style='padding-left: 20px; font-size: 14px; color: inherit;'>\n<li style='margin-bottom: 5px;'><em>Administraci\u00f3n de usuarios y roles<\/em><\/li>\n<li style='margin-bottom: 5px;'><em>Administraci\u00f3n de recursos y \u00e1reas<\/em><\/li>\n<li style='margin-bottom: 5px;'><em>Administraci\u00f3n de alarmas<\/em><\/li>\n<li style='margin-bottom: 5px;'><em>Administraci\u00f3n y monitoreo de video<\/em><\/li>\n<li style='margin-bottom: 5px;'><em>Administraci\u00f3n de control de acceso e intercom<\/em><\/li>\n<li style='margin-bottom: 5px;'><em>Administraci\u00f3n y monitoreo de veh\u00edculos<\/em><\/li>\n<\/ul><\/div>\n<\/p><\/div>\n<p> <!-- Secci\u00f3n de cards con especificaciones --> <\/p>\n<div style='display: flex; flex-wrap: wrap; gap: 20px; margin-bottom: 30px;'>\n<div style='flex: 1 1 250px; border: 1px solid rgba(150&comma; 150&comma; 150&comma; 0.4); border-radius: 8px; overflow: hidden; display: flex; flex-direction: column;'>\n<div style='padding: 15px; border-bottom: 1px solid rgba(150&comma; 150&comma; 150&comma; 0.2); font-weight: bold; font-size: 18px; color: inherit;'>Caracter\u00edsticas Principales<\/div>\n<div style='padding: 15px; color: inherit;'>\n<ul style='padding-left: 20px; margin: 0; font-size: 14px; list-style-type: disc;'>\n<li style='margin-bottom: 5px;'>Soporta 3&comma;000 Usuarios.<\/li>\n<li style='margin-bottom: 5px;'>Soporta 10&comma;000 tarjetas.<\/li>\n<li style='margin-bottom: 5px;'>Capacidad de 100&comma;000 eventos.<\/li>\n<li style='margin-bottom: 5px;'>Lector de tarjetas MIFARE a 13.56 Mhz<\/li>\n<li style='margin-bottom: 5px;'>Apertura por Contrase\u00f1a\/Tarjeta.<\/li>\n<li style='margin-bottom: 5px;'>Verificaci\u00f3n combinable Contrase\u00f1a + Tarjeta.<\/li>\n<li style='margin-bottom: 5px;'><strong>Funciones NO soportadas<\/strong>: Huella&comma; Access Point&comma; WiFi&comma; Bluetooth.<\/li>\n<\/ul><\/div>\n<\/p><\/div>\n<div style='flex: 1 1 250px; border: 1px solid rgba(150&comma; 150&comma; 150&comma; 0.4); border-radius: 8px; overflow: hidden; display: flex; flex-direction: column;'>\n<div style='padding: 15px; border-bottom: 1px solid rgba(150&comma; 150&comma; 150&comma; 0.2); font-weight: bold; font-size: 18px; color: inherit;'>Caracter\u00edsticas F\u00edsicas y El\u00e9ctricas<\/div>\n<div style='padding: 15px; color: inherit;'>\n<ul style='padding-left: 20px; margin: 0; font-size: 14px; list-style-type: disc;'>\n<li style='margin-bottom: 5px;'>Alimentaci\u00f3n 12 Vcd<\/li>\n<li style='margin-bottom: 5px;'>Dimensiones: 57.7 x 177 x 34.6 mm.<\/li>\n<li style='margin-bottom: 5px;'>1x TCP\/IP Cableado.<\/li>\n<li style='margin-bottom: 5px;'>1x Conexi\u00f3n RS485.<\/li>\n<li style='margin-bottom: 5px;'>1x Conexi\u00f3n Wiegand.<\/li>\n<li style='margin-bottom: 5px;'>1x Salida de relevador para cerradura.<\/li>\n<li style='margin-bottom: 5px;'>Fabricado con materiales en aleaci\u00f3n de aluminio.<\/li>\n<\/ul><\/div>\n<\/p><\/div>\n<div style='flex: 1 1 250px; border: 1px solid rgba(150&comma; 150&comma; 150&comma; 0.4); border-radius: 8px; overflow: hidden; display: flex; flex-direction: column;'>\n<div style='padding: 15px; border-bottom: 1px solid rgba(150&comma; 150&comma; 150&comma; 0.2); font-weight: bold; font-size: 18px; color: inherit;'>Caracter\u00edsticas Destacadas<\/div>\n<div style='padding: 15px; color: inherit;'>\n<ul style='padding-left: 20px; margin: 0; font-size: 14px; list-style-type: disc;'>\n<li style='margin-bottom: 5px;'>Alta de contrase\u00f1as remotamente con HikCentral Connect (<span style='color: #c0392b;'><strong>requiere licencia<\/strong><\/span>).<\/li>\n<li style='margin-bottom: 5px;'>Interfaz Web para programaci\u00f3n local con PC o Smartphone (<strong><span style='color: #c0392b;'>no requiere licencia<\/span><\/strong>).<\/li>\n<li style='margin-bottom: 5px;'>Acceso por horarios.<\/li>\n<li style='margin-bottom: 5px;'>Compatible con HikConnect o HikCentral Connect.<\/li>\n<li style='margin-bottom: 5px;'>Compatible con IVMS4200.<\/li>\n<\/ul><\/div>\n<\/p><\/div>\n<\/p><\/div>\n<p> <!-- Secci\u00f3n de videos --> <\/p>\n<div style='margin-bottom: 30px;'>\n<h3 style='text-align: center; font-size: 20px; margin-bottom: 15px; color: inherit; opacity: 0.8;'>VIDEOS DEMOSTRATIVOS<\/h3>\n<p style='text-align: center; font-size: 14px; margin-bottom: 10px;'><strong>* <\/strong>Funciones mostradas en los videos pueden cambiar debido a modelos similares\/alternos.<\/p>\n<p style='text-align: center; font-size: 14px; margin-bottom: 20px;'>Las funciones mostradas como lector de huella dactilar&comma; funci\u00f3n de Access Point&comma; conexi\u00f3n WiFi y acceso por Bluetooth son las funciones NO soportadas por el modelo DS-K1T805MX.<\/p>\n<div style='display: flex; flex-wrap: wrap; gap: 20px; justify-content: center;'>\n<div style='position: relative; padding-bottom: 56.25%; width: 100%; max-width: 560px; height: 0; overflow: hidden;'>   <\/div>\n<div style='position: relative; padding-bottom: 56.25%; width: 100%; max-width: 560px; height: 0; overflow: hidden;'>   <\/div>\n<\/p><\/div>\n<\/p><\/div>\n<p> <!-- Secci\u00f3n de im\u00e1genes adicionales --> <\/p>\n<div style='display: flex; flex-wrap: wrap; gap: 20px; margin-bottom: 30px;'>\n<div style='flex: 1 1 300px; min-width: 280px;'>\n<div style='border-left: 5px solid #f10441; border-radius: 8px; overflow: hidden; box-shadow: 0 2px 8px rgba(150&comma;150&comma;150&comma;0.2);'>\n<div style='padding: 10px; background-color: rgba(241&comma;4&comma;65&comma;0.05); font-weight: bold; color: #c0392b;'>INTERFAZ WEB<\/div>\n<p> <img style='width: 100%; height: auto; border: 1px solid rgba(150&comma;150&comma;150&comma;0.3); border-radius: 0;' src='https:\/\/ftp3.syscom.mx\/usuarios\/fespinoza\/HIKVISION\/Dispositivos\/Biometricos\/DSK1T502DBFWXC\/1.jpg' alt=''> <\/div>\n<\/p><\/div>\n<div style='flex: 1 1 300px; min-width: 280px;'>\n<div style='border-left: 5px solid #f10441; border-radius: 8px; overflow: hidden; box-shadow: 0 2px 8px rgba(150&comma;150&comma;150&comma;0.2);'>\n<div style='padding: 10px; background-color: rgba(241&comma;4&comma;65&comma;0.05); font-weight: bold; color: #c0392b;'>INTERFAZ WEB<\/div>\n<p> <img style='width: 100%; height: auto; border: 1px solid rgba(150&comma;150&comma;150&comma;0.3); border-radius: 0;' src='https:\/\/ftp3.syscom.mx\/usuarios\/fespinoza\/HIKVISION\/Dispositivos\/Biometricos\/DSK1T502DBFWXC\/2.jpg' alt=''> <\/div>\n<\/p><\/div>\n<div style='flex: 1 1 300px; min-width: 280px;'>\n<div style='border-left: 5px solid #f10441; border-radius: 8px; overflow: hidden; box-shadow: 0 2px 8px rgba(150&comma;150&comma;150&comma;0.2);'>\n<div style='padding: 10px; background-color: rgba(241&comma;4&comma;65&comma;0.05); font-weight: bold; color: #c0392b;'>INTERFAZ WEB<\/div>\n<p> <img style='width: 100%; height: auto; border: 1px solid rgba(150&comma;150&comma;150&comma;0.3); border-radius: 0;' src='https:\/\/ftp3.syscom.mx\/usuarios\/fespinoza\/HIKVISION\/Dispositivos\/Biometricos\/DSK1T502DBFWXC\/3.jpg' alt=''> <\/div>\n<\/p><\/div>\n<div style='flex: 1 1 300px; min-width: 280px;'>\n<div style='border-left: 5px solid #f10441; border-radius: 8px; overflow: hidden; box-shadow: 0 2px 8px rgba(150&comma;150&comma;150&comma;0.2);'>\n<div style='padding: 10px; background-color: rgba(241&comma;4&comma;65&comma;0.05); font-weight: bold; color: #c0392b;'>INTERFAZ WEB<\/div>\n<p> <img style='width: 100%; height: auto; border: 1px solid rgba(150&comma;150&comma;150&comma;0.3); border-radius: 0;' src='https:\/\/ftp3.syscom.mx\/usuarios\/fespinoza\/HIKVISION\/Dispositivos\/Biometricos\/DSK1T502DBFWXC\/4.jpg' alt=''> <\/div>\n<\/p><\/div>\n<div style='flex: 1 1 300px; min-width: 280px;'>\n<div style='border-left: 5px solid #f10441; border-radius: 8px; overflow: hidden; box-shadow: 0 2px 8px rgba(150&comma;150&comma;150&comma;0.2);'>\n<div style='padding: 10px; background-color: rgba(241&comma;4&comma;65&comma;0.05); font-weight: bold; color: #f10441;'>HIK-CONNECT 6<\/div>\n<p> <img style='width: 100%; height: auto; border: 1px solid rgba(150&comma;150&comma;150&comma;0.3); border-radius: 0;' src='https:\/\/ftp3.syscom.mx\/usuarios\/jesus.ramirez\/Hikvision\/Captura3%20(1).PNG' alt=''> <\/div>\n<\/p><\/div>\n<div style='flex: 1 1 300px; min-width: 280px;'>\n<div style='border-left: 5px solid #f10441; border-radius: 8px; overflow: hidden; box-shadow: 0 2px 8px rgba(150&comma;150&comma;150&comma;0.2);'>\n<div style='padding: 10px; background-color: rgba(241&comma;4&comma;65&comma;0.05); font-weight: bold; color: #f10441;'>HIK-CONNECT 6<\/div>\n<p> <img style='width: 100%; height: auto; border: 1px solid rgba(150&comma;150&comma;150&comma;0.3); border-radius: 0;' src='https:\/\/ftp3.syscom.mx\/usuarios\/jesus.ramirez\/Hikvision\/tempsnip%20(2).png' alt=''> <\/div>\n<\/p><\/div>\n<\/p><\/div>\n<p> <!-- Separador final --> <\/p>\n<hr style='border: 0; border-top: 1px solid rgba(150&comma; 150&comma; 150&comma; 0.3); margin: 30px 0;'> <\/div>\n","protected":false},"excerpt":{"rendered":"<p>Teclado Exterior Antivand\u00e1lico IP65 &#038; IK08 \/ Administrable en la Nube \/ Alta y Baja de Passwords Remotamente con Horarios \/ Acceso por PIN o Tarjeta MIFARE<\/p>\n","protected":false},"featured_media":20646,"comment_status":"open","ping_status":"closed","template":"","meta":[],"product_brand":[],"product_cat":[835],"product_tag":[54,836,62],"class_list":{"0":"post-20647","1":"product","2":"type-product","3":"status-publish","4":"has-post-thumbnail","6":"product_cat-todos-teclados-autonomos","7":"product_tag-hikvision","8":"product_tag-teclados-autonomos","9":"product_tag-todos","11":"first","12":"outofstock","13":"sale","14":"shipping-taxable","15":"purchasable","16":"product-type-simple"},"_links":{"self":[{"href":"https:\/\/soydeaqui.ddns.net\/pachuca\/index.php\/wp-json\/wp\/v2\/product\/20647","targetHints":{"allow":["GET"]}}],"collection":[{"href":"https:\/\/soydeaqui.ddns.net\/pachuca\/index.php\/wp-json\/wp\/v2\/product"}],"about":[{"href":"https:\/\/soydeaqui.ddns.net\/pachuca\/index.php\/wp-json\/wp\/v2\/types\/product"}],"replies":[{"embeddable":true,"href":"https:\/\/soydeaqui.ddns.net\/pachuca\/index.php\/wp-json\/wp\/v2\/comments?post=20647"}],"wp:featuredmedia":[{"embeddable":true,"href":"https:\/\/soydeaqui.ddns.net\/pachuca\/index.php\/wp-json\/wp\/v2\/media\/20646"}],"wp:attachment":[{"href":"https:\/\/soydeaqui.ddns.net\/pachuca\/index.php\/wp-json\/wp\/v2\/media?parent=20647"}],"wp:term":[{"taxonomy":"product_brand","embeddable":true,"href":"https:\/\/soydeaqui.ddns.net\/pachuca\/index.php\/wp-json\/wp\/v2\/product_brand?post=20647"},{"taxonomy":"product_cat","embeddable":true,"href":"https:\/\/soydeaqui.ddns.net\/pachuca\/index.php\/wp-json\/wp\/v2\/product_cat?post=20647"},{"taxonomy":"product_tag","embeddable":true,"href":"https:\/\/soydeaqui.ddns.net\/pachuca\/index.php\/wp-json\/wp\/v2\/product_tag?post=20647"}],"curies":[{"name":"wp","href":"https:\/\/api.w.org\/{rel}","templated":true}]}}