{"id":20642,"date":"2026-03-18T10:24:36","date_gmt":"2026-03-18T10:24:36","guid":{"rendered":"https:\/\/soydeaqui.ddns.net\/pachuca\/index.php\/producto\/firmware-qr-para-lectores-series-bs3-y-xs2-de-suprema\/"},"modified":"2026-03-18T10:24:37","modified_gmt":"2026-03-18T10:24:37","slug":"firmware-qr-para-lectores-series-bs3-y-xs2-de-suprema","status":"publish","type":"product","link":"https:\/\/soydeaqui.ddns.net\/pachuca\/index.php\/producto\/firmware-qr-para-lectores-series-bs3-y-xs2-de-suprema\/","title":{"rendered":"Firmware QR para lectores SERIES  BS3  Y XS2   de SUPREMA"},"content":{"rendered":"<div style='width: 100%; max-width: 1200px; margin: 0 auto; font-family: sans-serif; line-height: 1.6; color: inherit; background-color: transparent;'> <!-- Secci\u00f3n principal --> <\/p>\n<div style='margin-bottom: 30px;'>\n<p style='font-weight: bold; margin: 0; color: inherit;'>Firmware para lector suprema<\/p>\n<\/p><\/div>\n<p> <!-- Descripci\u00f3n principal --> <\/p>\n<div style='margin-bottom: 30px; color: inherit;'>\n<p style='margin: 0; padding: 0; color: inherit;'>QR-LICENSE&comma; sirve para dar soporte a lectura de c\u00f3digos QR (numericos) a trav\u00e9s de las c\u00e1maras de las lectoras BioStation 3 y las X-Station que no tienen lector QR&comma; que son las siguientes:<\/p>\n<\/p><\/div>\n<p> <!-- Lista de modelos --> <\/p>\n<div style='margin-bottom: 30px;'>\n<ul style='padding-left: 20px; margin: 0; color: inherit;'>\n<li style='margin-bottom: 5px; color: inherit;'>XS2-DPB<\/li>\n<li style='margin-bottom: 5px; color: inherit;'>XS2-ODPB<\/li>\n<li style='margin-bottom: 5px; color: inherit;'>XS2-APB<\/li>\n<li style='margin-bottom: 5px; color: inherit;'>XS2-OAPB<\/li>\n<li style='margin-bottom: 5px; color: inherit;'>BS3-DB<\/li>\n<li style='margin-bottom: 5px; color: inherit;'>BS3-APWB<\/li>\n<\/ul><\/div>\n<p> <!-- Informaci\u00f3n adicional --> <\/p>\n<div style='margin-bottom: 30px; color: inherit;'>\n<p style='margin: 0; padding: 0; color: inherit;'>Esta licencia est\u00e1 relacionada con el n\u00famero de serie de cada lectora por lo que&comma; al comprar la licencia se requiere que incluyas el n\u00famero de serie de la(s) lectora(s)&comma; y al procesarse la orden&comma; se te env\u00eda de regreso un archivo por cada lectora&comma; el cual se carga por medio de una memoria USB a la lectora espec\u00edfica (conectando un adaptador OTG tipo C)&comma; de acuerdo con procedimiento siguiente:<\/p>\n<\/p><\/div>\n<p> <!-- Enlace --> <\/p>\n<div style='margin-bottom: 30px;'>\n<p style='margin: 0; padding: 0;'><a style='color: #1155cc; text-decoration: underline;' href='https:\/\/support.supremainc.com\/en\/support\/solutions\/articles\/24000083064--biostar-2-camera-qr-support-biostar-2-qr-and-3rd-party-qr-via-device-camera' target='_blank' rel='noopener'>https:\/\/support.supremainc.com\/en\/support\/solutions\/articles\/24000083064&#8211;biostar-2-camera-qr-support-biostar-2-qr-and-3rd-party-qr-via-device-camera<\/a><\/p>\n<\/p><\/div>\n<p> <!-- Notas importantes --> <\/p>\n<div style='margin-bottom: 30px;'>\n<div style='border: 1px solid rgba(150&comma; 150&comma; 150&comma; 0.4); border-radius: 8px; padding: 15px; margin-bottom: 15px; background-color: rgba(255&comma; 235&comma; 59&comma; 0.1);'>\n<p style='margin: 0; padding: 0; color: inherit; font-weight: bold;'>NOTA1 &#8211; Se requiere de una licencia de Firmware por Lector<\/p>\n<\/p><\/div>\n<div style='border: 1px solid rgba(150&comma; 150&comma; 150&comma; 0.4); border-radius: 8px; padding: 15px; margin-bottom: 15px; background-color: rgba(255&comma; 235&comma; 59&comma; 0.1);'>\n<p style='margin: 0; padding: 0; color: inherit; font-weight: bold;'>NOTA2 &#8211; Se requiere el firmware mas reciente de las lectoras BS3\/XS2 y al menos estar en BioStar 2 v2.9<\/p>\n<\/p><\/div>\n<div style='border: 1px solid rgba(150&comma; 150&comma; 150&comma; 0.4); border-radius: 8px; padding: 15px; background-color: rgba(244&comma; 67&comma; 54&comma; 0.1);'>\n<p style='margin: 0; padding: 0; color: inherit; font-weight: bold; font-size: 16px;'>NOTA3 &#8211; Las licencias de QR no tienen garantia. Si el equipo el cual tiene la licencia tiene alguna falla se da garantia del lector segun aplique&comma; pero la Licencia no entra dentro de la garantia.<\/p>\n<\/p><\/div>\n<\/p><\/div>\n<\/p><\/div>\n","protected":false},"excerpt":{"rendered":"<p>Firmware QR para lectores SERIES  BS3  Y XS2   de SUPREMA<\/p>\n","protected":false},"featured_media":20641,"comment_status":"open","ping_status":"closed","template":"","meta":[],"product_brand":[],"product_cat":[743],"product_tag":[744,745,798],"class_list":{"0":"post-20642","1":"product","2":"type-product","3":"status-publish","4":"has-post-thumbnail","6":"product_cat-para-tiempo-y-asistencia-checadores","7":"product_tag-biometricos","8":"product_tag-para-tiempo-y-asistencia-checadores","9":"product_tag-suprema","11":"first","12":"outofstock","13":"sale","14":"shipping-taxable","15":"purchasable","16":"product-type-simple"},"_links":{"self":[{"href":"https:\/\/soydeaqui.ddns.net\/pachuca\/index.php\/wp-json\/wp\/v2\/product\/20642","targetHints":{"allow":["GET"]}}],"collection":[{"href":"https:\/\/soydeaqui.ddns.net\/pachuca\/index.php\/wp-json\/wp\/v2\/product"}],"about":[{"href":"https:\/\/soydeaqui.ddns.net\/pachuca\/index.php\/wp-json\/wp\/v2\/types\/product"}],"replies":[{"embeddable":true,"href":"https:\/\/soydeaqui.ddns.net\/pachuca\/index.php\/wp-json\/wp\/v2\/comments?post=20642"}],"wp:featuredmedia":[{"embeddable":true,"href":"https:\/\/soydeaqui.ddns.net\/pachuca\/index.php\/wp-json\/wp\/v2\/media\/20641"}],"wp:attachment":[{"href":"https:\/\/soydeaqui.ddns.net\/pachuca\/index.php\/wp-json\/wp\/v2\/media?parent=20642"}],"wp:term":[{"taxonomy":"product_brand","embeddable":true,"href":"https:\/\/soydeaqui.ddns.net\/pachuca\/index.php\/wp-json\/wp\/v2\/product_brand?post=20642"},{"taxonomy":"product_cat","embeddable":true,"href":"https:\/\/soydeaqui.ddns.net\/pachuca\/index.php\/wp-json\/wp\/v2\/product_cat?post=20642"},{"taxonomy":"product_tag","embeddable":true,"href":"https:\/\/soydeaqui.ddns.net\/pachuca\/index.php\/wp-json\/wp\/v2\/product_tag?post=20642"}],"curies":[{"name":"wp","href":"https:\/\/api.w.org\/{rel}","templated":true}]}}