{"id":20638,"date":"2026-03-18T10:24:34","date_gmt":"2026-03-18T10:24:34","guid":{"rendered":"https:\/\/soydeaqui.ddns.net\/pachuca\/index.php\/producto\/torniquete-inteligente-izquierdo-con-reconocimiento-facial-incluido-12000000-mcbf-20-pares-de-ir-para-deteccion-de-peaton-controlador-incluido-acero-inoxidable-sus304-carril-de-65-cms\/"},"modified":"2026-03-18T10:24:34","modified_gmt":"2026-03-18T10:24:34","slug":"torniquete-inteligente-izquierdo-con-reconocimiento-facial-incluido-12000000-mcbf-20-pares-de-ir-para-deteccion-de-peaton-controlador-incluido-acero-inoxidable-sus304-carril-de-65-cms","status":"publish","type":"product","link":"https:\/\/soydeaqui.ddns.net\/pachuca\/index.php\/producto\/torniquete-inteligente-izquierdo-con-reconocimiento-facial-incluido-12000000-mcbf-20-pares-de-ir-para-deteccion-de-peaton-controlador-incluido-acero-inoxidable-sus304-carril-de-65-cms\/","title":{"rendered":"Torniquete Inteligente IZQUIERDO con Reconocimiento Facial Incluido \/  12,000,000 MCBF \/ 20 Pares de IR para Detecci\u00f3n de Peat\u00f3n \/  Controlador Incluido \/ Acero Inoxidable SUS304 \/ Carril de 65 cms"},"content":{"rendered":"<div style='width: 100%; max-width: 1200px; margin: 0 auto; font-family: sans-serif; line-height: 1.6; color: inherit; background-color: transparent;'> <!-- Secci\u00f3n de caracter\u00edsticas --> <\/p>\n<div style='display: flex; flex-wrap: wrap; gap: 30px; margin-bottom: 30px;'>\n<div style='flex: 1 1 300px; min-width: 280px;'>\n<h3 style='font-size: 22px; border-bottom: 2px solid currentColor; padding-bottom: 5px; margin-top: 0; color: inherit; opacity: 0.8;'>Caracter\u00edsticas Principales<\/h3>\n<ul style='padding-left: 20px; font-size: 15px; color: inherit;'>\n<li style='margin-bottom: 5px;'>LED indicador de direcci\u00f3n de paso<\/li>\n<li style='margin-bottom: 5px;'>Throughput: 30 a 60 personas por minuto<\/li>\n<li style='margin-bottom: 5px;'>Auto detecci\u00f3n&comma; auto diagn\u00f3stico y alarma autom\u00e1tica<\/li>\n<li style='margin-bottom: 5px;'>50&comma;000 Rostros \/ 250&comma;000 Tarjetas MiFare<\/li>\n<li style='margin-bottom: 5px;'>Paso Bidireccional para Entrada y Salida<\/li>\n<li style='margin-bottom: 5px;'><strong>Carril de 65 cms<\/strong><\/li>\n<\/ul><\/div>\n<div style='flex: 1 1 300px; min-width: 280px;'>\n<h3 style='font-size: 22px; border-bottom: 2px solid currentColor; padding-bottom: 5px; margin-top: 0; color: inherit; opacity: 0.8;'>Caracter\u00edsticas F\u00edsicas y El\u00e9ctricas<\/h3>\n<ul style='padding-left: 20px; font-size: 15px; color: inherit;'>\n<li style='margin-bottom: 5px;'>Material: Acero inoxidable SUS304<\/li>\n<li style='margin-bottom: 5px;'>Voltaje de operaci\u00f3n: 100 to 240 VAC; 50 to 60 Hz<\/li>\n<li style='margin-bottom: 5px;'>Temperatura de operaci\u00f3n: -25 \u00b0C to 70 \u00b0C (-13 \u00b0F to 158 \u00b0F)<\/li>\n<\/ul><\/div>\n<div style='flex: 1 1 300px; min-width: 280px;'>\n<h3 style='font-size: 22px; border-bottom: 2px solid currentColor; padding-bottom: 5px; margin-top: 0; color: inherit; opacity: 0.8;'>Caracter\u00edsticas Destacadas<\/h3>\n<ul style='padding-left: 20px; font-size: 15px; color: inherit;'>\n<li style='margin-bottom: 5px;'>El torniquete ya tiene embebida la terminal de reconocimiento facial<\/li>\n<li style='margin-bottom: 5px;'>Apertura en caso de emergencia (permanece abierto)<\/li>\n<li style='margin-bottom: 5px;'>Requiere torniquete DERECHO <a style='color: #005cb9; text-decoration: none; font-weight: 600; font-size: 14px;' href='https:\/\/www.syscom.mx\/principal\/searchcont?route=DS-K3B631TX-R\/MPIQL-DP65-HIKVISION-217912&#038;autodetect=dsk3b631' target='_blank'>DS-K3B631TX-R\/MPIQL-DP65<\/a><\/li>\n<\/ul><\/div>\n<\/p><\/div>\n<p> <!-- Separador --> <\/p>\n<hr style='border: 0; border-top: 1px solid rgba(150&comma; 150&comma; 150&comma; 0.3); margin: 30px 0;'> <!-- Secci\u00f3n de videos --> <\/p>\n<div style='margin-bottom: 30px;'>\n<div style='display: flex; flex-wrap: wrap; gap: 20px;'>\n<div style='flex: 1 1 300px; min-width: 280px;'>\n<div style='position: relative; padding-bottom: 56.25%; height: 0; overflow: hidden;'>   <\/div>\n<\/p><\/div>\n<div style='flex: 1 1 300px; min-width: 280px;'>\n<div style='position: relative; padding-bottom: 56.25%; height: 0; overflow: hidden;'>   <\/div>\n<\/p><\/div>\n<div style='flex: 1 1 300px; min-width: 280px;'>\n<div style='position: relative; padding-bottom: 56.25%; height: 0; overflow: hidden;'>   <\/div>\n<\/p><\/div>\n<\/p><\/div>\n<\/p><\/div>\n<p> <!-- Separador --> <\/p>\n<hr style='border: 0; border-top: 1px solid rgba(150&comma; 150&comma; 150&comma; 0.3); margin: 30px 0;'> <!-- Imagen --> <\/p>\n<div style='text-align: center; margin: 30px 0;'> <img style='width: 80%; height: auto; border: 1px solid rgba(150&comma;150&comma;150&comma;0.3); border-radius: 8px; max-width: 100%;' src='https:\/\/ftp3.syscom.mx\/usuarios\/fespinoza\/HIKVISION\/Dispositivos\/Torniquetes\/DS-K3B631TX\/image004.jpg' alt=''> <\/div>\n<\/p><\/div>\n","protected":false},"excerpt":{"rendered":"<p>Torniquete Inteligente IZQUIERDO con Reconocimiento Facial Incluido \/  12,000,000 MCBF \/ 20 Pares de IR para Detecci\u00f3n de Peat\u00f3n \/  Controlador Incluido \/ Acero Inoxidable SUS304 \/ Carril de 65 cms<\/p>\n","protected":false},"featured_media":20637,"comment_status":"open","ping_status":"closed","template":"","meta":[],"product_brand":[],"product_cat":[758],"product_tag":[54,760,759],"class_list":{"0":"post-20638","1":"product","2":"type-product","3":"status-publish","4":"has-post-thumbnail","6":"product_cat-torniquetes-de-medio-cuerpo","7":"product_tag-hikvision","8":"product_tag-torniquetes-de-medio-cuerpo","9":"product_tag-torniquetes-y-puertas-de-cortesia","11":"first","12":"instock","13":"sale","14":"shipping-taxable","15":"purchasable","16":"product-type-simple"},"_links":{"self":[{"href":"https:\/\/soydeaqui.ddns.net\/pachuca\/index.php\/wp-json\/wp\/v2\/product\/20638","targetHints":{"allow":["GET"]}}],"collection":[{"href":"https:\/\/soydeaqui.ddns.net\/pachuca\/index.php\/wp-json\/wp\/v2\/product"}],"about":[{"href":"https:\/\/soydeaqui.ddns.net\/pachuca\/index.php\/wp-json\/wp\/v2\/types\/product"}],"replies":[{"embeddable":true,"href":"https:\/\/soydeaqui.ddns.net\/pachuca\/index.php\/wp-json\/wp\/v2\/comments?post=20638"}],"wp:featuredmedia":[{"embeddable":true,"href":"https:\/\/soydeaqui.ddns.net\/pachuca\/index.php\/wp-json\/wp\/v2\/media\/20637"}],"wp:attachment":[{"href":"https:\/\/soydeaqui.ddns.net\/pachuca\/index.php\/wp-json\/wp\/v2\/media?parent=20638"}],"wp:term":[{"taxonomy":"product_brand","embeddable":true,"href":"https:\/\/soydeaqui.ddns.net\/pachuca\/index.php\/wp-json\/wp\/v2\/product_brand?post=20638"},{"taxonomy":"product_cat","embeddable":true,"href":"https:\/\/soydeaqui.ddns.net\/pachuca\/index.php\/wp-json\/wp\/v2\/product_cat?post=20638"},{"taxonomy":"product_tag","embeddable":true,"href":"https:\/\/soydeaqui.ddns.net\/pachuca\/index.php\/wp-json\/wp\/v2\/product_tag?post=20638"}],"curies":[{"name":"wp","href":"https:\/\/api.w.org\/{rel}","templated":true}]}}