{"id":20634,"date":"2026-03-18T10:24:30","date_gmt":"2026-03-18T10:24:30","guid":{"rendered":"https:\/\/soydeaqui.ddns.net\/pachuca\/index.php\/producto\/realpass-n-scaner-de-pasaportes\/"},"modified":"2026-03-18T10:24:31","modified_gmt":"2026-03-18T10:24:31","slug":"realpass-n-scaner-de-pasaportes","status":"publish","type":"product","link":"https:\/\/soydeaqui.ddns.net\/pachuca\/index.php\/producto\/realpass-n-scaner-de-pasaportes\/","title":{"rendered":"REALPASS-N Scaner de  Pasaportes"},"content":{"rendered":"<div style='width: 100%; max-width: 1200px; margin: 0 auto; font-family: sans-serif; line-height: 1.6; color: inherit; background-color: transparent;'>\n<div style='display: flex; flex-direction: column; gap: 20px;'>\n<div>\n<h2 style='font-size: 35px; margin: 0; padding: 0; line-height: 1.3em; letter-spacing: -0.02em; color: inherit;'>RealPass-N<\/h2>\n<p style='font-size: 17px; margin: 5px 0; padding: 0; font-weight: 400; color: inherit;'> <span style='font-weight: bold; color: inherit;'>Compacto&comma; Multifuncional&comma; Lector de Documentos de P\u00e1gina Completa<\/span> <\/p>\n<\/p><\/div>\n<h2 style='font-size: 40px; margin: 0; padding: 0; line-height: 1.14em; color: inherit;'>Un Esc\u00e1ner de M\u00faltiples tipos de<br style='color: inherit;' \/>Documentos realzado en un solo paso<\/h2>\n<p style='font-size: 15px; margin: 20px 0; padding: 0; font-weight: 400; color: inherit;'> Dise\u00f1ado a partir de funciones de vanguardia para capturar im\u00e1genes y datos de varios documentos&comma; inclu\u00eddo el formato Doc 9303 de la OACI que es compatible con el eMRTD&comma; como pasaporte electr\u00f3nicos&comma; visa electronica&comma; tarjetas de identificaci\u00f3n y c\u00f3digos de barras mediante el escaneo en un solo paso. <\/p>\n<h2 style='font-size: 40px; margin: 0; padding: 0; line-height: 1.14em; color: inherit;'>M\u00faltiples Modos de Escaneo<\/h2>\n<p style='font-size: 15px; margin: 20px 0; padding: 0; font-weight: 400; color: inherit;'> Dise\u00f1ado para permitir la captura de im\u00e1genes de alta resoluci\u00f3n de 500 DPI(Scalable) en m\u00faltiples longitudes de onda &#8211; Visible&comma; IR e iluminaciones UV <\/p>\n<div style='width: 100%; max-width: 600px; margin: 0 auto;'> <img style='width: 100%; height: auto; border: 1px solid rgba(150&comma;150&comma;150&comma;0.3); border-radius: 8px;' src='https:\/\/www.suprema-id.com\/es\/images\/product\/RealPassN\/RealPass-ob7.png' alt='Esc\u00e1ner RealPass-N'> <\/div>\n<p style='font-size: 15px; margin: 20px 0; padding: 0; font-weight: 400; color: inherit;'> * Para mas informacion hablar al Departamento de Ingenieria SYSCOM <\/p>\n<div style='width: 100%; border: 1px solid rgba(150&comma;150&comma;150&comma;0.3); border-radius: 8px; padding: 15px; background-color: rgba(255&comma;255&comma;255&comma;0.03);'>\n<p style='margin: 0; padding: 0; font-size: 16px; font-weight: bold; color: inherit;'> Nota.- Este producto no es compatible con el software Biostar 2&comma; Solo es para uso de profesionales en desarrollo de software. <\/p>\n<\/p><\/div>\n<div style='width: 100%; border: 1px solid rgba(150&comma;150&comma;150&comma;0.3); border-radius: 8px; padding: 15px; background-color: rgba(255&comma;255&comma;255&comma;0.03);'>\n<p style='margin: 0; padding: 0; font-size: 16px; font-weight: bold; color: inherit;'> Nota.- EL SDK tiene costo. <\/p>\n<\/p><\/div>\n<\/p><\/div>\n<\/p><\/div>\n","protected":false},"excerpt":{"rendered":"<p>REALPASS-N Scaner de  Pasaportes<\/p>\n","protected":false},"featured_media":20633,"comment_status":"open","ping_status":"closed","template":"","meta":[],"product_brand":[],"product_cat":[841],"product_tag":[744,842,798],"class_list":{"0":"post-20634","1":"product","2":"type-product","3":"status-publish","4":"has-post-thumbnail","6":"product_cat-enroladores-y-lectores-usb","7":"product_tag-biometricos","8":"product_tag-enroladores-y-lectores-usb","9":"product_tag-suprema","11":"first","12":"outofstock","13":"sale","14":"shipping-taxable","15":"purchasable","16":"product-type-simple"},"_links":{"self":[{"href":"https:\/\/soydeaqui.ddns.net\/pachuca\/index.php\/wp-json\/wp\/v2\/product\/20634","targetHints":{"allow":["GET"]}}],"collection":[{"href":"https:\/\/soydeaqui.ddns.net\/pachuca\/index.php\/wp-json\/wp\/v2\/product"}],"about":[{"href":"https:\/\/soydeaqui.ddns.net\/pachuca\/index.php\/wp-json\/wp\/v2\/types\/product"}],"replies":[{"embeddable":true,"href":"https:\/\/soydeaqui.ddns.net\/pachuca\/index.php\/wp-json\/wp\/v2\/comments?post=20634"}],"wp:featuredmedia":[{"embeddable":true,"href":"https:\/\/soydeaqui.ddns.net\/pachuca\/index.php\/wp-json\/wp\/v2\/media\/20633"}],"wp:attachment":[{"href":"https:\/\/soydeaqui.ddns.net\/pachuca\/index.php\/wp-json\/wp\/v2\/media?parent=20634"}],"wp:term":[{"taxonomy":"product_brand","embeddable":true,"href":"https:\/\/soydeaqui.ddns.net\/pachuca\/index.php\/wp-json\/wp\/v2\/product_brand?post=20634"},{"taxonomy":"product_cat","embeddable":true,"href":"https:\/\/soydeaqui.ddns.net\/pachuca\/index.php\/wp-json\/wp\/v2\/product_cat?post=20634"},{"taxonomy":"product_tag","embeddable":true,"href":"https:\/\/soydeaqui.ddns.net\/pachuca\/index.php\/wp-json\/wp\/v2\/product_tag?post=20634"}],"curies":[{"name":"wp","href":"https:\/\/api.w.org\/{rel}","templated":true}]}}