{"id":20618,"date":"2026-03-18T10:24:15","date_gmt":"2026-03-18T10:24:15","guid":{"rendered":"https:\/\/soydeaqui.ddns.net\/pachuca\/index.php\/producto\/torniquete-tripode-bidireccional-de-acero-inoxidable-sus304-2-millones-mcbf-apertura-en-caso-de-emergencia-integrable-con-cualquier-sistema-de-control-de-acceso-indicadores-led-de-entrada-sal\/"},"modified":"2026-03-18T10:24:15","modified_gmt":"2026-03-18T10:24:15","slug":"torniquete-tripode-bidireccional-de-acero-inoxidable-sus304-2-millones-mcbf-apertura-en-caso-de-emergencia-integrable-con-cualquier-sistema-de-control-de-acceso-indicadores-led-de-entrada-sal","status":"publish","type":"product","link":"https:\/\/soydeaqui.ddns.net\/pachuca\/index.php\/producto\/torniquete-tripode-bidireccional-de-acero-inoxidable-sus304-2-millones-mcbf-apertura-en-caso-de-emergencia-integrable-con-cualquier-sistema-de-control-de-acceso-indicadores-led-de-entrada-sal\/","title":{"rendered":"Torniquete Tr\u00edpode Bidireccional de Acero Inoxidable SUS304 \/ 2 Millones MCBF  \/ Apertura en Caso de Emergencia \/ Integrable con cualquier Sistema de Control de Acceso \/ Indicadores LED de Entrada-Salida"},"content":{"rendered":"<div style='width: 100%; max-width: 1200px; margin: 0 auto; font-family: sans-serif; line-height: 1.6; color: inherit; background-color: transparent;'> <!-- Secci\u00f3n de caracter\u00edsticas principales --> <\/p>\n<div style='display: flex; flex-wrap: wrap; gap: 30px; margin-bottom: 30px;'>\n<div style='flex: 1 1 300px; min-width: 280px;'>\n<h3 style='font-size: 22px; border-bottom: 2px solid currentColor; padding-bottom: 5px; margin-top: 0; color: inherit; opacity: 0.8;'>Caracter\u00edsticas principales:<\/h3>\n<ul style='padding-left: 20px; font-size: 15px; color: inherit;'>\n<li style='margin-bottom: 5px;'>Apertura autom\u00e1tica en caso de emergencia o corte de energ\u00eda el\u00e9ctrica.<\/li>\n<li style='margin-bottom: 5px;'>LEDs para indicar direcci\u00f3n de paso<\/li>\n<\/ul><\/div>\n<div style='flex: 1 1 300px; min-width: 280px;'>\n<h3 style='font-size: 22px; border-bottom: 2px solid currentColor; padding-bottom: 5px; margin-top: 0; color: inherit; opacity: 0.8;'>Caracter\u00edsticas F\u00edsicas y El\u00e9ctricas:<\/h3>\n<ul style='padding-left: 20px; font-size: 15px; color: inherit;'>\n<li style='margin-bottom: 5px;'><strong>Alimentaci\u00f3n:<\/strong> 110 Vca.<\/li>\n<li style='margin-bottom: 5px;'><strong>Consumo:<\/strong> 25W Standby<\/li>\n<li style='margin-bottom: 5px;'><strong>Temperatura de operaci\u00f3n:<\/strong> -20 \u00b0C a 65 \u00b0C<\/li>\n<\/ul><\/div>\n<div style='flex: 1 1 300px; min-width: 280px;'>\n<h3 style='font-size: 22px; border-bottom: 2px solid currentColor; padding-bottom: 5px; margin-top: 0; color: inherit; opacity: 0.8;'>Consideraciones:<\/h3>\n<ul style='padding-left: 20px; font-size: 15px; color: inherit;'>\n<li style='margin-bottom: 5px;'><strong>Instalaci\u00f3n:<\/strong> Interior<\/li>\n<li style='margin-bottom: 5px;'><strong>No incluye:<\/strong> Controlador ni lectores<\/li>\n<li style='margin-bottom: 5px;'><strong>No incluye:<\/strong> Taquetes expansivos para instalaci\u00f3n<\/li>\n<li style='margin-bottom: 5px;'><strong>Operaci\u00f3n:<\/strong> Con pulsos de contacto seco<\/li>\n<\/ul><\/div>\n<\/p><\/div>\n<p> <!-- Separador --> <\/p>\n<hr style='border: 0; border-top: 1px solid rgba(150&comma; 150&comma; 150&comma; 0.3); margin: 30px 0;'> <!-- Secci\u00f3n de imagen y detalles adicionales --> <\/p>\n<div style='display: grid; grid-template-columns: 1fr; gap: 30px; margin-bottom: 30px;'>\n<div style='text-align: center;'> <img style='width: 100%; max-width: 450px; height: auto; border: 1px solid rgba(150&comma;150&comma;150&comma;0.3); border-radius: 8px; display: inline-block;' src='https:\/\/ftp3.syscom.mx\/usuarios\/fespinoza\/HIKVISION\/Dispositivos\/Torniquetes\/DSK3G200\/2.png' alt=''> <span style='color: #c0392b; display: block; margin-top: 10px; font-size: 14px;'>*Imagen ilustrativa&comma; el producto real solo es un solo torniquete.<\/span> <\/div>\n<div style=''>\n<div style='margin-bottom: 20px;'>\n<h2 style='font-size: 24px; margin-top: 0; color: inherit;'>Mecanismo para 2&comma;000&comma;000 MCBF<\/h2>\n<p style='color: inherit; font-size: 15px;'>De acero inoxidable SUS304 y con mecanismo <strong>garantizado por hasta 2 Millones de Ciclos antes de cualquier falla.<\/strong><\/p>\n<\/p><\/div>\n<div>\n<h3 style='font-size: 22px; border-bottom: 2px solid currentColor; padding-bottom: 5px; margin-top: 0; color: inherit; opacity: 0.8;'>Caracter\u00edsticas<\/h3>\n<ul style='padding-left: 20px; font-size: 15px; color: inherit;'>\n<li style='margin-bottom: 5px;'>Mecanismo robusto.<\/li>\n<li style='margin-bottom: 5px;'>Paso libre en caso de emergencia o p\u00e9rdida de energ\u00eda.<\/li>\n<li style='margin-bottom: 5px;'>Carril de 55 cms para el paso de los peatones<\/li>\n<li style='margin-bottom: 5px;'>Compatible con cualquier sistema de control de acceso<\/li>\n<li style='margin-bottom: 5px;'><strong>Instalaci\u00f3n:<\/strong> Interior<\/li>\n<li style='margin-bottom: 5px;'><strong>5 a\u00f1os de Garant\u00eda.<\/strong><\/li>\n<\/ul><\/div>\n<\/p><\/div>\n<\/p><\/div>\n<\/p><\/div>\n","protected":false},"excerpt":{"rendered":"<p>Torniquete Tr\u00edpode Bidireccional de Acero Inoxidable SUS304 \/ 2 Millones MCBF  \/ Apertura en Caso de Emergencia \/ Integrable con cualquier Sistema de Control de Acceso \/ Indicadores LED de Entrada-Salida<\/p>\n","protected":false},"featured_media":20617,"comment_status":"open","ping_status":"closed","template":"","meta":[],"product_brand":[],"product_cat":[758],"product_tag":[54,760,759],"class_list":{"0":"post-20618","1":"product","2":"type-product","3":"status-publish","4":"has-post-thumbnail","6":"product_cat-torniquetes-de-medio-cuerpo","7":"product_tag-hikvision","8":"product_tag-torniquetes-de-medio-cuerpo","9":"product_tag-torniquetes-y-puertas-de-cortesia","11":"first","12":"instock","13":"sale","14":"shipping-taxable","15":"purchasable","16":"product-type-simple"},"_links":{"self":[{"href":"https:\/\/soydeaqui.ddns.net\/pachuca\/index.php\/wp-json\/wp\/v2\/product\/20618","targetHints":{"allow":["GET"]}}],"collection":[{"href":"https:\/\/soydeaqui.ddns.net\/pachuca\/index.php\/wp-json\/wp\/v2\/product"}],"about":[{"href":"https:\/\/soydeaqui.ddns.net\/pachuca\/index.php\/wp-json\/wp\/v2\/types\/product"}],"replies":[{"embeddable":true,"href":"https:\/\/soydeaqui.ddns.net\/pachuca\/index.php\/wp-json\/wp\/v2\/comments?post=20618"}],"wp:featuredmedia":[{"embeddable":true,"href":"https:\/\/soydeaqui.ddns.net\/pachuca\/index.php\/wp-json\/wp\/v2\/media\/20617"}],"wp:attachment":[{"href":"https:\/\/soydeaqui.ddns.net\/pachuca\/index.php\/wp-json\/wp\/v2\/media?parent=20618"}],"wp:term":[{"taxonomy":"product_brand","embeddable":true,"href":"https:\/\/soydeaqui.ddns.net\/pachuca\/index.php\/wp-json\/wp\/v2\/product_brand?post=20618"},{"taxonomy":"product_cat","embeddable":true,"href":"https:\/\/soydeaqui.ddns.net\/pachuca\/index.php\/wp-json\/wp\/v2\/product_cat?post=20618"},{"taxonomy":"product_tag","embeddable":true,"href":"https:\/\/soydeaqui.ddns.net\/pachuca\/index.php\/wp-json\/wp\/v2\/product_tag?post=20618"}],"curies":[{"name":"wp","href":"https:\/\/api.w.org\/{rel}","templated":true}]}}